{"id":36350,"date":"2025-01-09T16:05:24","date_gmt":"2025-01-09T16:05:24","guid":{"rendered":"https:\/\/reanpackaging.com\/product\/store-luxury-packing-jewellery-box-set-packaging-shop-display-box-bracelet-necklace-pendant-ring-velvet-jewelry-box\/"},"modified":"2025-01-09T16:39:10","modified_gmt":"2025-01-09T16:39:10","slug":"store-luxury-packing-jewellery-box-set-packaging-shop-display-box-bracelet-necklace-pendant-ring-velvet-jewelry-box","status":"publish","type":"product","link":"https:\/\/reanpackaging.com\/fr\/produit\/store-luxury-packing-jewellery-box-set-packaging-shop-display-box-bracelet-necklace-pendant-ring-velvet-jewelry-box\/","title":{"rendered":"Magasin Luxe Emballage Bo\u00eete \u00e0 bijoux Emballage Boutique Bo\u00eete d'affichage Bracelet Collier Pendentif Bague Bo\u00eete \u00e0 bijoux en velours"},"content":{"rendered":"<h4>Attributs sp\u00e9cifiques \u00e0 l'industrie<\/h4>\n<table border=\"1\">\n<tbody>\n<tr>\n<td><strong>Mat\u00e9riau des bo\u00eetes \u00e0 bijoux<\/strong><\/td>\n<td>Cuir<\/td>\n<\/tr>\n<\/tbody>\n<\/table>\n<h4>Autres attributs<\/h4>\n<table border=\"1\">\n<tbody>\n<tr>\n<td><strong>Mat\u00e9riau principal<\/strong><\/td>\n<td>Velours<\/td>\n<\/tr>\n<tr>\n<td><strong>Mat\u00e9riau de surface<\/strong><\/td>\n<td>Velours<\/td>\n<\/tr>\n<tr>\n<td><strong>Traitement de surface<\/strong><\/td>\n<td>Pelliculage mat.estampage.UV<\/td>\n<\/tr>\n<tr>\n<td><strong>Taille<\/strong><\/td>\n<td>Taille personnalis\u00e9e<\/td>\n<\/tr>\n<tr>\n<td><strong>Logo<\/strong><\/td>\n<td>Logo imprim\u00e9<\/td>\n<\/tr>\n<tr>\n<td><strong>Forme<\/strong><\/td>\n<td>Forme carr\u00e9e<\/td>\n<\/tr>\n<tr>\n<td><strong>Nom<\/strong><\/td>\n<td>Coffret \u00e0 bijoux en cuir Pu<\/td>\n<\/tr>\n<tr>\n<td><strong>Style<\/strong><\/td>\n<td>Moderne Personnalis\u00e9<\/td>\n<\/tr>\n<tr>\n<td><strong>Temps d'\u00e9chantillonnage<\/strong><\/td>\n<td>5 jours<\/td>\n<\/tr>\n<\/tbody>\n<\/table>\n<p>&nbsp;<\/p>","protected":false},"excerpt":{"rendered":"<p>Attributs sp\u00e9cifiques \u00e0 l'industrie Bo\u00eetes \u00e0 bijoux Mati\u00e8re cuir Autres attributs Mat\u00e9riau principal Velours Mat\u00e9riau de surface Velours Traitement de surface Mat Lamination.estampage.UV Taille personnalis\u00e9e Logo Logo imprim\u00e9 Forme carr\u00e9e Nom de la forme Coffret \u00e0 bijoux en cuir Pu Style moderne Personnalis\u00e9 D\u00e9lai d'\u00e9chantillonnage 5 jours &nbsp;<\/p>","protected":false},"featured_media":36312,"template":"","meta":{"_seopress_robots_primary_cat":"none","_seopress_titles_title":"Store Luxury Packing Jewellery Box Set Packaging Shop Display Box Bracelet Necklace Pendant Ring Velvet Jewelry Box","_seopress_titles_desc":"","_seopress_robots_index":"","_seopress_analysis_target_kw":"","site-sidebar-layout":"default","site-content-layout":"","ast-site-content-layout":"default","site-content-style":"default","site-sidebar-style":"default","ast-global-header-display":"","ast-banner-title-visibility":"","ast-main-header-display":"","ast-hfb-above-header-display":"","ast-hfb-below-header-display":"","ast-hfb-mobile-header-display":"","site-post-title":"","ast-breadcrumbs-content":"","ast-featured-img":"","footer-sml-layout":"","ast-disable-related-posts":"","theme-transparent-header-meta":"default","adv-header-id-meta":"","stick-header-meta":"default","header-above-stick-meta":"","header-main-stick-meta":"","header-below-stick-meta":"","astra-migrate-meta-layouts":"set","ast-page-background-enabled":"default","ast-page-background-meta":{"desktop":{"background-color":"","background-image":"","background-repeat":"repeat","background-position":"center center","background-size":"auto","background-attachment":"scroll","background-type":"","background-media":"","overlay-type":"","overlay-color":"","overlay-opacity":"","overlay-gradient":""},"tablet":{"background-color":"","background-image":"","background-repeat":"repeat","background-position":"center center","background-size":"auto","background-attachment":"scroll","background-type":"","background-media":"","overlay-type":"","overlay-color":"","overlay-opacity":"","overlay-gradient":""},"mobile":{"background-color":"","background-image":"","background-repeat":"repeat","background-position":"center center","background-size":"auto","background-attachment":"scroll","background-type":"","background-media":"","overlay-type":"","overlay-color":"","overlay-opacity":"","overlay-gradient":""}},"ast-content-background-meta":{"desktop":{"background-color":"var(--ast-global-color-5)","background-image":"","background-repeat":"repeat","background-position":"center center","background-size":"auto","background-attachment":"scroll","background-type":"","background-media":"","overlay-type":"","overlay-color":"","overlay-opacity":"","overlay-gradient":""},"tablet":{"background-color":"var(--ast-global-color-5)","background-image":"","background-repeat":"repeat","background-position":"center center","background-size":"auto","background-attachment":"scroll","background-type":"","background-media":"","overlay-type":"","overlay-color":"","overlay-opacity":"","overlay-gradient":""},"mobile":{"background-color":"var(--ast-global-color-5)","background-image":"","background-repeat":"repeat","background-position":"center center","background-size":"auto","background-attachment":"scroll","background-type":"","background-media":"","overlay-type":"","overlay-color":"","overlay-opacity":"","overlay-gradient":""}}},"product_brand":[],"product_cat":[86],"product_tag":[],"class_list":{"0":"post-36350","1":"product","2":"type-product","3":"status-publish","4":"has-post-thumbnail","6":"product_cat-bracelet-box","7":"desktop-align-left","8":"tablet-align-left","9":"mobile-align-left","10":"ast-product-gallery-layout-horizontal","11":"ast-product-tabs-layout-horizontal","13":"first","14":"instock","15":"product-type-simple"},"_links":{"self":[{"href":"https:\/\/reanpackaging.com\/fr\/wp-json\/wp\/v2\/product\/36350","targetHints":{"allow":["GET"]}}],"collection":[{"href":"https:\/\/reanpackaging.com\/fr\/wp-json\/wp\/v2\/product"}],"about":[{"href":"https:\/\/reanpackaging.com\/fr\/wp-json\/wp\/v2\/types\/product"}],"wp:featuredmedia":[{"embeddable":true,"href":"https:\/\/reanpackaging.com\/fr\/wp-json\/wp\/v2\/media\/36312"}],"wp:attachment":[{"href":"https:\/\/reanpackaging.com\/fr\/wp-json\/wp\/v2\/media?parent=36350"}],"wp:term":[{"taxonomy":"product_brand","embeddable":true,"href":"https:\/\/reanpackaging.com\/fr\/wp-json\/wp\/v2\/product_brand?post=36350"},{"taxonomy":"product_cat","embeddable":true,"href":"https:\/\/reanpackaging.com\/fr\/wp-json\/wp\/v2\/product_cat?post=36350"},{"taxonomy":"product_tag","embeddable":true,"href":"https:\/\/reanpackaging.com\/fr\/wp-json\/wp\/v2\/product_tag?post=36350"}],"curies":[{"name":"wp","href":"https:\/\/api.w.org\/{rel}","templated":true}]}}