{"id":36355,"date":"2025-01-09T16:05:24","date_gmt":"2025-01-09T16:05:24","guid":{"rendered":"https:\/\/reanpackaging.com\/product\/wholesales-jewelry-cardboard-paper-box-7-5x7-5x2-5cm-with-pe-film-for-necklace-earring-bracelet-ring-jewelry-box\/"},"modified":"2025-01-09T16:45:05","modified_gmt":"2025-01-09T16:45:05","slug":"wholesales-jewelry-cardboard-paper-box-7-5x7-5x2-5cm-with-pe-film-for-necklace-earring-bracelet-ring-jewelry-box","status":"publish","type":"product","link":"https:\/\/reanpackaging.com\/fr\/produit\/wholesales-jewelry-cardboard-paper-box-7-5x7-5x2-5cm-with-pe-film-for-necklace-earring-bracelet-ring-jewelry-box\/","title":{"rendered":"Bo\u00eete en carton pour bijoux 7.5\u00d77.5\u00d72.5cm avec film PE pour Collier Boucle d'oreille Bracelet Bague Bo\u00eete \u00e0 bijoux"},"content":{"rendered":"<h4>Autres attributs<\/h4>\n<table border=\"1\">\n<tbody>\n<tr>\n<td><strong>Type d'emballage et de pr\u00e9sentation des bijoux<\/strong><\/td>\n<td>Mallettes et pr\u00e9sentoirs<\/td>\n<\/tr>\n<tr>\n<td><strong>nom<\/strong><\/td>\n<td>bo\u00eete \u00e0 bijoux<\/td>\n<\/tr>\n<tr>\n<td><strong>moq pour les stocks<\/strong><\/td>\n<td>500pcs<\/td>\n<\/tr>\n<tr>\n<td><strong>d\u00e9lai de livraison<\/strong><\/td>\n<td>d\u00e9pend de la quantit\u00e9<\/td>\n<\/tr>\n<tr>\n<td><strong>logo<\/strong><\/td>\n<td>peut ajouter votre logo<\/td>\n<\/tr>\n<tr>\n<td><strong>taille<\/strong><\/td>\n<td>7.5*7.5*2.5<\/td>\n<\/tr>\n<tr>\n<td><strong>couleur<\/strong><\/td>\n<td>noir blanc rose<\/td>\n<\/tr>\n<\/tbody>\n<\/table>\n<p><img decoding=\"async\" class=\"detail-desc-decorate-image\" style=\"max-width: 100%; height: auto; display: block; margin: 0 auto;\" src=\"https:\/\/reanpackaging.com\/wp-content\/uploads\/2025\/01\/1-description-wholesales-Jewelry-Cardboard-Paper-Box-7.5\u00d77.5\u00d72.5cm-avec-film-PE-pour-Collier-Boucle-Bracelet-Ring-Bo\u00eete \u00e0 Bijoux.jpg\" \/><br \/>\n<img decoding=\"async\" class=\"detail-desc-decorate-image\" style=\"max-width: 100%; height: auto; display: block; margin: 0 auto;\" src=\"https:\/\/reanpackaging.com\/wp-content\/uploads\/2025\/01\/2-description-wholesales-Jewelry-Cardboard-Paper-Box-7.5\u00d77.5\u00d72.5cm-avec-film-PE-pour-Collier-Boucle-Bracelet-Ring-Bo\u00eete \u00e0 Bijoux.jpg\" \/><\/p>","protected":false},"excerpt":{"rendered":"<p>Autres attributs Emballage et pr\u00e9sentation des bijoux Type d'\u00e9tuis et de pr\u00e9sentoirs nom bo\u00eete \u00e0 bijoux moq pour les stocks 500pcs d\u00e9lai de livraison en fonction de la quantit\u00e9 logo peut ajouter votre logo taille 7.5*7.5*2.5 couleur noir blanc rose<\/p>","protected":false},"featured_media":36344,"template":"","meta":{"_seopress_robots_primary_cat":"none","_seopress_titles_title":"wholesales Jewelry Cardboard Paper Box 7.5\u00d77.5\u00d72.5cm with PE film for Necklace Earring Bracelet Ring Jewelry Box","_seopress_titles_desc":"","_seopress_robots_index":"","site-sidebar-layout":"default","site-content-layout":"","ast-site-content-layout":"default","site-content-style":"default","site-sidebar-style":"default","ast-global-header-display":"","ast-banner-title-visibility":"","ast-main-header-display":"","ast-hfb-above-header-display":"","ast-hfb-below-header-display":"","ast-hfb-mobile-header-display":"","site-post-title":"","ast-breadcrumbs-content":"","ast-featured-img":"","footer-sml-layout":"","ast-disable-related-posts":"","theme-transparent-header-meta":"default","adv-header-id-meta":"","stick-header-meta":"default","header-above-stick-meta":"","header-main-stick-meta":"","header-below-stick-meta":"","astra-migrate-meta-layouts":"set","ast-page-background-enabled":"default","ast-page-background-meta":{"desktop":{"background-color":"","background-image":"","background-repeat":"repeat","background-position":"center center","background-size":"auto","background-attachment":"scroll","background-type":"","background-media":"","overlay-type":"","overlay-color":"","overlay-opacity":"","overlay-gradient":""},"tablet":{"background-color":"","background-image":"","background-repeat":"repeat","background-position":"center center","background-size":"auto","background-attachment":"scroll","background-type":"","background-media":"","overlay-type":"","overlay-color":"","overlay-opacity":"","overlay-gradient":""},"mobile":{"background-color":"","background-image":"","background-repeat":"repeat","background-position":"center center","background-size":"auto","background-attachment":"scroll","background-type":"","background-media":"","overlay-type":"","overlay-color":"","overlay-opacity":"","overlay-gradient":""}},"ast-content-background-meta":{"desktop":{"background-color":"var(--ast-global-color-5)","background-image":"","background-repeat":"repeat","background-position":"center center","background-size":"auto","background-attachment":"scroll","background-type":"","background-media":"","overlay-type":"","overlay-color":"","overlay-opacity":"","overlay-gradient":""},"tablet":{"background-color":"var(--ast-global-color-5)","background-image":"","background-repeat":"repeat","background-position":"center center","background-size":"auto","background-attachment":"scroll","background-type":"","background-media":"","overlay-type":"","overlay-color":"","overlay-opacity":"","overlay-gradient":""},"mobile":{"background-color":"var(--ast-global-color-5)","background-image":"","background-repeat":"repeat","background-position":"center center","background-size":"auto","background-attachment":"scroll","background-type":"","background-media":"","overlay-type":"","overlay-color":"","overlay-opacity":"","overlay-gradient":""}}},"product_brand":[],"product_cat":[86],"product_tag":[],"class_list":{"0":"post-36355","1":"product","2":"type-product","3":"status-publish","4":"has-post-thumbnail","6":"product_cat-bracelet-box","7":"desktop-align-left","8":"tablet-align-left","9":"mobile-align-left","10":"ast-product-gallery-layout-horizontal","11":"ast-product-tabs-layout-horizontal","13":"first","14":"instock","15":"product-type-simple"},"_links":{"self":[{"href":"https:\/\/reanpackaging.com\/fr\/wp-json\/wp\/v2\/product\/36355","targetHints":{"allow":["GET"]}}],"collection":[{"href":"https:\/\/reanpackaging.com\/fr\/wp-json\/wp\/v2\/product"}],"about":[{"href":"https:\/\/reanpackaging.com\/fr\/wp-json\/wp\/v2\/types\/product"}],"wp:featuredmedia":[{"embeddable":true,"href":"https:\/\/reanpackaging.com\/fr\/wp-json\/wp\/v2\/media\/36344"}],"wp:attachment":[{"href":"https:\/\/reanpackaging.com\/fr\/wp-json\/wp\/v2\/media?parent=36355"}],"wp:term":[{"taxonomy":"product_brand","embeddable":true,"href":"https:\/\/reanpackaging.com\/fr\/wp-json\/wp\/v2\/product_brand?post=36355"},{"taxonomy":"product_cat","embeddable":true,"href":"https:\/\/reanpackaging.com\/fr\/wp-json\/wp\/v2\/product_cat?post=36355"},{"taxonomy":"product_tag","embeddable":true,"href":"https:\/\/reanpackaging.com\/fr\/wp-json\/wp\/v2\/product_tag?post=36355"}],"curies":[{"name":"wp","href":"https:\/\/api.w.org\/{rel}","templated":true}]}}