{"id":38984,"date":"2025-01-16T14:38:37","date_gmt":"2025-01-16T14:38:37","guid":{"rendered":"https:\/\/reanpackaging.com\/product\/hfloral-wholesale-custom-mothers-day-valentines-day-gift-round-square-heart-eternity-roses-flower-preserved-roses-in-a-box\/"},"modified":"2025-01-16T16:14:10","modified_gmt":"2025-01-16T16:14:10","slug":"hfloral-wholesale-custom-mothers-day-valentines-day-gift-round-square-heart-eternity-roses-flower-preserved-roses-in-a-box","status":"publish","type":"product","link":"https:\/\/reanpackaging.com\/fr\/produit\/hfloral-wholesale-custom-mothers-day-valentines-day-gift-round-square-heart-eternity-roses-flower-preserved-roses-in-a-box\/","title":{"rendered":"Hfloral Wholesale Custom Mother's Day Valentine's Day Round Square Heart eternity roses flower preserved roses in a box"},"content":{"rendered":"<h4>Attributs sp\u00e9cifiques \u00e0 l'industrie<\/h4>\n<table border=\"1\">\n<tbody>\n<tr>\n<td><strong>Occasion<\/strong><\/td>\n<td>Poisson d'avril, rentr\u00e9e scolaire, Nouvel An chinois, No\u00ebl, Journ\u00e9e de la Terre, P\u00e2ques, F\u00eate des p\u00e8res, Remise des dipl\u00f4mes, F\u00eate des m\u00e8res, Nouvel An, Saint-Valentin, Autres<\/td>\n<\/tr>\n<\/tbody>\n<\/table>\n<h4>Autres attributs<\/h4>\n<table border=\"1\">\n<tbody>\n<tr>\n<td><strong>Taille<\/strong><\/td>\n<td>19*19*21cm<\/td>\n<\/tr>\n<tr>\n<td><strong>Nom du produit<\/strong><\/td>\n<td>Eternal Preserved Rose In Box<\/td>\n<\/tr>\n<tr>\n<td><strong>Dimension du produit<\/strong><\/td>\n<td>19*19*21cm\/autres<\/td>\n<\/tr>\n<tr>\n<td><strong>Qualit\u00e9<\/strong><\/td>\n<td>Un grade<\/td>\n<\/tr>\n<tr>\n<td><strong>Garantie pr\u00e9serv\u00e9e<\/strong><\/td>\n<td>3-5 ans<\/td>\n<\/tr>\n<tr>\n<td><strong>Couleur<\/strong><\/td>\n<td>Charte des couleurs, personnalisation accept\u00e9e<\/td>\n<\/tr>\n<tr>\n<td><strong>Taille de la rose<\/strong><\/td>\n<td>5-6cm<\/td>\n<\/tr>\n<tr>\n<td><strong>Rose Quantit\u00e9<\/strong><\/td>\n<td>1\/7\/9\/12 pcs<\/td>\n<\/tr>\n<tr>\n<td><strong>Certification de la qualit\u00e9<\/strong><\/td>\n<td>BV, CPST, TUV, Alibaba.com Selected, ISO 9001<\/td>\n<\/tr>\n<tr>\n<td><strong>MOQ<\/strong><\/td>\n<td>500 pi\u00e8ces<\/td>\n<\/tr>\n<tr>\n<td><strong>Couleurs<\/strong><\/td>\n<td>Couleurs personnalis\u00e9es accept\u00e9es<\/td>\n<\/tr>\n<\/tbody>\n<\/table>\n<p><img decoding=\"async\" class=\"detail-desc-decorate-image\" style=\"max-width: 100%; height: auto; display: block; margin: 0 auto;\" src=\"https:\/\/reanpackaging.com\/wp-content\/uploads\/2025\/01\/1-description-Hfloral-Wholesale-Custom-Mothers-Day-Valentines-Day-Gift-Round-Square-Heart-eternity-roses-flower-preserved-roses-in-a-box.jpg\" \/><br \/>\n<img decoding=\"async\" class=\"detail-desc-decorate-image\" style=\"max-width: 100%; height: auto; display: block; margin: 0 auto;\" src=\"https:\/\/reanpackaging.com\/wp-content\/uploads\/2025\/01\/2-description-Hfloral-Wholesale-Custom-Mothers-Day-Valentines-Day-Gift-Round-Square-Heart-eternity-roses-flower-preserved-roses-in-a-box.jpg\" \/><br \/>\n<img decoding=\"async\" class=\"detail-desc-decorate-image\" style=\"max-width: 100%; height: auto; display: block; margin: 0 auto;\" src=\"https:\/\/reanpackaging.com\/wp-content\/uploads\/2025\/01\/3-description-Hfloral-Wholesale-Custom-Mothers-Day-Valentines-Day-Gift-Round-Square-Heart-eternity-roses-flower-preserved-roses-in-a-box.jpg\" \/><\/p>","protected":false},"excerpt":{"rendered":"<p>Industry-Specific Attributes Occasion April Fool&#8217;s Day, Back to School, Chinese New Year, Christmas, Earth Day, Easter, Father&#8217;s Day, Graduation, Mother&#8217;s Day, New Year, Valentine&#8217;s Day, Other Other Attributes Size 19*19*21cm Product Name Eternal Preserved Rose In Box Product dimension 19*19*21cm\/other Quality A Grade Preserved Warranty 3-5 years Color Color Chart,Customization accept Rose Size 5-6cm Rose [&hellip;]<\/p>\n","protected":false},"featured_media":38715,"template":"","meta":{"_seopress_robots_primary_cat":"none","_seopress_titles_title":"Hfloral Wholesale Custom Mother's Day Valentine's Day Gift Round Square Heart eternity roses flower preserved roses in a box","_seopress_titles_desc":"","_seopress_robots_index":"","site-sidebar-layout":"default","site-content-layout":"","ast-site-content-layout":"default","site-content-style":"default","site-sidebar-style":"default","ast-global-header-display":"","ast-banner-title-visibility":"","ast-main-header-display":"","ast-hfb-above-header-display":"","ast-hfb-below-header-display":"","ast-hfb-mobile-header-display":"","site-post-title":"","ast-breadcrumbs-content":"","ast-featured-img":"","footer-sml-layout":"","ast-disable-related-posts":"","theme-transparent-header-meta":"default","adv-header-id-meta":"","stick-header-meta":"default","header-above-stick-meta":"","header-main-stick-meta":"","header-below-stick-meta":"","astra-migrate-meta-layouts":"set","ast-page-background-enabled":"default","ast-page-background-meta":{"desktop":{"background-color":"","background-image":"","background-repeat":"repeat","background-position":"center center","background-size":"auto","background-attachment":"scroll","background-type":"","background-media":"","overlay-type":"","overlay-color":"","overlay-opacity":"","overlay-gradient":""},"tablet":{"background-color":"","background-image":"","background-repeat":"repeat","background-position":"center center","background-size":"auto","background-attachment":"scroll","background-type":"","background-media":"","overlay-type":"","overlay-color":"","overlay-opacity":"","overlay-gradient":""},"mobile":{"background-color":"","background-image":"","background-repeat":"repeat","background-position":"center center","background-size":"auto","background-attachment":"scroll","background-type":"","background-media":"","overlay-type":"","overlay-color":"","overlay-opacity":"","overlay-gradient":""}},"ast-content-background-meta":{"desktop":{"background-color":"var(--ast-global-color-5)","background-image":"","background-repeat":"repeat","background-position":"center center","background-size":"auto","background-attachment":"scroll","background-type":"","background-media":"","overlay-type":"","overlay-color":"","overlay-opacity":"","overlay-gradient":""},"tablet":{"background-color":"var(--ast-global-color-5)","background-image":"","background-repeat":"repeat","background-position":"center center","background-size":"auto","background-attachment":"scroll","background-type":"","background-media":"","overlay-type":"","overlay-color":"","overlay-opacity":"","overlay-gradient":""},"mobile":{"background-color":"var(--ast-global-color-5)","background-image":"","background-repeat":"repeat","background-position":"center center","background-size":"auto","background-attachment":"scroll","background-type":"","background-media":"","overlay-type":"","overlay-color":"","overlay-opacity":"","overlay-gradient":""}}},"product_brand":[],"product_cat":[88],"product_tag":[],"class_list":{"0":"post-38984","1":"product","2":"type-product","3":"status-publish","4":"has-post-thumbnail","6":"product_cat-round-gift-boxes","7":"desktop-align-left","8":"tablet-align-left","9":"mobile-align-left","10":"ast-product-gallery-layout-horizontal","11":"ast-product-tabs-layout-horizontal","13":"first","14":"instock","15":"product-type-simple"},"_links":{"self":[{"href":"https:\/\/reanpackaging.com\/fr\/wp-json\/wp\/v2\/product\/38984","targetHints":{"allow":["GET"]}}],"collection":[{"href":"https:\/\/reanpackaging.com\/fr\/wp-json\/wp\/v2\/product"}],"about":[{"href":"https:\/\/reanpackaging.com\/fr\/wp-json\/wp\/v2\/types\/product"}],"wp:featuredmedia":[{"embeddable":true,"href":"https:\/\/reanpackaging.com\/fr\/wp-json\/wp\/v2\/media\/38715"}],"wp:attachment":[{"href":"https:\/\/reanpackaging.com\/fr\/wp-json\/wp\/v2\/media?parent=38984"}],"wp:term":[{"taxonomy":"product_brand","embeddable":true,"href":"https:\/\/reanpackaging.com\/fr\/wp-json\/wp\/v2\/product_brand?post=38984"},{"taxonomy":"product_cat","embeddable":true,"href":"https:\/\/reanpackaging.com\/fr\/wp-json\/wp\/v2\/product_cat?post=38984"},{"taxonomy":"product_tag","embeddable":true,"href":"https:\/\/reanpackaging.com\/fr\/wp-json\/wp\/v2\/product_tag?post=38984"}],"curies":[{"name":"wp","href":"https:\/\/api.w.org\/{rel}","templated":true}]}}