{"id":41712,"date":"2025-01-19T09:42:39","date_gmt":"2025-01-19T09:42:39","guid":{"rendered":"https:\/\/reanpackaging.com\/product\/custom-gift-box-womens-jewelry-cosmetics-wedding-souvenirs-christmas-gifts-cardboard-wrap-flower-uv-sponge-art-embossing-tube\/"},"modified":"2025-01-19T11:19:14","modified_gmt":"2025-01-19T11:19:14","slug":"custom-gift-box-womens-jewelry-cosmetics-wedding-souvenirs-christmas-gifts-cardboard-wrap-flower-uv-sponge-art-embossing-tube","status":"publish","type":"product","link":"https:\/\/reanpackaging.com\/fr\/produit\/custom-gift-box-womens-jewelry-cosmetics-wedding-souvenirs-christmas-gifts-cardboard-wrap-flower-uv-sponge-art-embossing-tube\/","title":{"rendered":"Bo\u00eete cadeau personnalis\u00e9e Bijoux femmes Cosm\u00e9tiques Mariage Souvenirs Cadeaux de No\u00ebl Carton d'emballage Fleur UV \u00c9ponge Art Embossage Tube"},"content":{"rendered":"<h4>Attributs sp\u00e9cifiques \u00e0 l'industrie<\/h4>\n<table border=\"1\">\n<tbody>\n<tr>\n<td><strong>Utilisation industrielle<\/strong><\/td>\n<td>Cosm\u00e9tique, bijoux, montres, lunettes, chaussures, v\u00eatements<\/td>\n<\/tr>\n<tr>\n<td><strong>Type de papier<\/strong><\/td>\n<td>Papier d'art, carte blanche, papier miroir argent\u00e9,<\/td>\n<\/tr>\n<tr>\n<td><strong>Fonctionnalit\u00e9<\/strong><\/td>\n<td>Recyclable<\/td>\n<\/tr>\n<tr>\n<td><strong>type de bo\u00eete<\/strong><\/td>\n<td>Bo\u00eetes rigides<\/td>\n<\/tr>\n<\/tbody>\n<\/table>\n<h4>Autres attributs<\/h4>\n<table border=\"1\">\n<tbody>\n<tr>\n<td><strong>Forme<\/strong><\/td>\n<td>Rectangle<\/td>\n<\/tr>\n<tr>\n<td><strong>Manipulation de l'impression<\/strong><\/td>\n<td>Pelliculage mat, vernissage, estampage, gaufrage, pelliculage brillant, vernis UV, feuille d'or, feuille d'argent, h\u00e9liogravure, TEXTURED, GL\u0130TTER, LASER CUTTING, Bronzing, impression UV, impression offset, VANISHING, gaufrage\/d\u00e9bossage, impression flexographique, marquage \u00e0 froid, stratifi\u00e9, d\u00e9coupes, membranae tectoria, s\u00e9rigraphie, marquage holographique, feuille d'argent.<\/td>\n<\/tr>\n<tr>\n<td><strong>Commande personnalis\u00e9e<\/strong><\/td>\n<td>Accepter<\/td>\n<\/tr>\n<tr>\n<td><strong>Impression de logos<\/strong><\/td>\n<td>accepter<\/td>\n<\/tr>\n<tr>\n<td><strong>Accessoires<\/strong><\/td>\n<td>Poign\u00e9e, Ruban, Fermeture magn\u00e9tique<\/td>\n<\/tr>\n<tr>\n<td><strong>Type de rev\u00eatement<\/strong><\/td>\n<td>Plastiques, carton, \u00e9ponge<\/td>\n<\/tr>\n<tr>\n<td><strong>Nom du produit<\/strong><\/td>\n<td>Bac \u00e0 fleurs<\/td>\n<\/tr>\n<tr>\n<td><strong>Style<\/strong><\/td>\n<td>\u00c0 la mode<\/td>\n<\/tr>\n<tr>\n<td><strong>Utilisation<\/strong><\/td>\n<td>Emballage du produit<\/td>\n<\/tr>\n<tr>\n<td><strong>Taille<\/strong><\/td>\n<td>Taille personnalis\u00e9e accept\u00e9e<\/td>\n<\/tr>\n<tr>\n<td><strong>Impression<\/strong><\/td>\n<td>Accepter l'impression personnalis\u00e9e<\/td>\n<\/tr>\n<tr>\n<td><strong>Couleur<\/strong><\/td>\n<td>CMYK\/ Couleur Pantone<\/td>\n<\/tr>\n<tr>\n<td><strong>\u00c9chantillon<\/strong><\/td>\n<td>Disponible<\/td>\n<\/tr>\n<tr>\n<td><strong>Fonction<\/strong><\/td>\n<td>Multi-fonctionnel<\/td>\n<\/tr>\n<tr>\n<td><strong>Avantage<\/strong><\/td>\n<td>Comp\u00e9titif<\/td>\n<\/tr>\n<\/tbody>\n<\/table>\n<p><img decoding=\"async\" class=\"detail-desc-decorate-image\" style=\"max-width: 100%; height: auto; display: block; margin: 0 auto;\" src=\"https:\/\/reanpackaging.com\/wp-content\/uploads\/2025\/01\/1-description-Custom-Gift-Box-Womens-Jewelry-Cosmetics-Wedding-Souvenirs-Christmas-Gifts-Cardboard-Wrap-Flower-UV-Sponge-Art-Embossing-Tube.jpg\" \/><br \/>\n<img decoding=\"async\" class=\"detail-desc-decorate-image\" style=\"max-width: 100%; height: auto; display: block; margin: 0 auto;\" src=\"https:\/\/reanpackaging.com\/wp-content\/uploads\/2025\/01\/2-description-Custom-Gift-Box-Womens-Jewelry-Cosmetics-Wedding-Souvenirs-Christmas-Gifts-Cardboard-Wrap-Flower-UV-Sponge-Art-Embossing-Tube.jpg\" \/><br \/>\n<img decoding=\"async\" class=\"detail-desc-decorate-image\" style=\"max-width: 100%; height: auto; display: block; margin: 0 auto;\" src=\"https:\/\/reanpackaging.com\/wp-content\/uploads\/2025\/01\/3-description-Custom-Gift-Box-Womens-Jewelry-Cosmetics-Wedding-Souvenirs-Christmas-Gifts-Cardboard-Wrap-Flower-UV-Sponge-Art-Embossing-Tube.jpg\" \/><br \/>\n<img decoding=\"async\" class=\"detail-desc-decorate-image\" style=\"max-width: 100%; height: auto; display: block; margin: 0 auto;\" src=\"https:\/\/reanpackaging.com\/wp-content\/uploads\/2025\/01\/4-description-Custom-Gift-Box-Womens-Jewelry-Cosmetics-Wedding-Souvenirs-Christmas-Gifts-Cardboard-Wrap-Flower-UV-Sponge-Art-Embossing-Tube.jpg\" \/><br \/>\n<img decoding=\"async\" class=\"detail-desc-decorate-image\" style=\"max-width: 100%; height: auto; display: block; margin: 0 auto;\" src=\"https:\/\/reanpackaging.com\/wp-content\/uploads\/2025\/01\/5-description-Custom-Gift-Box-Womens-Jewelry-Cosmetics-Wedding-Souvenirs-Christmas-Gifts-Cardboard-Wrap-Flower-UV-Sponge-Art-Embossing-Tube.jpg\" \/><br \/>\n<img decoding=\"async\" class=\"detail-desc-decorate-image\" style=\"max-width: 100%; height: auto; display: block; margin: 0 auto;\" src=\"https:\/\/reanpackaging.com\/wp-content\/uploads\/2025\/01\/6-description-Custom-Gift-Box-Womens-Jewelry-Cosmetics-Wedding-Souvenirs-Christmas-Gifts-Cardboard-Wrap-Flower-UV-Sponge-Art-Embossing-Tube.jpg\" \/><br \/>\n<img decoding=\"async\" class=\"detail-desc-decorate-image\" style=\"max-width: 100%; height: auto; display: block; margin: 0 auto;\" src=\"https:\/\/reanpackaging.com\/wp-content\/uploads\/2025\/01\/7-description-Custom-Gift-Box-Womens-Jewelry-Cosmetics-Wedding-Souvenirs-Christmas-Gifts-Cardboard-Wrap-Flower-UV-Sponge-Art-Embossing-Tube.jpg\" \/><br \/>\n<img decoding=\"async\" class=\"detail-desc-decorate-image\" style=\"max-width: 100%; height: auto; display: block; margin: 0 auto;\" src=\"https:\/\/reanpackaging.com\/wp-content\/uploads\/2025\/01\/8-description-Custom-Gift-Box-Womens-Jewelry-Cosmetics-Wedding-Souvenirs-Christmas-Gifts-Cardboard-Wrap-Flower-UV-Sponge-Art-Embossing-Tube.jpg\" \/><br \/>\n<img decoding=\"async\" class=\"detail-desc-decorate-image\" style=\"max-width: 100%; height: auto; display: block; margin: 0 auto;\" src=\"https:\/\/reanpackaging.com\/wp-content\/uploads\/2025\/01\/9-description-Custom-Gift-Box-Womens-Jewelry-Cosmetics-Wedding-Souvenirs-Christmas-Gifts-Cardboard-Wrap-Flower-UV-Sponge-Art-Embossing-Tube.jpg\" \/><br \/>\n<img decoding=\"async\" class=\"detail-desc-decorate-image\" style=\"max-width: 100%; height: auto; display: block; margin: 0 auto;\" src=\"https:\/\/reanpackaging.com\/wp-content\/uploads\/2025\/01\/10-description-Custom-Gift-Box-Womens-Jewelry-Cosmetics-Wedding-Souvenirs-Christmas-Gifts-Cardboard-Wrap-Flower-UV-Sponge-Art-Embossing-Tube.jpg\" \/><br \/>\n<img decoding=\"async\" class=\"detail-desc-decorate-image\" style=\"max-width: 100%; height: auto; display: block; margin: 0 auto;\" src=\"https:\/\/reanpackaging.com\/wp-content\/uploads\/2025\/01\/11-description-Custom-Gift-Box-Womens-Jewelry-Cosmetics-Wedding-Souvenirs-Christmas-Gifts-Cardboard-Wrap-Flower-UV-Sponge-Art-Embossing-Tube.jpg\" \/><\/p>","protected":false},"excerpt":{"rendered":"<p>Industry-Specific Attributes Industrial Use Cosmetic,Jewelry,Watch,Eyewear,Shoes,Clothing Paper Type Art paper ,White card, Silver Mirror Paper, Feature Recyclable box type Rigid Boxes Other Attributes Shape Rectangle Printing Handling Matt Lamination, Varnishing, Stamping, Embossing, Glossy Lamination, UV Coating, Gold Foil, silver foil, Gravure printing, TEXTURED, GL\u0130TTER, LASER CUTTING, Bronzing, UV printing, Offset printing, VANISHING, Embossing\/Debossing, Flexographic Printing, Cold [&hellip;]<\/p>\n","protected":false},"featured_media":41431,"template":"","meta":{"_seopress_robots_primary_cat":"none","_seopress_titles_title":"","_seopress_titles_desc":"","_seopress_robots_index":"","site-sidebar-layout":"default","site-content-layout":"","ast-site-content-layout":"default","site-content-style":"default","site-sidebar-style":"default","ast-global-header-display":"","ast-banner-title-visibility":"","ast-main-header-display":"","ast-hfb-above-header-display":"","ast-hfb-below-header-display":"","ast-hfb-mobile-header-display":"","site-post-title":"","ast-breadcrumbs-content":"","ast-featured-img":"","footer-sml-layout":"","ast-disable-related-posts":"","theme-transparent-header-meta":"default","adv-header-id-meta":"","stick-header-meta":"default","header-above-stick-meta":"","header-main-stick-meta":"","header-below-stick-meta":"","astra-migrate-meta-layouts":"set","ast-page-background-enabled":"default","ast-page-background-meta":{"desktop":{"background-color":"","background-image":"","background-repeat":"repeat","background-position":"center center","background-size":"auto","background-attachment":"scroll","background-type":"","background-media":"","overlay-type":"","overlay-color":"","overlay-opacity":"","overlay-gradient":""},"tablet":{"background-color":"","background-image":"","background-repeat":"repeat","background-position":"center center","background-size":"auto","background-attachment":"scroll","background-type":"","background-media":"","overlay-type":"","overlay-color":"","overlay-opacity":"","overlay-gradient":""},"mobile":{"background-color":"","background-image":"","background-repeat":"repeat","background-position":"center center","background-size":"auto","background-attachment":"scroll","background-type":"","background-media":"","overlay-type":"","overlay-color":"","overlay-opacity":"","overlay-gradient":""}},"ast-content-background-meta":{"desktop":{"background-color":"var(--ast-global-color-5)","background-image":"","background-repeat":"repeat","background-position":"center center","background-size":"auto","background-attachment":"scroll","background-type":"","background-media":"","overlay-type":"","overlay-color":"","overlay-opacity":"","overlay-gradient":""},"tablet":{"background-color":"var(--ast-global-color-5)","background-image":"","background-repeat":"repeat","background-position":"center center","background-size":"auto","background-attachment":"scroll","background-type":"","background-media":"","overlay-type":"","overlay-color":"","overlay-opacity":"","overlay-gradient":""},"mobile":{"background-color":"var(--ast-global-color-5)","background-image":"","background-repeat":"repeat","background-position":"center center","background-size":"auto","background-attachment":"scroll","background-type":"","background-media":"","overlay-type":"","overlay-color":"","overlay-opacity":"","overlay-gradient":""}}},"product_brand":[],"product_cat":[89],"product_tag":[],"class_list":{"0":"post-41712","1":"product","2":"type-product","3":"status-publish","4":"has-post-thumbnail","6":"product_cat-flower-gift-boxes","7":"desktop-align-left","8":"tablet-align-left","9":"mobile-align-left","10":"ast-product-gallery-layout-horizontal","11":"ast-product-tabs-layout-horizontal","13":"first","14":"instock","15":"product-type-simple"},"_links":{"self":[{"href":"https:\/\/reanpackaging.com\/fr\/wp-json\/wp\/v2\/product\/41712","targetHints":{"allow":["GET"]}}],"collection":[{"href":"https:\/\/reanpackaging.com\/fr\/wp-json\/wp\/v2\/product"}],"about":[{"href":"https:\/\/reanpackaging.com\/fr\/wp-json\/wp\/v2\/types\/product"}],"wp:featuredmedia":[{"embeddable":true,"href":"https:\/\/reanpackaging.com\/fr\/wp-json\/wp\/v2\/media\/41431"}],"wp:attachment":[{"href":"https:\/\/reanpackaging.com\/fr\/wp-json\/wp\/v2\/media?parent=41712"}],"wp:term":[{"taxonomy":"product_brand","embeddable":true,"href":"https:\/\/reanpackaging.com\/fr\/wp-json\/wp\/v2\/product_brand?post=41712"},{"taxonomy":"product_cat","embeddable":true,"href":"https:\/\/reanpackaging.com\/fr\/wp-json\/wp\/v2\/product_cat?post=41712"},{"taxonomy":"product_tag","embeddable":true,"href":"https:\/\/reanpackaging.com\/fr\/wp-json\/wp\/v2\/product_tag?post=41712"}],"curies":[{"name":"wp","href":"https:\/\/api.w.org\/{rel}","templated":true}]}}