{"id":6168,"date":"2023-09-18T14:31:56","date_gmt":"2023-09-18T14:31:56","guid":{"rendered":"http:\/\/ibn.wyd.mybluehost.me\/reanpackaging.com\/?post_type=product&#038;p=6168"},"modified":"2024-10-01T17:00:38","modified_gmt":"2024-10-01T17:00:38","slug":"compostable-honeycomb-padded-kraft-paper-express-envelope-biodegradable-shockproof-mailers-shipping-mailing-bags","status":"publish","type":"product","link":"https:\/\/reanpackaging.com\/fr\/produit\/compostable-honeycomb-padded-kraft-paper-express-envelope-biodegradable-shockproof-mailers-shipping-mailing-bags\/","title":{"rendered":"Enveloppe express en papier kraft alv\u00e9ol\u00e9 compostable Enveloppe biod\u00e9gradable \u00e0 l'\u00e9preuve des chocs Mailers Shipping Mailing Bags"},"content":{"rendered":"<h4 class=\"md-end-block md-heading md-focus\"><span class=\"md-plain md-expand\">Attributs sp\u00e9cifiques \u00e0 l'industrie<\/span><\/h4>\n<figure class=\"md-table-fig table-figure\">\n<table class=\"md-table\">\n<tbody>\n<tr class=\"md-end-block md-focus-container\">\n<td><span class=\"td-span md-focus\"><span class=\"md-pair-s md-expand\"><strong><span class=\"md-plain\">Mat\u00e9riau<\/span><\/strong><\/span><\/span><\/td>\n<td><span class=\"td-span md-focus\"><span class=\"md-plain md-expand\">100% Papier Kraft (3 couches - rembourr\u00e9)<\/span><\/span><\/td>\n<\/tr>\n<\/tbody>\n<\/table>\n<\/figure>\n<h4 class=\"md-end-block md-heading\"><span class=\"md-plain\">Autres attributs<\/span><\/h4>\n<table class=\"md-table\">\n<tbody>\n<tr class=\"md-end-block md-focus-container\">\n<td><span class=\"td-span md-focus\"><span class=\"md-pair-s md-expand\"><strong><span class=\"md-plain\">Nom de l'article<\/span><\/strong><\/span><\/span><\/td>\n<td><span class=\"td-span\"><span class=\"md-plain\">Sacs en papier en nid d'abeille<\/span><\/span><\/td>\n<\/tr>\n<tr class=\"md-end-block\">\n<td><span class=\"td-span\"><span class=\"md-pair-s\"><strong><span class=\"md-plain\">Mat\u00e9riau<\/span><\/strong><\/span><\/span><\/td>\n<td><span class=\"td-span\"><span class=\"md-plain\">100% Papier Kraft<\/span><\/span><\/td>\n<\/tr>\n<tr class=\"md-end-block\">\n<td><span class=\"td-span\"><span class=\"md-pair-s\"><strong><span class=\"md-plain\">Utilisation<\/span><\/strong><\/span><\/span><\/td>\n<td><span class=\"td-span\"><span class=\"md-plain\">Paquet de livraison<\/span><\/span><\/td>\n<\/tr>\n<tr class=\"md-end-block\">\n<td><span class=\"td-span\"><span class=\"md-pair-s\"><strong><span class=\"md-plain\">Avantage<\/span><\/strong><\/span><\/span><\/td>\n<td><span class=\"td-span\"><span class=\"md-plain\">R\u00e9sistance sup\u00e9rieure \u00e0 la d\u00e9chirure et \u00e0 la perforation<\/span><\/span><\/td>\n<\/tr>\n<tr class=\"md-end-block\">\n<td><span class=\"td-span\"><span class=\"md-pair-s\"><strong><span class=\"md-plain\">Impression+taille du sac<\/span><\/strong><\/span><\/span><\/td>\n<td><span class=\"td-span\"><span class=\"md-plain\">Taille personnalis\u00e9e accept\u00e9e<\/span><\/span><\/td>\n<\/tr>\n<tr class=\"md-end-block\">\n<td><span class=\"td-span\"><span class=\"md-pair-s\"><strong><span class=\"md-plain\">Couleur&amp;LOGO<\/span><\/strong><\/span><\/span><\/td>\n<td><span class=\"td-span\"><span class=\"md-plain\">Couleurs personnalis\u00e9es et logos accept\u00e9s<\/span><\/span><\/td>\n<\/tr>\n<tr class=\"md-end-block\">\n<td><span class=\"td-span\"><span class=\"md-pair-s\"><strong><span class=\"md-plain\">Scellement et poign\u00e9e :<\/span><\/strong><\/span><\/span><\/td>\n<td><span class=\"td-span\"><span class=\"md-plain\">Joint autocollant<\/span><\/span><\/td>\n<\/tr>\n<tr class=\"md-end-block md-focus-container\">\n<td><span class=\"td-span\"><span class=\"md-pair-s\"><strong><span class=\"md-plain\">\u00c9chantillon gratuit<\/span><\/strong><\/span><\/span><\/td>\n<td><span class=\"td-span md-focus\"><span class=\"md-plain md-expand\">Disponible en stock<\/span><\/span><\/td>\n<\/tr>\n<\/tbody>\n<\/table>\n<figure class=\"md-table-fig table-figure\"><img fetchpriority=\"high\" decoding=\"async\" class=\"alignnone wp-image-6171\" src=\"http:\/\/ibn.wyd.mybluehost.me\/reanpackaging.com\/wp-content\/uploads\/2023\/09\/1-1-226x300.jpg\" alt=\"Enveloppe express en papier kraft alv\u00e9ol\u00e9 compostable Enveloppe biod\u00e9gradable \u00e0 l&#039;\u00e9preuve des chocs Sacs d&#039;exp\u00e9dition -description - 1\" width=\"1345\" height=\"1785\" srcset=\"https:\/\/reanpackaging.com\/wp-content\/uploads\/2023\/09\/1-1-226x300.jpg 226w, https:\/\/reanpackaging.com\/wp-content\/uploads\/2023\/09\/1-1-600x795.jpg 600w, https:\/\/reanpackaging.com\/wp-content\/uploads\/2023\/09\/1-1.jpg 750w\" sizes=\"(max-width: 1345px) 100vw, 1345px\" \/><\/p>\n<p><img decoding=\"async\" class=\"alignnone wp-image-6172\" src=\"http:\/\/ibn.wyd.mybluehost.me\/reanpackaging.com\/wp-content\/uploads\/2023\/09\/2-1-300x231.jpg\" alt=\"Enveloppe express en papier kraft alv\u00e9ol\u00e9 compostable Enveloppe biod\u00e9gradable \u00e0 l&#039;\u00e9preuve des chocs Sacs d&#039;exp\u00e9dition -description - 2\" width=\"1335\" height=\"1028\" srcset=\"https:\/\/reanpackaging.com\/wp-content\/uploads\/2023\/09\/2-1-300x231.jpg 300w, https:\/\/reanpackaging.com\/wp-content\/uploads\/2023\/09\/2-1-600x462.jpg 600w, https:\/\/reanpackaging.com\/wp-content\/uploads\/2023\/09\/2-1.jpg 750w\" sizes=\"(max-width: 1335px) 100vw, 1335px\" \/> <img decoding=\"async\" class=\"alignnone wp-image-6173\" src=\"http:\/\/ibn.wyd.mybluehost.me\/reanpackaging.com\/wp-content\/uploads\/2023\/09\/3-1-218x300.jpg\" alt=\"Enveloppe express en papier kraft alv\u00e9ol\u00e9 compostable Enveloppe biod\u00e9gradable \u00e0 l&#039;\u00e9preuve des chocs Sacs d&#039;exp\u00e9dition -description - 3\" width=\"1317\" height=\"1813\" srcset=\"https:\/\/reanpackaging.com\/wp-content\/uploads\/2023\/09\/3-1-218x300.jpg 218w, https:\/\/reanpackaging.com\/wp-content\/uploads\/2023\/09\/3-1-744x1024.jpg 744w, https:\/\/reanpackaging.com\/wp-content\/uploads\/2023\/09\/3-1-600x826.jpg 600w, https:\/\/reanpackaging.com\/wp-content\/uploads\/2023\/09\/3-1.jpg 750w\" sizes=\"(max-width: 1317px) 100vw, 1317px\" \/><\/p>\n<p><img loading=\"lazy\" decoding=\"async\" class=\"alignnone wp-image-6174\" src=\"http:\/\/ibn.wyd.mybluehost.me\/reanpackaging.com\/wp-content\/uploads\/2023\/09\/5-1-157x300.jpg\" alt=\"Enveloppe express en papier kraft alv\u00e9ol\u00e9 compostable Enveloppe biod\u00e9gradable \u00e0 l&#039;\u00e9preuve des chocs Sacs d&#039;exp\u00e9dition -description - 4\" width=\"1318\" height=\"2518\" srcset=\"https:\/\/reanpackaging.com\/wp-content\/uploads\/2023\/09\/5-1-157x300.jpg 157w, https:\/\/reanpackaging.com\/wp-content\/uploads\/2023\/09\/5-1-536x1024.jpg 536w, https:\/\/reanpackaging.com\/wp-content\/uploads\/2023\/09\/5-1-600x1147.jpg 600w, https:\/\/reanpackaging.com\/wp-content\/uploads\/2023\/09\/5-1.jpg 750w\" sizes=\"(max-width: 1318px) 100vw, 1318px\" \/><\/p>\n<p><img loading=\"lazy\" decoding=\"async\" class=\"alignnone wp-image-6175\" src=\"http:\/\/ibn.wyd.mybluehost.me\/reanpackaging.com\/wp-content\/uploads\/2023\/09\/6-300x203.jpg\" alt=\"Enveloppe express en papier kraft alv\u00e9ol\u00e9 compostable Enveloppe biod\u00e9gradable \u00e0 l&#039;\u00e9preuve des chocs Sacs d&#039;exp\u00e9dition -description - 5\" width=\"1200\" height=\"812\" srcset=\"https:\/\/reanpackaging.com\/wp-content\/uploads\/2023\/09\/6-300x203.jpg 300w, https:\/\/reanpackaging.com\/wp-content\/uploads\/2023\/09\/6-600x406.jpg 600w, https:\/\/reanpackaging.com\/wp-content\/uploads\/2023\/09\/6.jpg 750w\" sizes=\"(max-width: 1200px) 100vw, 1200px\" \/><\/figure>","protected":false},"excerpt":{"rendered":"<p>Attributs sp\u00e9cifiques \u00e0 l'industrie Mat\u00e9riau 100% Papier Kraft (3 couches - rembourr\u00e9) Autres attributs Nom de l'article Sacs en papier nid d'abeille Mat\u00e9riau 100% Papier Kraft Utilisation Emballage de livraison Avantage R\u00e9sistance sup\u00e9rieure \u00e0 la d\u00e9chirure et \u00e0 la perforation Impression+Sac Taille personnalis\u00e9e accept\u00e9e Couleur&amp;LOGO Couleur personnalis\u00e9e&amp;LOGO accept\u00e9e Scellage &amp; Poign\u00e9e : Scellage auto-adh\u00e9sif \u00c9chantillon gratuit disponible en stock<\/p>","protected":false},"featured_media":6176,"template":"","meta":{"_seopress_robots_primary_cat":"none","_seopress_titles_title":"","_seopress_titles_desc":"","_seopress_robots_index":"","site-sidebar-layout":"default","site-content-layout":"default","ast-site-content-layout":"default","site-content-style":"default","site-sidebar-style":"default","ast-global-header-display":"","ast-banner-title-visibility":"","ast-main-header-display":"","ast-hfb-above-header-display":"","ast-hfb-below-header-display":"","ast-hfb-mobile-header-display":"","site-post-title":"","ast-breadcrumbs-content":"","ast-featured-img":"","footer-sml-layout":"","ast-disable-related-posts":"","theme-transparent-header-meta":"default","adv-header-id-meta":"","stick-header-meta":"default","header-above-stick-meta":"","header-main-stick-meta":"","header-below-stick-meta":"","astra-migrate-meta-layouts":"set","ast-page-background-enabled":"default","ast-page-background-meta":{"desktop":{"background-color":"","background-image":"","background-repeat":"repeat","background-position":"center center","background-size":"auto","background-attachment":"scroll","background-type":"","background-media":"","overlay-type":"","overlay-color":"","overlay-opacity":"","overlay-gradient":""},"tablet":{"background-color":"","background-image":"","background-repeat":"repeat","background-position":"center center","background-size":"auto","background-attachment":"scroll","background-type":"","background-media":"","overlay-type":"","overlay-color":"","overlay-opacity":"","overlay-gradient":""},"mobile":{"background-color":"","background-image":"","background-repeat":"repeat","background-position":"center center","background-size":"auto","background-attachment":"scroll","background-type":"","background-media":"","overlay-type":"","overlay-color":"","overlay-opacity":"","overlay-gradient":""}},"ast-content-background-meta":{"desktop":{"background-color":"var(--ast-global-color-5)","background-image":"","background-repeat":"repeat","background-position":"center center","background-size":"auto","background-attachment":"scroll","background-type":"","background-media":"","overlay-type":"","overlay-color":"","overlay-opacity":"","overlay-gradient":""},"tablet":{"background-color":"var(--ast-global-color-5)","background-image":"","background-repeat":"repeat","background-position":"center center","background-size":"auto","background-attachment":"scroll","background-type":"","background-media":"","overlay-type":"","overlay-color":"","overlay-opacity":"","overlay-gradient":""},"mobile":{"background-color":"var(--ast-global-color-5)","background-image":"","background-repeat":"repeat","background-position":"center center","background-size":"auto","background-attachment":"scroll","background-type":"","background-media":"","overlay-type":"","overlay-color":"","overlay-opacity":"","overlay-gradient":""}}},"product_brand":[],"product_cat":[45,36,44],"product_tag":[],"class_list":{"0":"post-6168","1":"product","2":"type-product","3":"status-publish","4":"has-post-thumbnail","6":"product_cat-bubble-wrap","7":"product_cat-kraft-bags","8":"product_cat-paper-bags","9":"desktop-align-left","10":"tablet-align-left","11":"mobile-align-left","12":"ast-product-gallery-layout-horizontal","13":"ast-product-tabs-layout-horizontal","15":"first","16":"instock","17":"shipping-taxable","18":"purchasable","19":"product-type-simple"},"_links":{"self":[{"href":"https:\/\/reanpackaging.com\/fr\/wp-json\/wp\/v2\/product\/6168","targetHints":{"allow":["GET"]}}],"collection":[{"href":"https:\/\/reanpackaging.com\/fr\/wp-json\/wp\/v2\/product"}],"about":[{"href":"https:\/\/reanpackaging.com\/fr\/wp-json\/wp\/v2\/types\/product"}],"wp:featuredmedia":[{"embeddable":true,"href":"https:\/\/reanpackaging.com\/fr\/wp-json\/wp\/v2\/media\/6176"}],"wp:attachment":[{"href":"https:\/\/reanpackaging.com\/fr\/wp-json\/wp\/v2\/media?parent=6168"}],"wp:term":[{"taxonomy":"product_brand","embeddable":true,"href":"https:\/\/reanpackaging.com\/fr\/wp-json\/wp\/v2\/product_brand?post=6168"},{"taxonomy":"product_cat","embeddable":true,"href":"https:\/\/reanpackaging.com\/fr\/wp-json\/wp\/v2\/product_cat?post=6168"},{"taxonomy":"product_tag","embeddable":true,"href":"https:\/\/reanpackaging.com\/fr\/wp-json\/wp\/v2\/product_tag?post=6168"}],"curies":[{"name":"wp","href":"https:\/\/api.w.org\/{rel}","templated":true}]}}