{"id":6190,"date":"2023-09-18T15:30:55","date_gmt":"2023-09-18T15:30:55","guid":{"rendered":"http:\/\/ibn.wyd.mybluehost.me\/reanpackaging.com\/?post_type=product&#038;p=6190"},"modified":"2024-10-01T17:00:38","modified_gmt":"2024-10-01T17:00:38","slug":"manufacturers-personalised-luxury-boutique-gift-paper-bag-packaging-custom-white-pink-paper-thank-you-gift-bags-with-logo-print","status":"publish","type":"product","link":"https:\/\/reanpackaging.com\/fr\/produit\/manufacturers-personalised-luxury-boutique-gift-paper-bag-packaging-custom-white-pink-paper-thank-you-gift-bags-with-logo-print\/","title":{"rendered":"Fabricants Personnalis\u00e9 Luxe Boutique Cadeau sac en papier Emballage Personnalis\u00e9 Papier Rose Blanc Sacs de Remerciements Avec Impression Logo"},"content":{"rendered":"<h4 class=\"md-end-block md-heading md-focus\"><span class=\"md-plain md-expand\">Attributs sp\u00e9cifiques \u00e0 l'industrie<\/span><\/h4>\n<table class=\"md-table\">\n<tbody>\n<tr class=\"md-end-block md-focus-container\">\n<td><span class=\"td-span md-focus\"><span class=\"md-pair-s md-expand\"><strong><span class=\"md-plain\">Utilisation industrielle<\/span><\/strong><\/span><\/span><\/td>\n<td><span class=\"td-span\"><span class=\"md-plain\">Chaussures et v\u00eatements<\/span><\/span><\/td>\n<\/tr>\n<tr class=\"md-end-block\">\n<td><span class=\"td-span\"><span class=\"md-pair-s\"><strong><span class=\"md-plain\">Type de papier<\/span><\/strong><\/span><\/span><\/td>\n<td><span class=\"td-span\"><span class=\"md-plain\">Papier Kraft<\/span><\/span><\/td>\n<\/tr>\n<tr class=\"md-end-block md-focus-container\">\n<td><span class=\"td-span\"><span class=\"md-pair-s\"><strong><span class=\"md-plain\">Fonctionnalit\u00e9<\/span><\/strong><\/span><\/span><\/td>\n<td><span class=\"td-span md-focus\"><span class=\"md-plain md-expand\">Mat\u00e9riaux recycl\u00e9s<\/span><\/span><\/td>\n<\/tr>\n<\/tbody>\n<\/table>\n<h4 class=\"md-end-block md-heading md-focus\"><span class=\"md-plain md-expand\">Autres attributs<\/span><\/h4>\n<table class=\"md-table\">\n<tbody>\n<tr class=\"md-end-block md-focus-container\">\n<td><span class=\"td-span md-focus\"><span class=\"md-pair-s md-expand\"><strong><span class=\"md-plain\">Manipulation de surface<\/span><\/strong><\/span><\/span><\/td>\n<td><span class=\"td-span\"><span class=\"md-plain\">Impression flexo<\/span><\/span><\/td>\n<\/tr>\n<tr class=\"md-end-block\">\n<td><span class=\"td-span\"><span class=\"md-pair-s\"><strong><span class=\"md-plain\">Scellement et poign\u00e9e<\/span><\/strong><\/span><\/span><\/td>\n<td><span class=\"td-span\"><span class=\"md-plain\">Longueur de la main Poign\u00e9e<\/span><\/span><\/td>\n<\/tr>\n<tr class=\"md-end-block\">\n<td><span class=\"td-span\"><span class=\"md-pair-s\"><strong><span class=\"md-plain\">Commande personnalis\u00e9e<\/span><\/strong><\/span><\/span><\/td>\n<td><span class=\"td-span\"><span class=\"md-plain\">Accepter<\/span><\/span><\/td>\n<\/tr>\n<tr class=\"md-end-block\">\n<td><span class=\"td-span\"><span class=\"md-pair-s\"><strong><span class=\"md-plain\">Nom du produit<\/span><\/strong><\/span><\/span><\/td>\n<td><span class=\"td-span\"><span class=\"md-plain\">Sac d'emballage en papier pour cadeaux<\/span><\/span><\/td>\n<\/tr>\n<tr class=\"md-end-block\">\n<td><span class=\"td-span\"><span class=\"md-pair-s\"><strong><span class=\"md-plain\">Taille :<\/span><\/strong><\/span><\/span><\/td>\n<td><span class=\"td-span\"><span class=\"md-plain\">Acceptation sur mesure<\/span><\/span><\/td>\n<\/tr>\n<tr class=\"md-end-block\">\n<td><span class=\"td-span\"><span class=\"md-pair-s\"><strong><span class=\"md-plain\">Logo :<\/span><\/strong><\/span><\/span><\/td>\n<td><span class=\"td-span\"><span class=\"md-plain\">Acceptation d'un logo ou d'un motif personnalis\u00e9<\/span><\/span><\/td>\n<\/tr>\n<tr class=\"md-end-block\">\n<td><span class=\"td-span\"><span class=\"md-pair-s\"><strong><span class=\"md-plain\">Mot-cl\u00e9<\/span><\/strong><\/span><\/span><\/td>\n<td><span class=\"td-span\"><span class=\"md-plain\">sac \u00e0 provisions en papier ; sac cadeau en papier ; sac d'emballage pour v\u00eatements<\/span><\/span><\/td>\n<\/tr>\n<tr class=\"md-end-block\">\n<td><span class=\"td-span\"><span class=\"md-pair-s\"><strong><span class=\"md-plain\">Utilisation<\/span><\/strong><\/span><\/span><\/td>\n<td><span class=\"td-span\"><span class=\"md-plain\">Paquet<\/span><\/span><\/td>\n<\/tr>\n<tr class=\"md-end-block\">\n<td><span class=\"td-span\"><span class=\"md-pair-s\"><strong><span class=\"md-plain\">MOQ<\/span><\/strong><\/span><\/span><\/td>\n<td><span class=\"td-span\"><span class=\"md-plain\">100 pi\u00e8ces<\/span><\/span><\/td>\n<\/tr>\n<tr class=\"md-end-block\">\n<td><span class=\"td-span\"><span class=\"md-pair-s\"><strong><span class=\"md-plain\">Utilisation industrielle<\/span><\/strong><\/span><\/span><\/td>\n<td><span class=\"td-span\"><span class=\"md-plain\">sac de sport \u00e0 emporter<\/span><\/span><\/td>\n<\/tr>\n<tr class=\"md-end-block\">\n<td><span class=\"td-span\"><span class=\"md-pair-s\"><strong><span class=\"md-plain\">Type d'usine<\/span><\/strong><\/span><\/span><\/td>\n<td><span class=\"td-span\"><span class=\"md-plain\">Service OEM et ODM<\/span><\/span><\/td>\n<\/tr>\n<tr class=\"md-end-block md-focus-container\">\n<td><span class=\"td-span\"><span class=\"md-pair-s\"><strong><span class=\"md-plain\">Type d'encre<\/span><\/strong><\/span><\/span><\/td>\n<td><span class=\"td-span md-focus\"><span class=\"md-plain md-expand\">Encre de soja \u00e9cologique \u00e0 base d'eau<\/span><\/span><\/td>\n<\/tr>\n<\/tbody>\n<\/table>\n<h4 class=\"md-end-block md-heading md-focus\"><span class=\"md-plain md-expand\">Sp\u00e9cifications<\/span><\/h4>\n<table class=\"md-table\">\n<tbody>\n<tr class=\"md-end-block md-focus-container\">\n<td><span class=\"td-span md-focus\"><span class=\"md-pair-s md-expand\"><strong><span class=\"md-plain\">Mat\u00e9riau<\/span><\/strong><\/span><\/span><\/td>\n<td><span class=\"td-span\"><span class=\"md-plain\">papier carton blanc, papier carton blanc, papier couch\u00e9, papier kraft, carton ondul\u00e9, papier d'art, carton, papier sp\u00e9cial, papier sans bois<\/span><\/span><\/td>\n<\/tr>\n<tr class=\"md-end-block\">\n<td><span class=\"td-span\"><span class=\"md-pair-s\"><strong><span class=\"md-plain\">Papier d'art<\/span><\/strong><\/span><\/span><\/td>\n<td><span class=\"td-span\"><span class=\"md-plain\">120g- 250g est normalement utilis\u00e9 pour les sacs en papier.<\/span><\/span><\/td>\n<\/tr>\n<tr class=\"md-end-block\">\n<td><span class=\"td-span\"><span class=\"md-pair-s\"><strong><span class=\"md-plain\">Carton gris<\/span><\/strong><\/span><\/span><\/td>\n<td><span class=\"td-span\"><span class=\"md-plain\">Les bo\u00eetes d'emballage sont normalement utilis\u00e9es dans une fourchette de 650 \u00e0 1600 grammes.<\/span><\/span><\/td>\n<\/tr>\n<tr class=\"md-end-block\">\n<td><span class=\"td-span\"><span class=\"md-pair-s\"><strong><span class=\"md-plain\">Papier fantaisie<\/span><\/strong><\/span><\/span><\/td>\n<td><span class=\"td-span\"><span class=\"md-plain\">100g, 120g, 130g, diff\u00e9rents mod\u00e8les et styles<\/span><\/span><\/td>\n<\/tr>\n<tr class=\"md-end-block\">\n<td><span class=\"td-span\"><span class=\"md-pair-s\"><strong><span class=\"md-plain\">Autre papier<\/span><\/strong><\/span><\/span><\/td>\n<td><span class=\"td-span\"><span class=\"md-plain\">Papier ondul\u00e9, papier toil\u00e9, carton, papier d'aluminium, mat\u00e9riau recycl\u00e9<\/span><\/span><\/td>\n<\/tr>\n<tr class=\"md-end-block\">\n<td><span class=\"td-span\"><span class=\"md-pair-s\"><strong><span class=\"md-plain\">Accessoires<\/span><\/strong><\/span><\/span><\/td>\n<td><span class=\"td-span\"><span class=\"md-plain\">Aimant, ruban, forme EVA, plateau en plastique, \u00e9ponge, fleurs, fen\u00eatre en PVC\/PET\/PP<\/span><\/span><\/td>\n<\/tr>\n<tr class=\"md-end-block\">\n<td><span class=\"td-span\"><span class=\"md-pair-s\"><strong><span class=\"md-plain\">Impression<\/span><\/strong><\/span><\/span><\/td>\n<td><span class=\"td-span\"><span class=\"md-plain\">Impression offset CMYK 4 couleurs, s\u00e9rigraphie, couleur Panton, impression UV.<\/span><\/span><\/td>\n<\/tr>\n<tr class=\"md-end-block\">\n<td><span class=\"td-span\"><span class=\"md-pair-s\"><strong><span class=\"md-plain\">Finishing Tech<\/span><\/strong><\/span><\/span><\/td>\n<td><span class=\"td-span\"><span class=\"md-plain\">Vernissage UV, vernissage par points, gaufrage, lamination brillante\/mate, estampage, d\u00e9coupe, etc.<\/span><\/span><\/td>\n<\/tr>\n<tr class=\"md-end-block\">\n<td><span class=\"td-span\"><span class=\"md-pair-s\"><strong><span class=\"md-plain\">Marque<\/span><\/strong><\/span><\/span><\/td>\n<td><span class=\"td-span\"><span class=\"md-plain\">OEM et ODM sont disponibles, et nous pouvons imprimer le LOGO fourni par le client.<\/span><\/span><\/td>\n<\/tr>\n<tr class=\"md-end-block\">\n<td><span class=\"td-span\"><span class=\"md-pair-s\"><strong><span class=\"md-plain\">Zone d'impression<\/span><\/strong><\/span><\/span><\/td>\n<td><span class=\"td-span\"><span class=\"md-plain\">100% Impression ou non, en fonction de la demande.<\/span><\/span><\/td>\n<\/tr>\n<tr class=\"md-end-block\">\n<td><span class=\"td-span\"><span class=\"md-pair-s\"><strong><span class=\"md-plain\">Emballage<\/span><\/strong><\/span><\/span><\/td>\n<td><span class=\"td-span\"><span class=\"md-plain\">Les produits sont emball\u00e9s dans des cartons d'exportation standard ou selon les exigences des clients.<\/span><\/span><\/td>\n<\/tr>\n<tr class=\"md-end-block\">\n<td><span class=\"td-span\"><span class=\"md-pair-s\"><strong><span class=\"md-plain\">L'industrie<\/span><\/strong><\/span><\/span><\/td>\n<td><span class=\"td-span\"><span class=\"md-plain\">Chocolat, vin, cosm\u00e9tiques, parfums, v\u00eatements, bijoux, tabac, aliments, cadeaux, produits quotidiens, maisons d'\u00e9dition, jouets-cadeaux, articles sp\u00e9cialis\u00e9s, etc.<\/span><\/span><\/td>\n<\/tr>\n<tr class=\"md-end-block\">\n<td><span class=\"td-span\"><span class=\"md-pair-s\"><strong><span class=\"md-plain\">\u00c9chantillon<\/span><\/strong><\/span><\/span><\/td>\n<td><span class=\"td-span\"><span class=\"md-plain\">3~5 jours apr\u00e8s la confirmation de la maquette.<\/span><\/span><\/td>\n<\/tr>\n<tr class=\"md-end-block md-focus-container\">\n<td><span class=\"td-span\"><span class=\"md-pair-s\"><strong><span class=\"md-plain\">Prix<\/span><\/strong><\/span><\/span><\/td>\n<td><span class=\"td-span md-focus\"><span class=\"md-plain md-expand\">Le prix d\u00e9pend de la taille, du mat\u00e9riau, de l'impression, des finitions apr\u00e8s impression, de la quantit\u00e9 et de l'emballage.<\/span><\/span><\/td>\n<\/tr>\n<\/tbody>\n<\/table>\n<p><img fetchpriority=\"high\" decoding=\"async\" class=\"alignnone wp-image-6207\" src=\"http:\/\/ibn.wyd.mybluehost.me\/reanpackaging.com\/wp-content\/uploads\/2023\/09\/1-2-262x300.jpg\" alt=\"Fabricants Personnalis\u00e9 Luxury Boutique Gift paper bag Packaging Custom White Pink Paper Thank You Gift Bags With Logo Print -description - 1\" width=\"1336\" height=\"1530\" srcset=\"https:\/\/reanpackaging.com\/wp-content\/uploads\/2023\/09\/1-2-262x300.jpg 262w, https:\/\/reanpackaging.com\/wp-content\/uploads\/2023\/09\/1-2-768x880.jpg 768w, https:\/\/reanpackaging.com\/wp-content\/uploads\/2023\/09\/1-2-600x688.jpg 600w, https:\/\/reanpackaging.com\/wp-content\/uploads\/2023\/09\/1-2.jpg 800w\" sizes=\"(max-width: 1336px) 100vw, 1336px\" \/><\/p>\n<p><img decoding=\"async\" class=\"alignnone wp-image-6208\" src=\"http:\/\/ibn.wyd.mybluehost.me\/reanpackaging.com\/wp-content\/uploads\/2023\/09\/2-2-287x300.jpg\" alt=\"Fabricants Personnalis\u00e9 Luxury Boutique Gift paper bag Packaging Custom White Pink Paper Thank You Gift Bags With Logo Print -description - 2\" width=\"1336\" height=\"1397\" srcset=\"https:\/\/reanpackaging.com\/wp-content\/uploads\/2023\/09\/2-2-287x300.jpg 287w, https:\/\/reanpackaging.com\/wp-content\/uploads\/2023\/09\/2-2-768x803.jpg 768w, https:\/\/reanpackaging.com\/wp-content\/uploads\/2023\/09\/2-2-600x627.jpg 600w, https:\/\/reanpackaging.com\/wp-content\/uploads\/2023\/09\/2-2.jpg 800w\" sizes=\"(max-width: 1336px) 100vw, 1336px\" \/><\/p>\n<p><img decoding=\"async\" class=\"alignnone wp-image-6210\" src=\"http:\/\/ibn.wyd.mybluehost.me\/reanpackaging.com\/wp-content\/uploads\/2023\/09\/4-1-300x197.jpg\" alt=\"Fabricants Personnalis\u00e9 Luxury Boutique Gift paper bag Packaging Custom White Pink Paper Thank You Gift Bags With Logo Print -description - 4\" width=\"1246\" height=\"818\" srcset=\"https:\/\/reanpackaging.com\/wp-content\/uploads\/2023\/09\/4-1-300x197.jpg 300w, https:\/\/reanpackaging.com\/wp-content\/uploads\/2023\/09\/4-1-768x503.jpg 768w, https:\/\/reanpackaging.com\/wp-content\/uploads\/2023\/09\/4-1-600x393.jpg 600w, https:\/\/reanpackaging.com\/wp-content\/uploads\/2023\/09\/4-1.jpg 800w\" sizes=\"(max-width: 1246px) 100vw, 1246px\" \/><\/p>\n<p><img loading=\"lazy\" decoding=\"async\" class=\"alignnone wp-image-6211\" src=\"http:\/\/ibn.wyd.mybluehost.me\/reanpackaging.com\/wp-content\/uploads\/2023\/09\/5-2-280x300.jpg\" alt=\"Fabricants Personnalis\u00e9 Luxury Boutique Gift paper bag Packaging Custom White Pink Paper Thank You Gift Bags With Logo Print -description - 5\" width=\"1208\" height=\"1294\" srcset=\"https:\/\/reanpackaging.com\/wp-content\/uploads\/2023\/09\/5-2-280x300.jpg 280w, https:\/\/reanpackaging.com\/wp-content\/uploads\/2023\/09\/5-2-768x822.jpg 768w, https:\/\/reanpackaging.com\/wp-content\/uploads\/2023\/09\/5-2-600x642.jpg 600w, https:\/\/reanpackaging.com\/wp-content\/uploads\/2023\/09\/5-2.jpg 800w\" sizes=\"(max-width: 1208px) 100vw, 1208px\" \/><\/p>\n<p><img loading=\"lazy\" decoding=\"async\" class=\"alignnone wp-image-6212\" src=\"http:\/\/ibn.wyd.mybluehost.me\/reanpackaging.com\/wp-content\/uploads\/2023\/09\/6-1-256x300.jpg\" alt=\"Fabricants Personnalis\u00e9 Luxury Boutique Gift paper bag Packaging Custom White Pink Paper Thank You Gift Bags With Logo Print -description - 6\" width=\"1144\" height=\"1341\" srcset=\"https:\/\/reanpackaging.com\/wp-content\/uploads\/2023\/09\/6-1-256x300.jpg 256w, https:\/\/reanpackaging.com\/wp-content\/uploads\/2023\/09\/6-1-768x900.jpg 768w, https:\/\/reanpackaging.com\/wp-content\/uploads\/2023\/09\/6-1-600x703.jpg 600w, https:\/\/reanpackaging.com\/wp-content\/uploads\/2023\/09\/6-1.jpg 800w\" sizes=\"(max-width: 1144px) 100vw, 1144px\" \/><\/p>\n<p><img loading=\"lazy\" decoding=\"async\" class=\"alignnone wp-image-6215\" src=\"http:\/\/ibn.wyd.mybluehost.me\/reanpackaging.com\/wp-content\/uploads\/2023\/09\/9-2-300x292.jpg\" alt=\"Fabricants Personnalis\u00e9 Luxury Boutique Gift paper bag Packaging Custom White Pink Paper Thank You Gift Bags With Logo Print -description - 9\" width=\"1142\" height=\"1112\" srcset=\"https:\/\/reanpackaging.com\/wp-content\/uploads\/2023\/09\/9-2-300x292.jpg 300w, https:\/\/reanpackaging.com\/wp-content\/uploads\/2023\/09\/9-2-768x748.jpg 768w, https:\/\/reanpackaging.com\/wp-content\/uploads\/2023\/09\/9-2-600x584.jpg 600w, https:\/\/reanpackaging.com\/wp-content\/uploads\/2023\/09\/9-2.jpg 800w\" sizes=\"(max-width: 1142px) 100vw, 1142px\" \/><\/p>\n<p><img loading=\"lazy\" decoding=\"async\" class=\"alignnone wp-image-6216\" src=\"http:\/\/ibn.wyd.mybluehost.me\/reanpackaging.com\/wp-content\/uploads\/2023\/09\/10-300x293.jpg\" alt=\"Fabricants Personnalis\u00e9 Luxury Boutique Gift paper bag Packaging Custom White Pink Paper Thank You Gift Bags With Logo Print -description - 10\" width=\"1092\" height=\"1067\" srcset=\"https:\/\/reanpackaging.com\/wp-content\/uploads\/2023\/09\/10-300x293.jpg 300w, https:\/\/reanpackaging.com\/wp-content\/uploads\/2023\/09\/10-768x751.jpg 768w, https:\/\/reanpackaging.com\/wp-content\/uploads\/2023\/09\/10-600x587.jpg 600w, https:\/\/reanpackaging.com\/wp-content\/uploads\/2023\/09\/10.jpg 800w\" sizes=\"(max-width: 1092px) 100vw, 1092px\" \/><\/p>\n<p><img loading=\"lazy\" decoding=\"async\" class=\"alignnone wp-image-6217\" src=\"http:\/\/ibn.wyd.mybluehost.me\/reanpackaging.com\/wp-content\/uploads\/2023\/09\/11-220x300.jpg\" alt=\"Fabricants Personnalis\u00e9 Luxury Boutique Gift paper bag Packaging Custom White Pink Paper Thank You Gift Bags With Logo Print -description - 11\" width=\"1099\" height=\"1499\" srcset=\"https:\/\/reanpackaging.com\/wp-content\/uploads\/2023\/09\/11-220x300.jpg 220w, https:\/\/reanpackaging.com\/wp-content\/uploads\/2023\/09\/11-768x1049.jpg 768w\" sizes=\"(max-width: 1099px) 100vw, 1099px\" \/><\/p>","protected":false},"excerpt":{"rendered":"<p>Industry-specific attributes Industrial Use Shoes &amp; clothing Paper Type Kraft Paper Feature Recycled Materials Other Attributes Surface Handling Flexo Printing Sealing &amp; Handle Hand Length Handle Custom Order Accept Product name Gift Paper Packaging Bag Size: Customized Accept Logo: Accept Customized Logo or pattern Keyword paper shopping bag;paper gift bag;clothes packing bag Usage Package MOQ [&hellip;]<\/p>\n","protected":false},"featured_media":6193,"template":"","meta":{"_seopress_robots_primary_cat":"none","_seopress_titles_title":"","_seopress_titles_desc":"","_seopress_robots_index":"","site-sidebar-layout":"default","site-content-layout":"default","ast-site-content-layout":"default","site-content-style":"default","site-sidebar-style":"default","ast-global-header-display":"","ast-banner-title-visibility":"","ast-main-header-display":"","ast-hfb-above-header-display":"","ast-hfb-below-header-display":"","ast-hfb-mobile-header-display":"","site-post-title":"","ast-breadcrumbs-content":"","ast-featured-img":"","footer-sml-layout":"","ast-disable-related-posts":"","theme-transparent-header-meta":"default","adv-header-id-meta":"","stick-header-meta":"default","header-above-stick-meta":"","header-main-stick-meta":"","header-below-stick-meta":"","astra-migrate-meta-layouts":"set","ast-page-background-enabled":"default","ast-page-background-meta":{"desktop":{"background-color":"","background-image":"","background-repeat":"repeat","background-position":"center center","background-size":"auto","background-attachment":"scroll","background-type":"","background-media":"","overlay-type":"","overlay-color":"","overlay-opacity":"","overlay-gradient":""},"tablet":{"background-color":"","background-image":"","background-repeat":"repeat","background-position":"center center","background-size":"auto","background-attachment":"scroll","background-type":"","background-media":"","overlay-type":"","overlay-color":"","overlay-opacity":"","overlay-gradient":""},"mobile":{"background-color":"","background-image":"","background-repeat":"repeat","background-position":"center center","background-size":"auto","background-attachment":"scroll","background-type":"","background-media":"","overlay-type":"","overlay-color":"","overlay-opacity":"","overlay-gradient":""}},"ast-content-background-meta":{"desktop":{"background-color":"var(--ast-global-color-5)","background-image":"","background-repeat":"repeat","background-position":"center center","background-size":"auto","background-attachment":"scroll","background-type":"","background-media":"","overlay-type":"","overlay-color":"","overlay-opacity":"","overlay-gradient":""},"tablet":{"background-color":"var(--ast-global-color-5)","background-image":"","background-repeat":"repeat","background-position":"center center","background-size":"auto","background-attachment":"scroll","background-type":"","background-media":"","overlay-type":"","overlay-color":"","overlay-opacity":"","overlay-gradient":""},"mobile":{"background-color":"var(--ast-global-color-5)","background-image":"","background-repeat":"repeat","background-position":"center center","background-size":"auto","background-attachment":"scroll","background-type":"","background-media":"","overlay-type":"","overlay-color":"","overlay-opacity":"","overlay-gradient":""}}},"product_brand":[],"product_cat":[40,36,44],"product_tag":[],"class_list":{"0":"post-6190","1":"product","2":"type-product","3":"status-publish","4":"has-post-thumbnail","6":"product_cat-gift-bags","7":"product_cat-kraft-bags","8":"product_cat-paper-bags","9":"desktop-align-left","10":"tablet-align-left","11":"mobile-align-left","12":"ast-product-gallery-layout-horizontal","13":"ast-product-tabs-layout-horizontal","15":"first","16":"instock","17":"shipping-taxable","18":"purchasable","19":"product-type-simple"},"_links":{"self":[{"href":"https:\/\/reanpackaging.com\/fr\/wp-json\/wp\/v2\/product\/6190","targetHints":{"allow":["GET"]}}],"collection":[{"href":"https:\/\/reanpackaging.com\/fr\/wp-json\/wp\/v2\/product"}],"about":[{"href":"https:\/\/reanpackaging.com\/fr\/wp-json\/wp\/v2\/types\/product"}],"wp:featuredmedia":[{"embeddable":true,"href":"https:\/\/reanpackaging.com\/fr\/wp-json\/wp\/v2\/media\/6193"}],"wp:attachment":[{"href":"https:\/\/reanpackaging.com\/fr\/wp-json\/wp\/v2\/media?parent=6190"}],"wp:term":[{"taxonomy":"product_brand","embeddable":true,"href":"https:\/\/reanpackaging.com\/fr\/wp-json\/wp\/v2\/product_brand?post=6190"},{"taxonomy":"product_cat","embeddable":true,"href":"https:\/\/reanpackaging.com\/fr\/wp-json\/wp\/v2\/product_cat?post=6190"},{"taxonomy":"product_tag","embeddable":true,"href":"https:\/\/reanpackaging.com\/fr\/wp-json\/wp\/v2\/product_tag?post=6190"}],"curies":[{"name":"wp","href":"https:\/\/api.w.org\/{rel}","templated":true}]}}