{"id":6262,"date":"2023-09-19T03:03:02","date_gmt":"2023-09-19T03:03:02","guid":{"rendered":"http:\/\/ibn.wyd.mybluehost.me\/reanpackaging.com\/product\/wholesale-recyclable-die-cut-folder-brown-kraft-paper-bag-custom-t-shirt-clothing-packaging-bag-with-logo\/"},"modified":"2024-10-01T17:00:36","modified_gmt":"2024-10-01T17:00:36","slug":"wholesale-recyclable-die-cut-folder-brown-kraft-paper-bag-custom-t-shirt-clothing-packaging-bag-with-logo","status":"publish","type":"product","link":"https:\/\/reanpackaging.com\/fr\/produit\/wholesale-recyclable-die-cut-folder-brown-kraft-paper-bag-custom-t-shirt-clothing-packaging-bag-with-logo\/","title":{"rendered":"Wholesale Recyclable Die Cut Folder Brown Kraft Paper Bag Custom T Shirt clothing Packaging Bag With Logo"},"content":{"rendered":"<h4 class=\"md-end-block md-heading md-focus\"><span class=\"md-plain md-expand\">Attributs sp\u00e9cifiques \u00e0 l'industrie<\/span><\/h4>\n<table class=\"md-table\">\n<tbody>\n<tr class=\"md-end-block md-focus-container\">\n<td><span class=\"td-span md-focus\"><span class=\"md-pair-s md-expand\"><strong><span class=\"md-plain\">Utilisation industrielle<\/span><\/strong><\/span><\/span><\/td>\n<td><span class=\"td-span\"><span class=\"md-plain\">Affaires et achats<\/span><\/span><\/td>\n<\/tr>\n<tr class=\"md-end-block\">\n<td><span class=\"td-span\"><span class=\"md-pair-s\"><strong><span class=\"md-plain\">Type de papier<\/span><\/strong><\/span><\/span><\/td>\n<td><span class=\"td-span\"><span class=\"md-plain\">Papier d'art<\/span><\/span><\/td>\n<\/tr>\n<tr class=\"md-end-block md-focus-container\">\n<td><span class=\"td-span\"><span class=\"md-pair-s\"><strong><span class=\"md-plain\">Fonctionnalit\u00e9<\/span><\/strong><\/span><\/span><\/td>\n<td><span class=\"td-span md-focus\"><span class=\"md-plain md-expand\">Recyclable<\/span><\/span><\/td>\n<\/tr>\n<\/tbody>\n<\/table>\n<h4 class=\"md-end-block md-heading md-focus\"><span class=\"md-plain md-expand\">Autres attributs<\/span><\/h4>\n<table class=\"md-table\">\n<tbody>\n<tr class=\"md-end-block md-focus-container\">\n<td><span class=\"td-span md-focus\"><span class=\"md-pair-s md-expand\"><strong><span class=\"md-plain\">Manipulation de surface<\/span><\/strong><\/span><\/span><\/td>\n<td><span class=\"td-span\"><span class=\"md-plain\">Marquage \u00e0 chaud<\/span><\/span><\/td>\n<\/tr>\n<tr class=\"md-end-block\">\n<td><span class=\"td-span\"><span class=\"md-pair-s\"><strong><span class=\"md-plain\">Scellement et poign\u00e9e<\/span><\/strong><\/span><\/span><\/td>\n<td><span class=\"td-span\"><span class=\"md-plain\">Longueur de la main Poign\u00e9e<\/span><\/span><\/td>\n<\/tr>\n<tr class=\"md-end-block\">\n<td><span class=\"td-span\"><span class=\"md-pair-s\"><strong><span class=\"md-plain\">Commande personnalis\u00e9e<\/span><\/strong><\/span><\/span><\/td>\n<td><span class=\"td-span\"><span class=\"md-plain\">Accepter<\/span><\/span><\/td>\n<\/tr>\n<tr class=\"md-end-block\">\n<td><span class=\"td-span\"><span class=\"md-pair-s\"><strong><span class=\"md-plain\">Utilisation<\/span><\/strong><\/span><\/span><\/td>\n<td><span class=\"td-span\"><span class=\"md-plain\">Snack, caf\u00e9, noix<\/span><\/span><\/td>\n<\/tr>\n<tr class=\"md-end-block\">\n<td><span class=\"td-span\"><span class=\"md-pair-s\"><strong><span class=\"md-plain\">Utilisation industrielle<\/span><\/strong><\/span><\/span><\/td>\n<td><span class=\"td-span\"><span class=\"md-plain\">Emballage<\/span><\/span><\/td>\n<\/tr>\n<tr class=\"md-end-block\">\n<td><span class=\"td-span\"><span class=\"md-pair-s\"><strong><span class=\"md-plain\">Mat\u00e9riau<\/span><\/strong><\/span><\/span><\/td>\n<td><span class=\"td-span\"><span class=\"md-plain\">Papier kraft\/carton blanc (noir)<\/span><\/span><\/td>\n<\/tr>\n<tr class=\"md-end-block\">\n<td><span class=\"td-span\"><span class=\"md-pair-s\"><strong><span class=\"md-plain\">Nom du produit<\/span><\/strong><\/span><\/span><\/td>\n<td><span class=\"td-span\"><span class=\"md-plain\">Sac cadeau en papier<\/span><\/span><\/td>\n<\/tr>\n<tr class=\"md-end-block\">\n<td><span class=\"td-span\"><span class=\"md-pair-s\"><strong><span class=\"md-plain\">Utilisation<\/span><\/strong><\/span><\/span><\/td>\n<td><span class=\"td-span\"><span class=\"md-plain\">Articles d'emballage<\/span><\/span><\/td>\n<\/tr>\n<tr class=\"md-end-block\">\n<td><span class=\"td-span\"><span class=\"md-pair-s\"><strong><span class=\"md-plain\">Taille<\/span><\/strong><\/span><\/span><\/td>\n<td><span class=\"td-span\"><span class=\"md-plain\">L 14<\/span><span class=\"md-pair-s\"><em><span class=\"md-plain\">W 9<\/span><\/em><\/span><span class=\"md-plain\">H 15cm<\/span><\/span><\/td>\n<\/tr>\n<tr class=\"md-end-block\">\n<td><span class=\"td-span\"><span class=\"md-pair-s\"><strong><span class=\"md-plain\">Couleur<\/span><\/strong><\/span><\/span><\/td>\n<td><span class=\"td-span\"><span class=\"md-plain\">Peau de vache\/Blanc\/Noir\/Rouge<\/span><\/span><\/td>\n<\/tr>\n<tr class=\"md-end-block\">\n<td><span class=\"td-span\"><span class=\"md-pair-s\"><strong><span class=\"md-plain\">Logo<\/span><\/strong><\/span><\/span><\/td>\n<td><span class=\"td-span\"><span class=\"md-plain\">Accepte les logos personnalis\u00e9s<\/span><\/span><\/td>\n<\/tr>\n<tr class=\"md-end-block\">\n<td><span class=\"td-span\"><span class=\"md-pair-s\"><strong><span class=\"md-plain\">Application<\/span><\/strong><\/span><\/span><\/td>\n<td><span class=\"td-span\"><span class=\"md-plain\">Magasin de d\u00e9tail<\/span><\/span><\/td>\n<\/tr>\n<tr class=\"md-end-block md-focus-container\">\n<td><span class=\"td-span\"><span class=\"md-pair-s\"><strong><span class=\"md-plain\">MOQ<\/span><\/strong><\/span><\/span><\/td>\n<td><span class=\"td-span md-focus\"><span class=\"md-plain md-expand\">50 pi\u00e8ces<\/span><\/span><\/td>\n<\/tr>\n<\/tbody>\n<\/table>\n<p><img fetchpriority=\"high\" decoding=\"async\" class=\"alignnone wp-image-6347\" src=\"http:\/\/ibn.wyd.mybluehost.me\/reanpackaging.com\/wp-content\/uploads\/2023\/09\/1-5-300x244.jpg\" alt=\"1 - Wholesale Recyclable Die Cut Folder Brown Kraft Paper Bag Custom T Shirt clothing Packaging Bag With Logo - description\" width=\"1387\" height=\"1128\" srcset=\"https:\/\/reanpackaging.com\/wp-content\/uploads\/2023\/09\/1-5-300x244.jpg 300w, https:\/\/reanpackaging.com\/wp-content\/uploads\/2023\/09\/1-5-600x488.jpg 600w, https:\/\/reanpackaging.com\/wp-content\/uploads\/2023\/09\/1-5.jpg 700w\" sizes=\"(max-width: 1387px) 100vw, 1387px\" \/><\/p>\n<p>&nbsp;<\/p>\n<p><img decoding=\"async\" class=\"alignnone wp-image-6349\" src=\"http:\/\/ibn.wyd.mybluehost.me\/reanpackaging.com\/wp-content\/uploads\/2023\/09\/3-5-258x300.jpg\" alt=\"3- Sac en papier kraft marron d\u00e9coup\u00e9 \u00e0 l&#039;emporte-pi\u00e8ce recyclable en gros Sac d&#039;emballage de v\u00eatements T Shirt personnalis\u00e9 avec logo - description\" width=\"1335\" height=\"1552\" srcset=\"https:\/\/reanpackaging.com\/wp-content\/uploads\/2023\/09\/3-5-258x300.jpg 258w, https:\/\/reanpackaging.com\/wp-content\/uploads\/2023\/09\/3-5-600x698.jpg 600w, https:\/\/reanpackaging.com\/wp-content\/uploads\/2023\/09\/3-5.jpg 750w\" sizes=\"(max-width: 1335px) 100vw, 1335px\" \/><\/p>\n<p><img decoding=\"async\" class=\"alignnone wp-image-6350\" src=\"http:\/\/ibn.wyd.mybluehost.me\/reanpackaging.com\/wp-content\/uploads\/2023\/09\/4-4-252x300.jpg\" alt=\"4 - Wholesale Recyclable Die Cut Folder Brown Kraft Paper Bag Custom T Shirt clothing Packaging Bag With Logo - description\" width=\"1360\" height=\"1619\" srcset=\"https:\/\/reanpackaging.com\/wp-content\/uploads\/2023\/09\/4-4-252x300.jpg 252w, https:\/\/reanpackaging.com\/wp-content\/uploads\/2023\/09\/4-4-600x714.jpg 600w, https:\/\/reanpackaging.com\/wp-content\/uploads\/2023\/09\/4-4.jpg 750w\" sizes=\"(max-width: 1360px) 100vw, 1360px\" \/><\/p>\n<p><img loading=\"lazy\" decoding=\"async\" class=\"alignnone wp-image-6351\" src=\"http:\/\/ibn.wyd.mybluehost.me\/reanpackaging.com\/wp-content\/uploads\/2023\/09\/5-5-272x300.jpg\" alt=\"5 - Wholesale Recyclable Die Cut Folder Brown Kraft Paper Bag Custom T Shirt clothing Packaging Bag With Logo - description\" width=\"1320\" height=\"1456\" srcset=\"https:\/\/reanpackaging.com\/wp-content\/uploads\/2023\/09\/5-5-272x300.jpg 272w, https:\/\/reanpackaging.com\/wp-content\/uploads\/2023\/09\/5-5-600x662.jpg 600w, https:\/\/reanpackaging.com\/wp-content\/uploads\/2023\/09\/5-5.jpg 750w\" sizes=\"(max-width: 1320px) 100vw, 1320px\" \/><\/p>","protected":false},"excerpt":{"rendered":"<p>Industry-Specific Attributes Industrial Use Business&amp;Shopping Paper Type Art Paper Feature Recyclable Other Attributes Surface Handling Hot Stamping Sealing &amp; Handle Hand Length Handle Custom Order Accept Use Snack food, coffee, nut Industrial Use Packaging Material Kraft paper\/white(Black\\red) cardboard Product name Paper Gift Bag Usage Packing Items Size L 14W 9H 15cm Color Cowhide\/White\/Black\/Red Logo Accept [&hellip;]<\/p>\n","protected":false},"featured_media":6341,"template":"","meta":{"_seopress_robots_primary_cat":"none","_seopress_titles_title":"","_seopress_titles_desc":"","_seopress_robots_index":"","site-sidebar-layout":"default","site-content-layout":"default","ast-site-content-layout":"default","site-content-style":"default","site-sidebar-style":"default","ast-global-header-display":"","ast-banner-title-visibility":"","ast-main-header-display":"","ast-hfb-above-header-display":"","ast-hfb-below-header-display":"","ast-hfb-mobile-header-display":"","site-post-title":"","ast-breadcrumbs-content":"","ast-featured-img":"","footer-sml-layout":"","ast-disable-related-posts":"","theme-transparent-header-meta":"default","adv-header-id-meta":"","stick-header-meta":"default","header-above-stick-meta":"","header-main-stick-meta":"","header-below-stick-meta":"","astra-migrate-meta-layouts":"set","ast-page-background-enabled":"default","ast-page-background-meta":{"desktop":{"background-color":"","background-image":"","background-repeat":"repeat","background-position":"center center","background-size":"auto","background-attachment":"scroll","background-type":"","background-media":"","overlay-type":"","overlay-color":"","overlay-opacity":"","overlay-gradient":""},"tablet":{"background-color":"","background-image":"","background-repeat":"repeat","background-position":"center center","background-size":"auto","background-attachment":"scroll","background-type":"","background-media":"","overlay-type":"","overlay-color":"","overlay-opacity":"","overlay-gradient":""},"mobile":{"background-color":"","background-image":"","background-repeat":"repeat","background-position":"center center","background-size":"auto","background-attachment":"scroll","background-type":"","background-media":"","overlay-type":"","overlay-color":"","overlay-opacity":"","overlay-gradient":""}},"ast-content-background-meta":{"desktop":{"background-color":"var(--ast-global-color-5)","background-image":"","background-repeat":"repeat","background-position":"center center","background-size":"auto","background-attachment":"scroll","background-type":"","background-media":"","overlay-type":"","overlay-color":"","overlay-opacity":"","overlay-gradient":""},"tablet":{"background-color":"var(--ast-global-color-5)","background-image":"","background-repeat":"repeat","background-position":"center center","background-size":"auto","background-attachment":"scroll","background-type":"","background-media":"","overlay-type":"","overlay-color":"","overlay-opacity":"","overlay-gradient":""},"mobile":{"background-color":"var(--ast-global-color-5)","background-image":"","background-repeat":"repeat","background-position":"center center","background-size":"auto","background-attachment":"scroll","background-type":"","background-media":"","overlay-type":"","overlay-color":"","overlay-opacity":"","overlay-gradient":""}}},"product_brand":[],"product_cat":[36,44],"product_tag":[],"class_list":{"0":"post-6262","1":"product","2":"type-product","3":"status-publish","4":"has-post-thumbnail","6":"product_cat-kraft-bags","7":"product_cat-paper-bags","8":"desktop-align-left","9":"tablet-align-left","10":"mobile-align-left","11":"ast-product-gallery-layout-horizontal","12":"ast-product-tabs-layout-horizontal","14":"first","15":"instock","16":"purchasable","17":"product-type-simple"},"_links":{"self":[{"href":"https:\/\/reanpackaging.com\/fr\/wp-json\/wp\/v2\/product\/6262","targetHints":{"allow":["GET"]}}],"collection":[{"href":"https:\/\/reanpackaging.com\/fr\/wp-json\/wp\/v2\/product"}],"about":[{"href":"https:\/\/reanpackaging.com\/fr\/wp-json\/wp\/v2\/types\/product"}],"wp:featuredmedia":[{"embeddable":true,"href":"https:\/\/reanpackaging.com\/fr\/wp-json\/wp\/v2\/media\/6341"}],"wp:attachment":[{"href":"https:\/\/reanpackaging.com\/fr\/wp-json\/wp\/v2\/media?parent=6262"}],"wp:term":[{"taxonomy":"product_brand","embeddable":true,"href":"https:\/\/reanpackaging.com\/fr\/wp-json\/wp\/v2\/product_brand?post=6262"},{"taxonomy":"product_cat","embeddable":true,"href":"https:\/\/reanpackaging.com\/fr\/wp-json\/wp\/v2\/product_cat?post=6262"},{"taxonomy":"product_tag","embeddable":true,"href":"https:\/\/reanpackaging.com\/fr\/wp-json\/wp\/v2\/product_tag?post=6262"}],"curies":[{"name":"wp","href":"https:\/\/api.w.org\/{rel}","templated":true}]}}