{"id":6503,"date":"2023-09-20T14:47:06","date_gmt":"2023-09-20T14:47:06","guid":{"rendered":"http:\/\/ibn.wyd.mybluehost.me\/reanpackaging.com\/product\/wholesale-custom-printed-white-brown-shopping-kraft-paper-bag-with-handle-restaurant-carry-out-to-go-bag-fast-food-takeaway-bag\/"},"modified":"2024-10-01T16:59:43","modified_gmt":"2024-10-01T16:59:43","slug":"wholesale-custom-printed-white-brown-shopping-kraft-paper-bag-with-handle-restaurant-carry-out-to-go-bag-fast-food-takeaway-bag","status":"publish","type":"product","link":"https:\/\/reanpackaging.com\/fr\/produit\/sac-en-papier-kraft-imprime-en-gros-blanc-et-brun-avec-poignee-sac-a-emporter-pour-restaurant-sac-a-emporter-pour-restauration-rapide\/","title":{"rendered":"Sac \u00e0 provisions en papier kraft blanc brun avec poign\u00e9e, imprim\u00e9 en gros et personnalis\u00e9 Sac \u00e0 emporter pour la restauration rapide"},"content":{"rendered":"<h4>Attributs sp\u00e9cifiques \u00e0 l'industrie<\/h4>\n<table border=\"1\">\n<tbody>\n<tr>\n<td><strong>Utilisation industrielle<\/strong><\/td>\n<td>Affaires&amp;Shopping&amp;nourriture&amp;cadeau<\/td>\n<\/tr>\n<tr>\n<td><strong>Type de papier<\/strong><\/td>\n<td>Papier kraft brun, papier kraft blanc, papier sp\u00e9cial<\/td>\n<\/tr>\n<tr>\n<td><strong>Fonctionnalit\u00e9<\/strong><\/td>\n<td>Recyclable, biod\u00e9gradable Respectueux de l'environnement<\/td>\n<\/tr>\n<\/tbody>\n<\/table>\n<h4>Autres attributs<\/h4>\n<table border=\"1\">\n<tbody>\n<tr>\n<td><strong>Lieu d'origine<\/strong><\/td>\n<td>Zhejiang, Chine<\/td>\n<\/tr>\n<tr>\n<td><strong>Nom de la marque<\/strong><\/td>\n<td>Gouttelettes<\/td>\n<\/tr>\n<tr>\n<td><strong>Num\u00e9ro de mod\u00e8le<\/strong><\/td>\n<td>Sac en papier<\/td>\n<\/tr>\n<tr>\n<td><strong>Manipulation de surface<\/strong><\/td>\n<td>Impression flexo<\/td>\n<\/tr>\n<tr>\n<td><strong>Scellement et poign\u00e9e<\/strong><\/td>\n<td>Longueur de la main Poign\u00e9e<\/td>\n<\/tr>\n<tr>\n<td><strong>Commande personnalis\u00e9e<\/strong><\/td>\n<td>Accepter<\/td>\n<\/tr>\n<tr>\n<td><strong>Nom du produit<\/strong><\/td>\n<td>Sac en papier<\/td>\n<\/tr>\n<tr>\n<td><strong>Mat\u00e9riau<\/strong><\/td>\n<td>Mat\u00e9riau de qualit\u00e9 alimentaire<\/td>\n<\/tr>\n<tr>\n<td><strong>\u00c9paisseur<\/strong><\/td>\n<td>Dommages du client<\/td>\n<\/tr>\n<tr>\n<td><strong>Logo<\/strong><\/td>\n<td>Accepte les logos personnalis\u00e9s<\/td>\n<\/tr>\n<tr>\n<td><strong>Avantage<\/strong><\/td>\n<td>\u00c9cologique<\/td>\n<\/tr>\n<tr>\n<td><strong>MOQ<\/strong><\/td>\n<td>500pcs<\/td>\n<\/tr>\n<tr>\n<td><strong>OEM\/ODM<\/strong><\/td>\n<td>Acceptables<\/td>\n<\/tr>\n<tr>\n<td><strong>Emballage<\/strong><\/td>\n<td>Carton<\/td>\n<\/tr>\n<tr>\n<td><strong>Application<\/strong><\/td>\n<td>Sac d'emballage en papier pour le shopping alimentaire<\/td>\n<\/tr>\n<\/tbody>\n<\/table>\n<p><img fetchpriority=\"high\" decoding=\"async\" class=\"alignnone  wp-image-6548\" src=\"http:\/\/ibn.wyd.mybluehost.me\/reanpackaging.com\/wp-content\/uploads\/2023\/09\/1-min-description-Wholesale-custom-printed-white-brown-shopping-kraft-paper-bag-with-handle-restaurant-carry-out-to-go-bag-fast-food-takeaway-bag-300x300.jpg\" alt=\"sac en papier kraft imprim\u00e9 en gros, blanc et brun, avec poign\u00e9e sac \u00e0 emporter pour restaurant sac \u00e0 emporter pour restauration rapide\" width=\"1301\" height=\"1301\" srcset=\"https:\/\/reanpackaging.com\/wp-content\/uploads\/2023\/09\/1-min-description-Wholesale-custom-printed-white-brown-shopping-kraft-paper-bag-with-handle-restaurant-carry-out-to-go-bag-fast-food-takeaway-bag-300x300.jpg 300w, https:\/\/reanpackaging.com\/wp-content\/uploads\/2023\/09\/1-min-description-Wholesale-custom-printed-white-brown-shopping-kraft-paper-bag-with-handle-restaurant-carry-out-to-go-bag-fast-food-takeaway-bag-150x150.jpg 150w, https:\/\/reanpackaging.com\/wp-content\/uploads\/2023\/09\/1-min-description-Wholesale-custom-printed-white-brown-shopping-kraft-paper-bag-with-handle-restaurant-carry-out-to-go-bag-fast-food-takeaway-bag-768x768.jpg 768w, https:\/\/reanpackaging.com\/wp-content\/uploads\/2023\/09\/1-min-description-Wholesale-custom-printed-white-brown-shopping-kraft-paper-bag-with-handle-restaurant-carry-out-to-go-bag-fast-food-takeaway-bag-600x600.jpg 600w, https:\/\/reanpackaging.com\/wp-content\/uploads\/2023\/09\/1-min-description-Wholesale-custom-printed-white-brown-shopping-kraft-paper-bag-with-handle-restaurant-carry-out-to-go-bag-fast-food-takeaway-bag-100x100.jpg 100w, https:\/\/reanpackaging.com\/wp-content\/uploads\/2023\/09\/1-min-description-Wholesale-custom-printed-white-brown-shopping-kraft-paper-bag-with-handle-restaurant-carry-out-to-go-bag-fast-food-takeaway-bag.jpg 800w\" sizes=\"(max-width: 1301px) 100vw, 1301px\" \/><\/p>\n<p><img decoding=\"async\" class=\"alignnone  wp-image-6549\" src=\"http:\/\/ibn.wyd.mybluehost.me\/reanpackaging.com\/wp-content\/uploads\/2023\/09\/2-min-description-Wholesale-custom-printed-white-brown-shopping-kraft-paper-bag-with-handle-restaurant-carry-out-to-go-bag-fast-food-takeaway-bag-300x300.jpg\" alt=\"sac en papier kraft imprim\u00e9 en gros, blanc et brun, avec poign\u00e9e sac \u00e0 emporter pour restaurant sac \u00e0 emporter pour restauration rapide\" width=\"1300\" height=\"1300\" srcset=\"https:\/\/reanpackaging.com\/wp-content\/uploads\/2023\/09\/2-min-description-Wholesale-custom-printed-white-brown-shopping-kraft-paper-bag-with-handle-restaurant-carry-out-to-go-bag-fast-food-takeaway-bag-300x300.jpg 300w, https:\/\/reanpackaging.com\/wp-content\/uploads\/2023\/09\/2-min-description-Wholesale-custom-printed-white-brown-shopping-kraft-paper-bag-with-handle-restaurant-carry-out-to-go-bag-fast-food-takeaway-bag-150x150.jpg 150w, https:\/\/reanpackaging.com\/wp-content\/uploads\/2023\/09\/2-min-description-Wholesale-custom-printed-white-brown-shopping-kraft-paper-bag-with-handle-restaurant-carry-out-to-go-bag-fast-food-takeaway-bag-768x768.jpg 768w, https:\/\/reanpackaging.com\/wp-content\/uploads\/2023\/09\/2-min-description-Wholesale-custom-printed-white-brown-shopping-kraft-paper-bag-with-handle-restaurant-carry-out-to-go-bag-fast-food-takeaway-bag-600x600.jpg 600w, https:\/\/reanpackaging.com\/wp-content\/uploads\/2023\/09\/2-min-description-Wholesale-custom-printed-white-brown-shopping-kraft-paper-bag-with-handle-restaurant-carry-out-to-go-bag-fast-food-takeaway-bag-100x100.jpg 100w, https:\/\/reanpackaging.com\/wp-content\/uploads\/2023\/09\/2-min-description-Wholesale-custom-printed-white-brown-shopping-kraft-paper-bag-with-handle-restaurant-carry-out-to-go-bag-fast-food-takeaway-bag.jpg 800w\" sizes=\"(max-width: 1300px) 100vw, 1300px\" \/><\/p>\n<p><img decoding=\"async\" class=\"alignnone  wp-image-6550\" src=\"http:\/\/ibn.wyd.mybluehost.me\/reanpackaging.com\/wp-content\/uploads\/2023\/09\/3-min-description-Wholesale-custom-printed-white-brown-shopping-kraft-paper-bag-with-handle-restaurant-carry-out-to-go-bag-fast-food-takeaway-bag-300x300.jpg\" alt=\"sac en papier kraft imprim\u00e9 en gros, blanc et brun, avec poign\u00e9e sac \u00e0 emporter pour restaurant sac \u00e0 emporter pour restauration rapide\" width=\"1298\" height=\"1298\" srcset=\"https:\/\/reanpackaging.com\/wp-content\/uploads\/2023\/09\/3-min-description-Wholesale-custom-printed-white-brown-shopping-kraft-paper-bag-with-handle-restaurant-carry-out-to-go-bag-fast-food-takeaway-bag-300x300.jpg 300w, https:\/\/reanpackaging.com\/wp-content\/uploads\/2023\/09\/3-min-description-Wholesale-custom-printed-white-brown-shopping-kraft-paper-bag-with-handle-restaurant-carry-out-to-go-bag-fast-food-takeaway-bag-150x150.jpg 150w, https:\/\/reanpackaging.com\/wp-content\/uploads\/2023\/09\/3-min-description-Wholesale-custom-printed-white-brown-shopping-kraft-paper-bag-with-handle-restaurant-carry-out-to-go-bag-fast-food-takeaway-bag-600x600.jpg 600w, https:\/\/reanpackaging.com\/wp-content\/uploads\/2023\/09\/3-min-description-Wholesale-custom-printed-white-brown-shopping-kraft-paper-bag-with-handle-restaurant-carry-out-to-go-bag-fast-food-takeaway-bag-100x100.jpg 100w, https:\/\/reanpackaging.com\/wp-content\/uploads\/2023\/09\/3-min-description-Wholesale-custom-printed-white-brown-shopping-kraft-paper-bag-with-handle-restaurant-carry-out-to-go-bag-fast-food-takeaway-bag.jpg 750w\" sizes=\"(max-width: 1298px) 100vw, 1298px\" \/><\/p>\n<p><img loading=\"lazy\" decoding=\"async\" class=\"alignnone  wp-image-6551\" src=\"http:\/\/ibn.wyd.mybluehost.me\/reanpackaging.com\/wp-content\/uploads\/2023\/09\/4-min-description-Wholesale-custom-printed-white-brown-shopping-kraft-paper-bag-with-handle-restaurant-carry-out-to-go-bag-fast-food-takeaway-bag-300x300.jpg\" alt=\"sac en papier kraft imprim\u00e9 en gros, blanc et brun, avec poign\u00e9e sac \u00e0 emporter pour restaurant sac \u00e0 emporter pour restauration rapide\" width=\"1298\" height=\"1298\" srcset=\"https:\/\/reanpackaging.com\/wp-content\/uploads\/2023\/09\/4-min-description-Wholesale-custom-printed-white-brown-shopping-kraft-paper-bag-with-handle-restaurant-carry-out-to-go-bag-fast-food-takeaway-bag-300x300.jpg 300w, https:\/\/reanpackaging.com\/wp-content\/uploads\/2023\/09\/4-min-description-Wholesale-custom-printed-white-brown-shopping-kraft-paper-bag-with-handle-restaurant-carry-out-to-go-bag-fast-food-takeaway-bag-150x150.jpg 150w, https:\/\/reanpackaging.com\/wp-content\/uploads\/2023\/09\/4-min-description-Wholesale-custom-printed-white-brown-shopping-kraft-paper-bag-with-handle-restaurant-carry-out-to-go-bag-fast-food-takeaway-bag-768x768.jpg 768w, https:\/\/reanpackaging.com\/wp-content\/uploads\/2023\/09\/4-min-description-Wholesale-custom-printed-white-brown-shopping-kraft-paper-bag-with-handle-restaurant-carry-out-to-go-bag-fast-food-takeaway-bag-600x600.jpg 600w, https:\/\/reanpackaging.com\/wp-content\/uploads\/2023\/09\/4-min-description-Wholesale-custom-printed-white-brown-shopping-kraft-paper-bag-with-handle-restaurant-carry-out-to-go-bag-fast-food-takeaway-bag-100x100.jpg 100w, https:\/\/reanpackaging.com\/wp-content\/uploads\/2023\/09\/4-min-description-Wholesale-custom-printed-white-brown-shopping-kraft-paper-bag-with-handle-restaurant-carry-out-to-go-bag-fast-food-takeaway-bag.jpg 800w\" sizes=\"(max-width: 1298px) 100vw, 1298px\" \/><\/p>\n<p><img loading=\"lazy\" decoding=\"async\" class=\"alignnone  wp-image-6552\" src=\"http:\/\/ibn.wyd.mybluehost.me\/reanpackaging.com\/wp-content\/uploads\/2023\/09\/5-min-description-Wholesale-custom-printed-white-brown-shopping-kraft-paper-bag-with-handle-restaurant-carry-out-to-go-bag-fast-food-takeaway-bag-300x300.jpg\" alt=\"sac en papier kraft imprim\u00e9 en gros, blanc et brun, avec poign\u00e9e sac \u00e0 emporter pour restaurant sac \u00e0 emporter pour restauration rapide\" width=\"1298\" height=\"1298\" srcset=\"https:\/\/reanpackaging.com\/wp-content\/uploads\/2023\/09\/5-min-description-Wholesale-custom-printed-white-brown-shopping-kraft-paper-bag-with-handle-restaurant-carry-out-to-go-bag-fast-food-takeaway-bag-300x300.jpg 300w, https:\/\/reanpackaging.com\/wp-content\/uploads\/2023\/09\/5-min-description-Wholesale-custom-printed-white-brown-shopping-kraft-paper-bag-with-handle-restaurant-carry-out-to-go-bag-fast-food-takeaway-bag-150x150.jpg 150w, https:\/\/reanpackaging.com\/wp-content\/uploads\/2023\/09\/5-min-description-Wholesale-custom-printed-white-brown-shopping-kraft-paper-bag-with-handle-restaurant-carry-out-to-go-bag-fast-food-takeaway-bag-768x768.jpg 768w, https:\/\/reanpackaging.com\/wp-content\/uploads\/2023\/09\/5-min-description-Wholesale-custom-printed-white-brown-shopping-kraft-paper-bag-with-handle-restaurant-carry-out-to-go-bag-fast-food-takeaway-bag-600x600.jpg 600w, https:\/\/reanpackaging.com\/wp-content\/uploads\/2023\/09\/5-min-description-Wholesale-custom-printed-white-brown-shopping-kraft-paper-bag-with-handle-restaurant-carry-out-to-go-bag-fast-food-takeaway-bag-100x100.jpg 100w, https:\/\/reanpackaging.com\/wp-content\/uploads\/2023\/09\/5-min-description-Wholesale-custom-printed-white-brown-shopping-kraft-paper-bag-with-handle-restaurant-carry-out-to-go-bag-fast-food-takeaway-bag.jpg 800w\" sizes=\"(max-width: 1298px) 100vw, 1298px\" \/><\/p>\n<p><img loading=\"lazy\" decoding=\"async\" class=\"alignnone  wp-image-6553\" src=\"http:\/\/ibn.wyd.mybluehost.me\/reanpackaging.com\/wp-content\/uploads\/2023\/09\/6-min-description-Wholesale-custom-printed-white-brown-shopping-kraft-paper-bag-with-handle-restaurant-carry-out-to-go-bag-fast-food-takeaway-bag-300x300.jpg\" alt=\"sac en papier kraft imprim\u00e9 en gros, blanc et brun, avec poign\u00e9e sac \u00e0 emporter pour restaurant sac \u00e0 emporter pour restauration rapide\" width=\"1299\" height=\"1299\" srcset=\"https:\/\/reanpackaging.com\/wp-content\/uploads\/2023\/09\/6-min-description-Wholesale-custom-printed-white-brown-shopping-kraft-paper-bag-with-handle-restaurant-carry-out-to-go-bag-fast-food-takeaway-bag-300x300.jpg 300w, https:\/\/reanpackaging.com\/wp-content\/uploads\/2023\/09\/6-min-description-Wholesale-custom-printed-white-brown-shopping-kraft-paper-bag-with-handle-restaurant-carry-out-to-go-bag-fast-food-takeaway-bag-150x150.jpg 150w, https:\/\/reanpackaging.com\/wp-content\/uploads\/2023\/09\/6-min-description-Wholesale-custom-printed-white-brown-shopping-kraft-paper-bag-with-handle-restaurant-carry-out-to-go-bag-fast-food-takeaway-bag-768x768.jpg 768w, https:\/\/reanpackaging.com\/wp-content\/uploads\/2023\/09\/6-min-description-Wholesale-custom-printed-white-brown-shopping-kraft-paper-bag-with-handle-restaurant-carry-out-to-go-bag-fast-food-takeaway-bag-600x600.jpg 600w, https:\/\/reanpackaging.com\/wp-content\/uploads\/2023\/09\/6-min-description-Wholesale-custom-printed-white-brown-shopping-kraft-paper-bag-with-handle-restaurant-carry-out-to-go-bag-fast-food-takeaway-bag-100x100.jpg 100w, https:\/\/reanpackaging.com\/wp-content\/uploads\/2023\/09\/6-min-description-Wholesale-custom-printed-white-brown-shopping-kraft-paper-bag-with-handle-restaurant-carry-out-to-go-bag-fast-food-takeaway-bag.jpg 800w\" sizes=\"(max-width: 1299px) 100vw, 1299px\" \/><\/p>\n<p><img loading=\"lazy\" decoding=\"async\" class=\"alignnone  wp-image-6554\" src=\"http:\/\/ibn.wyd.mybluehost.me\/reanpackaging.com\/wp-content\/uploads\/2023\/09\/7-min-description-Wholesale-custom-printed-white-brown-shopping-kraft-paper-bag-with-handle-restaurant-carry-out-to-go-bag-fast-food-takeaway-bag-300x130.jpg\" alt=\"sac en papier kraft imprim\u00e9 en gros, blanc et brun, avec poign\u00e9e sac \u00e0 emporter pour restaurant sac \u00e0 emporter pour restauration rapide\" width=\"1297\" height=\"562\" srcset=\"https:\/\/reanpackaging.com\/wp-content\/uploads\/2023\/09\/7-min-description-Wholesale-custom-printed-white-brown-shopping-kraft-paper-bag-with-handle-restaurant-carry-out-to-go-bag-fast-food-takeaway-bag-300x130.jpg 300w, https:\/\/reanpackaging.com\/wp-content\/uploads\/2023\/09\/7-min-description-Wholesale-custom-printed-white-brown-shopping-kraft-paper-bag-with-handle-restaurant-carry-out-to-go-bag-fast-food-takeaway-bag-600x260.jpg 600w, https:\/\/reanpackaging.com\/wp-content\/uploads\/2023\/09\/7-min-description-Wholesale-custom-printed-white-brown-shopping-kraft-paper-bag-with-handle-restaurant-carry-out-to-go-bag-fast-food-takeaway-bag.jpg 700w\" sizes=\"(max-width: 1297px) 100vw, 1297px\" \/><\/p>\n<p><img loading=\"lazy\" decoding=\"async\" class=\"alignnone  wp-image-6556\" src=\"http:\/\/ibn.wyd.mybluehost.me\/reanpackaging.com\/wp-content\/uploads\/2023\/09\/8-min-description-Wholesale-custom-printed-white-brown-shopping-kraft-paper-bag-with-handle-restaurant-carry-out-to-go-bag-fast-food-takeaway-bag-300x70.jpg\" alt=\"sac en papier kraft imprim\u00e9 en gros, blanc et brun, avec poign\u00e9e sac \u00e0 emporter pour restaurant sac \u00e0 emporter pour restauration rapide\" width=\"1290\" height=\"301\" srcset=\"https:\/\/reanpackaging.com\/wp-content\/uploads\/2023\/09\/8-min-description-Wholesale-custom-printed-white-brown-shopping-kraft-paper-bag-with-handle-restaurant-carry-out-to-go-bag-fast-food-takeaway-bag-300x70.jpg 300w, https:\/\/reanpackaging.com\/wp-content\/uploads\/2023\/09\/8-min-description-Wholesale-custom-printed-white-brown-shopping-kraft-paper-bag-with-handle-restaurant-carry-out-to-go-bag-fast-food-takeaway-bag-768x180.jpg 768w, https:\/\/reanpackaging.com\/wp-content\/uploads\/2023\/09\/8-min-description-Wholesale-custom-printed-white-brown-shopping-kraft-paper-bag-with-handle-restaurant-carry-out-to-go-bag-fast-food-takeaway-bag-600x141.jpg 600w, https:\/\/reanpackaging.com\/wp-content\/uploads\/2023\/09\/8-min-description-Wholesale-custom-printed-white-brown-shopping-kraft-paper-bag-with-handle-restaurant-carry-out-to-go-bag-fast-food-takeaway-bag.jpg 790w\" sizes=\"(max-width: 1290px) 100vw, 1290px\" \/><\/p>","protected":false},"excerpt":{"rendered":"<p>Industry-Specific Attributes Industrial Use Business&amp;Shopping&amp;food&amp;gift Paper Type Brown Kraft Paper, White Kraft Paper,Specialty Paper Feature Recyclable, Bio-degradable Eco-friendly Other Attributes Place of Origin Zhejiang,China Brand Name Droplets Model Number Paper Bag Surface Handling Flexo Printing Sealing &amp; Handle Hand Length Handle Custom Order Accept Product name Paper Bag Material Food Grade Material Thickness Customer&#8217;s Damands [&hellip;]<\/p>\n","protected":false},"featured_media":6504,"template":"","meta":{"_seopress_robots_primary_cat":"none","_seopress_titles_title":"","_seopress_titles_desc":"","_seopress_robots_index":"","site-sidebar-layout":"default","site-content-layout":"default","ast-site-content-layout":"default","site-content-style":"default","site-sidebar-style":"default","ast-global-header-display":"","ast-banner-title-visibility":"","ast-main-header-display":"","ast-hfb-above-header-display":"","ast-hfb-below-header-display":"","ast-hfb-mobile-header-display":"","site-post-title":"","ast-breadcrumbs-content":"","ast-featured-img":"","footer-sml-layout":"","ast-disable-related-posts":"","theme-transparent-header-meta":"default","adv-header-id-meta":"","stick-header-meta":"default","header-above-stick-meta":"","header-main-stick-meta":"","header-below-stick-meta":"","astra-migrate-meta-layouts":"set","ast-page-background-enabled":"default","ast-page-background-meta":{"desktop":{"background-color":"","background-image":"","background-repeat":"repeat","background-position":"center center","background-size":"auto","background-attachment":"scroll","background-type":"","background-media":"","overlay-type":"","overlay-color":"","overlay-opacity":"","overlay-gradient":""},"tablet":{"background-color":"","background-image":"","background-repeat":"repeat","background-position":"center center","background-size":"auto","background-attachment":"scroll","background-type":"","background-media":"","overlay-type":"","overlay-color":"","overlay-opacity":"","overlay-gradient":""},"mobile":{"background-color":"","background-image":"","background-repeat":"repeat","background-position":"center center","background-size":"auto","background-attachment":"scroll","background-type":"","background-media":"","overlay-type":"","overlay-color":"","overlay-opacity":"","overlay-gradient":""}},"ast-content-background-meta":{"desktop":{"background-color":"var(--ast-global-color-5)","background-image":"","background-repeat":"repeat","background-position":"center center","background-size":"auto","background-attachment":"scroll","background-type":"","background-media":"","overlay-type":"","overlay-color":"","overlay-opacity":"","overlay-gradient":""},"tablet":{"background-color":"var(--ast-global-color-5)","background-image":"","background-repeat":"repeat","background-position":"center center","background-size":"auto","background-attachment":"scroll","background-type":"","background-media":"","overlay-type":"","overlay-color":"","overlay-opacity":"","overlay-gradient":""},"mobile":{"background-color":"var(--ast-global-color-5)","background-image":"","background-repeat":"repeat","background-position":"center center","background-size":"auto","background-attachment":"scroll","background-type":"","background-media":"","overlay-type":"","overlay-color":"","overlay-opacity":"","overlay-gradient":""}}},"product_brand":[],"product_cat":[36,44,34],"product_tag":[],"class_list":{"0":"post-6503","1":"product","2":"type-product","3":"status-publish","4":"has-post-thumbnail","6":"product_cat-kraft-bags","7":"product_cat-paper-bags","8":"product_cat-paper-bags-with-handles","9":"desktop-align-left","10":"tablet-align-left","11":"mobile-align-left","12":"ast-product-gallery-layout-horizontal","13":"ast-product-tabs-layout-horizontal","15":"first","16":"instock","17":"purchasable","18":"product-type-simple"},"_links":{"self":[{"href":"https:\/\/reanpackaging.com\/fr\/wp-json\/wp\/v2\/product\/6503","targetHints":{"allow":["GET"]}}],"collection":[{"href":"https:\/\/reanpackaging.com\/fr\/wp-json\/wp\/v2\/product"}],"about":[{"href":"https:\/\/reanpackaging.com\/fr\/wp-json\/wp\/v2\/types\/product"}],"wp:featuredmedia":[{"embeddable":true,"href":"https:\/\/reanpackaging.com\/fr\/wp-json\/wp\/v2\/media\/6504"}],"wp:attachment":[{"href":"https:\/\/reanpackaging.com\/fr\/wp-json\/wp\/v2\/media?parent=6503"}],"wp:term":[{"taxonomy":"product_brand","embeddable":true,"href":"https:\/\/reanpackaging.com\/fr\/wp-json\/wp\/v2\/product_brand?post=6503"},{"taxonomy":"product_cat","embeddable":true,"href":"https:\/\/reanpackaging.com\/fr\/wp-json\/wp\/v2\/product_cat?post=6503"},{"taxonomy":"product_tag","embeddable":true,"href":"https:\/\/reanpackaging.com\/fr\/wp-json\/wp\/v2\/product_tag?post=6503"}],"curies":[{"name":"wp","href":"https:\/\/api.w.org\/{rel}","templated":true}]}}