{"id":65254,"date":"2025-02-13T10:48:11","date_gmt":"2025-02-13T10:48:11","guid":{"rendered":"https:\/\/reanpackaging.com\/product\/recyclable-custom-logo-printing-rigid-personalized-magnetic-lid-decorative-book-boxes-with-eva-insert\/"},"modified":"2025-02-13T10:48:43","modified_gmt":"2025-02-13T10:48:43","slug":"recyclable-custom-logo-printing-rigid-personalized-magnetic-lid-decorative-book-boxes-with-eva-insert","status":"publish","type":"product","link":"https:\/\/reanpackaging.com\/fr\/produit\/recyclable-custom-logo-printing-rigid-personalized-magnetic-lid-decorative-book-boxes-with-eva-insert\/","title":{"rendered":"Bo\u00eetes \u00e0 livres d\u00e9coratives recyclables avec couvercle magn\u00e9tique, rigides et personnalis\u00e9es, avec insertion d'une Eva, avec impression de logo personnalis\u00e9"},"content":{"rendered":"<h4>Attributs sp\u00e9cifiques \u00e0 l'industrie<\/h4>\n<table border=\"1\">\n<tr>\n<td><strong>Utilisation industrielle<\/strong><\/td>\n<td>Chaussures et v\u00eatements<\/td>\n<\/tr>\n<tr>\n<td><strong>Type de papier<\/strong><\/td>\n<td>Carton ondul\u00e9<\/td>\n<\/tr>\n<tr>\n<td><strong>Fonctionnalit\u00e9<\/strong><\/td>\n<td>Recyclable<\/td>\n<\/tr>\n<tr>\n<td><strong>type de bo\u00eete<\/strong><\/td>\n<td>Bo\u00eetes rigides<\/td>\n<\/tr>\n<\/table>\n<h4>Autres attributs<\/h4>\n<table border=\"1\">\n<tr>\n<td><strong>Forme<\/strong><\/td>\n<td>Forme diff\u00e9rente sur mesure<\/td>\n<\/tr>\n<tr>\n<td><strong>Manipulation de l'impression<\/strong><\/td>\n<td>Gaufrage, pelliculage brillant, pelliculage mat, estampage, vernissage UV, vernissage, autres<\/td>\n<\/tr>\n<tr>\n<td><strong>Commande personnalis\u00e9e<\/strong><\/td>\n<td>Accepter<\/td>\n<\/tr>\n<tr>\n<td><strong>Impression de logos<\/strong><\/td>\n<td>Logo personnalis\u00e9<\/td>\n<\/tr>\n<tr>\n<td><strong>Accessoires<\/strong><\/td>\n<td>Fermeture magn\u00e9tique<\/td>\n<\/tr>\n<tr>\n<td><strong>Type de rev\u00eatement<\/strong><\/td>\n<td>Carton<\/td>\n<\/tr>\n<tr>\n<td><strong>Objet<\/strong><\/td>\n<td>Bo\u00eete cadeau en forme de livre<\/td>\n<\/tr>\n<tr>\n<td><strong>Mat\u00e9riau<\/strong><\/td>\n<td>carton ondul\u00e9, cannelure B ou E, papier kraft blanc, jaune<\/td>\n<\/tr>\n<tr>\n<td><strong>Technique d'impression<\/strong><\/td>\n<td>impression offset<\/td>\n<\/tr>\n<tr>\n<td><strong>Disposition des surfaces<\/strong><\/td>\n<td>gaufrage, marquage \u00e0 chaud, pelliculage mat ou brillant<\/td>\n<\/tr>\n<tr>\n<td><strong>Taille<\/strong><\/td>\n<td>toutes les tailles et formes sont disponibles<\/td>\n<\/tr>\n<tr>\n<td><strong>Couleur<\/strong><\/td>\n<td>CMYK selon pantone ou selon les demandes des clients<\/td>\n<\/tr>\n<tr>\n<td><strong>formats des illustrations<\/strong><\/td>\n<td>PDF, CDR, AI, ETC sont les bienvenus.<\/td>\n<\/tr>\n<tr>\n<td><strong>\u00c9chantillon<\/strong><\/td>\n<td>1semaine<\/td>\n<\/tr>\n<tr>\n<td><strong>D\u00e9lai de production<\/strong><\/td>\n<td>D\u00e9lai de production<\/td>\n<\/tr>\n<tr>\n<td><strong>MOQ<\/strong><\/td>\n<td>500 pi\u00e8ces<\/td>\n<\/tr>\n<\/table>\n<p><img decoding=\"async\" class=\"detail-desc-decorate-image\" src=\"https:\/\/reanpackaging.com\/wp-content\/uploads\/2025\/02\/1-description-Recyclable-Custom-Logo-Printing-Rigid-Personalized-Magnetic-Lid-Decorative-Book-Boxes-With-Eva-Insert.jpg\" slate-data-type=\"image\" style=\"max-width: 100%; height: auto; display: block; margin: 0 auto;\"><br \/>\n<img decoding=\"async\" class=\"detail-desc-decorate-image\" src=\"https:\/\/reanpackaging.com\/wp-content\/uploads\/2025\/02\/2-description-Recyclable-Custom-Logo-Printing-Rigid-Personalized-Magnetic-Lid-Decorative-Book-Boxes-With-Eva-Insert.jpg\" slate-data-type=\"image\" style=\"max-width: 100%; height: auto; display: block; margin: 0 auto;\"><br \/>\n<img decoding=\"async\" class=\"detail-desc-decorate-image\" src=\"https:\/\/reanpackaging.com\/wp-content\/uploads\/2025\/02\/3-description-Recyclable-Custom-Logo-Printing-Rigid-Personalized-Magnetic-Lid-Decorative-Book-Boxes-With-Eva-Insert.jpg\" slate-data-type=\"image\" style=\"max-width: 100%; height: auto; display: block; margin: 0 auto;\"><\/p>","protected":false},"excerpt":{"rendered":"<p>Industry-Specific Attributes Industrial Use Shoes &#038; clothing Paper Type Corrugated Board Feature Recyclable box type Rigid Boxes Other Attributes Shape Custom Different Shape Printing Handling Embossing, Glossy Lamination, Matt Lamination, Stamping, UV Coating, Varnishing, Other Custom Order Accept Logo printing Custom Logo Accessories Magnetic closure Liner type Paperboard Item Book Shaped Gift Box Material corrugated [&hellip;]<\/p>\n","protected":false},"featured_media":65100,"template":"","meta":{"_seopress_robots_primary_cat":"","_seopress_titles_title":"","_seopress_titles_desc":"","_seopress_robots_index":"","site-sidebar-layout":"default","site-content-layout":"","ast-site-content-layout":"default","site-content-style":"default","site-sidebar-style":"default","ast-global-header-display":"","ast-banner-title-visibility":"","ast-main-header-display":"","ast-hfb-above-header-display":"","ast-hfb-below-header-display":"","ast-hfb-mobile-header-display":"","site-post-title":"","ast-breadcrumbs-content":"","ast-featured-img":"","footer-sml-layout":"","ast-disable-related-posts":"","theme-transparent-header-meta":"","adv-header-id-meta":"","stick-header-meta":"","header-above-stick-meta":"","header-main-stick-meta":"","header-below-stick-meta":"","astra-migrate-meta-layouts":"default","ast-page-background-enabled":"default","ast-page-background-meta":{"desktop":{"background-color":"","background-image":"","background-repeat":"repeat","background-position":"center center","background-size":"auto","background-attachment":"scroll","background-type":"","background-media":"","overlay-type":"","overlay-color":"","overlay-opacity":"","overlay-gradient":""},"tablet":{"background-color":"","background-image":"","background-repeat":"repeat","background-position":"center center","background-size":"auto","background-attachment":"scroll","background-type":"","background-media":"","overlay-type":"","overlay-color":"","overlay-opacity":"","overlay-gradient":""},"mobile":{"background-color":"","background-image":"","background-repeat":"repeat","background-position":"center center","background-size":"auto","background-attachment":"scroll","background-type":"","background-media":"","overlay-type":"","overlay-color":"","overlay-opacity":"","overlay-gradient":""}},"ast-content-background-meta":{"desktop":{"background-color":"var(--ast-global-color-5)","background-image":"","background-repeat":"repeat","background-position":"center center","background-size":"auto","background-attachment":"scroll","background-type":"","background-media":"","overlay-type":"","overlay-color":"","overlay-opacity":"","overlay-gradient":""},"tablet":{"background-color":"var(--ast-global-color-5)","background-image":"","background-repeat":"repeat","background-position":"center center","background-size":"auto","background-attachment":"scroll","background-type":"","background-media":"","overlay-type":"","overlay-color":"","overlay-opacity":"","overlay-gradient":""},"mobile":{"background-color":"var(--ast-global-color-5)","background-image":"","background-repeat":"repeat","background-position":"center center","background-size":"auto","background-attachment":"scroll","background-type":"","background-media":"","overlay-type":"","overlay-color":"","overlay-opacity":"","overlay-gradient":""}}},"product_brand":[],"product_cat":[93],"product_tag":[],"class_list":{"0":"post-65254","1":"product","2":"type-product","3":"status-publish","4":"has-post-thumbnail","6":"product_cat-book-style-boxes","7":"desktop-align-left","8":"tablet-align-left","9":"mobile-align-left","10":"ast-product-gallery-layout-horizontal","11":"ast-product-tabs-layout-horizontal","13":"first","14":"instock","15":"product-type-simple"},"_links":{"self":[{"href":"https:\/\/reanpackaging.com\/fr\/wp-json\/wp\/v2\/product\/65254","targetHints":{"allow":["GET"]}}],"collection":[{"href":"https:\/\/reanpackaging.com\/fr\/wp-json\/wp\/v2\/product"}],"about":[{"href":"https:\/\/reanpackaging.com\/fr\/wp-json\/wp\/v2\/types\/product"}],"wp:featuredmedia":[{"embeddable":true,"href":"https:\/\/reanpackaging.com\/fr\/wp-json\/wp\/v2\/media\/65100"}],"wp:attachment":[{"href":"https:\/\/reanpackaging.com\/fr\/wp-json\/wp\/v2\/media?parent=65254"}],"wp:term":[{"taxonomy":"product_brand","embeddable":true,"href":"https:\/\/reanpackaging.com\/fr\/wp-json\/wp\/v2\/product_brand?post=65254"},{"taxonomy":"product_cat","embeddable":true,"href":"https:\/\/reanpackaging.com\/fr\/wp-json\/wp\/v2\/product_cat?post=65254"},{"taxonomy":"product_tag","embeddable":true,"href":"https:\/\/reanpackaging.com\/fr\/wp-json\/wp\/v2\/product_tag?post=65254"}],"curies":[{"name":"wp","href":"https:\/\/api.w.org\/{rel}","templated":true}]}}