{"id":6698,"date":"2023-09-21T07:25:09","date_gmt":"2023-09-21T07:25:09","guid":{"rendered":"http:\/\/ibn.wyd.mybluehost.me\/reanpackaging.com\/product\/wholesale-gift-shoes-clothing-packaging-thick-kraft-paper-bag-corporate-tote-large-luxury-paper-shopping-bags-with-handles\/"},"modified":"2024-07-29T15:08:23","modified_gmt":"2024-07-29T15:08:23","slug":"wholesale-gift-shoes-clothing-packaging-thick-kraft-paper-bag-corporate-tote-large-luxury-paper-shopping-bags-with-handles","status":"publish","type":"product","link":"https:\/\/reanpackaging.com\/fr\/produit\/sacs-en-papier-kraft-epais-pour-lemballage-de-chaussures-et-de-vetements-grands-sacs-a-provisions-en-papier-de-luxe-avec-poignees\/","title":{"rendered":"Wholesale Gift Shoes Clothing Packaging Thick Kraft Paper Bag Corporate Tote Large Luxury Paper Shopping Bags With Handles"},"content":{"rendered":"<h4>Attributs sp\u00e9cifiques \u00e0 l'industrie<\/h4>\n<table border=\"1\">\n<tbody>\n<tr>\n<td><strong>Utilisation industrielle<\/strong><\/td>\n<td>Chaussures et v\u00eatements<\/td>\n<\/tr>\n<tr>\n<td><strong>Type de papier<\/strong><\/td>\n<td>Carte blanche<\/td>\n<\/tr>\n<tr>\n<td><strong>Fonctionnalit\u00e9<\/strong><\/td>\n<td>Impression recyclable, durable, \u00e9cologique et pr\u00e9cise de Nice<\/td>\n<\/tr>\n<\/tbody>\n<\/table>\n<h4>Autres attributs<\/h4>\n<table border=\"1\">\n<tbody>\n<tr>\n<td><strong>Lieu d'origine<\/strong><\/td>\n<td>Zhejiang, Chine<\/td>\n<\/tr>\n<tr>\n<td><strong>Nom de la marque<\/strong><\/td>\n<td>QWT<\/td>\n<\/tr>\n<tr>\n<td><strong>Num\u00e9ro de mod\u00e8le<\/strong><\/td>\n<td>QWL016<\/td>\n<\/tr>\n<tr>\n<td><strong>Manipulation de surface<\/strong><\/td>\n<td>Marquage \u00e0 chaud (argent \u00e0 chaud)<\/td>\n<\/tr>\n<tr>\n<td><strong>Scellement et poign\u00e9e<\/strong><\/td>\n<td>Longueur de la main Poign\u00e9e<\/td>\n<\/tr>\n<tr>\n<td><strong>Commande personnalis\u00e9e<\/strong><\/td>\n<td>Accepter<\/td>\n<\/tr>\n<tr>\n<td><strong>Nom du produit<\/strong><\/td>\n<td>Sac cadeau en papier<\/td>\n<\/tr>\n<tr>\n<td><strong>Couleur<\/strong><\/td>\n<td>Bas\u00e9 sur les couleurs CMYK\/PMS<\/td>\n<\/tr>\n<tr>\n<td><strong>Exemple de politique<\/strong><\/td>\n<td>\u00c9chantillons de stock offerts GRATUITEMENT<\/td>\n<\/tr>\n<tr>\n<td><strong>Utilisations industrielles<\/strong><\/td>\n<td>Promotion, cadeaux, v\u00eatements, etc.<\/td>\n<\/tr>\n<tr>\n<td><strong>Taille et \u00e9paisseur<\/strong><\/td>\n<td>Sur mesure<\/td>\n<\/tr>\n<tr>\n<td><strong>Nos avantages<\/strong><\/td>\n<td>Haute qualit\u00e9 et livraison rapide<\/td>\n<\/tr>\n<tr>\n<td><strong>Conception<\/strong><\/td>\n<td>Sur mesure<\/td>\n<\/tr>\n<tr>\n<td><strong>Marque d\u00e9pos\u00e9e<\/strong><\/td>\n<td>OEM ET ODM<\/td>\n<\/tr>\n<tr>\n<td><strong>Logo<\/strong><\/td>\n<td>Peut \u00eatre personnalis\u00e9<\/td>\n<\/tr>\n<tr>\n<td><strong>D\u00e9lai de livraison de l'\u00e9chantillon<\/strong><\/td>\n<td>7-10 jours<\/td>\n<\/tr>\n<\/tbody>\n<\/table>\n<p><img fetchpriority=\"high\" decoding=\"async\" class=\"alignnone wp-image-6713\" src=\"http:\/\/ibn.wyd.mybluehost.me\/reanpackaging.com\/wp-content\/uploads\/2023\/09\/14-min-300x300.jpg\" alt=\"sacs en papier kraft \u00e9pais pour l&#039;emballage de chaussures et de v\u00eatements grands sacs \u00e0 provisions en papier de luxe avec poign\u00e9es\" width=\"1240\" height=\"1240\" srcset=\"https:\/\/reanpackaging.com\/wp-content\/uploads\/2023\/09\/14-min-300x300.jpg 300w, https:\/\/reanpackaging.com\/wp-content\/uploads\/2023\/09\/14-min-150x150.jpg 150w, https:\/\/reanpackaging.com\/wp-content\/uploads\/2023\/09\/14-min-600x600.jpg 600w, https:\/\/reanpackaging.com\/wp-content\/uploads\/2023\/09\/14-min-100x100.jpg 100w, https:\/\/reanpackaging.com\/wp-content\/uploads\/2023\/09\/14-min.jpg 750w\" sizes=\"(max-width: 1240px) 100vw, 1240px\" \/><\/p>\n<p>&nbsp;<\/p>\n<p><img decoding=\"async\" class=\"alignnone wp-image-6718\" src=\"http:\/\/ibn.wyd.mybluehost.me\/reanpackaging.com\/wp-content\/uploads\/2023\/09\/16-min-207x300.jpg\" alt=\"sacs en papier kraft \u00e9pais pour l&#039;emballage de chaussures et de v\u00eatements grands sacs \u00e0 provisions en papier de luxe avec poign\u00e9es\" width=\"1219\" height=\"1767\" srcset=\"https:\/\/reanpackaging.com\/wp-content\/uploads\/2023\/09\/16-min-207x300.jpg 207w, https:\/\/reanpackaging.com\/wp-content\/uploads\/2023\/09\/16-min-600x871.jpg 600w\" sizes=\"(max-width: 1219px) 100vw, 1219px\" \/><\/p>\n<p>&nbsp;<\/p>","protected":false},"excerpt":{"rendered":"<p>Industry-Specific Attributes Industrial Use Shoes &amp; clothing Paper Type White card Feature Recyclable, Durable, Eco-friendly and Accurate Nice Printing Other Attributes Place of Origin Zhejiang, China Brand Name QWT Model Number QWL016 Surface Handling Hot stamping (hot silver) Sealing &amp; Handle Hand Length Handle Custom Order Accept Product Name Paper Gift Bag Color Based on [&hellip;]<\/p>\n","protected":false},"featured_media":6605,"template":"","meta":{"_seopress_robots_primary_cat":"none","_seopress_titles_title":"","_seopress_titles_desc":"","_seopress_robots_index":"","site-sidebar-layout":"default","site-content-layout":"default","ast-site-content-layout":"default","site-content-style":"default","site-sidebar-style":"default","ast-global-header-display":"","ast-banner-title-visibility":"","ast-main-header-display":"","ast-hfb-above-header-display":"","ast-hfb-below-header-display":"","ast-hfb-mobile-header-display":"","site-post-title":"","ast-breadcrumbs-content":"","ast-featured-img":"","footer-sml-layout":"","ast-disable-related-posts":"","theme-transparent-header-meta":"default","adv-header-id-meta":"","stick-header-meta":"default","header-above-stick-meta":"","header-main-stick-meta":"","header-below-stick-meta":"","astra-migrate-meta-layouts":"set","ast-page-background-enabled":"default","ast-page-background-meta":{"desktop":{"background-color":"","background-image":"","background-repeat":"repeat","background-position":"center center","background-size":"auto","background-attachment":"scroll","background-type":"","background-media":"","overlay-type":"","overlay-color":"","overlay-opacity":"","overlay-gradient":""},"tablet":{"background-color":"","background-image":"","background-repeat":"repeat","background-position":"center center","background-size":"auto","background-attachment":"scroll","background-type":"","background-media":"","overlay-type":"","overlay-color":"","overlay-opacity":"","overlay-gradient":""},"mobile":{"background-color":"","background-image":"","background-repeat":"repeat","background-position":"center center","background-size":"auto","background-attachment":"scroll","background-type":"","background-media":"","overlay-type":"","overlay-color":"","overlay-opacity":"","overlay-gradient":""}},"ast-content-background-meta":{"desktop":{"background-color":"var(--ast-global-color-5)","background-image":"","background-repeat":"repeat","background-position":"center center","background-size":"auto","background-attachment":"scroll","background-type":"","background-media":"","overlay-type":"","overlay-color":"","overlay-opacity":"","overlay-gradient":""},"tablet":{"background-color":"var(--ast-global-color-5)","background-image":"","background-repeat":"repeat","background-position":"center center","background-size":"auto","background-attachment":"scroll","background-type":"","background-media":"","overlay-type":"","overlay-color":"","overlay-opacity":"","overlay-gradient":""},"mobile":{"background-color":"var(--ast-global-color-5)","background-image":"","background-repeat":"repeat","background-position":"center center","background-size":"auto","background-attachment":"scroll","background-type":"","background-media":"","overlay-type":"","overlay-color":"","overlay-opacity":"","overlay-gradient":""}}},"product_brand":[],"product_cat":[36,44,34,41],"product_tag":[],"class_list":{"0":"post-6698","1":"product","2":"type-product","3":"status-publish","4":"has-post-thumbnail","6":"product_cat-kraft-bags","7":"product_cat-paper-bags","8":"product_cat-paper-bags-with-handles","9":"product_cat-shopping-bags","10":"desktop-align-left","11":"tablet-align-left","12":"mobile-align-left","13":"ast-product-gallery-layout-horizontal","14":"ast-product-tabs-layout-horizontal","16":"first","17":"instock","18":"product-type-simple"},"_links":{"self":[{"href":"https:\/\/reanpackaging.com\/fr\/wp-json\/wp\/v2\/product\/6698","targetHints":{"allow":["GET"]}}],"collection":[{"href":"https:\/\/reanpackaging.com\/fr\/wp-json\/wp\/v2\/product"}],"about":[{"href":"https:\/\/reanpackaging.com\/fr\/wp-json\/wp\/v2\/types\/product"}],"wp:featuredmedia":[{"embeddable":true,"href":"https:\/\/reanpackaging.com\/fr\/wp-json\/wp\/v2\/media\/6605"}],"wp:attachment":[{"href":"https:\/\/reanpackaging.com\/fr\/wp-json\/wp\/v2\/media?parent=6698"}],"wp:term":[{"taxonomy":"product_brand","embeddable":true,"href":"https:\/\/reanpackaging.com\/fr\/wp-json\/wp\/v2\/product_brand?post=6698"},{"taxonomy":"product_cat","embeddable":true,"href":"https:\/\/reanpackaging.com\/fr\/wp-json\/wp\/v2\/product_cat?post=6698"},{"taxonomy":"product_tag","embeddable":true,"href":"https:\/\/reanpackaging.com\/fr\/wp-json\/wp\/v2\/product_tag?post=6698"}],"curies":[{"name":"wp","href":"https:\/\/api.w.org\/{rel}","templated":true}]}}