{"id":6700,"date":"2023-09-21T07:25:09","date_gmt":"2023-09-21T07:25:09","guid":{"rendered":"http:\/\/ibn.wyd.mybluehost.me\/reanpackaging.com\/product\/recycle-white-paper-ribbon-handles-gift-bag-paper-shopping-boutique-clothing-bags-with-custom-print-own-your-logo\/"},"modified":"2024-10-01T16:58:52","modified_gmt":"2024-10-01T16:58:52","slug":"recycle-white-paper-ribbon-handles-gift-bag-paper-shopping-boutique-clothing-bags-with-custom-print-own-your-logo","status":"publish","type":"product","link":"https:\/\/reanpackaging.com\/fr\/produit\/recycler-papier-blanc-rubans-poignees-sacs-cadeaux-papier-boutique-vetements-sacs-avec-impression-personnalisee-votre-logo\/","title":{"rendered":"Recyclage Papier Blanc Ruban Poign\u00e9es Sacs Cadeaux Papier Sacs Shopping Boutique V\u00eatements Avec Impression Personnalis\u00e9e Votre Logo"},"content":{"rendered":"<h4>Attributs sp\u00e9cifiques \u00e0 l'industrie<\/h4>\n<table border=\"1\">\n<tbody>\n<tr>\n<td><strong>Utilisation industrielle<\/strong><\/td>\n<td>Chaussures et v\u00eatements<\/td>\n<\/tr>\n<tr>\n<td><strong>Type de papier<\/strong><\/td>\n<td>Carton<\/td>\n<\/tr>\n<tr>\n<td><strong>Fonctionnalit\u00e9<\/strong><\/td>\n<td>Recyclable<\/td>\n<\/tr>\n<\/tbody>\n<\/table>\n<h4>Autres attributs<\/h4>\n<table border=\"1\">\n<tbody>\n<tr>\n<td><strong>Lieu d'origine<\/strong><\/td>\n<td>Guangdong, Chine<\/td>\n<\/tr>\n<tr>\n<td><strong>Nom de la marque<\/strong><\/td>\n<td>litu<\/td>\n<\/tr>\n<tr>\n<td><strong>Num\u00e9ro de mod\u00e8le<\/strong><\/td>\n<td>006<\/td>\n<\/tr>\n<tr>\n<td><strong>Manipulation de surface<\/strong><\/td>\n<td>Impression offset<\/td>\n<\/tr>\n<tr>\n<td><strong>Scellement et poign\u00e9e<\/strong><\/td>\n<td>Longueur de la main Poign\u00e9e<\/td>\n<\/tr>\n<tr>\n<td><strong>Commande personnalis\u00e9e<\/strong><\/td>\n<td>Accepter<\/td>\n<\/tr>\n<tr>\n<td><strong>Taille<\/strong><\/td>\n<td>Taille personnalis\u00e9e<\/td>\n<\/tr>\n<\/tbody>\n<\/table>\n<p><img fetchpriority=\"high\" decoding=\"async\" class=\"alignnone  wp-image-6728\" src=\"http:\/\/ibn.wyd.mybluehost.me\/reanpackaging.com\/wp-content\/uploads\/2023\/09\/30-min-151x300.jpg\" alt=\"recycler papier blanc rubans poign\u00e9es sacs cadeaux papier boutique v\u00eatements sacs avec impression personnalis\u00e9e votre logo\" width=\"1301\" height=\"2585\" srcset=\"https:\/\/reanpackaging.com\/wp-content\/uploads\/2023\/09\/30-min-151x300.jpg 151w, https:\/\/reanpackaging.com\/wp-content\/uploads\/2023\/09\/30-min-516x1024.jpg 516w\" sizes=\"(max-width: 1301px) 100vw, 1301px\" \/><\/p>\n<p><img decoding=\"async\" class=\"alignnone  wp-image-6731\" src=\"http:\/\/ibn.wyd.mybluehost.me\/reanpackaging.com\/wp-content\/uploads\/2023\/09\/31-min-300x233.jpg\" alt=\"recycler papier blanc rubans poign\u00e9es sacs cadeaux papier boutique v\u00eatements sacs avec impression personnalis\u00e9e votre logo\" width=\"1291\" height=\"1003\" srcset=\"https:\/\/reanpackaging.com\/wp-content\/uploads\/2023\/09\/31-min-300x233.jpg 300w, https:\/\/reanpackaging.com\/wp-content\/uploads\/2023\/09\/31-min-600x465.jpg 600w\" sizes=\"(max-width: 1291px) 100vw, 1291px\" \/><\/p>\n<p><img decoding=\"async\" class=\"alignnone  wp-image-6736\" src=\"http:\/\/ibn.wyd.mybluehost.me\/reanpackaging.com\/wp-content\/uploads\/2023\/09\/32-min-300x156.jpg\" alt=\"recycler papier blanc rubans poign\u00e9es sacs cadeaux papier boutique v\u00eatements sacs avec impression personnalis\u00e9e votre logo\" width=\"1275\" height=\"663\" srcset=\"https:\/\/reanpackaging.com\/wp-content\/uploads\/2023\/09\/32-min-300x156.jpg 300w, https:\/\/reanpackaging.com\/wp-content\/uploads\/2023\/09\/32-min-768x398.jpg 768w, https:\/\/reanpackaging.com\/wp-content\/uploads\/2023\/09\/32-min-600x311.jpg 600w, https:\/\/reanpackaging.com\/wp-content\/uploads\/2023\/09\/32-min.jpg 800w\" sizes=\"(max-width: 1275px) 100vw, 1275px\" \/><\/p>","protected":false},"excerpt":{"rendered":"<p>Attributs sp\u00e9cifiques \u00e0 l'industrie Usage industriel Chaussures et v\u00eatements Type de papier Carton Caract\u00e9ristique recyclable Autres attributs Lieu d'origine Guangdong, Chine Marque litu Num\u00e9ro de mod\u00e8le 006 Traitement de surface Impression offset Scellage et poign\u00e9e Longueur de la poign\u00e9e Commande personnalis\u00e9e Taille accept\u00e9e Taille personnalis\u00e9e<\/p>","protected":false},"featured_media":6627,"template":"","meta":{"_seopress_robots_primary_cat":"none","_seopress_titles_title":"","_seopress_titles_desc":"","_seopress_robots_index":"","site-sidebar-layout":"default","site-content-layout":"default","ast-site-content-layout":"default","site-content-style":"default","site-sidebar-style":"default","ast-global-header-display":"","ast-banner-title-visibility":"","ast-main-header-display":"","ast-hfb-above-header-display":"","ast-hfb-below-header-display":"","ast-hfb-mobile-header-display":"","site-post-title":"","ast-breadcrumbs-content":"","ast-featured-img":"","footer-sml-layout":"","ast-disable-related-posts":"","theme-transparent-header-meta":"default","adv-header-id-meta":"","stick-header-meta":"default","header-above-stick-meta":"","header-main-stick-meta":"","header-below-stick-meta":"","astra-migrate-meta-layouts":"set","ast-page-background-enabled":"default","ast-page-background-meta":{"desktop":{"background-color":"","background-image":"","background-repeat":"repeat","background-position":"center center","background-size":"auto","background-attachment":"scroll","background-type":"","background-media":"","overlay-type":"","overlay-color":"","overlay-opacity":"","overlay-gradient":""},"tablet":{"background-color":"","background-image":"","background-repeat":"repeat","background-position":"center center","background-size":"auto","background-attachment":"scroll","background-type":"","background-media":"","overlay-type":"","overlay-color":"","overlay-opacity":"","overlay-gradient":""},"mobile":{"background-color":"","background-image":"","background-repeat":"repeat","background-position":"center center","background-size":"auto","background-attachment":"scroll","background-type":"","background-media":"","overlay-type":"","overlay-color":"","overlay-opacity":"","overlay-gradient":""}},"ast-content-background-meta":{"desktop":{"background-color":"var(--ast-global-color-5)","background-image":"","background-repeat":"repeat","background-position":"center center","background-size":"auto","background-attachment":"scroll","background-type":"","background-media":"","overlay-type":"","overlay-color":"","overlay-opacity":"","overlay-gradient":""},"tablet":{"background-color":"var(--ast-global-color-5)","background-image":"","background-repeat":"repeat","background-position":"center center","background-size":"auto","background-attachment":"scroll","background-type":"","background-media":"","overlay-type":"","overlay-color":"","overlay-opacity":"","overlay-gradient":""},"mobile":{"background-color":"var(--ast-global-color-5)","background-image":"","background-repeat":"repeat","background-position":"center center","background-size":"auto","background-attachment":"scroll","background-type":"","background-media":"","overlay-type":"","overlay-color":"","overlay-opacity":"","overlay-gradient":""}}},"product_brand":[],"product_cat":[40,36,44,34,41],"product_tag":[],"class_list":{"0":"post-6700","1":"product","2":"type-product","3":"status-publish","4":"has-post-thumbnail","6":"product_cat-gift-bags","7":"product_cat-kraft-bags","8":"product_cat-paper-bags","9":"product_cat-paper-bags-with-handles","10":"product_cat-shopping-bags","11":"desktop-align-left","12":"tablet-align-left","13":"mobile-align-left","14":"ast-product-gallery-layout-horizontal","15":"ast-product-tabs-layout-horizontal","17":"first","18":"instock","19":"purchasable","20":"product-type-simple"},"_links":{"self":[{"href":"https:\/\/reanpackaging.com\/fr\/wp-json\/wp\/v2\/product\/6700","targetHints":{"allow":["GET"]}}],"collection":[{"href":"https:\/\/reanpackaging.com\/fr\/wp-json\/wp\/v2\/product"}],"about":[{"href":"https:\/\/reanpackaging.com\/fr\/wp-json\/wp\/v2\/types\/product"}],"wp:featuredmedia":[{"embeddable":true,"href":"https:\/\/reanpackaging.com\/fr\/wp-json\/wp\/v2\/media\/6627"}],"wp:attachment":[{"href":"https:\/\/reanpackaging.com\/fr\/wp-json\/wp\/v2\/media?parent=6700"}],"wp:term":[{"taxonomy":"product_brand","embeddable":true,"href":"https:\/\/reanpackaging.com\/fr\/wp-json\/wp\/v2\/product_brand?post=6700"},{"taxonomy":"product_cat","embeddable":true,"href":"https:\/\/reanpackaging.com\/fr\/wp-json\/wp\/v2\/product_cat?post=6700"},{"taxonomy":"product_tag","embeddable":true,"href":"https:\/\/reanpackaging.com\/fr\/wp-json\/wp\/v2\/product_tag?post=6700"}],"curies":[{"name":"wp","href":"https:\/\/api.w.org\/{rel}","templated":true}]}}