{"id":6703,"date":"2023-09-21T07:25:09","date_gmt":"2023-09-21T07:25:09","guid":{"rendered":"http:\/\/ibn.wyd.mybluehost.me\/reanpackaging.com\/product\/wholesale-white-promotion-luxury-clothing-retail-gift-shopping-bag-with-handle-custom-black-jewellery-paper-bag-with-logo-print\/"},"modified":"2024-10-01T16:59:36","modified_gmt":"2024-10-01T16:59:36","slug":"wholesale-white-promotion-luxury-clothing-retail-gift-shopping-bag-with-handle-custom-black-jewellery-paper-bag-with-logo-print","status":"publish","type":"product","link":"https:\/\/reanpackaging.com\/fr\/produit\/grossiste-promotion-blanc-luxe-vetements-sac-cadeau-avec-poignee-sac-papier-bijoux-noir-personnalise-avec-impression-logo\/","title":{"rendered":"Grossiste Promotion Blanc Luxe V\u00eatements Sac Shopping Cadeau avec Poign\u00e9e Sac Papier Bijoux Noir Personnalis\u00e9 Avec Impression Logo"},"content":{"rendered":"<h4>Attributs sp\u00e9cifiques \u00e0 l'industrie<\/h4>\n<table border=\"1\">\n<tbody>\n<tr>\n<td><strong>Utilisation industrielle<\/strong><\/td>\n<td>Cadeaux et artisanat<\/td>\n<\/tr>\n<tr>\n<td><strong>Type de papier<\/strong><\/td>\n<td>Papier d'art<\/td>\n<\/tr>\n<tr>\n<td><strong>Fonctionnalit\u00e9<\/strong><\/td>\n<td>Recyclable<\/td>\n<\/tr>\n<\/tbody>\n<\/table>\n<h4>Autres attributs<\/h4>\n<table border=\"1\">\n<tbody>\n<tr>\n<td><strong>Lieu d'origine<\/strong><\/td>\n<td>Chine<\/td>\n<\/tr>\n<tr>\n<td><strong>Nom de la marque<\/strong><\/td>\n<td>Paquet Maibao<\/td>\n<\/tr>\n<tr>\n<td><strong>Num\u00e9ro de mod\u00e8le<\/strong><\/td>\n<td>sac cadeau en papier<\/td>\n<\/tr>\n<tr>\n<td><strong>Manipulation de surface<\/strong><\/td>\n<td>Impression offset<\/td>\n<\/tr>\n<tr>\n<td><strong>Scellement et poign\u00e9e<\/strong><\/td>\n<td>Longueur de la main Poign\u00e9e<\/td>\n<\/tr>\n<tr>\n<td><strong>Commande personnalis\u00e9e<\/strong><\/td>\n<td>Accepter<\/td>\n<\/tr>\n<tr>\n<td><strong>Objet<\/strong><\/td>\n<td>Sac \u00e0 bijoux en papier noir personnalis\u00e9 avec impression du logo<\/td>\n<\/tr>\n<tr>\n<td><strong>\u00c9paisseur<\/strong><\/td>\n<td>100gsm,175gsm,200gsm,210gsm,250gsm,300gsm,450gsm,etc.<\/td>\n<\/tr>\n<tr>\n<td><strong>Taille<\/strong><\/td>\n<td>Dimensions personnalis\u00e9es selon votre demande<\/td>\n<\/tr>\n<tr>\n<td><strong>Couleur<\/strong><\/td>\n<td>Bas\u00e9 sur la couleur CMYK\/Pantone<\/td>\n<\/tr>\n<tr>\n<td><strong>Fonctionnalit\u00e9<\/strong><\/td>\n<td>Respectueux de l'environnement, r\u00e9sistant, durable et impression pr\u00e9cise.<\/td>\n<\/tr>\n<tr>\n<td><strong>Manipulation de surface<\/strong><\/td>\n<td>Pelliculage brillant\/mat, marquage \u00e0 chaud or\/argent, UV ponctuel, gaufrage, etc.<\/td>\n<\/tr>\n<tr>\n<td><strong>Machine \u00e0 imprimer<\/strong><\/td>\n<td>Heidelberg et Roland<\/td>\n<\/tr>\n<tr>\n<td><strong>Utilisation industrielle<\/strong><\/td>\n<td>Shopping, cadeaux, \u00e9picerie, boutique, plats \u00e0 emporter, v\u00eatements, etc.<\/td>\n<\/tr>\n<tr>\n<td><strong>Scellement et poign\u00e9e<\/strong><\/td>\n<td>Ruban, corde PP, torsad\u00e9, poign\u00e9e plate, d\u00e9coup\u00e9, etc.<\/td>\n<\/tr>\n<tr>\n<td><strong>Application<\/strong><\/td>\n<td>Cadeaux, shopping, bijoux, cosm\u00e9tiques, v\u00eatements, chaussures, etc.<\/td>\n<\/tr>\n<\/tbody>\n<\/table>\n<p><img fetchpriority=\"high\" decoding=\"async\" class=\"alignnone wp-image-6754\" src=\"http:\/\/ibn.wyd.mybluehost.me\/reanpackaging.com\/wp-content\/uploads\/2023\/09\/17-min-1-300x205.jpg\" alt=\"grossiste promotion blanc luxe v\u00eatements sac cadeau avec poign\u00e9e sac papier bijoux noir personnalis\u00e9 avec impression logo\" width=\"1301\" height=\"889\" srcset=\"https:\/\/reanpackaging.com\/wp-content\/uploads\/2023\/09\/17-min-1-300x205.jpg 300w, https:\/\/reanpackaging.com\/wp-content\/uploads\/2023\/09\/17-min-1-600x410.jpg 600w, https:\/\/reanpackaging.com\/wp-content\/uploads\/2023\/09\/17-min-1.jpg 750w\" sizes=\"(max-width: 1301px) 100vw, 1301px\" \/><\/p>\n<p>&nbsp;<\/p>\n<p><img decoding=\"async\" class=\"alignnone wp-image-6763\" src=\"http:\/\/ibn.wyd.mybluehost.me\/reanpackaging.com\/wp-content\/uploads\/2023\/09\/19-min-2-250x300.jpg\" alt=\"grossiste promotion blanc luxe v\u00eatements sac cadeau avec poign\u00e9e sac papier bijoux noir personnalis\u00e9 avec impression logo\" width=\"1294\" height=\"1553\" srcset=\"https:\/\/reanpackaging.com\/wp-content\/uploads\/2023\/09\/19-min-2-250x300.jpg 250w, https:\/\/reanpackaging.com\/wp-content\/uploads\/2023\/09\/19-min-2-600x720.jpg 600w, https:\/\/reanpackaging.com\/wp-content\/uploads\/2023\/09\/19-min-2.jpg 750w\" sizes=\"(max-width: 1294px) 100vw, 1294px\" \/><\/p>\n<p><img decoding=\"async\" class=\"alignnone wp-image-6766\" src=\"http:\/\/ibn.wyd.mybluehost.me\/reanpackaging.com\/wp-content\/uploads\/2023\/09\/20-min-1-85x300.jpg\" alt=\"grossiste promotion blanc luxe v\u00eatements sac cadeau avec poign\u00e9e sac papier bijoux noir personnalis\u00e9 avec impression logo\" width=\"1295\" height=\"4571\" srcset=\"https:\/\/reanpackaging.com\/wp-content\/uploads\/2023\/09\/20-min-1-85x300.jpg 85w, https:\/\/reanpackaging.com\/wp-content\/uploads\/2023\/09\/20-min-1-290x1024.jpg 290w, https:\/\/reanpackaging.com\/wp-content\/uploads\/2023\/09\/20-min-1-435x1536.jpg 435w\" sizes=\"(max-width: 1295px) 100vw, 1295px\" \/><\/p>\n<p><img loading=\"lazy\" decoding=\"async\" class=\"alignnone wp-image-6769\" src=\"http:\/\/ibn.wyd.mybluehost.me\/reanpackaging.com\/wp-content\/uploads\/2023\/09\/21-min-1-300x300.jpg\" alt=\"grossiste promotion blanc luxe v\u00eatements sac cadeau avec poign\u00e9e sac papier bijoux noir personnalis\u00e9 avec impression logo\" width=\"1330\" height=\"1330\" srcset=\"https:\/\/reanpackaging.com\/wp-content\/uploads\/2023\/09\/21-min-1-300x300.jpg 300w, https:\/\/reanpackaging.com\/wp-content\/uploads\/2023\/09\/21-min-1-150x150.jpg 150w, https:\/\/reanpackaging.com\/wp-content\/uploads\/2023\/09\/21-min-1-600x600.jpg 600w, https:\/\/reanpackaging.com\/wp-content\/uploads\/2023\/09\/21-min-1-100x100.jpg 100w, https:\/\/reanpackaging.com\/wp-content\/uploads\/2023\/09\/21-min-1.jpg 750w\" sizes=\"(max-width: 1330px) 100vw, 1330px\" \/><\/p>","protected":false},"excerpt":{"rendered":"<p>Industry-Specific Attributes Industrial Use Gift &amp; Craft Paper Type Art Paper Feature Recyclable Other Attributes Place of Origin China Brand Name Maibao Package Model Number paper gift bag Surface Handling Offset printing Sealing &amp; Handle Hand Length Handle Custom Order Accept Item Custom black jewellery paper bag with logo print Thickness 100gsm,175gsm,200gsm,210gsm,250gsm,300gsm,450gsm,etc. Size Custom Sizes [&hellip;]<\/p>\n","protected":false},"featured_media":6650,"template":"","meta":{"_seopress_robots_primary_cat":"none","_seopress_titles_title":"","_seopress_titles_desc":"","_seopress_robots_index":"","site-sidebar-layout":"default","site-content-layout":"default","ast-site-content-layout":"default","site-content-style":"default","site-sidebar-style":"default","ast-global-header-display":"","ast-banner-title-visibility":"","ast-main-header-display":"","ast-hfb-above-header-display":"","ast-hfb-below-header-display":"","ast-hfb-mobile-header-display":"","site-post-title":"","ast-breadcrumbs-content":"","ast-featured-img":"","footer-sml-layout":"","ast-disable-related-posts":"","theme-transparent-header-meta":"default","adv-header-id-meta":"","stick-header-meta":"default","header-above-stick-meta":"","header-main-stick-meta":"","header-below-stick-meta":"","astra-migrate-meta-layouts":"set","ast-page-background-enabled":"default","ast-page-background-meta":{"desktop":{"background-color":"","background-image":"","background-repeat":"repeat","background-position":"center center","background-size":"auto","background-attachment":"scroll","background-type":"","background-media":"","overlay-type":"","overlay-color":"","overlay-opacity":"","overlay-gradient":""},"tablet":{"background-color":"","background-image":"","background-repeat":"repeat","background-position":"center center","background-size":"auto","background-attachment":"scroll","background-type":"","background-media":"","overlay-type":"","overlay-color":"","overlay-opacity":"","overlay-gradient":""},"mobile":{"background-color":"","background-image":"","background-repeat":"repeat","background-position":"center center","background-size":"auto","background-attachment":"scroll","background-type":"","background-media":"","overlay-type":"","overlay-color":"","overlay-opacity":"","overlay-gradient":""}},"ast-content-background-meta":{"desktop":{"background-color":"var(--ast-global-color-5)","background-image":"","background-repeat":"repeat","background-position":"center center","background-size":"auto","background-attachment":"scroll","background-type":"","background-media":"","overlay-type":"","overlay-color":"","overlay-opacity":"","overlay-gradient":""},"tablet":{"background-color":"var(--ast-global-color-5)","background-image":"","background-repeat":"repeat","background-position":"center center","background-size":"auto","background-attachment":"scroll","background-type":"","background-media":"","overlay-type":"","overlay-color":"","overlay-opacity":"","overlay-gradient":""},"mobile":{"background-color":"var(--ast-global-color-5)","background-image":"","background-repeat":"repeat","background-position":"center center","background-size":"auto","background-attachment":"scroll","background-type":"","background-media":"","overlay-type":"","overlay-color":"","overlay-opacity":"","overlay-gradient":""}}},"product_brand":[],"product_cat":[36,44,34,27],"product_tag":[],"class_list":{"0":"post-6703","1":"product","2":"type-product","3":"status-publish","4":"has-post-thumbnail","6":"product_cat-kraft-bags","7":"product_cat-paper-bags","8":"product_cat-paper-bags-with-handles","9":"product_cat-uncategorized","10":"desktop-align-left","11":"tablet-align-left","12":"mobile-align-left","13":"ast-product-gallery-layout-horizontal","14":"ast-product-tabs-layout-horizontal","16":"first","17":"instock","18":"purchasable","19":"product-type-simple"},"_links":{"self":[{"href":"https:\/\/reanpackaging.com\/fr\/wp-json\/wp\/v2\/product\/6703","targetHints":{"allow":["GET"]}}],"collection":[{"href":"https:\/\/reanpackaging.com\/fr\/wp-json\/wp\/v2\/product"}],"about":[{"href":"https:\/\/reanpackaging.com\/fr\/wp-json\/wp\/v2\/types\/product"}],"wp:featuredmedia":[{"embeddable":true,"href":"https:\/\/reanpackaging.com\/fr\/wp-json\/wp\/v2\/media\/6650"}],"wp:attachment":[{"href":"https:\/\/reanpackaging.com\/fr\/wp-json\/wp\/v2\/media?parent=6703"}],"wp:term":[{"taxonomy":"product_brand","embeddable":true,"href":"https:\/\/reanpackaging.com\/fr\/wp-json\/wp\/v2\/product_brand?post=6703"},{"taxonomy":"product_cat","embeddable":true,"href":"https:\/\/reanpackaging.com\/fr\/wp-json\/wp\/v2\/product_cat?post=6703"},{"taxonomy":"product_tag","embeddable":true,"href":"https:\/\/reanpackaging.com\/fr\/wp-json\/wp\/v2\/product_tag?post=6703"}],"curies":[{"name":"wp","href":"https:\/\/api.w.org\/{rel}","templated":true}]}}