{"id":6908,"date":"2023-09-21T13:22:09","date_gmt":"2023-09-21T13:22:09","guid":{"rendered":"http:\/\/ibn.wyd.mybluehost.me\/reanpackaging.com\/product\/honeycomb-packaging-wrap-kraft-paper-honeycomb-paper-wrap-cushioning-eco-friendly-bubble-cushion-wrap\/"},"modified":"2024-10-01T16:58:42","modified_gmt":"2024-10-01T16:58:42","slug":"honeycomb-packaging-wrap-kraft-paper-honeycomb-paper-wrap-cushioning-eco-friendly-bubble-cushion-wrap","status":"publish","type":"product","link":"https:\/\/reanpackaging.com\/fr\/produit\/honeycomb-packaging-wrap-kraft-paper-honeycomb-paper-wrap-cushioning-eco-friendly-bubble-cushion-wrap\/","title":{"rendered":"Emballage en nid d'abeille Papier kraft Emballage en nid d'abeille Coussin \u00e0 bulles \u00e9cologique"},"content":{"rendered":"<h4>Attributs sp\u00e9cifiques \u00e0 l'industrie<\/h4>\n<table border=\"1\">\n<tbody>\n<tr>\n<td><strong>Utilisation industrielle<\/strong><\/td>\n<td>Cadeaux et artisanat<\/td>\n<\/tr>\n<tr>\n<td><strong>Type de papier<\/strong><\/td>\n<td>Papier d'artisanat<\/td>\n<\/tr>\n<tr>\n<td><strong>Fonctionnalit\u00e9<\/strong><\/td>\n<td>Mat\u00e9riaux recycl\u00e9s<\/td>\n<\/tr>\n<\/tbody>\n<\/table>\n<h4>Autres attributs<\/h4>\n<table border=\"1\">\n<tbody>\n<tr>\n<td><strong>Mat\u00e9riau de la p\u00e2te \u00e0 papier<\/strong><\/td>\n<td>P\u00e2te de bois<\/td>\n<\/tr>\n<tr>\n<td><strong>Style pulpeux<\/strong><\/td>\n<td>Vierge<\/td>\n<\/tr>\n<tr>\n<td><strong>Type de mise en p\u00e2te<\/strong><\/td>\n<td>P\u00e2te chimique<\/td>\n<\/tr>\n<tr>\n<td><strong>Lieu d'origine<\/strong><\/td>\n<td>Chine<\/td>\n<\/tr>\n<tr>\n<td><strong>Nom de la marque<\/strong><\/td>\n<td>Paquet de Xinxiangyang<\/td>\n<\/tr>\n<tr>\n<td><strong>Num\u00e9ro de mod\u00e8le<\/strong><\/td>\n<td>HP50080250<\/td>\n<\/tr>\n<tr>\n<td><strong>Rev\u00eatement<\/strong><\/td>\n<td>Sans rev\u00eatement<\/td>\n<\/tr>\n<tr>\n<td><strong>Impression compatible<\/strong><\/td>\n<td>Impression offset<\/td>\n<\/tr>\n<tr>\n<td><strong>Commande personnalis\u00e9e<\/strong><\/td>\n<td>Accepter<\/td>\n<\/tr>\n<tr>\n<td><strong>Utilisation<\/strong><\/td>\n<td>Papier cadeau<\/td>\n<\/tr>\n<tr>\n<td><strong>Nom du produit<\/strong><\/td>\n<td>Papier d'emballage<\/td>\n<\/tr>\n<tr>\n<td><strong>Utilisation<\/strong><\/td>\n<td>Etc. Emballage<\/td>\n<\/tr>\n<tr>\n<td><strong>Mots cl\u00e9s<\/strong><\/td>\n<td>Papier de soie d'emballage avec logo personnalis\u00e9<\/td>\n<\/tr>\n<tr>\n<td><strong>Application<\/strong><\/td>\n<td>Emballage des produits<\/td>\n<\/tr>\n<tr>\n<td><strong>Mat\u00e9riau<\/strong><\/td>\n<td>100% P\u00e2te vierge<\/td>\n<\/tr>\n<tr>\n<td><strong>MOQ<\/strong><\/td>\n<td>1 Rouleau<\/td>\n<\/tr>\n<tr>\n<td><strong>Nom de l'article<\/strong><\/td>\n<td>Papier d'emballage Tissu<\/td>\n<\/tr>\n<tr>\n<td><strong>Mots cl\u00e9s<\/strong><\/td>\n<td>Enrouleur Jumbo<\/td>\n<\/tr>\n<\/tbody>\n<\/table>\n<p><img fetchpriority=\"high\" decoding=\"async\" class=\"alignnone  wp-image-6971\" src=\"http:\/\/ibn.wyd.mybluehost.me\/reanpackaging.com\/wp-content\/uploads\/2023\/09\/a-description-Honeycomb-Packaging-Wrap-Kraft-Paper-Honeycomb-Paper-Wrap-Cushioning-Eco-Friendly-Bubble-Cushion-Wrap-300x248.jpg\" alt=\"emballage en nid d&#039;abeilles papier kraft emballage en nid d&#039;abeilles papier matelass\u00e9 emballage \u00e0 bulles respectueux de l&#039;environnement\" width=\"1303\" height=\"1077\" srcset=\"https:\/\/reanpackaging.com\/wp-content\/uploads\/2023\/09\/a-description-Honeycomb-Packaging-Wrap-Kraft-Paper-Honeycomb-Paper-Wrap-Cushioning-Eco-Friendly-Bubble-Cushion-Wrap-300x248.jpg 300w, https:\/\/reanpackaging.com\/wp-content\/uploads\/2023\/09\/a-description-Honeycomb-Packaging-Wrap-Kraft-Paper-Honeycomb-Paper-Wrap-Cushioning-Eco-Friendly-Bubble-Cushion-Wrap-768x635.jpg 768w, https:\/\/reanpackaging.com\/wp-content\/uploads\/2023\/09\/a-description-Honeycomb-Packaging-Wrap-Kraft-Paper-Honeycomb-Paper-Wrap-Cushioning-Eco-Friendly-Bubble-Cushion-Wrap-600x496.jpg 600w, https:\/\/reanpackaging.com\/wp-content\/uploads\/2023\/09\/a-description-Honeycomb-Packaging-Wrap-Kraft-Paper-Honeycomb-Paper-Wrap-Cushioning-Eco-Friendly-Bubble-Cushion-Wrap.jpg 1000w\" sizes=\"(max-width: 1303px) 100vw, 1303px\" \/><\/p>\n<p><img decoding=\"async\" class=\"alignnone  wp-image-6973\" src=\"http:\/\/ibn.wyd.mybluehost.me\/reanpackaging.com\/wp-content\/uploads\/2023\/09\/b-description-Honeycomb-Packaging-Wrap-Kraft-Paper-Honeycomb-Paper-Wrap-Cushioning-Eco-Friendly-Bubble-Cushion-Wrap-300x300.jpg\" alt=\"emballage en nid d&#039;abeilles papier kraft emballage en nid d&#039;abeilles papier matelass\u00e9 emballage \u00e0 bulles respectueux de l&#039;environnement\" width=\"1302\" height=\"1302\" srcset=\"https:\/\/reanpackaging.com\/wp-content\/uploads\/2023\/09\/b-description-Honeycomb-Packaging-Wrap-Kraft-Paper-Honeycomb-Paper-Wrap-Cushioning-Eco-Friendly-Bubble-Cushion-Wrap-300x300.jpg 300w, https:\/\/reanpackaging.com\/wp-content\/uploads\/2023\/09\/b-description-Honeycomb-Packaging-Wrap-Kraft-Paper-Honeycomb-Paper-Wrap-Cushioning-Eco-Friendly-Bubble-Cushion-Wrap-150x150.jpg 150w, https:\/\/reanpackaging.com\/wp-content\/uploads\/2023\/09\/b-description-Honeycomb-Packaging-Wrap-Kraft-Paper-Honeycomb-Paper-Wrap-Cushioning-Eco-Friendly-Bubble-Cushion-Wrap-768x768.jpg 768w, https:\/\/reanpackaging.com\/wp-content\/uploads\/2023\/09\/b-description-Honeycomb-Packaging-Wrap-Kraft-Paper-Honeycomb-Paper-Wrap-Cushioning-Eco-Friendly-Bubble-Cushion-Wrap-600x600.jpg 600w, https:\/\/reanpackaging.com\/wp-content\/uploads\/2023\/09\/b-description-Honeycomb-Packaging-Wrap-Kraft-Paper-Honeycomb-Paper-Wrap-Cushioning-Eco-Friendly-Bubble-Cushion-Wrap-100x100.jpg 100w, https:\/\/reanpackaging.com\/wp-content\/uploads\/2023\/09\/b-description-Honeycomb-Packaging-Wrap-Kraft-Paper-Honeycomb-Paper-Wrap-Cushioning-Eco-Friendly-Bubble-Cushion-Wrap.jpg 1000w\" sizes=\"(max-width: 1302px) 100vw, 1302px\" \/><\/p>\n<p><img decoding=\"async\" class=\"alignnone  wp-image-6975\" src=\"http:\/\/ibn.wyd.mybluehost.me\/reanpackaging.com\/wp-content\/uploads\/2023\/09\/c-description-Honeycomb-Packaging-Wrap-Kraft-Paper-Honeycomb-Paper-Wrap-Cushioning-Eco-Friendly-Bubble-Cushion-Wrap-300x300.jpg\" alt=\"emballage en nid d&#039;abeilles papier kraft emballage en nid d&#039;abeilles papier matelass\u00e9 emballage \u00e0 bulles respectueux de l&#039;environnement\" width=\"1301\" height=\"1301\" srcset=\"https:\/\/reanpackaging.com\/wp-content\/uploads\/2023\/09\/c-description-Honeycomb-Packaging-Wrap-Kraft-Paper-Honeycomb-Paper-Wrap-Cushioning-Eco-Friendly-Bubble-Cushion-Wrap-300x300.jpg 300w, https:\/\/reanpackaging.com\/wp-content\/uploads\/2023\/09\/c-description-Honeycomb-Packaging-Wrap-Kraft-Paper-Honeycomb-Paper-Wrap-Cushioning-Eco-Friendly-Bubble-Cushion-Wrap-150x150.jpg 150w, https:\/\/reanpackaging.com\/wp-content\/uploads\/2023\/09\/c-description-Honeycomb-Packaging-Wrap-Kraft-Paper-Honeycomb-Paper-Wrap-Cushioning-Eco-Friendly-Bubble-Cushion-Wrap-768x768.jpg 768w, https:\/\/reanpackaging.com\/wp-content\/uploads\/2023\/09\/c-description-Honeycomb-Packaging-Wrap-Kraft-Paper-Honeycomb-Paper-Wrap-Cushioning-Eco-Friendly-Bubble-Cushion-Wrap-600x600.jpg 600w, https:\/\/reanpackaging.com\/wp-content\/uploads\/2023\/09\/c-description-Honeycomb-Packaging-Wrap-Kraft-Paper-Honeycomb-Paper-Wrap-Cushioning-Eco-Friendly-Bubble-Cushion-Wrap-100x100.jpg 100w, https:\/\/reanpackaging.com\/wp-content\/uploads\/2023\/09\/c-description-Honeycomb-Packaging-Wrap-Kraft-Paper-Honeycomb-Paper-Wrap-Cushioning-Eco-Friendly-Bubble-Cushion-Wrap.jpg 1000w\" sizes=\"(max-width: 1301px) 100vw, 1301px\" \/><\/p>\n<p><img loading=\"lazy\" decoding=\"async\" class=\"alignnone  wp-image-6976\" src=\"http:\/\/ibn.wyd.mybluehost.me\/reanpackaging.com\/wp-content\/uploads\/2023\/09\/d-description-Honeycomb-Packaging-Wrap-Kraft-Paper-Honeycomb-Paper-Wrap-Cushioning-Eco-Friendly-Bubble-Cushion-Wrap-300x300.jpg\" alt=\"emballage en nid d&#039;abeilles papier kraft emballage en nid d&#039;abeilles papier matelass\u00e9 emballage \u00e0 bulles respectueux de l&#039;environnement\" width=\"1301\" height=\"1301\" srcset=\"https:\/\/reanpackaging.com\/wp-content\/uploads\/2023\/09\/d-description-Honeycomb-Packaging-Wrap-Kraft-Paper-Honeycomb-Paper-Wrap-Cushioning-Eco-Friendly-Bubble-Cushion-Wrap-300x300.jpg 300w, https:\/\/reanpackaging.com\/wp-content\/uploads\/2023\/09\/d-description-Honeycomb-Packaging-Wrap-Kraft-Paper-Honeycomb-Paper-Wrap-Cushioning-Eco-Friendly-Bubble-Cushion-Wrap-150x150.jpg 150w, https:\/\/reanpackaging.com\/wp-content\/uploads\/2023\/09\/d-description-Honeycomb-Packaging-Wrap-Kraft-Paper-Honeycomb-Paper-Wrap-Cushioning-Eco-Friendly-Bubble-Cushion-Wrap-768x768.jpg 768w, https:\/\/reanpackaging.com\/wp-content\/uploads\/2023\/09\/d-description-Honeycomb-Packaging-Wrap-Kraft-Paper-Honeycomb-Paper-Wrap-Cushioning-Eco-Friendly-Bubble-Cushion-Wrap-600x600.jpg 600w, https:\/\/reanpackaging.com\/wp-content\/uploads\/2023\/09\/d-description-Honeycomb-Packaging-Wrap-Kraft-Paper-Honeycomb-Paper-Wrap-Cushioning-Eco-Friendly-Bubble-Cushion-Wrap-100x100.jpg 100w, https:\/\/reanpackaging.com\/wp-content\/uploads\/2023\/09\/d-description-Honeycomb-Packaging-Wrap-Kraft-Paper-Honeycomb-Paper-Wrap-Cushioning-Eco-Friendly-Bubble-Cushion-Wrap.jpg 1000w\" sizes=\"(max-width: 1301px) 100vw, 1301px\" \/><\/p>\n<p><img loading=\"lazy\" decoding=\"async\" class=\"alignnone  wp-image-6977\" src=\"http:\/\/ibn.wyd.mybluehost.me\/reanpackaging.com\/wp-content\/uploads\/2023\/09\/e-description-Honeycomb-Packaging-Wrap-Kraft-Paper-Honeycomb-Paper-Wrap-Cushioning-Eco-Friendly-Bubble-Cushion-Wrap-300x300.jpg\" alt=\"emballage en nid d&#039;abeilles papier kraft emballage en nid d&#039;abeilles papier matelass\u00e9 emballage \u00e0 bulles respectueux de l&#039;environnement\" width=\"1303\" height=\"1303\" srcset=\"https:\/\/reanpackaging.com\/wp-content\/uploads\/2023\/09\/e-description-Honeycomb-Packaging-Wrap-Kraft-Paper-Honeycomb-Paper-Wrap-Cushioning-Eco-Friendly-Bubble-Cushion-Wrap-300x300.jpg 300w, https:\/\/reanpackaging.com\/wp-content\/uploads\/2023\/09\/e-description-Honeycomb-Packaging-Wrap-Kraft-Paper-Honeycomb-Paper-Wrap-Cushioning-Eco-Friendly-Bubble-Cushion-Wrap-150x150.jpg 150w, https:\/\/reanpackaging.com\/wp-content\/uploads\/2023\/09\/e-description-Honeycomb-Packaging-Wrap-Kraft-Paper-Honeycomb-Paper-Wrap-Cushioning-Eco-Friendly-Bubble-Cushion-Wrap-768x768.jpg 768w, https:\/\/reanpackaging.com\/wp-content\/uploads\/2023\/09\/e-description-Honeycomb-Packaging-Wrap-Kraft-Paper-Honeycomb-Paper-Wrap-Cushioning-Eco-Friendly-Bubble-Cushion-Wrap-600x600.jpg 600w, https:\/\/reanpackaging.com\/wp-content\/uploads\/2023\/09\/e-description-Honeycomb-Packaging-Wrap-Kraft-Paper-Honeycomb-Paper-Wrap-Cushioning-Eco-Friendly-Bubble-Cushion-Wrap-100x100.jpg 100w, https:\/\/reanpackaging.com\/wp-content\/uploads\/2023\/09\/e-description-Honeycomb-Packaging-Wrap-Kraft-Paper-Honeycomb-Paper-Wrap-Cushioning-Eco-Friendly-Bubble-Cushion-Wrap.jpg 1000w\" sizes=\"(max-width: 1303px) 100vw, 1303px\" \/><\/p>\n<p><img loading=\"lazy\" decoding=\"async\" class=\"alignnone  wp-image-6979\" src=\"http:\/\/ibn.wyd.mybluehost.me\/reanpackaging.com\/wp-content\/uploads\/2023\/09\/f-description-Honeycomb-Packaging-Wrap-Kraft-Paper-Honeycomb-Paper-Wrap-Cushioning-Eco-Friendly-Bubble-Cushion-Wrap-300x300.jpg\" alt=\"emballage en nid d&#039;abeilles papier kraft emballage en nid d&#039;abeilles papier matelass\u00e9 emballage \u00e0 bulles respectueux de l&#039;environnement\" width=\"1274\" height=\"1274\" srcset=\"https:\/\/reanpackaging.com\/wp-content\/uploads\/2023\/09\/f-description-Honeycomb-Packaging-Wrap-Kraft-Paper-Honeycomb-Paper-Wrap-Cushioning-Eco-Friendly-Bubble-Cushion-Wrap-300x300.jpg 300w, https:\/\/reanpackaging.com\/wp-content\/uploads\/2023\/09\/f-description-Honeycomb-Packaging-Wrap-Kraft-Paper-Honeycomb-Paper-Wrap-Cushioning-Eco-Friendly-Bubble-Cushion-Wrap-150x150.jpg 150w, https:\/\/reanpackaging.com\/wp-content\/uploads\/2023\/09\/f-description-Honeycomb-Packaging-Wrap-Kraft-Paper-Honeycomb-Paper-Wrap-Cushioning-Eco-Friendly-Bubble-Cushion-Wrap-768x768.jpg 768w, https:\/\/reanpackaging.com\/wp-content\/uploads\/2023\/09\/f-description-Honeycomb-Packaging-Wrap-Kraft-Paper-Honeycomb-Paper-Wrap-Cushioning-Eco-Friendly-Bubble-Cushion-Wrap-600x600.jpg 600w, https:\/\/reanpackaging.com\/wp-content\/uploads\/2023\/09\/f-description-Honeycomb-Packaging-Wrap-Kraft-Paper-Honeycomb-Paper-Wrap-Cushioning-Eco-Friendly-Bubble-Cushion-Wrap-100x100.jpg 100w, https:\/\/reanpackaging.com\/wp-content\/uploads\/2023\/09\/f-description-Honeycomb-Packaging-Wrap-Kraft-Paper-Honeycomb-Paper-Wrap-Cushioning-Eco-Friendly-Bubble-Cushion-Wrap.jpg 1000w\" sizes=\"(max-width: 1274px) 100vw, 1274px\" \/><\/p>\n<p><img loading=\"lazy\" decoding=\"async\" class=\"alignnone  wp-image-6981\" src=\"http:\/\/ibn.wyd.mybluehost.me\/reanpackaging.com\/wp-content\/uploads\/2023\/09\/g-description-Honeycomb-Packaging-Wrap-Kraft-Paper-Honeycomb-Paper-Wrap-Cushioning-Eco-Friendly-Bubble-Cushion-Wrap-300x300.jpg\" alt=\"emballage en nid d&#039;abeilles papier kraft emballage en nid d&#039;abeilles papier matelass\u00e9 emballage \u00e0 bulles respectueux de l&#039;environnement\" width=\"1272\" height=\"1272\" srcset=\"https:\/\/reanpackaging.com\/wp-content\/uploads\/2023\/09\/g-description-Honeycomb-Packaging-Wrap-Kraft-Paper-Honeycomb-Paper-Wrap-Cushioning-Eco-Friendly-Bubble-Cushion-Wrap-300x300.jpg 300w, https:\/\/reanpackaging.com\/wp-content\/uploads\/2023\/09\/g-description-Honeycomb-Packaging-Wrap-Kraft-Paper-Honeycomb-Paper-Wrap-Cushioning-Eco-Friendly-Bubble-Cushion-Wrap-150x150.jpg 150w, https:\/\/reanpackaging.com\/wp-content\/uploads\/2023\/09\/g-description-Honeycomb-Packaging-Wrap-Kraft-Paper-Honeycomb-Paper-Wrap-Cushioning-Eco-Friendly-Bubble-Cushion-Wrap-768x768.jpg 768w, https:\/\/reanpackaging.com\/wp-content\/uploads\/2023\/09\/g-description-Honeycomb-Packaging-Wrap-Kraft-Paper-Honeycomb-Paper-Wrap-Cushioning-Eco-Friendly-Bubble-Cushion-Wrap-600x600.jpg 600w, https:\/\/reanpackaging.com\/wp-content\/uploads\/2023\/09\/g-description-Honeycomb-Packaging-Wrap-Kraft-Paper-Honeycomb-Paper-Wrap-Cushioning-Eco-Friendly-Bubble-Cushion-Wrap-100x100.jpg 100w, https:\/\/reanpackaging.com\/wp-content\/uploads\/2023\/09\/g-description-Honeycomb-Packaging-Wrap-Kraft-Paper-Honeycomb-Paper-Wrap-Cushioning-Eco-Friendly-Bubble-Cushion-Wrap.jpg 1000w\" sizes=\"(max-width: 1272px) 100vw, 1272px\" \/><\/p>\n<p><img loading=\"lazy\" decoding=\"async\" class=\"alignnone  wp-image-6983\" src=\"http:\/\/ibn.wyd.mybluehost.me\/reanpackaging.com\/wp-content\/uploads\/2023\/09\/h-description-Honeycomb-Packaging-Wrap-Kraft-Paper-Honeycomb-Paper-Wrap-Cushioning-Eco-Friendly-Bubble-Cushion-Wrap-300x300.jpg\" alt=\"emballage en nid d&#039;abeilles papier kraft emballage en nid d&#039;abeilles papier matelass\u00e9 emballage \u00e0 bulles respectueux de l&#039;environnement\" width=\"1272\" height=\"1272\" srcset=\"https:\/\/reanpackaging.com\/wp-content\/uploads\/2023\/09\/h-description-Honeycomb-Packaging-Wrap-Kraft-Paper-Honeycomb-Paper-Wrap-Cushioning-Eco-Friendly-Bubble-Cushion-Wrap-300x300.jpg 300w, https:\/\/reanpackaging.com\/wp-content\/uploads\/2023\/09\/h-description-Honeycomb-Packaging-Wrap-Kraft-Paper-Honeycomb-Paper-Wrap-Cushioning-Eco-Friendly-Bubble-Cushion-Wrap-150x150.jpg 150w, https:\/\/reanpackaging.com\/wp-content\/uploads\/2023\/09\/h-description-Honeycomb-Packaging-Wrap-Kraft-Paper-Honeycomb-Paper-Wrap-Cushioning-Eco-Friendly-Bubble-Cushion-Wrap-768x768.jpg 768w, https:\/\/reanpackaging.com\/wp-content\/uploads\/2023\/09\/h-description-Honeycomb-Packaging-Wrap-Kraft-Paper-Honeycomb-Paper-Wrap-Cushioning-Eco-Friendly-Bubble-Cushion-Wrap-600x600.jpg 600w, https:\/\/reanpackaging.com\/wp-content\/uploads\/2023\/09\/h-description-Honeycomb-Packaging-Wrap-Kraft-Paper-Honeycomb-Paper-Wrap-Cushioning-Eco-Friendly-Bubble-Cushion-Wrap-100x100.jpg 100w, https:\/\/reanpackaging.com\/wp-content\/uploads\/2023\/09\/h-description-Honeycomb-Packaging-Wrap-Kraft-Paper-Honeycomb-Paper-Wrap-Cushioning-Eco-Friendly-Bubble-Cushion-Wrap.jpg 1000w\" sizes=\"(max-width: 1272px) 100vw, 1272px\" \/><\/p>","protected":false},"excerpt":{"rendered":"<p>Industry-Specific Attributes Industrial Use Gift &amp; Craft Paper Type Craft Paper Feature Recycled Materials Other Attributes Pulp Material Wood Pulp Pulp Style Virgin Pulping Type Chemical Pulp Place of Origin China Brand Name Xinxiangyang pack Model Number HP50080250 Coating Uncoated Compatible Printing Offset printing Custom Order Accept Use Gift Wrapping Paper Product name Wrapping Paper [&hellip;]<\/p>\n","protected":false},"featured_media":6816,"template":"","meta":{"_seopress_robots_primary_cat":"none","_seopress_titles_title":"","_seopress_titles_desc":"","_seopress_robots_index":"","site-sidebar-layout":"default","site-content-layout":"default","ast-site-content-layout":"default","site-content-style":"default","site-sidebar-style":"default","ast-global-header-display":"","ast-banner-title-visibility":"","ast-main-header-display":"","ast-hfb-above-header-display":"","ast-hfb-below-header-display":"","ast-hfb-mobile-header-display":"","site-post-title":"","ast-breadcrumbs-content":"","ast-featured-img":"","footer-sml-layout":"","ast-disable-related-posts":"","theme-transparent-header-meta":"default","adv-header-id-meta":"","stick-header-meta":"default","header-above-stick-meta":"","header-main-stick-meta":"","header-below-stick-meta":"","astra-migrate-meta-layouts":"default","ast-page-background-enabled":"default","ast-page-background-meta":{"desktop":{"background-color":"","background-image":"","background-repeat":"repeat","background-position":"center center","background-size":"auto","background-attachment":"scroll","background-type":"","background-media":"","overlay-type":"","overlay-color":"","overlay-opacity":"","overlay-gradient":""},"tablet":{"background-color":"","background-image":"","background-repeat":"repeat","background-position":"center center","background-size":"auto","background-attachment":"scroll","background-type":"","background-media":"","overlay-type":"","overlay-color":"","overlay-opacity":"","overlay-gradient":""},"mobile":{"background-color":"","background-image":"","background-repeat":"repeat","background-position":"center center","background-size":"auto","background-attachment":"scroll","background-type":"","background-media":"","overlay-type":"","overlay-color":"","overlay-opacity":"","overlay-gradient":""}},"ast-content-background-meta":{"desktop":{"background-color":"var(--ast-global-color-5)","background-image":"","background-repeat":"repeat","background-position":"center center","background-size":"auto","background-attachment":"scroll","background-type":"","background-media":"","overlay-type":"","overlay-color":"","overlay-opacity":"","overlay-gradient":""},"tablet":{"background-color":"var(--ast-global-color-5)","background-image":"","background-repeat":"repeat","background-position":"center center","background-size":"auto","background-attachment":"scroll","background-type":"","background-media":"","overlay-type":"","overlay-color":"","overlay-opacity":"","overlay-gradient":""},"mobile":{"background-color":"var(--ast-global-color-5)","background-image":"","background-repeat":"repeat","background-position":"center center","background-size":"auto","background-attachment":"scroll","background-type":"","background-media":"","overlay-type":"","overlay-color":"","overlay-opacity":"","overlay-gradient":""}}},"product_brand":[],"product_cat":[45],"product_tag":[],"class_list":{"0":"post-6908","1":"product","2":"type-product","3":"status-publish","4":"has-post-thumbnail","6":"product_cat-bubble-wrap","7":"desktop-align-left","8":"tablet-align-left","9":"mobile-align-left","10":"ast-product-gallery-layout-horizontal","11":"ast-product-tabs-layout-horizontal","13":"first","14":"instock","15":"purchasable","16":"product-type-simple"},"_links":{"self":[{"href":"https:\/\/reanpackaging.com\/fr\/wp-json\/wp\/v2\/product\/6908","targetHints":{"allow":["GET"]}}],"collection":[{"href":"https:\/\/reanpackaging.com\/fr\/wp-json\/wp\/v2\/product"}],"about":[{"href":"https:\/\/reanpackaging.com\/fr\/wp-json\/wp\/v2\/types\/product"}],"wp:featuredmedia":[{"embeddable":true,"href":"https:\/\/reanpackaging.com\/fr\/wp-json\/wp\/v2\/media\/6816"}],"wp:attachment":[{"href":"https:\/\/reanpackaging.com\/fr\/wp-json\/wp\/v2\/media?parent=6908"}],"wp:term":[{"taxonomy":"product_brand","embeddable":true,"href":"https:\/\/reanpackaging.com\/fr\/wp-json\/wp\/v2\/product_brand?post=6908"},{"taxonomy":"product_cat","embeddable":true,"href":"https:\/\/reanpackaging.com\/fr\/wp-json\/wp\/v2\/product_cat?post=6908"},{"taxonomy":"product_tag","embeddable":true,"href":"https:\/\/reanpackaging.com\/fr\/wp-json\/wp\/v2\/product_tag?post=6908"}],"curies":[{"name":"wp","href":"https:\/\/api.w.org\/{rel}","templated":true}]}}