{"id":6911,"date":"2023-09-21T13:22:09","date_gmt":"2023-09-21T13:22:09","guid":{"rendered":"http:\/\/ibn.wyd.mybluehost.me\/reanpackaging.com\/product\/custom-eco-friendly-recycled-large-shipping-pink-bubble-mailer-poly-wrap-with-logo-design-padded-envelopes-mailing-bags\/"},"modified":"2024-10-01T16:58:44","modified_gmt":"2024-10-01T16:58:44","slug":"custom-eco-friendly-recycled-large-shipping-pink-bubble-mailer-poly-wrap-with-logo-design-padded-envelopes-mailing-bags","status":"publish","type":"product","link":"https:\/\/reanpackaging.com\/fr\/produit\/enveloppes-a-bulles-dexpedition-roses-recyclees-avec-logo-enveloppes-matelassees-sacs-dexpedition-personnalises-ecologiques\/","title":{"rendered":"Enveloppe \u00e0 bulles d'air rose recycl\u00e9e avec logo enveloppes matelass\u00e9es sacs d'exp\u00e9dition personnalis\u00e9s"},"content":{"rendered":"<h4>Attributs sp\u00e9cifiques \u00e0 l'industrie<\/h4>\n<table border=\"1\">\n<tbody>\n<tr>\n<td><strong>Mat\u00e9riau<\/strong><\/td>\n<td>POLY<\/td>\n<\/tr>\n<\/tbody>\n<\/table>\n<h4>Autres attributs<\/h4>\n<table border=\"1\">\n<tbody>\n<tr>\n<td><strong>Utilisation industrielle<\/strong><\/td>\n<td>Chaussures et v\u00eatements<\/td>\n<\/tr>\n<tr>\n<td><strong>Mat\u00e9riau<\/strong><\/td>\n<td>Enveloppe en poly\u00e9thyl\u00e8ne, PE<\/td>\n<\/tr>\n<tr>\n<td><strong>Nom du produit<\/strong><\/td>\n<td>Sac d'affranchissement<\/td>\n<\/tr>\n<tr>\n<td><strong>Utilisation<\/strong><\/td>\n<td>Emballage de protection Emballage de livraison<\/td>\n<\/tr>\n<tr>\n<td><strong>Taille<\/strong><\/td>\n<td>Taille personnalis\u00e9e<\/td>\n<\/tr>\n<tr>\n<td><strong>Couleur<\/strong><\/td>\n<td>Pantone\/CMYK<\/td>\n<\/tr>\n<tr>\n<td><strong>Logo<\/strong><\/td>\n<td>Accepte les logos personnalis\u00e9s<\/td>\n<\/tr>\n<tr>\n<td><strong>\u00c9paisseur<\/strong><\/td>\n<td>0,1-0,5 mm<\/td>\n<\/tr>\n<tr>\n<td><strong>Impression<\/strong><\/td>\n<td>Impression d\u00e9cal\u00e9e<\/td>\n<\/tr>\n<tr>\n<td><strong>Conception<\/strong><\/td>\n<td>Service fourni<\/td>\n<\/tr>\n<tr>\n<td><strong>MOQ<\/strong><\/td>\n<td>100pcs<\/td>\n<\/tr>\n<\/tbody>\n<\/table>\n<p><img fetchpriority=\"high\" decoding=\"async\" class=\"alignnone wp-image-7036\" src=\"http:\/\/ibn.wyd.mybluehost.me\/reanpackaging.com\/wp-content\/uploads\/2023\/09\/a-description-Custom-Eco-Friendly-Recycled-Large-Shipping-Pink-Bubble-Mailer-Poly-Wrap-With-Logo-Design-Padded-Envelopes-Mailing-Bags-1-226x300.jpg\" alt=\"enveloppes \u00e0 bulles d&#039;exp\u00e9dition roses recycl\u00e9es avec logo enveloppes matelass\u00e9es sacs d&#039;exp\u00e9dition personnalis\u00e9s \u00e9cologiques\" width=\"1301\" height=\"1727\" srcset=\"https:\/\/reanpackaging.com\/wp-content\/uploads\/2023\/09\/a-description-Custom-Eco-Friendly-Recycled-Large-Shipping-Pink-Bubble-Mailer-Poly-Wrap-With-Logo-Design-Padded-Envelopes-Mailing-Bags-1-226x300.jpg 226w, https:\/\/reanpackaging.com\/wp-content\/uploads\/2023\/09\/a-description-Custom-Eco-Friendly-Recycled-Large-Shipping-Pink-Bubble-Mailer-Poly-Wrap-With-Logo-Design-Padded-Envelopes-Mailing-Bags-1-600x795.jpg 600w\" sizes=\"(max-width: 1301px) 100vw, 1301px\" \/><\/p>\n<p>&nbsp;<\/p>\n<p><img decoding=\"async\" class=\"alignnone wp-image-7039\" src=\"http:\/\/ibn.wyd.mybluehost.me\/reanpackaging.com\/wp-content\/uploads\/2023\/09\/c-description-Custom-Eco-Friendly-Recycled-Large-Shipping-Pink-Bubble-Mailer-Poly-Wrap-With-Logo-Design-Padded-Envelopes-Mailing-Bags-1-149x300.jpg\" alt=\"enveloppes \u00e0 bulles d&#039;exp\u00e9dition roses recycl\u00e9es avec logo enveloppes matelass\u00e9es sacs d&#039;exp\u00e9dition personnalis\u00e9s \u00e9cologiques\" width=\"1291\" height=\"2599\" srcset=\"https:\/\/reanpackaging.com\/wp-content\/uploads\/2023\/09\/c-description-Custom-Eco-Friendly-Recycled-Large-Shipping-Pink-Bubble-Mailer-Poly-Wrap-With-Logo-Design-Padded-Envelopes-Mailing-Bags-1-149x300.jpg 149w, https:\/\/reanpackaging.com\/wp-content\/uploads\/2023\/09\/c-description-Custom-Eco-Friendly-Recycled-Large-Shipping-Pink-Bubble-Mailer-Poly-Wrap-With-Logo-Design-Padded-Envelopes-Mailing-Bags-1-508x1024.jpg 508w, https:\/\/reanpackaging.com\/wp-content\/uploads\/2023\/09\/c-description-Custom-Eco-Friendly-Recycled-Large-Shipping-Pink-Bubble-Mailer-Poly-Wrap-With-Logo-Design-Padded-Envelopes-Mailing-Bags-1-600x1209.jpg 600w, https:\/\/reanpackaging.com\/wp-content\/uploads\/2023\/09\/c-description-Custom-Eco-Friendly-Recycled-Large-Shipping-Pink-Bubble-Mailer-Poly-Wrap-With-Logo-Design-Padded-Envelopes-Mailing-Bags-1.jpg 750w\" sizes=\"(max-width: 1291px) 100vw, 1291px\" \/><\/p>\n<p><img decoding=\"async\" class=\"alignnone wp-image-7040\" src=\"http:\/\/ibn.wyd.mybluehost.me\/reanpackaging.com\/wp-content\/uploads\/2023\/09\/g-description-Custom-Eco-Friendly-Recycled-Large-Shipping-Pink-Bubble-Mailer-Poly-Wrap-With-Logo-Design-Padded-Envelopes-Mailing-Bags-1-156x300.jpg\" alt=\"enveloppes \u00e0 bulles d&#039;exp\u00e9dition roses recycl\u00e9es avec logo enveloppes matelass\u00e9es sacs d&#039;exp\u00e9dition personnalis\u00e9s \u00e9cologiques\" width=\"1300\" height=\"2500\" srcset=\"https:\/\/reanpackaging.com\/wp-content\/uploads\/2023\/09\/g-description-Custom-Eco-Friendly-Recycled-Large-Shipping-Pink-Bubble-Mailer-Poly-Wrap-With-Logo-Design-Padded-Envelopes-Mailing-Bags-1-156x300.jpg 156w, https:\/\/reanpackaging.com\/wp-content\/uploads\/2023\/09\/g-description-Custom-Eco-Friendly-Recycled-Large-Shipping-Pink-Bubble-Mailer-Poly-Wrap-With-Logo-Design-Padded-Envelopes-Mailing-Bags-1-533x1024.jpg 533w, https:\/\/reanpackaging.com\/wp-content\/uploads\/2023\/09\/g-description-Custom-Eco-Friendly-Recycled-Large-Shipping-Pink-Bubble-Mailer-Poly-Wrap-With-Logo-Design-Padded-Envelopes-Mailing-Bags-1-600x1153.jpg 600w, https:\/\/reanpackaging.com\/wp-content\/uploads\/2023\/09\/g-description-Custom-Eco-Friendly-Recycled-Large-Shipping-Pink-Bubble-Mailer-Poly-Wrap-With-Logo-Design-Padded-Envelopes-Mailing-Bags-1.jpg 750w\" sizes=\"(max-width: 1300px) 100vw, 1300px\" \/><\/p>","protected":false},"excerpt":{"rendered":"<p>Attributs sp\u00e9cifiques \u00e0 l'industrie Mat\u00e9riau POLY Autres attributs Usage industriel Chaussures et v\u00eatements Mat\u00e9riau Poly mailer, PE Nom du produit Sac postal Usage Protection Emballage Livraison Taille Taille personnalis\u00e9e Couleur Pantone\/CMYK Logo accept\u00e9 Logo personnalis\u00e9 Epaisseur 0,1-0,5mm Impression Offset Service de conception d'impression fourni MOQ 100pcs &nbsp;<\/p>","protected":false},"featured_media":6834,"template":"","meta":{"_seopress_robots_primary_cat":"none","_seopress_titles_title":"","_seopress_titles_desc":"","_seopress_robots_index":"","site-sidebar-layout":"default","site-content-layout":"default","ast-site-content-layout":"default","site-content-style":"default","site-sidebar-style":"default","ast-global-header-display":"","ast-banner-title-visibility":"","ast-main-header-display":"","ast-hfb-above-header-display":"","ast-hfb-below-header-display":"","ast-hfb-mobile-header-display":"","site-post-title":"","ast-breadcrumbs-content":"","ast-featured-img":"","footer-sml-layout":"","ast-disable-related-posts":"","theme-transparent-header-meta":"default","adv-header-id-meta":"","stick-header-meta":"default","header-above-stick-meta":"","header-main-stick-meta":"","header-below-stick-meta":"","astra-migrate-meta-layouts":"set","ast-page-background-enabled":"default","ast-page-background-meta":{"desktop":{"background-color":"","background-image":"","background-repeat":"repeat","background-position":"center center","background-size":"auto","background-attachment":"scroll","background-type":"","background-media":"","overlay-type":"","overlay-color":"","overlay-opacity":"","overlay-gradient":""},"tablet":{"background-color":"","background-image":"","background-repeat":"repeat","background-position":"center center","background-size":"auto","background-attachment":"scroll","background-type":"","background-media":"","overlay-type":"","overlay-color":"","overlay-opacity":"","overlay-gradient":""},"mobile":{"background-color":"","background-image":"","background-repeat":"repeat","background-position":"center center","background-size":"auto","background-attachment":"scroll","background-type":"","background-media":"","overlay-type":"","overlay-color":"","overlay-opacity":"","overlay-gradient":""}},"ast-content-background-meta":{"desktop":{"background-color":"var(--ast-global-color-5)","background-image":"","background-repeat":"repeat","background-position":"center center","background-size":"auto","background-attachment":"scroll","background-type":"","background-media":"","overlay-type":"","overlay-color":"","overlay-opacity":"","overlay-gradient":""},"tablet":{"background-color":"var(--ast-global-color-5)","background-image":"","background-repeat":"repeat","background-position":"center center","background-size":"auto","background-attachment":"scroll","background-type":"","background-media":"","overlay-type":"","overlay-color":"","overlay-opacity":"","overlay-gradient":""},"mobile":{"background-color":"var(--ast-global-color-5)","background-image":"","background-repeat":"repeat","background-position":"center center","background-size":"auto","background-attachment":"scroll","background-type":"","background-media":"","overlay-type":"","overlay-color":"","overlay-opacity":"","overlay-gradient":""}}},"product_brand":[],"product_cat":[45],"product_tag":[],"class_list":{"0":"post-6911","1":"product","2":"type-product","3":"status-publish","4":"has-post-thumbnail","6":"product_cat-bubble-wrap","7":"desktop-align-left","8":"tablet-align-left","9":"mobile-align-left","10":"ast-product-gallery-layout-horizontal","11":"ast-product-tabs-layout-horizontal","13":"first","14":"instock","15":"purchasable","16":"product-type-simple"},"_links":{"self":[{"href":"https:\/\/reanpackaging.com\/fr\/wp-json\/wp\/v2\/product\/6911","targetHints":{"allow":["GET"]}}],"collection":[{"href":"https:\/\/reanpackaging.com\/fr\/wp-json\/wp\/v2\/product"}],"about":[{"href":"https:\/\/reanpackaging.com\/fr\/wp-json\/wp\/v2\/types\/product"}],"wp:featuredmedia":[{"embeddable":true,"href":"https:\/\/reanpackaging.com\/fr\/wp-json\/wp\/v2\/media\/6834"}],"wp:attachment":[{"href":"https:\/\/reanpackaging.com\/fr\/wp-json\/wp\/v2\/media?parent=6911"}],"wp:term":[{"taxonomy":"product_brand","embeddable":true,"href":"https:\/\/reanpackaging.com\/fr\/wp-json\/wp\/v2\/product_brand?post=6911"},{"taxonomy":"product_cat","embeddable":true,"href":"https:\/\/reanpackaging.com\/fr\/wp-json\/wp\/v2\/product_cat?post=6911"},{"taxonomy":"product_tag","embeddable":true,"href":"https:\/\/reanpackaging.com\/fr\/wp-json\/wp\/v2\/product_tag?post=6911"}],"curies":[{"name":"wp","href":"https:\/\/api.w.org\/{rel}","templated":true}]}}