{"id":6919,"date":"2023-09-21T13:22:09","date_gmt":"2023-09-21T13:22:09","guid":{"rendered":"http:\/\/ibn.wyd.mybluehost.me\/reanpackaging.com\/product\/biodegradable-packaging-wrap-air-cushion-bubble-film-for-odm-oem-accept-custom-logo-color\/"},"modified":"2024-10-01T16:58:49","modified_gmt":"2024-10-01T16:58:49","slug":"biodegradable-packaging-wrap-air-cushion-bubble-film-for-odm-oem-accept-custom-logo-color","status":"publish","type":"product","link":"https:\/\/reanpackaging.com\/fr\/produit\/film-a-bulles-dair-biodegradable-pour-odm-oem-acceptant-un-logo-personnalise-couleur\/","title":{"rendered":"Film \u00e0 bulles d'air biod\u00e9gradable pour Odm Oem Acceptation du logo personnalis\u00e9 Couleur"},"content":{"rendered":"<h4>Attributs sp\u00e9cifiques \u00e0 l'industrie<\/h4>\n<table border=\"1\">\n<tbody>\n<tr>\n<td><strong>Mat\u00e9riau<\/strong><\/td>\n<td>Autres<\/td>\n<\/tr>\n<tr>\n<td><strong>Type<\/strong><\/td>\n<td>Film protecteur<\/td>\n<\/tr>\n<\/tbody>\n<\/table>\n<h4>Autres attributs<\/h4>\n<table border=\"1\">\n<tbody>\n<tr>\n<td><strong>Certificats<\/strong><\/td>\n<td>Certification CE, RoHs, PSE, MSDS, etc.<\/td>\n<\/tr>\n<tr>\n<td><strong>Usine<\/strong><\/td>\n<td>20-50 personnes<\/td>\n<\/tr>\n<tr>\n<td><strong>Service apr\u00e8s-vente<\/strong><\/td>\n<td>Garantie de l'\u00e9quipement, conseils techniques professionnels<\/td>\n<\/tr>\n<tr>\n<td><strong>Produits sp\u00e9ciaux<\/strong><\/td>\n<td>Faible bruit, haute pr\u00e9cision<\/td>\n<\/tr>\n<tr>\n<td><strong>Points d'innovation<\/strong><\/td>\n<td>Contr\u00f4le intelligent<\/td>\n<\/tr>\n<tr>\n<td><strong>Assurance qualit\u00e9<\/strong><\/td>\n<td>Essai de traction, testeur de pression n\u00e9gative, essai de limite de pression par gravit\u00e9<\/td>\n<\/tr>\n<tr>\n<td><strong>Recherche et d\u00e9veloppement<\/strong><\/td>\n<td>5 concepteurs professionnels<\/td>\n<\/tr>\n<tr>\n<td><strong>Service d'assemblage<\/strong><\/td>\n<td>Ligne d'assemblage pour 10 \u00e0 20 personnes<\/td>\n<\/tr>\n<tr>\n<td><strong>Ligne de production<\/strong><\/td>\n<td>25 machines \u00e0 fabriquer des sacs<\/td>\n<\/tr>\n<tr>\n<td><strong>R\u00e9sistance de l'usine<\/strong><\/td>\n<td>R\u00e9sistance d\u00e9cennale de l'usine<\/td>\n<\/tr>\n<\/tbody>\n<\/table>\n<p><img fetchpriority=\"high\" decoding=\"async\" class=\"alignnone  wp-image-7097\" src=\"http:\/\/ibn.wyd.mybluehost.me\/reanpackaging.com\/wp-content\/uploads\/2023\/09\/a-description-Biodegradable-Packaging-Wrap-Air-Cushion-Bubble-Film-For-Odm-Oem-Accept-Custom-Logo-Color-1-300x285.jpg\" alt=\"film \u00e0 bulles d&#039;air biod\u00e9gradable pour odm oem acceptant un logo personnalis\u00e9 couleur\" width=\"1302\" height=\"1237\" srcset=\"https:\/\/reanpackaging.com\/wp-content\/uploads\/2023\/09\/a-description-Biodegradable-Packaging-Wrap-Air-Cushion-Bubble-Film-For-Odm-Oem-Accept-Custom-Logo-Color-1-300x285.jpg 300w, https:\/\/reanpackaging.com\/wp-content\/uploads\/2023\/09\/a-description-Biodegradable-Packaging-Wrap-Air-Cushion-Bubble-Film-For-Odm-Oem-Accept-Custom-Logo-Color-1-600x570.jpg 600w, https:\/\/reanpackaging.com\/wp-content\/uploads\/2023\/09\/a-description-Biodegradable-Packaging-Wrap-Air-Cushion-Bubble-Film-For-Odm-Oem-Accept-Custom-Logo-Color-1.jpg 750w\" sizes=\"(max-width: 1302px) 100vw, 1302px\" \/><\/p>\n<p><img decoding=\"async\" class=\"alignnone  wp-image-7098\" src=\"http:\/\/ibn.wyd.mybluehost.me\/reanpackaging.com\/wp-content\/uploads\/2023\/09\/b-description-Biodegradable-Packaging-Wrap-Air-Cushion-Bubble-Film-For-Odm-Oem-Accept-Custom-Logo-Color-1.jpg\" alt=\"film \u00e0 bulles d&#039;air biod\u00e9gradable pour odm oem acceptant un logo personnalis\u00e9 couleur\" width=\"1302\" height=\"1302\" srcset=\"https:\/\/reanpackaging.com\/wp-content\/uploads\/2023\/09\/b-description-Biodegradable-Packaging-Wrap-Air-Cushion-Bubble-Film-For-Odm-Oem-Accept-Custom-Logo-Color-1.jpg 245w, https:\/\/reanpackaging.com\/wp-content\/uploads\/2023\/09\/b-description-Biodegradable-Packaging-Wrap-Air-Cushion-Bubble-Film-For-Odm-Oem-Accept-Custom-Logo-Color-1-150x150.jpg 150w, https:\/\/reanpackaging.com\/wp-content\/uploads\/2023\/09\/b-description-Biodegradable-Packaging-Wrap-Air-Cushion-Bubble-Film-For-Odm-Oem-Accept-Custom-Logo-Color-1-100x100.jpg 100w\" sizes=\"(max-width: 1302px) 100vw, 1302px\" \/><\/p>\n<p><img decoding=\"async\" class=\"alignnone  wp-image-7099\" src=\"http:\/\/ibn.wyd.mybluehost.me\/reanpackaging.com\/wp-content\/uploads\/2023\/09\/c-description-Biodegradable-Packaging-Wrap-Air-Cushion-Bubble-Film-For-Odm-Oem-Accept-Custom-Logo-Color-1.jpg\" alt=\"film \u00e0 bulles d&#039;air biod\u00e9gradable pour odm oem acceptant un logo personnalis\u00e9 couleur\" width=\"1300\" height=\"1300\" srcset=\"https:\/\/reanpackaging.com\/wp-content\/uploads\/2023\/09\/c-description-Biodegradable-Packaging-Wrap-Air-Cushion-Bubble-Film-For-Odm-Oem-Accept-Custom-Logo-Color-1.jpg 245w, https:\/\/reanpackaging.com\/wp-content\/uploads\/2023\/09\/c-description-Biodegradable-Packaging-Wrap-Air-Cushion-Bubble-Film-For-Odm-Oem-Accept-Custom-Logo-Color-1-150x150.jpg 150w, https:\/\/reanpackaging.com\/wp-content\/uploads\/2023\/09\/c-description-Biodegradable-Packaging-Wrap-Air-Cushion-Bubble-Film-For-Odm-Oem-Accept-Custom-Logo-Color-1-100x100.jpg 100w\" sizes=\"(max-width: 1300px) 100vw, 1300px\" \/><\/p>\n<p><img loading=\"lazy\" decoding=\"async\" class=\"alignnone  wp-image-7100\" src=\"http:\/\/ibn.wyd.mybluehost.me\/reanpackaging.com\/wp-content\/uploads\/2023\/09\/d-description-Biodegradable-Packaging-Wrap-Air-Cushion-Bubble-Film-For-Odm-Oem-Accept-Custom-Logo-Color-1.jpg\" alt=\"film \u00e0 bulles d&#039;air biod\u00e9gradable pour odm oem acceptant un logo personnalis\u00e9 couleur\" width=\"1301\" height=\"1301\" srcset=\"https:\/\/reanpackaging.com\/wp-content\/uploads\/2023\/09\/d-description-Biodegradable-Packaging-Wrap-Air-Cushion-Bubble-Film-For-Odm-Oem-Accept-Custom-Logo-Color-1.jpg 245w, https:\/\/reanpackaging.com\/wp-content\/uploads\/2023\/09\/d-description-Biodegradable-Packaging-Wrap-Air-Cushion-Bubble-Film-For-Odm-Oem-Accept-Custom-Logo-Color-1-150x150.jpg 150w, https:\/\/reanpackaging.com\/wp-content\/uploads\/2023\/09\/d-description-Biodegradable-Packaging-Wrap-Air-Cushion-Bubble-Film-For-Odm-Oem-Accept-Custom-Logo-Color-1-100x100.jpg 100w\" sizes=\"(max-width: 1301px) 100vw, 1301px\" \/><\/p>\n<p><img loading=\"lazy\" decoding=\"async\" class=\"alignnone  wp-image-7101\" src=\"http:\/\/ibn.wyd.mybluehost.me\/reanpackaging.com\/wp-content\/uploads\/2023\/09\/e-description-Biodegradable-Packaging-Wrap-Air-Cushion-Bubble-Film-For-Odm-Oem-Accept-Custom-Logo-Color-1-300x184.jpg\" alt=\"film \u00e0 bulles d&#039;air biod\u00e9gradable pour odm oem acceptant un logo personnalis\u00e9 couleur\" width=\"1303\" height=\"799\" srcset=\"https:\/\/reanpackaging.com\/wp-content\/uploads\/2023\/09\/e-description-Biodegradable-Packaging-Wrap-Air-Cushion-Bubble-Film-For-Odm-Oem-Accept-Custom-Logo-Color-1-300x184.jpg 300w, https:\/\/reanpackaging.com\/wp-content\/uploads\/2023\/09\/e-description-Biodegradable-Packaging-Wrap-Air-Cushion-Bubble-Film-For-Odm-Oem-Accept-Custom-Logo-Color-1-600x368.jpg 600w, https:\/\/reanpackaging.com\/wp-content\/uploads\/2023\/09\/e-description-Biodegradable-Packaging-Wrap-Air-Cushion-Bubble-Film-For-Odm-Oem-Accept-Custom-Logo-Color-1.jpg 750w\" sizes=\"(max-width: 1303px) 100vw, 1303px\" \/><\/p>","protected":false},"excerpt":{"rendered":"<p>Industry-Specific Attributes Material Other Type Protective Film Other Attributes Certificates CE certification,RoHs,PSE,MSDS, etc. Factory 20-50people After-sales service Equipment warranty, professional technical guidance Special products Low noise, high precision Innovation points Intelligent control Quality assurance Tensile test, negative pressure tester, gravity pressure limit test Research and development 5 professional designers Assembly department Assembly line for 10-20 [&hellip;]<\/p>\n","protected":false},"featured_media":6884,"template":"","meta":{"_seopress_robots_primary_cat":"none","_seopress_titles_title":"","_seopress_titles_desc":"","_seopress_robots_index":"","site-sidebar-layout":"default","site-content-layout":"default","ast-site-content-layout":"default","site-content-style":"default","site-sidebar-style":"default","ast-global-header-display":"","ast-banner-title-visibility":"","ast-main-header-display":"","ast-hfb-above-header-display":"","ast-hfb-below-header-display":"","ast-hfb-mobile-header-display":"","site-post-title":"","ast-breadcrumbs-content":"","ast-featured-img":"","footer-sml-layout":"","ast-disable-related-posts":"","theme-transparent-header-meta":"default","adv-header-id-meta":"","stick-header-meta":"default","header-above-stick-meta":"","header-main-stick-meta":"","header-below-stick-meta":"","astra-migrate-meta-layouts":"set","ast-page-background-enabled":"default","ast-page-background-meta":{"desktop":{"background-color":"","background-image":"","background-repeat":"repeat","background-position":"center center","background-size":"auto","background-attachment":"scroll","background-type":"","background-media":"","overlay-type":"","overlay-color":"","overlay-opacity":"","overlay-gradient":""},"tablet":{"background-color":"","background-image":"","background-repeat":"repeat","background-position":"center center","background-size":"auto","background-attachment":"scroll","background-type":"","background-media":"","overlay-type":"","overlay-color":"","overlay-opacity":"","overlay-gradient":""},"mobile":{"background-color":"","background-image":"","background-repeat":"repeat","background-position":"center center","background-size":"auto","background-attachment":"scroll","background-type":"","background-media":"","overlay-type":"","overlay-color":"","overlay-opacity":"","overlay-gradient":""}},"ast-content-background-meta":{"desktop":{"background-color":"var(--ast-global-color-5)","background-image":"","background-repeat":"repeat","background-position":"center center","background-size":"auto","background-attachment":"scroll","background-type":"","background-media":"","overlay-type":"","overlay-color":"","overlay-opacity":"","overlay-gradient":""},"tablet":{"background-color":"var(--ast-global-color-5)","background-image":"","background-repeat":"repeat","background-position":"center center","background-size":"auto","background-attachment":"scroll","background-type":"","background-media":"","overlay-type":"","overlay-color":"","overlay-opacity":"","overlay-gradient":""},"mobile":{"background-color":"var(--ast-global-color-5)","background-image":"","background-repeat":"repeat","background-position":"center center","background-size":"auto","background-attachment":"scroll","background-type":"","background-media":"","overlay-type":"","overlay-color":"","overlay-opacity":"","overlay-gradient":""}}},"product_brand":[],"product_cat":[45],"product_tag":[],"class_list":{"0":"post-6919","1":"product","2":"type-product","3":"status-publish","4":"has-post-thumbnail","6":"product_cat-bubble-wrap","7":"desktop-align-left","8":"tablet-align-left","9":"mobile-align-left","10":"ast-product-gallery-layout-horizontal","11":"ast-product-tabs-layout-horizontal","13":"first","14":"instock","15":"purchasable","16":"product-type-simple"},"_links":{"self":[{"href":"https:\/\/reanpackaging.com\/fr\/wp-json\/wp\/v2\/product\/6919","targetHints":{"allow":["GET"]}}],"collection":[{"href":"https:\/\/reanpackaging.com\/fr\/wp-json\/wp\/v2\/product"}],"about":[{"href":"https:\/\/reanpackaging.com\/fr\/wp-json\/wp\/v2\/types\/product"}],"wp:featuredmedia":[{"embeddable":true,"href":"https:\/\/reanpackaging.com\/fr\/wp-json\/wp\/v2\/media\/6884"}],"wp:attachment":[{"href":"https:\/\/reanpackaging.com\/fr\/wp-json\/wp\/v2\/media?parent=6919"}],"wp:term":[{"taxonomy":"product_brand","embeddable":true,"href":"https:\/\/reanpackaging.com\/fr\/wp-json\/wp\/v2\/product_brand?post=6919"},{"taxonomy":"product_cat","embeddable":true,"href":"https:\/\/reanpackaging.com\/fr\/wp-json\/wp\/v2\/product_cat?post=6919"},{"taxonomy":"product_tag","embeddable":true,"href":"https:\/\/reanpackaging.com\/fr\/wp-json\/wp\/v2\/product_tag?post=6919"}],"curies":[{"name":"wp","href":"https:\/\/api.w.org\/{rel}","templated":true}]}}