{"id":6921,"date":"2023-09-21T13:22:09","date_gmt":"2023-09-21T13:22:09","guid":{"rendered":"http:\/\/ibn.wyd.mybluehost.me\/reanpackaging.com\/product\/shockproof-inflatable-air-column-wrap-bubble-roll-30-recyclable-material-protective-packaging-film\/"},"modified":"2024-10-01T16:58:50","modified_gmt":"2024-10-01T16:58:50","slug":"shockproof-inflatable-air-column-wrap-bubble-roll-30-recyclable-material-protective-packaging-film","status":"publish","type":"product","link":"https:\/\/reanpackaging.com\/fr\/produit\/shockproof-inflatable-air-column-wrap-bubble-roll-30-recyclable-material-protective-packaging-film\/","title":{"rendered":"Film \u00e0 bulles d'air antichocs 30% Film d'emballage protecteur recyclable"},"content":{"rendered":"<h4>Attributs sp\u00e9cifiques \u00e0 l'industrie<\/h4>\n<table border=\"1\">\n<tbody>\n<tr>\n<td><strong>Mat\u00e9riau<\/strong><\/td>\n<td>PA+PE<\/td>\n<\/tr>\n<tr>\n<td><strong>Type<\/strong><\/td>\n<td>Film protecteur<\/td>\n<\/tr>\n<\/tbody>\n<\/table>\n<h4>Autres attributs<\/h4>\n<table border=\"1\">\n<tbody>\n<tr>\n<td><strong>Nom du produit<\/strong><\/td>\n<td>Rouleau d'emballage pour colonnes d'air<\/td>\n<\/tr>\n<tr>\n<td><strong>Couleur<\/strong><\/td>\n<td>Transparent<\/td>\n<\/tr>\n<tr>\n<td><strong>\u00c9paisseur<\/strong><\/td>\n<td>60-80 microns<\/td>\n<\/tr>\n<tr>\n<td><strong>Utilisation<\/strong><\/td>\n<td>emballage de protection des coussins d'air gonflables<\/td>\n<\/tr>\n<tr>\n<td><strong>Fonctionnalit\u00e9<\/strong><\/td>\n<td>Recyclable, imperm\u00e9able<\/td>\n<\/tr>\n<tr>\n<td><strong>Taille<\/strong><\/td>\n<td>Largeur :20-120cm Longueur :300m<\/td>\n<\/tr>\n<tr>\n<td><strong>MOQ<\/strong><\/td>\n<td>1 Rouleaux<\/td>\n<\/tr>\n<tr>\n<td><strong>OEM&amp;ODM<\/strong><\/td>\n<td>Accept\u00e9<\/td>\n<\/tr>\n<tr>\n<td><strong>Contenu en nylon<\/strong><\/td>\n<td>20-25%<\/td>\n<\/tr>\n<tr>\n<td><strong>Logo<\/strong><\/td>\n<td>Accepte les logos personnalis\u00e9s<\/td>\n<\/tr>\n<\/tbody>\n<\/table>\n<p><img fetchpriority=\"high\" decoding=\"async\" class=\"alignnone wp-image-7082\" src=\"http:\/\/ibn.wyd.mybluehost.me\/reanpackaging.com\/wp-content\/uploads\/2023\/09\/a-description-Shockproof-Inflatable-Air-Column-Wrap-Bubble-Roll-30-Recyclable-Material-Protective-Packaging-Film-188x300.jpg\" alt=\"film \u00e0 bulles d&#039;air antichoc 30% mat\u00e9riau recyclable film d&#039;emballage protecteur\" width=\"1302\" height=\"2078\" srcset=\"https:\/\/reanpackaging.com\/wp-content\/uploads\/2023\/09\/a-description-Shockproof-Inflatable-Air-Column-Wrap-Bubble-Roll-30-Recyclable-Material-Protective-Packaging-Film-188x300.jpg 188w, https:\/\/reanpackaging.com\/wp-content\/uploads\/2023\/09\/a-description-Shockproof-Inflatable-Air-Column-Wrap-Bubble-Roll-30-Recyclable-Material-Protective-Packaging-Film-642x1024.jpg 642w, https:\/\/reanpackaging.com\/wp-content\/uploads\/2023\/09\/a-description-Shockproof-Inflatable-Air-Column-Wrap-Bubble-Roll-30-Recyclable-Material-Protective-Packaging-Film-768x1225.jpg 768w, https:\/\/reanpackaging.com\/wp-content\/uploads\/2023\/09\/a-description-Shockproof-Inflatable-Air-Column-Wrap-Bubble-Roll-30-Recyclable-Material-Protective-Packaging-Film-600x957.jpg 600w, https:\/\/reanpackaging.com\/wp-content\/uploads\/2023\/09\/a-description-Shockproof-Inflatable-Air-Column-Wrap-Bubble-Roll-30-Recyclable-Material-Protective-Packaging-Film.jpg 800w\" sizes=\"(max-width: 1302px) 100vw, 1302px\" \/><\/p>\n<p><img decoding=\"async\" class=\"alignnone wp-image-7085\" src=\"http:\/\/ibn.wyd.mybluehost.me\/reanpackaging.com\/wp-content\/uploads\/2023\/09\/b-description-Shockproof-Inflatable-Air-Column-Wrap-Bubble-Roll-30-Recyclable-Material-Protective-Packaging-Film-300x300.jpg\" alt=\"film \u00e0 bulles d&#039;air antichoc 30% mat\u00e9riau recyclable film d&#039;emballage protecteur\" width=\"1302\" height=\"1302\" srcset=\"https:\/\/reanpackaging.com\/wp-content\/uploads\/2023\/09\/b-description-Shockproof-Inflatable-Air-Column-Wrap-Bubble-Roll-30-Recyclable-Material-Protective-Packaging-Film-300x300.jpg 300w, https:\/\/reanpackaging.com\/wp-content\/uploads\/2023\/09\/b-description-Shockproof-Inflatable-Air-Column-Wrap-Bubble-Roll-30-Recyclable-Material-Protective-Packaging-Film-150x150.jpg 150w, https:\/\/reanpackaging.com\/wp-content\/uploads\/2023\/09\/b-description-Shockproof-Inflatable-Air-Column-Wrap-Bubble-Roll-30-Recyclable-Material-Protective-Packaging-Film-768x768.jpg 768w, https:\/\/reanpackaging.com\/wp-content\/uploads\/2023\/09\/b-description-Shockproof-Inflatable-Air-Column-Wrap-Bubble-Roll-30-Recyclable-Material-Protective-Packaging-Film-600x600.jpg 600w, https:\/\/reanpackaging.com\/wp-content\/uploads\/2023\/09\/b-description-Shockproof-Inflatable-Air-Column-Wrap-Bubble-Roll-30-Recyclable-Material-Protective-Packaging-Film-100x100.jpg 100w, https:\/\/reanpackaging.com\/wp-content\/uploads\/2023\/09\/b-description-Shockproof-Inflatable-Air-Column-Wrap-Bubble-Roll-30-Recyclable-Material-Protective-Packaging-Film.jpg 800w\" sizes=\"(max-width: 1302px) 100vw, 1302px\" \/><\/p>\n<p><img decoding=\"async\" class=\"alignnone wp-image-7087\" src=\"http:\/\/ibn.wyd.mybluehost.me\/reanpackaging.com\/wp-content\/uploads\/2023\/09\/c-description-Shockproof-Inflatable-Air-Column-Wrap-Bubble-Roll-30-Recyclable-Material-Protective-Packaging-Film-232x300.jpg\" alt=\"film \u00e0 bulles d&#039;air antichoc 30% mat\u00e9riau recyclable film d&#039;emballage protecteur\" width=\"1303\" height=\"1685\" srcset=\"https:\/\/reanpackaging.com\/wp-content\/uploads\/2023\/09\/c-description-Shockproof-Inflatable-Air-Column-Wrap-Bubble-Roll-30-Recyclable-Material-Protective-Packaging-Film-232x300.jpg 232w, https:\/\/reanpackaging.com\/wp-content\/uploads\/2023\/09\/c-description-Shockproof-Inflatable-Air-Column-Wrap-Bubble-Roll-30-Recyclable-Material-Protective-Packaging-Film-792x1024.jpg 792w, https:\/\/reanpackaging.com\/wp-content\/uploads\/2023\/09\/c-description-Shockproof-Inflatable-Air-Column-Wrap-Bubble-Roll-30-Recyclable-Material-Protective-Packaging-Film-768x993.jpg 768w, https:\/\/reanpackaging.com\/wp-content\/uploads\/2023\/09\/c-description-Shockproof-Inflatable-Air-Column-Wrap-Bubble-Roll-30-Recyclable-Material-Protective-Packaging-Film-600x776.jpg 600w, https:\/\/reanpackaging.com\/wp-content\/uploads\/2023\/09\/c-description-Shockproof-Inflatable-Air-Column-Wrap-Bubble-Roll-30-Recyclable-Material-Protective-Packaging-Film.jpg 800w\" sizes=\"(max-width: 1303px) 100vw, 1303px\" \/><\/p>\n<p><img loading=\"lazy\" decoding=\"async\" class=\"alignnone wp-image-7089\" src=\"http:\/\/ibn.wyd.mybluehost.me\/reanpackaging.com\/wp-content\/uploads\/2023\/09\/d-description-Shockproof-Inflatable-Air-Column-Wrap-Bubble-Roll-30-Recyclable-Material-Protective-Packaging-Film-234x300.jpg\" alt=\"film \u00e0 bulles d&#039;air antichoc 30% mat\u00e9riau recyclable film d&#039;emballage protecteur\" width=\"1301\" height=\"1668\" srcset=\"https:\/\/reanpackaging.com\/wp-content\/uploads\/2023\/09\/d-description-Shockproof-Inflatable-Air-Column-Wrap-Bubble-Roll-30-Recyclable-Material-Protective-Packaging-Film-234x300.jpg 234w, https:\/\/reanpackaging.com\/wp-content\/uploads\/2023\/09\/d-description-Shockproof-Inflatable-Air-Column-Wrap-Bubble-Roll-30-Recyclable-Material-Protective-Packaging-Film-600x768.jpg 600w\" sizes=\"(max-width: 1301px) 100vw, 1301px\" \/><\/p>\n<p>&nbsp;<\/p>\n<p><img loading=\"lazy\" decoding=\"async\" class=\"alignnone wp-image-7091\" src=\"http:\/\/ibn.wyd.mybluehost.me\/reanpackaging.com\/wp-content\/uploads\/2023\/09\/f-description-Shockproof-Inflatable-Air-Column-Wrap-Bubble-Roll-30-Recyclable-Material-Protective-Packaging-Film-197x300.jpg\" alt=\"film \u00e0 bulles d&#039;air antichoc 30% mat\u00e9riau recyclable film d&#039;emballage protecteur\" width=\"1303\" height=\"1984\" srcset=\"https:\/\/reanpackaging.com\/wp-content\/uploads\/2023\/09\/f-description-Shockproof-Inflatable-Air-Column-Wrap-Bubble-Roll-30-Recyclable-Material-Protective-Packaging-Film-197x300.jpg 197w, https:\/\/reanpackaging.com\/wp-content\/uploads\/2023\/09\/f-description-Shockproof-Inflatable-Air-Column-Wrap-Bubble-Roll-30-Recyclable-Material-Protective-Packaging-Film-672x1024.jpg 672w, https:\/\/reanpackaging.com\/wp-content\/uploads\/2023\/09\/f-description-Shockproof-Inflatable-Air-Column-Wrap-Bubble-Roll-30-Recyclable-Material-Protective-Packaging-Film-768x1170.jpg 768w, https:\/\/reanpackaging.com\/wp-content\/uploads\/2023\/09\/f-description-Shockproof-Inflatable-Air-Column-Wrap-Bubble-Roll-30-Recyclable-Material-Protective-Packaging-Film-600x914.jpg 600w, https:\/\/reanpackaging.com\/wp-content\/uploads\/2023\/09\/f-description-Shockproof-Inflatable-Air-Column-Wrap-Bubble-Roll-30-Recyclable-Material-Protective-Packaging-Film.jpg 800w\" sizes=\"(max-width: 1303px) 100vw, 1303px\" \/><\/p>\n<p><img loading=\"lazy\" decoding=\"async\" class=\"alignnone wp-image-7092\" src=\"http:\/\/ibn.wyd.mybluehost.me\/reanpackaging.com\/wp-content\/uploads\/2023\/09\/g-description-Shockproof-Inflatable-Air-Column-Wrap-Bubble-Roll-30-Recyclable-Material-Protective-Packaging-Film-257x300.jpg\" alt=\"film \u00e0 bulles d&#039;air antichoc 30% mat\u00e9riau recyclable film d&#039;emballage protecteur\" width=\"1305\" height=\"1523\" srcset=\"https:\/\/reanpackaging.com\/wp-content\/uploads\/2023\/09\/g-description-Shockproof-Inflatable-Air-Column-Wrap-Bubble-Roll-30-Recyclable-Material-Protective-Packaging-Film-257x300.jpg 257w, https:\/\/reanpackaging.com\/wp-content\/uploads\/2023\/09\/g-description-Shockproof-Inflatable-Air-Column-Wrap-Bubble-Roll-30-Recyclable-Material-Protective-Packaging-Film-600x701.jpg 600w, https:\/\/reanpackaging.com\/wp-content\/uploads\/2023\/09\/g-description-Shockproof-Inflatable-Air-Column-Wrap-Bubble-Roll-30-Recyclable-Material-Protective-Packaging-Film.jpg 800w\" sizes=\"(max-width: 1305px) 100vw, 1305px\" \/><\/p>","protected":false},"excerpt":{"rendered":"<p>Attributs sp\u00e9cifiques \u00e0 l'industrie Mat\u00e9riau PA+PE Type de film de protection Autres attributs Nom du produit Rouleau d'emballage pour colonnes d'air Couleur transparente \u00c9paisseur 60-80 microns Usage Emballage de protection des coussins d'air gonflables Caract\u00e9ristique Recyclable, \u00c9tanche Taille Largeur :20-120cm Longueur:300m MOQ 1 Rouleau OEM&amp;ODM accept\u00e9s Teneur en nylon 20-25% Logo accept\u00e9 Logo personnalis\u00e9 &nbsp;<\/p>","protected":false},"featured_media":6895,"template":"","meta":{"_seopress_robots_primary_cat":"none","_seopress_titles_title":"","_seopress_titles_desc":"","_seopress_robots_index":"","site-sidebar-layout":"default","site-content-layout":"default","ast-site-content-layout":"default","site-content-style":"default","site-sidebar-style":"default","ast-global-header-display":"","ast-banner-title-visibility":"","ast-main-header-display":"","ast-hfb-above-header-display":"","ast-hfb-below-header-display":"","ast-hfb-mobile-header-display":"","site-post-title":"","ast-breadcrumbs-content":"","ast-featured-img":"","footer-sml-layout":"","ast-disable-related-posts":"","theme-transparent-header-meta":"default","adv-header-id-meta":"","stick-header-meta":"default","header-above-stick-meta":"","header-main-stick-meta":"","header-below-stick-meta":"","astra-migrate-meta-layouts":"set","ast-page-background-enabled":"default","ast-page-background-meta":{"desktop":{"background-color":"","background-image":"","background-repeat":"repeat","background-position":"center center","background-size":"auto","background-attachment":"scroll","background-type":"","background-media":"","overlay-type":"","overlay-color":"","overlay-opacity":"","overlay-gradient":""},"tablet":{"background-color":"","background-image":"","background-repeat":"repeat","background-position":"center center","background-size":"auto","background-attachment":"scroll","background-type":"","background-media":"","overlay-type":"","overlay-color":"","overlay-opacity":"","overlay-gradient":""},"mobile":{"background-color":"","background-image":"","background-repeat":"repeat","background-position":"center center","background-size":"auto","background-attachment":"scroll","background-type":"","background-media":"","overlay-type":"","overlay-color":"","overlay-opacity":"","overlay-gradient":""}},"ast-content-background-meta":{"desktop":{"background-color":"var(--ast-global-color-5)","background-image":"","background-repeat":"repeat","background-position":"center center","background-size":"auto","background-attachment":"scroll","background-type":"","background-media":"","overlay-type":"","overlay-color":"","overlay-opacity":"","overlay-gradient":""},"tablet":{"background-color":"var(--ast-global-color-5)","background-image":"","background-repeat":"repeat","background-position":"center center","background-size":"auto","background-attachment":"scroll","background-type":"","background-media":"","overlay-type":"","overlay-color":"","overlay-opacity":"","overlay-gradient":""},"mobile":{"background-color":"var(--ast-global-color-5)","background-image":"","background-repeat":"repeat","background-position":"center center","background-size":"auto","background-attachment":"scroll","background-type":"","background-media":"","overlay-type":"","overlay-color":"","overlay-opacity":"","overlay-gradient":""}}},"product_brand":[],"product_cat":[45],"product_tag":[],"class_list":{"0":"post-6921","1":"product","2":"type-product","3":"status-publish","4":"has-post-thumbnail","6":"product_cat-bubble-wrap","7":"desktop-align-left","8":"tablet-align-left","9":"mobile-align-left","10":"ast-product-gallery-layout-horizontal","11":"ast-product-tabs-layout-horizontal","13":"first","14":"instock","15":"purchasable","16":"product-type-simple"},"_links":{"self":[{"href":"https:\/\/reanpackaging.com\/fr\/wp-json\/wp\/v2\/product\/6921","targetHints":{"allow":["GET"]}}],"collection":[{"href":"https:\/\/reanpackaging.com\/fr\/wp-json\/wp\/v2\/product"}],"about":[{"href":"https:\/\/reanpackaging.com\/fr\/wp-json\/wp\/v2\/types\/product"}],"wp:featuredmedia":[{"embeddable":true,"href":"https:\/\/reanpackaging.com\/fr\/wp-json\/wp\/v2\/media\/6895"}],"wp:attachment":[{"href":"https:\/\/reanpackaging.com\/fr\/wp-json\/wp\/v2\/media?parent=6921"}],"wp:term":[{"taxonomy":"product_brand","embeddable":true,"href":"https:\/\/reanpackaging.com\/fr\/wp-json\/wp\/v2\/product_brand?post=6921"},{"taxonomy":"product_cat","embeddable":true,"href":"https:\/\/reanpackaging.com\/fr\/wp-json\/wp\/v2\/product_cat?post=6921"},{"taxonomy":"product_tag","embeddable":true,"href":"https:\/\/reanpackaging.com\/fr\/wp-json\/wp\/v2\/product_tag?post=6921"}],"curies":[{"name":"wp","href":"https:\/\/api.w.org\/{rel}","templated":true}]}}