{"id":7436,"date":"2023-09-23T08:35:21","date_gmt":"2023-09-23T08:35:21","guid":{"rendered":"http:\/\/ibn.wyd.mybluehost.me\/reanpackaging.com\/product\/custom-printed-logo-black-brown-water-activated-gummed-reinforced-self-adhesive-fragile-packing-kraft-paper-tape\/"},"modified":"2024-07-29T15:16:47","modified_gmt":"2024-07-29T15:16:47","slug":"custom-printed-logo-black-brown-water-activated-gummed-reinforced-self-adhesive-fragile-packing-kraft-paper-tape","status":"publish","type":"product","link":"https:\/\/reanpackaging.com\/fr\/produit\/custom-printed-logo-black-brown-water-activated-gummed-reinforced-self-adhesive-fragile-packing-kraft-paper-tape\/","title":{"rendered":"Logo imprim\u00e9 sur mesure Ruban adh\u00e9sif en papier kraft renforc\u00e9, noir et brun, activ\u00e9 par l'eau, pour emballage fragile"},"content":{"rendered":"<h4>Attributs sp\u00e9cifiques \u00e0 l'industrie<\/h4>\n<table border=\"1\">\n<tbody>\n<tr>\n<td><strong>Adh\u00e9sif<\/strong><\/td>\n<td>Acrylique<\/td>\n<\/tr>\n<tr>\n<td><strong>C\u00f4t\u00e9 adh\u00e9sif<\/strong><\/td>\n<td>Simple face<\/td>\n<\/tr>\n<tr>\n<td><strong>Type d'adh\u00e9sif<\/strong><\/td>\n<td>Hot Melt, sensible \u00e0 la pression, activ\u00e9 par l'eau<\/td>\n<\/tr>\n<tr>\n<td><strong>Conception Impression<\/strong><\/td>\n<td>Offre d'impression<\/td>\n<\/tr>\n<tr>\n<td><strong>Mat\u00e9riau<\/strong><\/td>\n<td>Papier Kraft<\/td>\n<\/tr>\n<tr>\n<td><strong>Fonctionnalit\u00e9<\/strong><\/td>\n<td>Imperm\u00e9able \u00e0 l'eau<\/td>\n<\/tr>\n<tr>\n<td><strong>Utilisation<\/strong><\/td>\n<td>Scellage des cartons<\/td>\n<\/tr>\n<\/tbody>\n<\/table>\n<h4>Autres attributs<\/h4>\n<table border=\"1\">\n<tbody>\n<tr>\n<td><strong>Nom<\/strong><\/td>\n<td>Ruban de papier gomm\u00e9 kraft brun biod\u00e9gradable activ\u00e9 par l'eau<\/td>\n<\/tr>\n<tr>\n<td><strong>Mots cl\u00e9s<\/strong><\/td>\n<td>ruban de papier kraft gomm\u00e9<\/td>\n<\/tr>\n<tr>\n<td><strong>Logo<\/strong><\/td>\n<td>Accepte les logos personnalis\u00e9s<\/td>\n<\/tr>\n<tr>\n<td><strong>Utilisation<\/strong><\/td>\n<td>Emballage<\/td>\n<\/tr>\n<tr>\n<td><strong>Couleur<\/strong><\/td>\n<td>Marron, naturel, blanc, noir<\/td>\n<\/tr>\n<tr>\n<td><strong>\u00c9chantillon<\/strong><\/td>\n<td>Librement<\/td>\n<\/tr>\n<tr>\n<td><strong>Certificats<\/strong><\/td>\n<td>BSCI\/ISO 9001\/RoHS\/REACH<\/td>\n<\/tr>\n<tr>\n<td><strong>Recycl\u00e9<\/strong><\/td>\n<td>Totalement respectueux de l'environnement<\/td>\n<\/tr>\n<tr>\n<td><strong>Respect de l'environnement<\/strong><\/td>\n<td>Biod\u00e9gradable<\/td>\n<\/tr>\n<tr>\n<td><strong>Taille<\/strong><\/td>\n<td>Taille personnalis\u00e9e accept\u00e9e<\/td>\n<\/tr>\n<\/tbody>\n<\/table>\n<p><img decoding=\"async\" class=\"detail-desc-decorate-image\" style=\"max-width: 100%; height: auto; display: block; margin: 0 auto;\" src=\"http:\/\/ibn.wyd.mybluehost.me\/reanpackaging.com\/wp-content\/uploads\/2023\/09\/1-description-Custom-Printed-Logo-Black-Brown-Water-Activated-Gummed-Reinforced-Self-Adhesive-Fragile-Packing-Kraft-Paper-Tape.jpg\" \/><br \/>\n<img decoding=\"async\" class=\"detail-desc-decorate-image aligncenter\" style=\"max-width: 100%; height: auto; margin: 0 auto 5px;\" src=\"http:\/\/ibn.wyd.mybluehost.me\/reanpackaging.com\/wp-content\/uploads\/2023\/09\/2-description-Custom-Printed-Logo-Black-Brown-Water-Activated-Gummed-Reinforced-Self-Adhesive-Fragile-Packing-Kraft-Paper-Tape.jpg\" \/><br \/>\n<img decoding=\"async\" class=\"detail-desc-decorate-image aligncenter\" style=\"max-width: 100%; height: auto; margin: 0 auto 5px;\" src=\"http:\/\/ibn.wyd.mybluehost.me\/reanpackaging.com\/wp-content\/uploads\/2023\/09\/3-description-Custom-Printed-Logo-Black-Brown-Water-Activated-Gummed-Reinforced-Self-Adhesive-Fragile-Packing-Kraft-Paper-Tape.jpg\" \/><br \/>\n<img decoding=\"async\" class=\"detail-desc-decorate-image aligncenter\" style=\"max-width: 100%; height: auto; margin: 0 auto 5px;\" src=\"http:\/\/ibn.wyd.mybluehost.me\/reanpackaging.com\/wp-content\/uploads\/2023\/09\/4-description-Custom-Printed-Logo-Black-Brown-Water-Activated-Gummed-Reinforced-Self-Adhesive-Fragile-Packing-Kraft-Paper-Tape.jpg\" \/><br \/>\n<img decoding=\"async\" class=\"detail-desc-decorate-image aligncenter\" style=\"max-width: 100%; height: auto; margin: 0 auto 5px;\" src=\"http:\/\/ibn.wyd.mybluehost.me\/reanpackaging.com\/wp-content\/uploads\/2023\/09\/5-description-Custom-Printed-Logo-Black-Brown-Water-Activated-Gummed-Reinforced-Self-Adhesive-Fragile-Packing-Kraft-Paper-Tape.jpg\" \/><br \/>\n<img decoding=\"async\" class=\"detail-desc-decorate-image aligncenter\" style=\"max-width: 100%; height: auto; margin: 0 auto 5px;\" src=\"http:\/\/ibn.wyd.mybluehost.me\/reanpackaging.com\/wp-content\/uploads\/2023\/09\/6-description-Custom-Printed-Logo-Black-Brown-Water-Activated-Gummed-Reinforced-Self-Adhesive-Fragile-Packing-Kraft-Paper-Tape.jpg\" \/><br \/>\n<img decoding=\"async\" class=\"detail-desc-decorate-image aligncenter\" style=\"max-width: 100%; height: auto; margin: 0 auto 5px;\" src=\"http:\/\/ibn.wyd.mybluehost.me\/reanpackaging.com\/wp-content\/uploads\/2023\/09\/7-description-Custom-Printed-Logo-Black-Brown-Water-Activated-Gummed-Reinforced-Self-Adhesive-Fragile-Packing-Kraft-Paper-Tape.jpg\" \/><br \/>\n<img decoding=\"async\" class=\"detail-desc-decorate-image aligncenter\" style=\"max-width: 100%; height: auto; margin: 0 auto 5px;\" src=\"http:\/\/ibn.wyd.mybluehost.me\/reanpackaging.com\/wp-content\/uploads\/2023\/09\/8-description-Custom-Printed-Logo-Black-Brown-Water-Activated-Gummed-Reinforced-Self-Adhesive-Fragile-Packing-Kraft-Paper-Tape.jpg\" \/><\/p>","protected":false},"excerpt":{"rendered":"<p>Industry-Specific Attributes Adhesive Acrylic Adhesive Side Single Sided Adhesive Type Hot Melt, Pressure Sensitive, Water Activated Design Printing Offer Printing Material Kraft Paper Feature Waterproof Use Carton Sealing Other Attributes Name Biodegradable water activated brown kraft gummed paper tape Keywords kraft gummed paper tape Logo Accept Customized Logo Usage Packaging Color Brown, natural, white, black [&hellip;]<\/p>\n","protected":false},"featured_media":7341,"template":"","meta":{"_seopress_robots_primary_cat":"none","_seopress_titles_title":"","_seopress_titles_desc":"","_seopress_robots_index":"","site-sidebar-layout":"default","site-content-layout":"default","ast-site-content-layout":"default","site-content-style":"default","site-sidebar-style":"default","ast-global-header-display":"","ast-banner-title-visibility":"","ast-main-header-display":"","ast-hfb-above-header-display":"","ast-hfb-below-header-display":"","ast-hfb-mobile-header-display":"","site-post-title":"","ast-breadcrumbs-content":"","ast-featured-img":"","footer-sml-layout":"","ast-disable-related-posts":"","theme-transparent-header-meta":"default","adv-header-id-meta":"","stick-header-meta":"default","header-above-stick-meta":"","header-main-stick-meta":"","header-below-stick-meta":"","astra-migrate-meta-layouts":"set","ast-page-background-enabled":"default","ast-page-background-meta":{"desktop":{"background-color":"","background-image":"","background-repeat":"repeat","background-position":"center center","background-size":"auto","background-attachment":"scroll","background-type":"","background-media":"","overlay-type":"","overlay-color":"","overlay-opacity":"","overlay-gradient":""},"tablet":{"background-color":"","background-image":"","background-repeat":"repeat","background-position":"center center","background-size":"auto","background-attachment":"scroll","background-type":"","background-media":"","overlay-type":"","overlay-color":"","overlay-opacity":"","overlay-gradient":""},"mobile":{"background-color":"","background-image":"","background-repeat":"repeat","background-position":"center center","background-size":"auto","background-attachment":"scroll","background-type":"","background-media":"","overlay-type":"","overlay-color":"","overlay-opacity":"","overlay-gradient":""}},"ast-content-background-meta":{"desktop":{"background-color":"var(--ast-global-color-5)","background-image":"","background-repeat":"repeat","background-position":"center center","background-size":"auto","background-attachment":"scroll","background-type":"","background-media":"","overlay-type":"","overlay-color":"","overlay-opacity":"","overlay-gradient":""},"tablet":{"background-color":"var(--ast-global-color-5)","background-image":"","background-repeat":"repeat","background-position":"center center","background-size":"auto","background-attachment":"scroll","background-type":"","background-media":"","overlay-type":"","overlay-color":"","overlay-opacity":"","overlay-gradient":""},"mobile":{"background-color":"var(--ast-global-color-5)","background-image":"","background-repeat":"repeat","background-position":"center center","background-size":"auto","background-attachment":"scroll","background-type":"","background-media":"","overlay-type":"","overlay-color":"","overlay-opacity":"","overlay-gradient":""}}},"product_brand":[],"product_cat":[46],"product_tag":[],"class_list":{"0":"post-7436","1":"product","2":"type-product","3":"status-publish","4":"has-post-thumbnail","6":"product_cat-custom-print-tape","7":"desktop-align-left","8":"tablet-align-left","9":"mobile-align-left","10":"ast-product-gallery-layout-horizontal","11":"ast-product-tabs-layout-horizontal","13":"first","14":"instock","15":"product-type-simple"},"_links":{"self":[{"href":"https:\/\/reanpackaging.com\/fr\/wp-json\/wp\/v2\/product\/7436","targetHints":{"allow":["GET"]}}],"collection":[{"href":"https:\/\/reanpackaging.com\/fr\/wp-json\/wp\/v2\/product"}],"about":[{"href":"https:\/\/reanpackaging.com\/fr\/wp-json\/wp\/v2\/types\/product"}],"wp:featuredmedia":[{"embeddable":true,"href":"https:\/\/reanpackaging.com\/fr\/wp-json\/wp\/v2\/media\/7341"}],"wp:attachment":[{"href":"https:\/\/reanpackaging.com\/fr\/wp-json\/wp\/v2\/media?parent=7436"}],"wp:term":[{"taxonomy":"product_brand","embeddable":true,"href":"https:\/\/reanpackaging.com\/fr\/wp-json\/wp\/v2\/product_brand?post=7436"},{"taxonomy":"product_cat","embeddable":true,"href":"https:\/\/reanpackaging.com\/fr\/wp-json\/wp\/v2\/product_cat?post=7436"},{"taxonomy":"product_tag","embeddable":true,"href":"https:\/\/reanpackaging.com\/fr\/wp-json\/wp\/v2\/product_tag?post=7436"}],"curies":[{"name":"wp","href":"https:\/\/api.w.org\/{rel}","templated":true}]}}