{"id":7441,"date":"2023-09-23T08:35:21","date_gmt":"2023-09-23T08:35:21","guid":{"rendered":"http:\/\/ibn.wyd.mybluehost.me\/reanpackaging.com\/product\/adhesion-customized-printed-fragile-opp-packaging-tape-bopp-sticky-tape-with-logo\/"},"modified":"2023-09-23T08:35:23","modified_gmt":"2023-09-23T08:35:23","slug":"adhesion-customized-printed-fragile-opp-packaging-tape-bopp-sticky-tape-with-logo","status":"publish","type":"product","link":"https:\/\/reanpackaging.com\/fr\/produit\/adhesion-customized-printed-fragile-opp-packaging-tape-bopp-sticky-tape-with-logo\/","title":{"rendered":"Adh\u00e9sion Ruban adh\u00e9sif Bopp Imprim\u00e9 Fragile Opp Ruban adh\u00e9sif avec logo"},"content":{"rendered":"<h4>Attributs sp\u00e9cifiques \u00e0 l'industrie<\/h4>\n<table border=\"1\">\n<tr>\n<td><strong>Adh\u00e9sif<\/strong><\/td>\n<td>Acrylique<\/td>\n<\/tr>\n<tr>\n<td><strong>C\u00f4t\u00e9 adh\u00e9sif<\/strong><\/td>\n<td>Simple face<\/td>\n<\/tr>\n<tr>\n<td><strong>Type d'adh\u00e9sif<\/strong><\/td>\n<td>Sensible \u00e0 la pression<\/td>\n<\/tr>\n<tr>\n<td><strong>Conception Impression<\/strong><\/td>\n<td>Offre d'impression<\/td>\n<\/tr>\n<tr>\n<td><strong>Mat\u00e9riau<\/strong><\/td>\n<td>Bopp<\/td>\n<\/tr>\n<tr>\n<td><strong>Fonctionnalit\u00e9<\/strong><\/td>\n<td>Imperm\u00e9able \u00e0 l'eau<\/td>\n<\/tr>\n<tr>\n<td><strong>Utilisation<\/strong><\/td>\n<td>Scellage des cartons<\/td>\n<\/tr>\n<\/table>\n<h4>Autres attributs<\/h4>\n<table border=\"1\">\n<tr>\n<td><strong>Nom du produit<\/strong><\/td>\n<td>Ruban d'emballage BOPP<\/td>\n<\/tr>\n<tr>\n<td><strong>Certificats<\/strong><\/td>\n<td>ISO9001<\/td>\n<\/tr>\n<tr>\n<td><strong>\u00c9chantillon<\/strong><\/td>\n<td>Librement<\/td>\n<\/tr>\n<tr>\n<td><strong>MOQ<\/strong><\/td>\n<td>100 Rouleaux<\/td>\n<\/tr>\n<tr>\n<td><strong>D\u00e9lai de livraison<\/strong><\/td>\n<td>3-5 jours<\/td>\n<\/tr>\n<tr>\n<td><strong>Couleurs<\/strong><\/td>\n<td>Couleurs personnalis\u00e9es<\/td>\n<\/tr>\n<tr>\n<td><strong>Impression<\/strong><\/td>\n<td>Impression de logos personnalis\u00e9s<\/td>\n<\/tr>\n<tr>\n<td><strong>Mat\u00e9riau de base<\/strong><\/td>\n<td>Bopp Opp Film PVC<\/td>\n<\/tr>\n<tr>\n<td><strong>OEM<\/strong><\/td>\n<td>OEM disponible<\/td>\n<\/tr>\n<tr>\n<td><strong>Paiement<\/strong><\/td>\n<td>T Paypal<\/td>\n<\/tr>\n<\/table>\n<p><img decoding=\"async\" class=\"detail-desc-decorate-image\" src=\"http:\/\/ibn.wyd.mybluehost.me\/reanpackaging.com\/wp-content\/uploads\/2023\/09\/1-description-Adhesion-Customized-Printed-Fragile-Opp-Packaging-Tape-Bopp-Sticky-Tape-With-Logo.jpg\" slate-data-type=\"image\" style=\"max-width: 100%; height: auto; margin: 0 auto 5px;\"><br \/>\n<img decoding=\"async\" class=\"detail-desc-decorate-image\" src=\"http:\/\/ibn.wyd.mybluehost.me\/reanpackaging.com\/wp-content\/uploads\/2023\/09\/2-description-Adhesion-Customized-Printed-Fragile-Opp-Packaging-Tape-Bopp-Sticky-Tape-With-Logo.jpg\" slate-data-type=\"image\" style=\"max-width: 100%; height: auto; margin: 0 auto 5px;\"><br \/>\n<img decoding=\"async\" class=\"detail-desc-decorate-image\" src=\"http:\/\/ibn.wyd.mybluehost.me\/reanpackaging.com\/wp-content\/uploads\/2023\/09\/3-description-Adhesion-Customized-Printed-Fragile-Opp-Packaging-Tape-Bopp-Sticky-Tape-With-Logo.jpg\" slate-data-type=\"image\" style=\"max-width: 100%; height: auto; margin: 0 auto 5px;\"><br \/>\n<img decoding=\"async\" class=\"detail-desc-decorate-image\" src=\"http:\/\/ibn.wyd.mybluehost.me\/reanpackaging.com\/wp-content\/uploads\/2023\/09\/4-description-Adhesion-Customized-Printed-Fragile-Opp-Packaging-Tape-Bopp-Sticky-Tape-With-Logo.jpg\" slate-data-type=\"image\" style=\"max-width: 100%; height: auto; margin: 0 auto 5px;\"><br \/>\n<img decoding=\"async\" class=\"detail-desc-decorate-image\" src=\"http:\/\/ibn.wyd.mybluehost.me\/reanpackaging.com\/wp-content\/uploads\/2023\/09\/5-description-Adhesion-Customized-Printed-Fragile-Opp-Packaging-Tape-Bopp-Sticky-Tape-With-Logo.jpg\" slate-data-type=\"image\" style=\"max-width: 100%; height: auto; margin: 0 auto 5px;\"><br \/>\n<img decoding=\"async\" class=\"detail-desc-decorate-image\" src=\"http:\/\/ibn.wyd.mybluehost.me\/reanpackaging.com\/wp-content\/uploads\/2023\/09\/6-description-Adhesion-Customized-Printed-Fragile-Opp-Packaging-Tape-Bopp-Sticky-Tape-With-Logo.jpg\" slate-data-type=\"image\" style=\"max-width: 100%; height: auto; margin: 0 auto 5px;\"><br \/>\n<img decoding=\"async\" class=\"detail-desc-decorate-image\" src=\"http:\/\/ibn.wyd.mybluehost.me\/reanpackaging.com\/wp-content\/uploads\/2023\/09\/8-description-Adhesion-Customized-Printed-Fragile-Opp-Packaging-Tape-Bopp-Sticky-Tape-With-Logo.jpg\" slate-data-type=\"image\" style=\"max-width: 100%; height: auto; margin: 0 auto 5px;\"><\/p>","protected":false},"excerpt":{"rendered":"<p>Industry-Specific Attributes Adhesive Acrylic Adhesive Side Single Sided Adhesive Type Pressure Sensitive Design Printing Offer Printing Material Bopp Feature Waterproof Use Carton Sealing Other Attributes Product name BOPP Packaging Tape Certificates ISO9001 Sample Freely MOQ 100 Rolls Delivery time 3-5 Days Colors Customized Colors Printing Custom Logo Printing Base material Bopp Opp Film PVC OEM [&hellip;]<\/p>\n","protected":false},"featured_media":7267,"template":"","meta":{"_seopress_robots_primary_cat":"","_seopress_titles_title":"","_seopress_titles_desc":"","_seopress_robots_index":"","site-sidebar-layout":"default","site-content-layout":"","ast-site-content-layout":"default","site-content-style":"default","site-sidebar-style":"default","ast-global-header-display":"","ast-banner-title-visibility":"","ast-main-header-display":"","ast-hfb-above-header-display":"","ast-hfb-below-header-display":"","ast-hfb-mobile-header-display":"","site-post-title":"","ast-breadcrumbs-content":"","ast-featured-img":"","footer-sml-layout":"","ast-disable-related-posts":"","theme-transparent-header-meta":"","adv-header-id-meta":"","stick-header-meta":"","header-above-stick-meta":"","header-main-stick-meta":"","header-below-stick-meta":"","astra-migrate-meta-layouts":"default","ast-page-background-enabled":"default","ast-page-background-meta":{"desktop":{"background-color":"","background-image":"","background-repeat":"repeat","background-position":"center center","background-size":"auto","background-attachment":"scroll","background-type":"","background-media":"","overlay-type":"","overlay-color":"","overlay-opacity":"","overlay-gradient":""},"tablet":{"background-color":"","background-image":"","background-repeat":"repeat","background-position":"center center","background-size":"auto","background-attachment":"scroll","background-type":"","background-media":"","overlay-type":"","overlay-color":"","overlay-opacity":"","overlay-gradient":""},"mobile":{"background-color":"","background-image":"","background-repeat":"repeat","background-position":"center center","background-size":"auto","background-attachment":"scroll","background-type":"","background-media":"","overlay-type":"","overlay-color":"","overlay-opacity":"","overlay-gradient":""}},"ast-content-background-meta":{"desktop":{"background-color":"var(--ast-global-color-5)","background-image":"","background-repeat":"repeat","background-position":"center center","background-size":"auto","background-attachment":"scroll","background-type":"","background-media":"","overlay-type":"","overlay-color":"","overlay-opacity":"","overlay-gradient":""},"tablet":{"background-color":"var(--ast-global-color-5)","background-image":"","background-repeat":"repeat","background-position":"center center","background-size":"auto","background-attachment":"scroll","background-type":"","background-media":"","overlay-type":"","overlay-color":"","overlay-opacity":"","overlay-gradient":""},"mobile":{"background-color":"var(--ast-global-color-5)","background-image":"","background-repeat":"repeat","background-position":"center center","background-size":"auto","background-attachment":"scroll","background-type":"","background-media":"","overlay-type":"","overlay-color":"","overlay-opacity":"","overlay-gradient":""}}},"product_brand":[],"product_cat":[46],"product_tag":[],"class_list":{"0":"post-7441","1":"product","2":"type-product","3":"status-publish","4":"has-post-thumbnail","6":"product_cat-custom-print-tape","7":"desktop-align-left","8":"tablet-align-left","9":"mobile-align-left","10":"ast-product-gallery-layout-horizontal","11":"ast-product-tabs-layout-horizontal","13":"first","14":"instock","15":"product-type-simple"},"_links":{"self":[{"href":"https:\/\/reanpackaging.com\/fr\/wp-json\/wp\/v2\/product\/7441","targetHints":{"allow":["GET"]}}],"collection":[{"href":"https:\/\/reanpackaging.com\/fr\/wp-json\/wp\/v2\/product"}],"about":[{"href":"https:\/\/reanpackaging.com\/fr\/wp-json\/wp\/v2\/types\/product"}],"wp:featuredmedia":[{"embeddable":true,"href":"https:\/\/reanpackaging.com\/fr\/wp-json\/wp\/v2\/media\/7267"}],"wp:attachment":[{"href":"https:\/\/reanpackaging.com\/fr\/wp-json\/wp\/v2\/media?parent=7441"}],"wp:term":[{"taxonomy":"product_brand","embeddable":true,"href":"https:\/\/reanpackaging.com\/fr\/wp-json\/wp\/v2\/product_brand?post=7441"},{"taxonomy":"product_cat","embeddable":true,"href":"https:\/\/reanpackaging.com\/fr\/wp-json\/wp\/v2\/product_cat?post=7441"},{"taxonomy":"product_tag","embeddable":true,"href":"https:\/\/reanpackaging.com\/fr\/wp-json\/wp\/v2\/product_tag?post=7441"}],"curies":[{"name":"wp","href":"https:\/\/api.w.org\/{rel}","templated":true}]}}