{"id":7448,"date":"2023-09-23T08:35:21","date_gmt":"2023-09-23T08:35:21","guid":{"rendered":"http:\/\/ibn.wyd.mybluehost.me\/reanpackaging.com\/product\/water-activated-gummed-reinforced-kraft-paper-tape-custom-logo-kraft-paper-tape-for-packing-brown-tape\/"},"modified":"2024-10-01T16:57:50","modified_gmt":"2024-10-01T16:57:50","slug":"water-activated-gummed-reinforced-kraft-paper-tape-custom-logo-kraft-paper-tape-for-packing-brown-tape","status":"publish","type":"product","link":"https:\/\/reanpackaging.com\/fr\/produit\/water-activated-gummed-reinforced-kraft-paper-tape-custom-logo-kraft-paper-tape-for-packing-brown-tape\/","title":{"rendered":"Ruban de papier kraft renforc\u00e9 avec gomme activ\u00e9e \u00e0 l'eau Ruban de papier kraft avec logo personnalis\u00e9 pour l'emballage Ruban brun"},"content":{"rendered":"<h4>Attributs sp\u00e9cifiques \u00e0 l'industrie<\/h4>\n<table border=\"1\">\n<tbody>\n<tr>\n<td><strong>Adh\u00e9sif<\/strong><\/td>\n<td>Caoutchouc<\/td>\n<\/tr>\n<tr>\n<td><strong>C\u00f4t\u00e9 adh\u00e9sif<\/strong><\/td>\n<td>Simple face<\/td>\n<\/tr>\n<tr>\n<td><strong>Type d'adh\u00e9sif<\/strong><\/td>\n<td>Activ\u00e9 par l'eau<\/td>\n<\/tr>\n<tr>\n<td><strong>Conception Impression<\/strong><\/td>\n<td>Pas d'impression<\/td>\n<\/tr>\n<tr>\n<td><strong>Mat\u00e9riau<\/strong><\/td>\n<td>Papier Kraft<\/td>\n<\/tr>\n<tr>\n<td><strong>Fonctionnalit\u00e9<\/strong><\/td>\n<td>Imperm\u00e9able \u00e0 l'eau<\/td>\n<\/tr>\n<tr>\n<td><strong>Utilisation<\/strong><\/td>\n<td>Scellage des cartons<\/td>\n<\/tr>\n<\/tbody>\n<\/table>\n<h4>Autres attributs<\/h4>\n<table border=\"1\">\n<tbody>\n<tr>\n<td><strong>Nom du produit<\/strong><\/td>\n<td>Ruban de papier kraft<\/td>\n<\/tr>\n<tr>\n<td><strong>Type<\/strong><\/td>\n<td>Ruban adh\u00e9sif activ\u00e9 par l'eau<\/td>\n<\/tr>\n<tr>\n<td><strong>\u00c9paisseur<\/strong><\/td>\n<td>5,5 mils\/ 0,14 mm<\/td>\n<\/tr>\n<tr>\n<td><strong>R\u00e9sistance \u00e0 la traction<\/strong><\/td>\n<td>287 N\/25mm<\/td>\n<\/tr>\n<tr>\n<td><strong>Renforcement<\/strong><\/td>\n<td>110 Fibre de verre<\/td>\n<\/tr>\n<tr>\n<td><strong>Adh\u00e9sif<\/strong><\/td>\n<td>Adh\u00e9sif \u00e0 base d'amidon<\/td>\n<\/tr>\n<tr>\n<td><strong>MOQ<\/strong><\/td>\n<td>10000 m\u00e8tres carr\u00e9s<\/td>\n<\/tr>\n<tr>\n<td><strong>Logo personnalis\u00e9<\/strong><\/td>\n<td>Disponible<\/td>\n<\/tr>\n<tr>\n<td><strong>Certificats<\/strong><\/td>\n<td>REACH\/ROHS\/ISO18001\/ISO9001<\/td>\n<\/tr>\n<tr>\n<td><strong>Application<\/strong><\/td>\n<td>Scellage des cartons<\/td>\n<\/tr>\n<\/tbody>\n<\/table>\n<p><img decoding=\"async\" class=\"detail-desc-decorate-image\" style=\"max-width: 100%; height: auto; margin: 0 auto 5px;\" src=\"http:\/\/ibn.wyd.mybluehost.me\/reanpackaging.com\/wp-content\/uploads\/2023\/09\/1-description-Water-Activated-Gummed-Reinforced-Kraft-Paper-Tape-Custom-Logo-Kraft-Paper-Tape-For-Packing-Brown-Tape.jpg\" \/><br \/>\n<img decoding=\"async\" class=\"detail-desc-decorate-image aligncenter\" style=\"max-width: 100%; height: auto; margin: 0 auto 5px;\" src=\"http:\/\/ibn.wyd.mybluehost.me\/reanpackaging.com\/wp-content\/uploads\/2023\/09\/10-description-Water-Activated-Gummed-Reinforced-Kraft-Paper-Tape-Custom-Logo-Kraft-Paper-Tape-For-Packing-Brown-Tape.jpg\" \/><br \/>\n<img decoding=\"async\" class=\"detail-desc-decorate-image aligncenter\" style=\"max-width: 100%; height: auto; margin: 0 auto 5px;\" src=\"http:\/\/ibn.wyd.mybluehost.me\/reanpackaging.com\/wp-content\/uploads\/2023\/09\/11-description-Water-Activated-Gummed-Reinforced-Kraft-Paper-Tape-Custom-Logo-Kraft-Paper-Tape-For-Packing-Brown-Tape.jpg\" \/><br \/>\n<img decoding=\"async\" class=\"detail-desc-decorate-image aligncenter\" style=\"max-width: 100%; height: auto; margin: 0 auto 5px;\" src=\"http:\/\/ibn.wyd.mybluehost.me\/reanpackaging.com\/wp-content\/uploads\/2023\/09\/12-description-Water-Activated-Gummed-Reinforced-Kraft-Paper-Tape-Custom-Logo-Kraft-Paper-Tape-For-Packing-Brown-Tape.jpg\" \/><br \/>\n<img decoding=\"async\" class=\"detail-desc-decorate-image aligncenter\" style=\"max-width: 100%; height: auto; margin: 0 auto 5px;\" src=\"http:\/\/ibn.wyd.mybluehost.me\/reanpackaging.com\/wp-content\/uploads\/2023\/09\/13-description-Water-Activated-Gummed-Reinforced-Kraft-Paper-Tape-Custom-Logo-Kraft-Paper-Tape-For-Packing-Brown-Tape.jpg\" \/><\/p>","protected":false},"excerpt":{"rendered":"<p>Industry-Specific Attributes Adhesive Rubber Adhesive Side Single Sided Adhesive Type Water Activated Design Printing No printing Material Kraft Paper Feature Waterproof Use Carton Sealing Other Attributes Product name Kraft Paper Tape Type Water Activated Tape Thickness 5.5 mils\/ 0.14 mm Tensile Strength 287 N\/25mm Reinforcement 110 Fiberglass Adhesive Starch Adhesive MOQ 10000 square meter Custom [&hellip;]<\/p>\n","protected":false},"featured_media":7411,"template":"","meta":{"_seopress_robots_primary_cat":"none","_seopress_titles_title":"","_seopress_titles_desc":"","_seopress_robots_index":"","site-sidebar-layout":"default","site-content-layout":"default","ast-site-content-layout":"default","site-content-style":"default","site-sidebar-style":"default","ast-global-header-display":"","ast-banner-title-visibility":"","ast-main-header-display":"","ast-hfb-above-header-display":"","ast-hfb-below-header-display":"","ast-hfb-mobile-header-display":"","site-post-title":"","ast-breadcrumbs-content":"","ast-featured-img":"","footer-sml-layout":"","ast-disable-related-posts":"","theme-transparent-header-meta":"default","adv-header-id-meta":"","stick-header-meta":"default","header-above-stick-meta":"","header-main-stick-meta":"","header-below-stick-meta":"","astra-migrate-meta-layouts":"set","ast-page-background-enabled":"default","ast-page-background-meta":{"desktop":{"background-color":"","background-image":"","background-repeat":"repeat","background-position":"center center","background-size":"auto","background-attachment":"scroll","background-type":"","background-media":"","overlay-type":"","overlay-color":"","overlay-opacity":"","overlay-gradient":""},"tablet":{"background-color":"","background-image":"","background-repeat":"repeat","background-position":"center center","background-size":"auto","background-attachment":"scroll","background-type":"","background-media":"","overlay-type":"","overlay-color":"","overlay-opacity":"","overlay-gradient":""},"mobile":{"background-color":"","background-image":"","background-repeat":"repeat","background-position":"center center","background-size":"auto","background-attachment":"scroll","background-type":"","background-media":"","overlay-type":"","overlay-color":"","overlay-opacity":"","overlay-gradient":""}},"ast-content-background-meta":{"desktop":{"background-color":"var(--ast-global-color-5)","background-image":"","background-repeat":"repeat","background-position":"center center","background-size":"auto","background-attachment":"scroll","background-type":"","background-media":"","overlay-type":"","overlay-color":"","overlay-opacity":"","overlay-gradient":""},"tablet":{"background-color":"var(--ast-global-color-5)","background-image":"","background-repeat":"repeat","background-position":"center center","background-size":"auto","background-attachment":"scroll","background-type":"","background-media":"","overlay-type":"","overlay-color":"","overlay-opacity":"","overlay-gradient":""},"mobile":{"background-color":"var(--ast-global-color-5)","background-image":"","background-repeat":"repeat","background-position":"center center","background-size":"auto","background-attachment":"scroll","background-type":"","background-media":"","overlay-type":"","overlay-color":"","overlay-opacity":"","overlay-gradient":""}}},"product_brand":[],"product_cat":[46],"product_tag":[],"class_list":{"0":"post-7448","1":"product","2":"type-product","3":"status-publish","4":"has-post-thumbnail","6":"product_cat-custom-print-tape","7":"desktop-align-left","8":"tablet-align-left","9":"mobile-align-left","10":"ast-product-gallery-layout-horizontal","11":"ast-product-tabs-layout-horizontal","13":"first","14":"instock","15":"purchasable","16":"product-type-simple"},"_links":{"self":[{"href":"https:\/\/reanpackaging.com\/fr\/wp-json\/wp\/v2\/product\/7448","targetHints":{"allow":["GET"]}}],"collection":[{"href":"https:\/\/reanpackaging.com\/fr\/wp-json\/wp\/v2\/product"}],"about":[{"href":"https:\/\/reanpackaging.com\/fr\/wp-json\/wp\/v2\/types\/product"}],"wp:featuredmedia":[{"embeddable":true,"href":"https:\/\/reanpackaging.com\/fr\/wp-json\/wp\/v2\/media\/7411"}],"wp:attachment":[{"href":"https:\/\/reanpackaging.com\/fr\/wp-json\/wp\/v2\/media?parent=7448"}],"wp:term":[{"taxonomy":"product_brand","embeddable":true,"href":"https:\/\/reanpackaging.com\/fr\/wp-json\/wp\/v2\/product_brand?post=7448"},{"taxonomy":"product_cat","embeddable":true,"href":"https:\/\/reanpackaging.com\/fr\/wp-json\/wp\/v2\/product_cat?post=7448"},{"taxonomy":"product_tag","embeddable":true,"href":"https:\/\/reanpackaging.com\/fr\/wp-json\/wp\/v2\/product_tag?post=7448"}],"curies":[{"name":"wp","href":"https:\/\/api.w.org\/{rel}","templated":true}]}}