{"id":7984,"date":"2023-09-23T16:42:16","date_gmt":"2023-09-23T16:42:16","guid":{"rendered":"http:\/\/ibn.wyd.mybluehost.me\/reanpackaging.com\/product\/pet-plastic-fruit-packaging-box-blister-transparent-salad-container-clamshell-vegetables-plastic-drying-tray-food-contai\/"},"modified":"2023-09-23T16:42:17","modified_gmt":"2023-09-23T16:42:17","slug":"pet-plastic-fruit-packaging-box-blister-transparent-salad-container-clamshell-vegetables-plastic-drying-tray-food-contai","status":"publish","type":"product","link":"https:\/\/reanpackaging.com\/fr\/produit\/pet-plastic-fruit-packaging-box-blister-transparent-salad-container-clamshell-vegetables-plastic-drying-tray-food-contai\/","title":{"rendered":"Bo\u00eete d'emballage de fruits en plastique pour animaux de compagnie Blister Transparent Salad Container Clamshell Vegetables Plastic Drying Tray Food Contai"},"content":{"rendered":"<\/table>\n<h4>Autres attributs<\/h4>\n<table border=\"1\">\n<tr>\n<td><strong>Mat\u00e9riau<\/strong><\/td>\n<td>PVC<\/td>\n<\/tr>\n<tr>\n<td><strong>Utilisation industrielle<\/strong><\/td>\n<td>Cadeau<\/td>\n<\/tr>\n<tr>\n<td><strong>Taille<\/strong><\/td>\n<td>personnalis\u00e9<\/td>\n<\/tr>\n<tr>\n<td><strong>Logo<\/strong><\/td>\n<td>Logo du client<\/td>\n<\/tr>\n<tr>\n<td><strong>Fonction<\/strong><\/td>\n<td>verrouillage automatique<\/td>\n<\/tr>\n<tr>\n<td><strong>Finition sp\u00e9ciale (en option)<\/strong><\/td>\n<td>Couche anti-rayures<\/td>\n<\/tr>\n<tr>\n<td><strong>Manipulation de l'impression<\/strong><\/td>\n<td>Gaufrage, vernis UV, vernissage, pelliculage brillant, estampage, etc.<\/td>\n<\/tr>\n<tr>\n<td><strong>Dimensions<\/strong><\/td>\n<td>2pouces, 3pouces, 4pouces, sur mesure<\/td>\n<\/tr>\n<tr>\n<td><strong>Mat\u00e9riauhaut<\/strong><\/td>\n<td>PVC transparent de qualit\u00e9, souple et transparent<\/td>\n<\/tr>\n<tr>\n<td><strong>Bricoler sa bo\u00eete<\/strong><\/td>\n<td>D\u00e9cor\u00e9 de rubans color\u00e9s, de fleurs, d'\u00e9tiquettes, d'autocollants et de breloques.<\/td>\n<\/tr>\n<tr>\n<td><strong>Utilisation<\/strong><\/td>\n<td>Bonbons, cupcakes, biscuits, chocolat, sucreries, cadeaux de No\u00ebl, boules, etc.<\/td>\n<\/tr>\n<tr>\n<td><strong>Occasions<\/strong><\/td>\n<td>mariage, f\u00eate d'anniversaire de naissance, ou usage commercial<\/td>\n<\/tr>\n<\/table>\n<p><img decoding=\"async\" class=\"detail-desc-decorate-image\" src=\"http:\/\/ibn.wyd.mybluehost.me\/reanpackaging.com\/wp-content\/uploads\/2023\/09\/1-description-Pet-Plastic-Fruit-Packaging-Box-Blister-Transparent-Salad-Container-Clamshell-Vegetables-Plastic-Drying-Tray-Food-Contai.jpg\" slate-data-type=\"image\" style=\"max-width: 100%; height: auto; display: block; margin: 0 auto;\"><br \/>\n<img decoding=\"async\" class=\"detail-desc-decorate-image\" src=\"http:\/\/ibn.wyd.mybluehost.me\/reanpackaging.com\/wp-content\/uploads\/2023\/09\/2-description-Pet-Plastic-Fruit-Packaging-Box-Blister-Transparent-Salad-Container-Clamshell-Vegetables-Plastic-Drying-Tray-Food-Contai.jpg\" slate-data-type=\"image\" style=\"max-width: 100%; height: auto; display: block; margin: 0 auto;\"><br \/>\n<img decoding=\"async\" class=\"detail-desc-decorate-image\" src=\"http:\/\/ibn.wyd.mybluehost.me\/reanpackaging.com\/wp-content\/uploads\/2023\/09\/3-description-Pet-Plastic-Fruit-Packaging-Box-Blister-Transparent-Salad-Container-Clamshell-Vegetables-Plastic-Drying-Tray-Food-Contai.jpg\" slate-data-type=\"image\" style=\"max-width: 100%; height: auto; display: block; margin: 0 auto;\"><br \/>\n<img decoding=\"async\" class=\"detail-desc-decorate-image\" src=\"http:\/\/ibn.wyd.mybluehost.me\/reanpackaging.com\/wp-content\/uploads\/2023\/09\/5-description-Pet-Plastic-Fruit-Packaging-Box-Blister-Transparent-Salad-Container-Clamshell-Vegetables-Plastic-Drying-Tray-Food-Contai.jpg\" slate-data-type=\"image\" style=\"max-width: 100%; height: auto; display: block; margin: 0 auto;\"><br \/>\n<img decoding=\"async\" class=\"detail-desc-decorate-image\" src=\"http:\/\/ibn.wyd.mybluehost.me\/reanpackaging.com\/wp-content\/uploads\/2023\/09\/6-description-Pet-Plastic-Fruit-Packaging-Box-Blister-Transparent-Salad-Container-Clamshell-Vegetables-Plastic-Drying-Tray-Food-Contai.jpg\" slate-data-type=\"image\" style=\"max-width: 100%; height: auto; display: block; margin: 0 auto;\"><br \/>\n<img decoding=\"async\" class=\"detail-desc-decorate-image\" src=\"http:\/\/ibn.wyd.mybluehost.me\/reanpackaging.com\/wp-content\/uploads\/2023\/09\/7-description-Pet-Plastic-Fruit-Packaging-Box-Blister-Transparent-Salad-Container-Clamshell-Vegetables-Plastic-Drying-Tray-Food-Contai.jpg\" slate-data-type=\"image\" style=\"max-width: 100%; height: auto; display: block; margin: 0 auto;\"><br \/>\n<img decoding=\"async\" class=\"detail-desc-decorate-image\" src=\"http:\/\/ibn.wyd.mybluehost.me\/reanpackaging.com\/wp-content\/uploads\/2023\/09\/8-description-Pet-Plastic-Fruit-Packaging-Box-Blister-Transparent-Salad-Container-Clamshell-Vegetables-Plastic-Drying-Tray-Food-Contai.jpg\" slate-data-type=\"image\" style=\"max-width: 100%; height: auto; display: block; margin: 0 auto;\"><\/p>","protected":false},"excerpt":{"rendered":"<p>Other Attributes Material PVC Industrial Use Gift Size customized Logo Customer&#8217;s Logo Function auto lock Special Finish(optional) Anti-Scratch Layer Printing Handling Embossing, UV Coating, Varnishing, Glossy Lamination, Stamping otc Dimensions 2inch,3inch,4inch,customized Materialhigh quality transparent PVC,fine flexibility and clear DIY Your Box Decorated with colored ribbon, flowers,labels, stickers,charms Usage Candies,cupcakes, cookies, chocolate, sweets, Xmas gifts,baubles otc [&hellip;]<\/p>\n","protected":false},"featured_media":7935,"template":"","meta":{"_seopress_robots_primary_cat":"","_seopress_titles_title":"","_seopress_titles_desc":"","_seopress_robots_index":"","site-sidebar-layout":"default","site-content-layout":"","ast-site-content-layout":"default","site-content-style":"default","site-sidebar-style":"default","ast-global-header-display":"","ast-banner-title-visibility":"","ast-main-header-display":"","ast-hfb-above-header-display":"","ast-hfb-below-header-display":"","ast-hfb-mobile-header-display":"","site-post-title":"","ast-breadcrumbs-content":"","ast-featured-img":"","footer-sml-layout":"","ast-disable-related-posts":"","theme-transparent-header-meta":"","adv-header-id-meta":"","stick-header-meta":"","header-above-stick-meta":"","header-main-stick-meta":"","header-below-stick-meta":"","astra-migrate-meta-layouts":"default","ast-page-background-enabled":"default","ast-page-background-meta":{"desktop":{"background-color":"","background-image":"","background-repeat":"repeat","background-position":"center center","background-size":"auto","background-attachment":"scroll","background-type":"","background-media":"","overlay-type":"","overlay-color":"","overlay-opacity":"","overlay-gradient":""},"tablet":{"background-color":"","background-image":"","background-repeat":"repeat","background-position":"center center","background-size":"auto","background-attachment":"scroll","background-type":"","background-media":"","overlay-type":"","overlay-color":"","overlay-opacity":"","overlay-gradient":""},"mobile":{"background-color":"","background-image":"","background-repeat":"repeat","background-position":"center center","background-size":"auto","background-attachment":"scroll","background-type":"","background-media":"","overlay-type":"","overlay-color":"","overlay-opacity":"","overlay-gradient":""}},"ast-content-background-meta":{"desktop":{"background-color":"var(--ast-global-color-5)","background-image":"","background-repeat":"repeat","background-position":"center center","background-size":"auto","background-attachment":"scroll","background-type":"","background-media":"","overlay-type":"","overlay-color":"","overlay-opacity":"","overlay-gradient":""},"tablet":{"background-color":"var(--ast-global-color-5)","background-image":"","background-repeat":"repeat","background-position":"center center","background-size":"auto","background-attachment":"scroll","background-type":"","background-media":"","overlay-type":"","overlay-color":"","overlay-opacity":"","overlay-gradient":""},"mobile":{"background-color":"var(--ast-global-color-5)","background-image":"","background-repeat":"repeat","background-position":"center center","background-size":"auto","background-attachment":"scroll","background-type":"","background-media":"","overlay-type":"","overlay-color":"","overlay-opacity":"","overlay-gradient":""}}},"product_brand":[],"product_cat":[29],"product_tag":[],"class_list":{"0":"post-7984","1":"product","2":"type-product","3":"status-publish","4":"has-post-thumbnail","6":"product_cat-packaging-boxes","7":"desktop-align-left","8":"tablet-align-left","9":"mobile-align-left","10":"ast-product-gallery-layout-horizontal","11":"ast-product-tabs-layout-horizontal","13":"first","14":"instock","15":"product-type-simple"},"_links":{"self":[{"href":"https:\/\/reanpackaging.com\/fr\/wp-json\/wp\/v2\/product\/7984","targetHints":{"allow":["GET"]}}],"collection":[{"href":"https:\/\/reanpackaging.com\/fr\/wp-json\/wp\/v2\/product"}],"about":[{"href":"https:\/\/reanpackaging.com\/fr\/wp-json\/wp\/v2\/types\/product"}],"wp:featuredmedia":[{"embeddable":true,"href":"https:\/\/reanpackaging.com\/fr\/wp-json\/wp\/v2\/media\/7935"}],"wp:attachment":[{"href":"https:\/\/reanpackaging.com\/fr\/wp-json\/wp\/v2\/media?parent=7984"}],"wp:term":[{"taxonomy":"product_brand","embeddable":true,"href":"https:\/\/reanpackaging.com\/fr\/wp-json\/wp\/v2\/product_brand?post=7984"},{"taxonomy":"product_cat","embeddable":true,"href":"https:\/\/reanpackaging.com\/fr\/wp-json\/wp\/v2\/product_cat?post=7984"},{"taxonomy":"product_tag","embeddable":true,"href":"https:\/\/reanpackaging.com\/fr\/wp-json\/wp\/v2\/product_tag?post=7984"}],"curies":[{"name":"wp","href":"https:\/\/api.w.org\/{rel}","templated":true}]}}