{"id":8199,"date":"2023-09-23T17:28:13","date_gmt":"2023-09-23T17:28:13","guid":{"rendered":"http:\/\/ibn.wyd.mybluehost.me\/reanpackaging.com\/product\/luxury-custom-cardboard-gift-mailing-mailer-shipping-box-corrugated-paper-packing-carton-packaging-corrugated-cardboard-box\/"},"modified":"2024-10-01T16:54:19","modified_gmt":"2024-10-01T16:54:19","slug":"luxury-custom-cardboard-gift-mailing-mailer-shipping-box-corrugated-paper-packing-carton-packaging-corrugated-cardboard-box","status":"publish","type":"product","link":"https:\/\/reanpackaging.com\/fr\/produit\/luxury-custom-cardboard-gift-mailing-mailer-shipping-box-corrugated-paper-packing-carton-packaging-corrugated-cardboard-box\/","title":{"rendered":"Bo\u00eete d'exp\u00e9dition de luxe en carton personnalis\u00e9 Bo\u00eete d'exp\u00e9dition en papier ondul\u00e9 Emballage en carton Emballage en carton ondul\u00e9"},"content":{"rendered":"<h4>Attributs sp\u00e9cifiques \u00e0 l'industrie<\/h4>\n<table border=\"1\">\n<tr>\n<td><strong>Utilisation industrielle<\/strong><\/td>\n<td>Affaires et achats<\/td>\n<\/tr>\n<tr>\n<td><strong>Type de papier<\/strong><\/td>\n<td>Carton ondul\u00e9<\/td>\n<\/tr>\n<tr>\n<td><strong>Fonctionnalit\u00e9<\/strong><\/td>\n<td>Mat\u00e9riaux recycl\u00e9s<\/td>\n<\/tr>\n<\/table>\n<h4>Autres attributs<\/h4>\n<table border=\"1\">\n<tr>\n<td><strong>Type de bo\u00eete<\/strong><\/td>\n<td>Bo\u00eetes auto-\u00e9l\u00e9vatrices<\/td>\n<\/tr>\n<tr>\n<td><strong>Manipulation de l'impression<\/strong><\/td>\n<td>Gaufrage, pelliculage brillant, pelliculage mat, estampage, vernis UV, vernissage<\/td>\n<\/tr>\n<tr>\n<td><strong>Commande personnalis\u00e9e<\/strong><\/td>\n<td>Accepter<\/td>\n<\/tr>\n<tr>\n<td><strong>Utilisation industrielle<\/strong><\/td>\n<td>Bo\u00eete en carton pour l'exp\u00e9dition<\/td>\n<\/tr>\n<tr>\n<td><strong>Utilisation<\/strong><\/td>\n<td>Utilisation du courrier<\/td>\n<\/tr>\n<tr>\n<td><strong>Objet<\/strong><\/td>\n<td>Bo\u00eete en papier de luxe pour cadeaux Bo\u00eete en carton ondul\u00e9<\/td>\n<\/tr>\n<tr>\n<td><strong>Mat\u00e9riau<\/strong><\/td>\n<td>Fl\u00fbte ondul\u00e9e E + papier d'art 250gsm<\/td>\n<\/tr>\n<tr>\n<td><strong>Impression<\/strong><\/td>\n<td>CMYK ou PMS<\/td>\n<\/tr>\n<tr>\n<td><strong>Logo<\/strong><\/td>\n<td>Logo du client<\/td>\n<\/tr>\n<tr>\n<td><strong>Taille<\/strong><\/td>\n<td>Taille personnalis\u00e9e accept\u00e9e<\/td>\n<\/tr>\n<tr>\n<td><strong>Utilisation<\/strong><\/td>\n<td>bo\u00eete en carton ondul\u00e9<\/td>\n<\/tr>\n<tr>\n<td><strong>Certificat<\/strong><\/td>\n<td>Recyclable et \u00e9cologique<\/td>\n<\/tr>\n<tr>\n<td><strong>MOQ<\/strong><\/td>\n<td>500 pi\u00e8ces<\/td>\n<\/tr>\n<\/table>\n<p><img decoding=\"async\" class=\"detail-desc-decorate-image\" src=\"http:\/\/ibn.wyd.mybluehost.me\/reanpackaging.com\/wp-content\/uploads\/2023\/09\/10-description-Luxury-Custom-Cardboard-Gift-Mailing-Mailer-Shipping-Box-Corrugated-Paper-Packing-Carton-Packaging-Corrugated-Cardboard-Box.jpg\" slate-data-type=\"image\" style=\"max-width: 100%; height: auto; display: block; margin: 0 auto;\"><br \/>\n<img decoding=\"async\" class=\"detail-desc-decorate-image\" src=\"http:\/\/ibn.wyd.mybluehost.me\/reanpackaging.com\/wp-content\/uploads\/2023\/09\/11-description-Luxury-Custom-Cardboard-Gift-Mailing-Mailer-Shipping-Box-Corrugated-Paper-Packing-Carton-Packaging-Corrugated-Cardboard-Box.jpg\" slate-data-type=\"image\" style=\"max-width: 100%; height: auto; display: block; margin: 0 auto;\"><br \/>\n<img decoding=\"async\" class=\"detail-desc-decorate-image\" src=\"http:\/\/ibn.wyd.mybluehost.me\/reanpackaging.com\/wp-content\/uploads\/2023\/09\/21-description-Luxury-Custom-Cardboard-Gift-Mailing-Mailer-Shipping-Box-Corrugated-Paper-Packing-Carton-Packaging-Corrugated-Cardboard-Box.jpg\" slate-data-type=\"image\" style=\"max-width: 100%; height: auto; display: block; margin: 0 auto;\"><br \/>\n<img decoding=\"async\" class=\"detail-desc-decorate-image\" src=\"http:\/\/ibn.wyd.mybluehost.me\/reanpackaging.com\/wp-content\/uploads\/2023\/09\/4-description-Luxury-Custom-Cardboard-Gift-Mailing-Mailer-Shipping-Box-Corrugated-Paper-Packing-Carton-Packaging-Corrugated-Cardboard-Box.jpg\" slate-data-type=\"image\" style=\"max-width: 100%; height: auto; display: block; margin: 0 auto;\"><br \/>\n<img decoding=\"async\" class=\"detail-desc-decorate-image\" src=\"http:\/\/ibn.wyd.mybluehost.me\/reanpackaging.com\/wp-content\/uploads\/2023\/09\/5-description-Luxury-Custom-Cardboard-Gift-Mailing-Mailer-Shipping-Box-Corrugated-Paper-Packing-Carton-Packaging-Corrugated-Cardboard-Box.jpg\" slate-data-type=\"image\" style=\"max-width: 100%; height: auto; display: block; margin: 0 auto;\"><br \/>\n<img decoding=\"async\" class=\"detail-desc-decorate-image\" src=\"http:\/\/ibn.wyd.mybluehost.me\/reanpackaging.com\/wp-content\/uploads\/2023\/09\/6-description-Luxury-Custom-Cardboard-Gift-Mailing-Mailer-Shipping-Box-Corrugated-Paper-Packing-Carton-Packaging-Corrugated-Cardboard-Box.jpg\" slate-data-type=\"image\" style=\"max-width: 100%; height: auto; display: block; margin: 0 auto;\"><br \/>\n<img decoding=\"async\" class=\"detail-desc-decorate-image\" src=\"http:\/\/ibn.wyd.mybluehost.me\/reanpackaging.com\/wp-content\/uploads\/2023\/09\/7-description-Luxury-Custom-Cardboard-Gift-Mailing-Mailer-Shipping-Box-Corrugated-Paper-Packing-Carton-Packaging-Corrugated-Cardboard-Box.jpg\" slate-data-type=\"image\" style=\"max-width: 100%; height: auto; display: block; margin: 0 auto;\"><br \/>\n<img decoding=\"async\" class=\"detail-desc-decorate-image\" src=\"http:\/\/ibn.wyd.mybluehost.me\/reanpackaging.com\/wp-content\/uploads\/2023\/09\/8-description-Luxury-Custom-Cardboard-Gift-Mailing-Mailer-Shipping-Box-Corrugated-Paper-Packing-Carton-Packaging-Corrugated-Cardboard-Box.jpg\" slate-data-type=\"image\" style=\"max-width: 100%; height: auto; display: block; margin: 0 auto;\"><br \/>\n<img decoding=\"async\" class=\"detail-desc-decorate-image\" src=\"http:\/\/ibn.wyd.mybluehost.me\/reanpackaging.com\/wp-content\/uploads\/2023\/09\/9-description-Luxury-Custom-Cardboard-Gift-Mailing-Mailer-Shipping-Box-Corrugated-Paper-Packing-Carton-Packaging-Corrugated-Cardboard-Box.jpg\" slate-data-type=\"image\" style=\"max-width: 100%; height: auto; display: block; margin: 0 auto;\"><\/p>","protected":false},"excerpt":{"rendered":"<p>Industry-Specific Attributes Industrial Use Business&#038;Shopping Paper Type Corrugated Board Feature Recycled Materials Other Attributes Box Type Self Erecting Boxes Printing Handling Embossing, Glossy Lamination, Matt Lamination, Stamping, UV Coating, Varnishing Custom Order Accept Industrial Use Cardboard box for shipping Use Mailing use Item Luxury Gift Paper Carton Corrugated Packaging Cardboard Box Material Corrugated E flut [&hellip;]<\/p>\n","protected":false},"featured_media":8174,"template":"","meta":{"_seopress_robots_primary_cat":"none","_seopress_titles_title":"","_seopress_titles_desc":"","_seopress_robots_index":"","site-sidebar-layout":"default","site-content-layout":"","ast-site-content-layout":"default","site-content-style":"default","site-sidebar-style":"default","ast-global-header-display":"","ast-banner-title-visibility":"","ast-main-header-display":"","ast-hfb-above-header-display":"","ast-hfb-below-header-display":"","ast-hfb-mobile-header-display":"","site-post-title":"","ast-breadcrumbs-content":"","ast-featured-img":"","footer-sml-layout":"","ast-disable-related-posts":"","theme-transparent-header-meta":"default","adv-header-id-meta":"","stick-header-meta":"default","header-above-stick-meta":"","header-main-stick-meta":"","header-below-stick-meta":"","astra-migrate-meta-layouts":"set","ast-page-background-enabled":"default","ast-page-background-meta":{"desktop":{"background-color":"","background-image":"","background-repeat":"repeat","background-position":"center center","background-size":"auto","background-attachment":"scroll","background-type":"","background-media":"","overlay-type":"","overlay-color":"","overlay-opacity":"","overlay-gradient":""},"tablet":{"background-color":"","background-image":"","background-repeat":"repeat","background-position":"center center","background-size":"auto","background-attachment":"scroll","background-type":"","background-media":"","overlay-type":"","overlay-color":"","overlay-opacity":"","overlay-gradient":""},"mobile":{"background-color":"","background-image":"","background-repeat":"repeat","background-position":"center center","background-size":"auto","background-attachment":"scroll","background-type":"","background-media":"","overlay-type":"","overlay-color":"","overlay-opacity":"","overlay-gradient":""}},"ast-content-background-meta":{"desktop":{"background-color":"var(--ast-global-color-5)","background-image":"","background-repeat":"repeat","background-position":"center center","background-size":"auto","background-attachment":"scroll","background-type":"","background-media":"","overlay-type":"","overlay-color":"","overlay-opacity":"","overlay-gradient":""},"tablet":{"background-color":"var(--ast-global-color-5)","background-image":"","background-repeat":"repeat","background-position":"center center","background-size":"auto","background-attachment":"scroll","background-type":"","background-media":"","overlay-type":"","overlay-color":"","overlay-opacity":"","overlay-gradient":""},"mobile":{"background-color":"var(--ast-global-color-5)","background-image":"","background-repeat":"repeat","background-position":"center center","background-size":"auto","background-attachment":"scroll","background-type":"","background-media":"","overlay-type":"","overlay-color":"","overlay-opacity":"","overlay-gradient":""}}},"product_brand":[],"product_cat":[47,29,48],"product_tag":[],"class_list":{"0":"post-8199","1":"product","2":"type-product","3":"status-publish","4":"has-post-thumbnail","6":"product_cat-mailer-boxes","7":"product_cat-packaging-boxes","8":"product_cat-shipping-boxes","9":"desktop-align-left","10":"tablet-align-left","11":"mobile-align-left","12":"ast-product-gallery-layout-horizontal","13":"ast-product-tabs-layout-horizontal","15":"first","16":"instock","17":"purchasable","18":"product-type-simple"},"_links":{"self":[{"href":"https:\/\/reanpackaging.com\/fr\/wp-json\/wp\/v2\/product\/8199","targetHints":{"allow":["GET"]}}],"collection":[{"href":"https:\/\/reanpackaging.com\/fr\/wp-json\/wp\/v2\/product"}],"about":[{"href":"https:\/\/reanpackaging.com\/fr\/wp-json\/wp\/v2\/types\/product"}],"wp:featuredmedia":[{"embeddable":true,"href":"https:\/\/reanpackaging.com\/fr\/wp-json\/wp\/v2\/media\/8174"}],"wp:attachment":[{"href":"https:\/\/reanpackaging.com\/fr\/wp-json\/wp\/v2\/media?parent=8199"}],"wp:term":[{"taxonomy":"product_brand","embeddable":true,"href":"https:\/\/reanpackaging.com\/fr\/wp-json\/wp\/v2\/product_brand?post=8199"},{"taxonomy":"product_cat","embeddable":true,"href":"https:\/\/reanpackaging.com\/fr\/wp-json\/wp\/v2\/product_cat?post=8199"},{"taxonomy":"product_tag","embeddable":true,"href":"https:\/\/reanpackaging.com\/fr\/wp-json\/wp\/v2\/product_tag?post=8199"}],"curies":[{"name":"wp","href":"https:\/\/api.w.org\/{rel}","templated":true}]}}