{"id":82285,"date":"2025-02-22T12:53:37","date_gmt":"2025-02-22T12:53:37","guid":{"rendered":"https:\/\/reanpackaging.com\/product\/professional-custom-printed-pillow-shaped-cardboard-box-item-packaging-box-with-clear-window\/"},"modified":"2025-02-22T13:40:38","modified_gmt":"2025-02-22T13:40:38","slug":"professional-custom-printed-pillow-shaped-cardboard-box-item-packaging-box-with-clear-window","status":"publish","type":"product","link":"https:\/\/reanpackaging.com\/fr\/produit\/professional-custom-printed-pillow-shaped-cardboard-box-item-packaging-box-with-clear-window\/","title":{"rendered":"Bo\u00eete d'emballage professionnelle en carton imprim\u00e9 en forme d'oreiller avec fen\u00eatre transparente"},"content":{"rendered":"<h4>Attributs sp\u00e9cifiques \u00e0 l'industrie<\/h4>\n<table border=\"1\">\n<tbody>\n<tr>\n<td><strong>Utilisation industrielle<\/strong><\/td>\n<td>Cosm\u00e9tique<\/td>\n<\/tr>\n<tr>\n<td><strong>Type de papier<\/strong><\/td>\n<td>Carton<\/td>\n<\/tr>\n<tr>\n<td><strong>Fonctionnalit\u00e9<\/strong><\/td>\n<td>Recyclable<\/td>\n<\/tr>\n<tr>\n<td><strong>type de bo\u00eete<\/strong><\/td>\n<td>Autres<\/td>\n<\/tr>\n<\/tbody>\n<\/table>\n<h4>Autres attributs<\/h4>\n<table border=\"1\">\n<tbody>\n<tr>\n<td><strong>Manipulation de l'impression<\/strong><\/td>\n<td>Gaufrage, pelliculage brillant, pelliculage mat, estampage, vernissage UV, vernissage, feuille d'or, vernissage \u00e0 l'eau.<\/td>\n<\/tr>\n<tr>\n<td><strong>Commande personnalis\u00e9e<\/strong><\/td>\n<td>Accepter<\/td>\n<\/tr>\n<tr>\n<td><strong>Type<\/strong><\/td>\n<td>Mat\u00e9riaux \u00e9cologiques<\/td>\n<\/tr>\n<tr>\n<td><strong>Mat\u00e9riau<\/strong><\/td>\n<td>carton<\/td>\n<\/tr>\n<tr>\n<td><strong>Taille<\/strong><\/td>\n<td>Taille personnalis\u00e9e accept\u00e9e<\/td>\n<\/tr>\n<tr>\n<td><strong>Utilisation<\/strong><\/td>\n<td>articles Paquet<\/td>\n<\/tr>\n<tr>\n<td><strong>Forme<\/strong><\/td>\n<td>Formes personnalis\u00e9es accept\u00e9es<\/td>\n<\/tr>\n<tr>\n<td><strong>Conception<\/strong><\/td>\n<td>Exigences sp\u00e9cifiques du client<\/td>\n<\/tr>\n<tr>\n<td><strong>Couleur<\/strong><\/td>\n<td>CMYK<\/td>\n<\/tr>\n<tr>\n<td><strong>Logo<\/strong><\/td>\n<td>Logo du client<\/td>\n<\/tr>\n<tr>\n<td><strong>Impression<\/strong><\/td>\n<td>Impression offset 4c<\/td>\n<\/tr>\n<tr>\n<td><strong>Utilisation industrielle<\/strong><\/td>\n<td>Emballage cadeau, emballage cosm\u00e9tique<\/td>\n<\/tr>\n<\/tbody>\n<\/table>","protected":false},"excerpt":{"rendered":"<p>Industry-Specific Attributes Industrial Use Cosmetic Paper Type Paperboard Feature Recyclable box type Others Other Attributes Printing Handling Embossing, Glossy Lamination, Matt Lamination, Stamping, UV Coating, Varnishing, Gold Foil, VANISHING Custom Order Accept Type Eco-friendly Materials Material cardboard Size Custom Size Accepted Usage items Package Shape Customized Shape Accept Design Customer&#8217;s Specific Requirement Color CMYK Logo [&hellip;]<\/p>\n","protected":false},"featured_media":81133,"template":"","meta":{"_seopress_robots_primary_cat":"none","_seopress_titles_title":"","_seopress_titles_desc":"","_seopress_robots_index":"","site-sidebar-layout":"default","site-content-layout":"","ast-site-content-layout":"default","site-content-style":"default","site-sidebar-style":"default","ast-global-header-display":"","ast-banner-title-visibility":"","ast-main-header-display":"","ast-hfb-above-header-display":"","ast-hfb-below-header-display":"","ast-hfb-mobile-header-display":"","site-post-title":"","ast-breadcrumbs-content":"","ast-featured-img":"","footer-sml-layout":"","ast-disable-related-posts":"","theme-transparent-header-meta":"default","adv-header-id-meta":"","stick-header-meta":"default","header-above-stick-meta":"","header-main-stick-meta":"","header-below-stick-meta":"","astra-migrate-meta-layouts":"set","ast-page-background-enabled":"default","ast-page-background-meta":{"desktop":{"background-color":"","background-image":"","background-repeat":"repeat","background-position":"center center","background-size":"auto","background-attachment":"scroll","background-type":"","background-media":"","overlay-type":"","overlay-color":"","overlay-opacity":"","overlay-gradient":""},"tablet":{"background-color":"","background-image":"","background-repeat":"repeat","background-position":"center center","background-size":"auto","background-attachment":"scroll","background-type":"","background-media":"","overlay-type":"","overlay-color":"","overlay-opacity":"","overlay-gradient":""},"mobile":{"background-color":"","background-image":"","background-repeat":"repeat","background-position":"center center","background-size":"auto","background-attachment":"scroll","background-type":"","background-media":"","overlay-type":"","overlay-color":"","overlay-opacity":"","overlay-gradient":""}},"ast-content-background-meta":{"desktop":{"background-color":"var(--ast-global-color-5)","background-image":"","background-repeat":"repeat","background-position":"center center","background-size":"auto","background-attachment":"scroll","background-type":"","background-media":"","overlay-type":"","overlay-color":"","overlay-opacity":"","overlay-gradient":""},"tablet":{"background-color":"var(--ast-global-color-5)","background-image":"","background-repeat":"repeat","background-position":"center center","background-size":"auto","background-attachment":"scroll","background-type":"","background-media":"","overlay-type":"","overlay-color":"","overlay-opacity":"","overlay-gradient":""},"mobile":{"background-color":"var(--ast-global-color-5)","background-image":"","background-repeat":"repeat","background-position":"center center","background-size":"auto","background-attachment":"scroll","background-type":"","background-media":"","overlay-type":"","overlay-color":"","overlay-opacity":"","overlay-gradient":""}}},"product_brand":[],"product_cat":[94],"product_tag":[],"class_list":{"0":"post-82285","1":"product","2":"type-product","3":"status-publish","4":"has-post-thumbnail","6":"product_cat-pillow-boxes","7":"desktop-align-left","8":"tablet-align-left","9":"mobile-align-left","10":"ast-product-gallery-layout-horizontal","11":"ast-product-tabs-layout-horizontal","13":"first","14":"instock","15":"product-type-simple"},"_links":{"self":[{"href":"https:\/\/reanpackaging.com\/fr\/wp-json\/wp\/v2\/product\/82285","targetHints":{"allow":["GET"]}}],"collection":[{"href":"https:\/\/reanpackaging.com\/fr\/wp-json\/wp\/v2\/product"}],"about":[{"href":"https:\/\/reanpackaging.com\/fr\/wp-json\/wp\/v2\/types\/product"}],"wp:featuredmedia":[{"embeddable":true,"href":"https:\/\/reanpackaging.com\/fr\/wp-json\/wp\/v2\/media\/81133"}],"wp:attachment":[{"href":"https:\/\/reanpackaging.com\/fr\/wp-json\/wp\/v2\/media?parent=82285"}],"wp:term":[{"taxonomy":"product_brand","embeddable":true,"href":"https:\/\/reanpackaging.com\/fr\/wp-json\/wp\/v2\/product_brand?post=82285"},{"taxonomy":"product_cat","embeddable":true,"href":"https:\/\/reanpackaging.com\/fr\/wp-json\/wp\/v2\/product_cat?post=82285"},{"taxonomy":"product_tag","embeddable":true,"href":"https:\/\/reanpackaging.com\/fr\/wp-json\/wp\/v2\/product_tag?post=82285"}],"curies":[{"name":"wp","href":"https:\/\/api.w.org\/{rel}","templated":true}]}}