{"id":8806,"date":"2023-09-24T14:42:07","date_gmt":"2023-09-24T14:42:07","guid":{"rendered":"http:\/\/ibn.wyd.mybluehost.me\/reanpackaging.com\/product\/brown-moving-corrugated-carton-shipping-boxes-for-mail-shipping-boxes-12x12-factory-delivery-brown-box-packaging\/"},"modified":"2024-10-01T16:52:38","modified_gmt":"2024-10-01T16:52:38","slug":"brown-moving-corrugated-carton-shipping-boxes-for-mail-shipping-boxes-12x12-factory-delivery-brown-box-packaging","status":"publish","type":"product","link":"https:\/\/reanpackaging.com\/fr\/produit\/brown-moving-corrugated-carton-shipping-boxes-for-mail-shipping-boxes-12x12-factory-delivery-brown-box-packaging\/","title":{"rendered":"Bo\u00eetes d'exp\u00e9dition en carton ondul\u00e9 pour le courrier 12X12 Livraison d'usine Emballage en carton brun"},"content":{"rendered":"<h4>Attributs sp\u00e9cifiques \u00e0 l'industrie<\/h4>\n<table border=\"1\">\n<tr>\n<td><strong>Utilisation industrielle<\/strong><\/td>\n<td>exp\u00e9dition<\/td>\n<\/tr>\n<tr>\n<td><strong>Type de papier<\/strong><\/td>\n<td>Carton ondul\u00e9<\/td>\n<\/tr>\n<tr>\n<td><strong>Fonctionnalit\u00e9<\/strong><\/td>\n<td>Recyclable<\/td>\n<\/tr>\n<\/table>\n<h4>Autres attributs<\/h4>\n<table border=\"1\">\n<tr>\n<td><strong>Type de bo\u00eete<\/strong><\/td>\n<td>Bo\u00eetes auto-\u00e9l\u00e9vatrices<\/td>\n<\/tr>\n<tr>\n<td><strong>Manipulation de l'impression<\/strong><\/td>\n<td>Gaufrage, pelliculage brillant, pelliculage mat, estampage, vernis UV, vernissage<\/td>\n<\/tr>\n<tr>\n<td><strong>Commande personnalis\u00e9e<\/strong><\/td>\n<td>Accepter<\/td>\n<\/tr>\n<tr>\n<td><strong>Forme<\/strong><\/td>\n<td>carr\u00e9<\/td>\n<\/tr>\n<tr>\n<td><strong>Nom<\/strong><\/td>\n<td>Bo\u00eetes d'exp\u00e9dition en carton ondul\u00e9<\/td>\n<\/tr>\n<tr>\n<td><strong>Avantages de la bo\u00eete en carton ondul\u00e9<\/strong><\/td>\n<td>Haute qualit\u00e9 et prix comp\u00e9titif<\/td>\n<\/tr>\n<tr>\n<td><strong>Certification de la bo\u00eete en carton ondul\u00e9<\/strong><\/td>\n<td>Caract\u00e9ristiques Recyclable, haute durabilit\u00e9, toutes les couleurs en option<\/td>\n<\/tr>\n<tr>\n<td><strong>Taille de la bo\u00eete en carton ondul\u00e9<\/strong><\/td>\n<td>Taille personnalis\u00e9e<\/td>\n<\/tr>\n<tr>\n<td><strong>Mat\u00e9riau de la bo\u00eete en carton ondul\u00e9<\/strong><\/td>\n<td>papier kraft, papier ondul\u00e9 en cannelures A, B, C, E, F, AB, BE, BC, etc.<\/td>\n<\/tr>\n<tr>\n<td><strong>Processus de finition de la bo\u00eete en carton ondul\u00e9<\/strong><\/td>\n<td>Vernissage\/ pelliculage brillant\/mat, marquage \u00e0 chaud argent\u00e9\/goden<\/td>\n<\/tr>\n<tr>\n<td><strong>Accessoires pour bo\u00eetes en carton ondul\u00e9<\/strong><\/td>\n<td>Ruban, cordon de serrage, poign\u00e9e en plastique, fen\u00eatre en PVC, joint magn\u00e9tique ou autres.<\/td>\n<\/tr>\n<tr>\n<td><strong>Paiement de la bo\u00eete en carton ondul\u00e9<\/strong><\/td>\n<td>L\/C, T\/T, Paypal ou autres<\/td>\n<\/tr>\n<tr>\n<td><strong>D\u00e9lai de livraison de la bo\u00eete en carton ondul\u00e9<\/strong><\/td>\n<td>12-15 jours ouvrables apr\u00e8s confirmation du d\u00e9p\u00f4t et de l'\u00e9preuve d'impression.<\/td>\n<\/tr>\n<tr>\n<td><strong>Bo\u00eete en carton ondul\u00e9 imprim\u00e9e en couleur<\/strong><\/td>\n<td>CMYK, PMS<\/td>\n<\/tr>\n<\/table>","protected":false},"excerpt":{"rendered":"<p>Industry-Specific Attributes Industrial Use shipping Paper Type Corrugated Board Feature Recyclable Other Attributes Box Type Self Erecting Boxes Printing Handling Embossing, Glossy Lamination, Matt Lamination, Stamping, UV Coating, Varnishing Custom Order Accept Shape square Name Corrugated carton shipping boxes Advantage of corrugated box High quality with competitive price Certification of corrugated box Feature Recyclable, high [&hellip;]<\/p>\n","protected":false},"featured_media":8624,"template":"","meta":{"_seopress_robots_primary_cat":"none","_seopress_titles_title":"","_seopress_titles_desc":"","_seopress_robots_index":"","site-sidebar-layout":"default","site-content-layout":"","ast-site-content-layout":"default","site-content-style":"default","site-sidebar-style":"default","ast-global-header-display":"","ast-banner-title-visibility":"","ast-main-header-display":"","ast-hfb-above-header-display":"","ast-hfb-below-header-display":"","ast-hfb-mobile-header-display":"","site-post-title":"","ast-breadcrumbs-content":"","ast-featured-img":"","footer-sml-layout":"","ast-disable-related-posts":"","theme-transparent-header-meta":"default","adv-header-id-meta":"","stick-header-meta":"default","header-above-stick-meta":"","header-main-stick-meta":"","header-below-stick-meta":"","astra-migrate-meta-layouts":"set","ast-page-background-enabled":"default","ast-page-background-meta":{"desktop":{"background-color":"","background-image":"","background-repeat":"repeat","background-position":"center center","background-size":"auto","background-attachment":"scroll","background-type":"","background-media":"","overlay-type":"","overlay-color":"","overlay-opacity":"","overlay-gradient":""},"tablet":{"background-color":"","background-image":"","background-repeat":"repeat","background-position":"center center","background-size":"auto","background-attachment":"scroll","background-type":"","background-media":"","overlay-type":"","overlay-color":"","overlay-opacity":"","overlay-gradient":""},"mobile":{"background-color":"","background-image":"","background-repeat":"repeat","background-position":"center center","background-size":"auto","background-attachment":"scroll","background-type":"","background-media":"","overlay-type":"","overlay-color":"","overlay-opacity":"","overlay-gradient":""}},"ast-content-background-meta":{"desktop":{"background-color":"var(--ast-global-color-5)","background-image":"","background-repeat":"repeat","background-position":"center center","background-size":"auto","background-attachment":"scroll","background-type":"","background-media":"","overlay-type":"","overlay-color":"","overlay-opacity":"","overlay-gradient":""},"tablet":{"background-color":"var(--ast-global-color-5)","background-image":"","background-repeat":"repeat","background-position":"center center","background-size":"auto","background-attachment":"scroll","background-type":"","background-media":"","overlay-type":"","overlay-color":"","overlay-opacity":"","overlay-gradient":""},"mobile":{"background-color":"var(--ast-global-color-5)","background-image":"","background-repeat":"repeat","background-position":"center center","background-size":"auto","background-attachment":"scroll","background-type":"","background-media":"","overlay-type":"","overlay-color":"","overlay-opacity":"","overlay-gradient":""}}},"product_brand":[],"product_cat":[29,48],"product_tag":[],"class_list":{"0":"post-8806","1":"product","2":"type-product","3":"status-publish","4":"has-post-thumbnail","6":"product_cat-packaging-boxes","7":"product_cat-shipping-boxes","8":"desktop-align-left","9":"tablet-align-left","10":"mobile-align-left","11":"ast-product-gallery-layout-horizontal","12":"ast-product-tabs-layout-horizontal","14":"first","15":"instock","16":"purchasable","17":"product-type-simple"},"_links":{"self":[{"href":"https:\/\/reanpackaging.com\/fr\/wp-json\/wp\/v2\/product\/8806","targetHints":{"allow":["GET"]}}],"collection":[{"href":"https:\/\/reanpackaging.com\/fr\/wp-json\/wp\/v2\/product"}],"about":[{"href":"https:\/\/reanpackaging.com\/fr\/wp-json\/wp\/v2\/types\/product"}],"wp:featuredmedia":[{"embeddable":true,"href":"https:\/\/reanpackaging.com\/fr\/wp-json\/wp\/v2\/media\/8624"}],"wp:attachment":[{"href":"https:\/\/reanpackaging.com\/fr\/wp-json\/wp\/v2\/media?parent=8806"}],"wp:term":[{"taxonomy":"product_brand","embeddable":true,"href":"https:\/\/reanpackaging.com\/fr\/wp-json\/wp\/v2\/product_brand?post=8806"},{"taxonomy":"product_cat","embeddable":true,"href":"https:\/\/reanpackaging.com\/fr\/wp-json\/wp\/v2\/product_cat?post=8806"},{"taxonomy":"product_tag","embeddable":true,"href":"https:\/\/reanpackaging.com\/fr\/wp-json\/wp\/v2\/product_tag?post=8806"}],"curies":[{"name":"wp","href":"https:\/\/api.w.org\/{rel}","templated":true}]}}