{"id":9025,"date":"2023-09-24T16:19:44","date_gmt":"2023-09-24T16:19:44","guid":{"rendered":"http:\/\/ibn.wyd.mybluehost.me\/reanpackaging.com\/product\/custom-logo-printing-clear-window-stand-up-reseabale-zipper-beef-jerky-candy-brown-paper-bag\/"},"modified":"2024-10-01T16:51:54","modified_gmt":"2024-10-01T16:51:54","slug":"custom-logo-printing-clear-window-stand-up-reseabale-zipper-beef-jerky-candy-brown-paper-bag","status":"publish","type":"product","link":"https:\/\/reanpackaging.com\/fr\/produit\/custom-logo-printing-clear-window-stand-up-reseabale-zipper-beef-jerky-candy-brown-paper-bag\/","title":{"rendered":"Impression logo personnalis\u00e9 Fen\u00eatre transparente Stand Up Reseabale Zipper Beef Jerky Candy Brown Paper Bag"},"content":{"rendered":"<h4>Attributs sp\u00e9cifiques \u00e0 l'industrie<\/h4>\n<table border=\"1\">\n<tr>\n<td><strong>Utilisation industrielle<\/strong><\/td>\n<td>Emballages pour aliments et boissons<\/td>\n<\/tr>\n<tr>\n<td><strong>Type de papier<\/strong><\/td>\n<td>Papier Kraft<\/td>\n<\/tr>\n<tr>\n<td><strong>Fonctionnalit\u00e9<\/strong><\/td>\n<td>Recyclable<\/td>\n<\/tr>\n<\/table>\n<h4>Autres attributs<\/h4>\n<table border=\"1\">\n<tr>\n<td><strong>Manipulation de surface<\/strong><\/td>\n<td>Impression en h\u00e9liogravure<\/td>\n<\/tr>\n<tr>\n<td><strong>Scellement et poign\u00e9e<\/strong><\/td>\n<td>Haut avec fermeture \u00e0 glissi\u00e8re<\/td>\n<\/tr>\n<tr>\n<td><strong>Commande personnalis\u00e9e<\/strong><\/td>\n<td>Accepter<\/td>\n<\/tr>\n<tr>\n<td><strong>Utilisation industrielle<\/strong><\/td>\n<td>Alimentation<\/td>\n<\/tr>\n<tr>\n<td><strong>Utilisation<\/strong><\/td>\n<td>Collation<\/td>\n<\/tr>\n<tr>\n<td><strong>Nom<\/strong><\/td>\n<td>sac en papier pour le b\u0153uf s\u00e9ch\u00e9<\/td>\n<\/tr>\n<tr>\n<td><strong>Impression<\/strong><\/td>\n<td>impression en h\u00e9liogravure<\/td>\n<\/tr>\n<tr>\n<td><strong>Taille et capacit\u00e9<\/strong><\/td>\n<td>250ml 300ml 400ml 500ml 750ml<\/td>\n<\/tr>\n<tr>\n<td><strong>Forme<\/strong><\/td>\n<td>sac \u00e0 fermeture \u00e0 glissi\u00e8re<\/td>\n<\/tr>\n<tr>\n<td><strong>\u00c9paisseur<\/strong><\/td>\n<td>80-170microns<\/td>\n<\/tr>\n<tr>\n<td><strong>Mot-cl\u00e9<\/strong><\/td>\n<td>SAC EN PAPIER BRUN<\/td>\n<\/tr>\n<tr>\n<td><strong>D\u00e9lai de livraison<\/strong><\/td>\n<td>15-25 jours<\/td>\n<\/tr>\n<tr>\n<td><strong>Structure des mat\u00e9riaux<\/strong><\/td>\n<td>Papier kraft\/PET\/PE<\/td>\n<\/tr>\n<\/table>\n<p><img decoding=\"async\" class=\"detail-desc-decorate-image\" src=\"http:\/\/ibn.wyd.mybluehost.me\/reanpackaging.com\/wp-content\/uploads\/2023\/09\/8-description-Custom-Logo-Printing-Clear-Window-Stand-Up-Reseabale-Zipper-Beef-Jerky-Candy-Brown-Paper-Bag.jpg\" slate-data-type=\"image\" style=\"max-width: 100%; height: auto; display: block; margin: 0 auto;\"><br \/>\n<img decoding=\"async\" class=\"detail-desc-decorate-image\" src=\"http:\/\/ibn.wyd.mybluehost.me\/reanpackaging.com\/wp-content\/uploads\/2023\/09\/9-description-Custom-Logo-Printing-Clear-Window-Stand-Up-Reseabale-Zipper-Beef-Jerky-Candy-Brown-Paper-Bag.jpg\" slate-data-type=\"image\" style=\"max-width: 100%; height: auto; display: block; margin: 0 auto;\"><\/p>","protected":false},"excerpt":{"rendered":"<p>Industry-Specific Attributes Industrial Use Food &#038; Beverage Packaging Paper Type Kraft Paper Feature Recyclable Other Attributes Surface Handling Gravure printing Sealing &#038; Handle Zipper Top Custom Order Accept Industrial Use Food Use Snack Name beef jerky paper bag Printing gravure printing Size &#038; capacity 250ml 300ml 400ml 500ml 750ml Shape stand up ziplock bag Thickness [&hellip;]<\/p>\n","protected":false},"featured_media":8937,"template":"","meta":{"_seopress_robots_primary_cat":"none","_seopress_titles_title":"","_seopress_titles_desc":"","_seopress_robots_index":"","site-sidebar-layout":"default","site-content-layout":"","ast-site-content-layout":"default","site-content-style":"default","site-sidebar-style":"default","ast-global-header-display":"","ast-banner-title-visibility":"","ast-main-header-display":"","ast-hfb-above-header-display":"","ast-hfb-below-header-display":"","ast-hfb-mobile-header-display":"","site-post-title":"","ast-breadcrumbs-content":"","ast-featured-img":"","footer-sml-layout":"","ast-disable-related-posts":"","theme-transparent-header-meta":"default","adv-header-id-meta":"","stick-header-meta":"default","header-above-stick-meta":"","header-main-stick-meta":"","header-below-stick-meta":"","astra-migrate-meta-layouts":"set","ast-page-background-enabled":"default","ast-page-background-meta":{"desktop":{"background-color":"","background-image":"","background-repeat":"repeat","background-position":"center center","background-size":"auto","background-attachment":"scroll","background-type":"","background-media":"","overlay-type":"","overlay-color":"","overlay-opacity":"","overlay-gradient":""},"tablet":{"background-color":"","background-image":"","background-repeat":"repeat","background-position":"center center","background-size":"auto","background-attachment":"scroll","background-type":"","background-media":"","overlay-type":"","overlay-color":"","overlay-opacity":"","overlay-gradient":""},"mobile":{"background-color":"","background-image":"","background-repeat":"repeat","background-position":"center center","background-size":"auto","background-attachment":"scroll","background-type":"","background-media":"","overlay-type":"","overlay-color":"","overlay-opacity":"","overlay-gradient":""}},"ast-content-background-meta":{"desktop":{"background-color":"var(--ast-global-color-5)","background-image":"","background-repeat":"repeat","background-position":"center center","background-size":"auto","background-attachment":"scroll","background-type":"","background-media":"","overlay-type":"","overlay-color":"","overlay-opacity":"","overlay-gradient":""},"tablet":{"background-color":"var(--ast-global-color-5)","background-image":"","background-repeat":"repeat","background-position":"center center","background-size":"auto","background-attachment":"scroll","background-type":"","background-media":"","overlay-type":"","overlay-color":"","overlay-opacity":"","overlay-gradient":""},"mobile":{"background-color":"var(--ast-global-color-5)","background-image":"","background-repeat":"repeat","background-position":"center center","background-size":"auto","background-attachment":"scroll","background-type":"","background-media":"","overlay-type":"","overlay-color":"","overlay-opacity":"","overlay-gradient":""}}},"product_brand":[],"product_cat":[35,36,44],"product_tag":[],"class_list":{"0":"post-9025","1":"product","2":"type-product","3":"status-publish","4":"has-post-thumbnail","6":"product_cat-brown-paper-bags-bulk","7":"product_cat-kraft-bags","8":"product_cat-paper-bags","9":"desktop-align-left","10":"tablet-align-left","11":"mobile-align-left","12":"ast-product-gallery-layout-horizontal","13":"ast-product-tabs-layout-horizontal","15":"first","16":"instock","17":"purchasable","18":"product-type-simple"},"_links":{"self":[{"href":"https:\/\/reanpackaging.com\/fr\/wp-json\/wp\/v2\/product\/9025","targetHints":{"allow":["GET"]}}],"collection":[{"href":"https:\/\/reanpackaging.com\/fr\/wp-json\/wp\/v2\/product"}],"about":[{"href":"https:\/\/reanpackaging.com\/fr\/wp-json\/wp\/v2\/types\/product"}],"wp:featuredmedia":[{"embeddable":true,"href":"https:\/\/reanpackaging.com\/fr\/wp-json\/wp\/v2\/media\/8937"}],"wp:attachment":[{"href":"https:\/\/reanpackaging.com\/fr\/wp-json\/wp\/v2\/media?parent=9025"}],"wp:term":[{"taxonomy":"product_brand","embeddable":true,"href":"https:\/\/reanpackaging.com\/fr\/wp-json\/wp\/v2\/product_brand?post=9025"},{"taxonomy":"product_cat","embeddable":true,"href":"https:\/\/reanpackaging.com\/fr\/wp-json\/wp\/v2\/product_cat?post=9025"},{"taxonomy":"product_tag","embeddable":true,"href":"https:\/\/reanpackaging.com\/fr\/wp-json\/wp\/v2\/product_tag?post=9025"}],"curies":[{"name":"wp","href":"https:\/\/api.w.org\/{rel}","templated":true}]}}