{"id":95366,"date":"2025-03-08T20:45:58","date_gmt":"2025-03-08T20:45:58","guid":{"rendered":"https:\/\/reanpackaging.com\/product\/customized-logo-100-biodegradable-black-kraft-paper-bag-wine-bottle-packaging-carry-bag-triangle-handheld-wine-gift-bag\/"},"modified":"2025-03-08T20:46:27","modified_gmt":"2025-03-08T20:46:27","slug":"customized-logo-100-biodegradable-black-kraft-paper-bag-wine-bottle-packaging-carry-bag-triangle-handheld-wine-gift-bag","status":"publish","type":"product","link":"https:\/\/reanpackaging.com\/fr\/produit\/customized-logo-100-biodegradable-black-kraft-paper-bag-wine-bottle-packaging-carry-bag-triangle-handheld-wine-gift-bag\/","title":{"rendered":"Logo personnalis\u00e9 100% Sac en papier kraft noir biod\u00e9gradable Emballage des bouteilles de vin Sac de transport Triangle Sac cadeau pour le vin \u00e0 main"},"content":{"rendered":"<h4>Attributs sp\u00e9cifiques \u00e0 l'industrie<\/h4>\n<table border=\"1\">\n<tr>\n<td><strong>Utilisation industrielle<\/strong><\/td>\n<td>Boissons<\/td>\n<\/tr>\n<tr>\n<td><strong>Type de papier<\/strong><\/td>\n<td>Papier Kraft<\/td>\n<\/tr>\n<tr>\n<td><strong>Fonctionnalit\u00e9<\/strong><\/td>\n<td>Respectueux de l'environnement, recyclable, biod\u00e9gradable<\/td>\n<\/tr>\n<\/table>\n<h4>Autres attributs<\/h4>\n<table border=\"1\">\n<tr>\n<td><strong>Impression de surface<\/strong><\/td>\n<td>Vernissage<\/td>\n<\/tr>\n<tr>\n<td><strong>Scellement et poign\u00e9e<\/strong><\/td>\n<td>Longueur de la main Poign\u00e9e<\/td>\n<\/tr>\n<tr>\n<td><strong>Commande personnalis\u00e9e<\/strong><\/td>\n<td>Accepter<\/td>\n<\/tr>\n<tr>\n<td><strong>Style<\/strong><\/td>\n<td>Luxe<\/td>\n<\/tr>\n<tr>\n<td><strong>Logo\/graphisme<\/strong><\/td>\n<td>Accept\u00e9<\/td>\n<\/tr>\n<tr>\n<td><strong>Accessoires<\/strong><\/td>\n<td>Poign\u00e9e<\/td>\n<\/tr>\n<tr>\n<td><strong>Manipulation de l'impression<\/strong><\/td>\n<td>gaufrage, s\u00e9rigraphie, impression offset, impression flexographique, gaufrage\/d\u00e9bossage, impression num\u00e9rique, dorure, impression UV, LAMINATION, vitrage local<\/td>\n<\/tr>\n<tr>\n<td><strong>Taille<\/strong><\/td>\n<td>Taille personnalis\u00e9e<\/td>\n<\/tr>\n<tr>\n<td><strong>Logo<\/strong><\/td>\n<td>Logo du client<\/td>\n<\/tr>\n<tr>\n<td><strong>Utilisation<\/strong><\/td>\n<td>Emballage Cadeau<\/td>\n<\/tr>\n<tr>\n<td><strong>Mat\u00e9riau<\/strong><\/td>\n<td>Papier kraft noir<\/td>\n<\/tr>\n<tr>\n<td><strong>Style<\/strong><\/td>\n<td>Luxe moderne<\/td>\n<\/tr>\n<tr>\n<td><strong>Certificat<\/strong><\/td>\n<td>BSCI, ISO9001, FSC<\/td>\n<\/tr>\n<tr>\n<td><strong>\u00c9chantillon<\/strong><\/td>\n<td>\u00c9chantillons propos\u00e9s<\/td>\n<\/tr>\n<tr>\n<td><strong>Finition de la surface<\/strong><\/td>\n<td>4C\/UV\/Laminage\/vernis\/Surimpression \u00e0 chaud\/Embossage\/Surimpression<\/td>\n<\/tr>\n<tr>\n<td><strong>Conception<\/strong><\/td>\n<td>Mod\u00e8les OEM personnalis\u00e9s<\/td>\n<\/tr>\n<\/table>","protected":false},"excerpt":{"rendered":"<p>Industry-Specific Attributes Industrial Use Beverage Paper Type Kraft Paper Feature Eco-Friendly, Recyclable, Bio-degradable Other Attributes Surface printing Varnishing Sealing &#038; Handle Hand Length Handle Custom Order Accept Style Luxury Logo\/graphic design Accepted Accessories Handle Printing Handling debossing, Silk screen printing, Offset printing, Flexographic Printing, Embossing\/Debossing, Digital printing, Gold Stamp, UV printing, LAMINATION, Local glazing Size [&hellip;]<\/p>\n","protected":false},"featured_media":95071,"template":"","meta":{"_seopress_robots_primary_cat":"","_seopress_titles_title":"","_seopress_titles_desc":"","_seopress_robots_index":"","site-sidebar-layout":"default","site-content-layout":"","ast-site-content-layout":"default","site-content-style":"default","site-sidebar-style":"default","ast-global-header-display":"","ast-banner-title-visibility":"","ast-main-header-display":"","ast-hfb-above-header-display":"","ast-hfb-below-header-display":"","ast-hfb-mobile-header-display":"","site-post-title":"","ast-breadcrumbs-content":"","ast-featured-img":"","footer-sml-layout":"","ast-disable-related-posts":"","theme-transparent-header-meta":"","adv-header-id-meta":"","stick-header-meta":"","header-above-stick-meta":"","header-main-stick-meta":"","header-below-stick-meta":"","astra-migrate-meta-layouts":"default","ast-page-background-enabled":"default","ast-page-background-meta":{"desktop":{"background-color":"","background-image":"","background-repeat":"repeat","background-position":"center center","background-size":"auto","background-attachment":"scroll","background-type":"","background-media":"","overlay-type":"","overlay-color":"","overlay-opacity":"","overlay-gradient":""},"tablet":{"background-color":"","background-image":"","background-repeat":"repeat","background-position":"center center","background-size":"auto","background-attachment":"scroll","background-type":"","background-media":"","overlay-type":"","overlay-color":"","overlay-opacity":"","overlay-gradient":""},"mobile":{"background-color":"","background-image":"","background-repeat":"repeat","background-position":"center center","background-size":"auto","background-attachment":"scroll","background-type":"","background-media":"","overlay-type":"","overlay-color":"","overlay-opacity":"","overlay-gradient":""}},"ast-content-background-meta":{"desktop":{"background-color":"var(--ast-global-color-5)","background-image":"","background-repeat":"repeat","background-position":"center center","background-size":"auto","background-attachment":"scroll","background-type":"","background-media":"","overlay-type":"","overlay-color":"","overlay-opacity":"","overlay-gradient":""},"tablet":{"background-color":"var(--ast-global-color-5)","background-image":"","background-repeat":"repeat","background-position":"center center","background-size":"auto","background-attachment":"scroll","background-type":"","background-media":"","overlay-type":"","overlay-color":"","overlay-opacity":"","overlay-gradient":""},"mobile":{"background-color":"var(--ast-global-color-5)","background-image":"","background-repeat":"repeat","background-position":"center center","background-size":"auto","background-attachment":"scroll","background-type":"","background-media":"","overlay-type":"","overlay-color":"","overlay-opacity":"","overlay-gradient":""}}},"product_brand":[],"product_cat":[95],"product_tag":[],"class_list":{"0":"post-95366","1":"product","2":"type-product","3":"status-publish","4":"has-post-thumbnail","6":"product_cat-wine-box","7":"desktop-align-left","8":"tablet-align-left","9":"mobile-align-left","10":"ast-product-gallery-layout-horizontal","11":"ast-product-tabs-layout-horizontal","13":"first","14":"instock","15":"product-type-simple"},"_links":{"self":[{"href":"https:\/\/reanpackaging.com\/fr\/wp-json\/wp\/v2\/product\/95366","targetHints":{"allow":["GET"]}}],"collection":[{"href":"https:\/\/reanpackaging.com\/fr\/wp-json\/wp\/v2\/product"}],"about":[{"href":"https:\/\/reanpackaging.com\/fr\/wp-json\/wp\/v2\/types\/product"}],"wp:featuredmedia":[{"embeddable":true,"href":"https:\/\/reanpackaging.com\/fr\/wp-json\/wp\/v2\/media\/95071"}],"wp:attachment":[{"href":"https:\/\/reanpackaging.com\/fr\/wp-json\/wp\/v2\/media?parent=95366"}],"wp:term":[{"taxonomy":"product_brand","embeddable":true,"href":"https:\/\/reanpackaging.com\/fr\/wp-json\/wp\/v2\/product_brand?post=95366"},{"taxonomy":"product_cat","embeddable":true,"href":"https:\/\/reanpackaging.com\/fr\/wp-json\/wp\/v2\/product_cat?post=95366"},{"taxonomy":"product_tag","embeddable":true,"href":"https:\/\/reanpackaging.com\/fr\/wp-json\/wp\/v2\/product_tag?post=95366"}],"curies":[{"name":"wp","href":"https:\/\/api.w.org\/{rel}","templated":true}]}}