{"id":14186,"date":"2023-11-05T14:03:18","date_gmt":"2023-11-05T14:03:18","guid":{"rendered":"http:\/\/ibn.wyd.mybluehost.me\/reanpackaging.com\/product\/customized-printed-swiss-polka-dot-fabric-grosgrain-ribbon-for-holiday-gift-wrap-diy-bow-girl-hair-accessories-decoration\/"},"modified":"2024-10-01T16:37:02","modified_gmt":"2024-10-01T16:37:02","slug":"customized-printed-swiss-polka-dot-fabric-grosgrain-ribbon-for-holiday-gift-wrap-diy-bow-girl-hair-accessories-decoration","status":"publish","type":"product","link":"https:\/\/reanpackaging.com\/it\/prodotto\/customized-printed-swiss-polka-dot-fabric-grosgrain-ribbon-for-holiday-gift-wrap-diy-bow-girl-hair-accessories-decoration\/","title":{"rendered":"Personalizzato stampato svizzero Polka Dot tessuto Grosgrain nastro per Holiday regalo Wrap Diy Bow ragazza capelli accessori decorazione"},"content":{"rendered":"<h4>Attributi specifici del settore<\/h4>\n<table border=\"1\">\n<tr>\n<td><strong>7 giorni di tempo per l'ordine del campione<\/strong><\/td>\n<td>Supporto<\/td>\n<\/tr>\n<tr>\n<td><strong>Materiale<\/strong><\/td>\n<td>100% Poliestere<\/td>\n<\/tr>\n<tr>\n<td><strong>Tipo di tessuto<\/strong><\/td>\n<td>Grosgrain<\/td>\n<\/tr>\n<tr>\n<td><strong>Tecnica<\/strong><\/td>\n<td>Stampato<\/td>\n<\/tr>\n<\/table>\n<h4>Altri attributi<\/h4>\n<table border=\"1\">\n<tr>\n<td><strong>Caratteristica<\/strong><\/td>\n<td>Alta tenacit\u00e0<\/td>\n<\/tr>\n<tr>\n<td><strong>Larghezza<\/strong><\/td>\n<td>1-1\/2\u2033, 2\u2033, 1 1\/2\u2033, 3 pollici<\/td>\n<\/tr>\n<tr>\n<td><strong>Stile<\/strong><\/td>\n<td>Volto singolo<\/td>\n<\/tr>\n<tr>\n<td><strong>Modello<\/strong><\/td>\n<td>Puntini<\/td>\n<\/tr>\n<tr>\n<td><strong>Tipo di prodotto<\/strong><\/td>\n<td>RIBBONI<\/td>\n<\/tr>\n<tr>\n<td><strong>Nome<\/strong><\/td>\n<td>Nastro di gros-grain stampato a pois<\/td>\n<\/tr>\n<tr>\n<td><strong>Materiale<\/strong><\/td>\n<td>100% poliestere<\/td>\n<\/tr>\n<tr>\n<td><strong>Colore<\/strong><\/td>\n<td>196 colori<\/td>\n<\/tr>\n<tr>\n<td><strong>Il nostro nastro<\/strong><\/td>\n<td>Il pi\u00f9 spesso, il pi\u00f9 forte, il pi\u00f9 resistente<\/td>\n<\/tr>\n<tr>\n<td><strong>Dimensione standard<\/strong><\/td>\n<td>3&#8243;<\/td>\n<\/tr>\n<tr>\n<td><strong>Nastro<\/strong><\/td>\n<td>Azo libero<\/td>\n<\/tr>\n<tr>\n<td><strong>Nastro di lusso<\/strong><\/td>\n<td>Cadmio libero<\/td>\n<\/tr>\n<tr>\n<td><strong>Certificato<\/strong><\/td>\n<td>Disponibile<\/td>\n<\/tr>\n<tr>\n<td><strong>Imballaggio standard<\/strong><\/td>\n<td>100yds\/rotolo<\/td>\n<\/tr>\n<tr>\n<td><strong>Servizio OEM<\/strong><\/td>\n<td>Disponibile<\/td>\n<\/tr>\n<\/table>","protected":false},"excerpt":{"rendered":"<p>Industry-Specific Attributes 7 days sample order lead time Support Material 100% Polyester Fabric Type Grosgrain Technics Printed Other Attributes Feature High Tenacity Width 1-1\/2&#8243;, 2&#8243;, 1 1\/2&#8243;, 3 inch Style Single Face Pattern Dots Product Type RIBBONS Name Printed Grosgrain ribbon polka dots Material 100% polyester Color 196colors Our Ribbon Thickest, Strongest,Most Durable Standard Size [&hellip;]<\/p>\n","protected":false},"featured_media":13682,"template":"","meta":{"_seopress_robots_primary_cat":"none","_seopress_titles_title":"","_seopress_titles_desc":"","_seopress_robots_index":"","site-sidebar-layout":"default","site-content-layout":"","ast-site-content-layout":"default","site-content-style":"default","site-sidebar-style":"default","ast-global-header-display":"","ast-banner-title-visibility":"","ast-main-header-display":"","ast-hfb-above-header-display":"","ast-hfb-below-header-display":"","ast-hfb-mobile-header-display":"","site-post-title":"","ast-breadcrumbs-content":"","ast-featured-img":"","footer-sml-layout":"","ast-disable-related-posts":"","theme-transparent-header-meta":"default","adv-header-id-meta":"","stick-header-meta":"default","header-above-stick-meta":"","header-main-stick-meta":"","header-below-stick-meta":"","astra-migrate-meta-layouts":"set","ast-page-background-enabled":"default","ast-page-background-meta":{"desktop":{"background-color":"","background-image":"","background-repeat":"repeat","background-position":"center center","background-size":"auto","background-attachment":"scroll","background-type":"","background-media":"","overlay-type":"","overlay-color":"","overlay-opacity":"","overlay-gradient":""},"tablet":{"background-color":"","background-image":"","background-repeat":"repeat","background-position":"center center","background-size":"auto","background-attachment":"scroll","background-type":"","background-media":"","overlay-type":"","overlay-color":"","overlay-opacity":"","overlay-gradient":""},"mobile":{"background-color":"","background-image":"","background-repeat":"repeat","background-position":"center center","background-size":"auto","background-attachment":"scroll","background-type":"","background-media":"","overlay-type":"","overlay-color":"","overlay-opacity":"","overlay-gradient":""}},"ast-content-background-meta":{"desktop":{"background-color":"var(--ast-global-color-5)","background-image":"","background-repeat":"repeat","background-position":"center center","background-size":"auto","background-attachment":"scroll","background-type":"","background-media":"","overlay-type":"","overlay-color":"","overlay-opacity":"","overlay-gradient":""},"tablet":{"background-color":"var(--ast-global-color-5)","background-image":"","background-repeat":"repeat","background-position":"center center","background-size":"auto","background-attachment":"scroll","background-type":"","background-media":"","overlay-type":"","overlay-color":"","overlay-opacity":"","overlay-gradient":""},"mobile":{"background-color":"var(--ast-global-color-5)","background-image":"","background-repeat":"repeat","background-position":"center center","background-size":"auto","background-attachment":"scroll","background-type":"","background-media":"","overlay-type":"","overlay-color":"","overlay-opacity":"","overlay-gradient":""}}},"product_brand":[],"product_cat":[55,51],"product_tag":[],"class_list":{"0":"post-14186","1":"product","2":"type-product","3":"status-publish","4":"has-post-thumbnail","6":"product_cat-ribbon","7":"product_cat-shipping-supplies","8":"desktop-align-left","9":"tablet-align-left","10":"mobile-align-left","11":"ast-product-gallery-layout-horizontal","12":"ast-product-tabs-layout-horizontal","14":"first","15":"instock","16":"purchasable","17":"product-type-simple"},"_links":{"self":[{"href":"https:\/\/reanpackaging.com\/it\/wp-json\/wp\/v2\/product\/14186","targetHints":{"allow":["GET"]}}],"collection":[{"href":"https:\/\/reanpackaging.com\/it\/wp-json\/wp\/v2\/product"}],"about":[{"href":"https:\/\/reanpackaging.com\/it\/wp-json\/wp\/v2\/types\/product"}],"wp:featuredmedia":[{"embeddable":true,"href":"https:\/\/reanpackaging.com\/it\/wp-json\/wp\/v2\/media\/13682"}],"wp:attachment":[{"href":"https:\/\/reanpackaging.com\/it\/wp-json\/wp\/v2\/media?parent=14186"}],"wp:term":[{"taxonomy":"product_brand","embeddable":true,"href":"https:\/\/reanpackaging.com\/it\/wp-json\/wp\/v2\/product_brand?post=14186"},{"taxonomy":"product_cat","embeddable":true,"href":"https:\/\/reanpackaging.com\/it\/wp-json\/wp\/v2\/product_cat?post=14186"},{"taxonomy":"product_tag","embeddable":true,"href":"https:\/\/reanpackaging.com\/it\/wp-json\/wp\/v2\/product_tag?post=14186"}],"curies":[{"name":"wp","href":"https:\/\/api.w.org\/{rel}","templated":true}]}}