{"id":17166,"date":"2024-04-28T15:56:33","date_gmt":"2024-04-28T15:56:33","guid":{"rendered":"https:\/\/reanpackaging.com\/product\/custom-logo-disposable-coffee-drink-wine-bag-in-box-dispenser-coffee-to-go-take-out-paper-coffee-box\/"},"modified":"2024-10-01T16:32:58","modified_gmt":"2024-10-01T16:32:58","slug":"custom-logo-disposable-coffee-drink-wine-bag-in-box-dispenser-coffee-to-go-take-out-paper-coffee-box","status":"publish","type":"product","link":"https:\/\/reanpackaging.com\/it\/prodotto\/custom-logo-disposable-coffee-drink-wine-bag-in-box-dispenser-coffee-to-go-take-out-paper-coffee-box\/","title":{"rendered":"Logo personalizzato monouso caff\u00e8 bevanda vino borsa in scatola dispenser caff\u00e8 per andare Take-Out scatola di caff\u00e8 di carta"},"content":{"rendered":"<h4>Attributi specifici del settore<\/h4>\n<table border=\"1\">\n<tr>\n<td><strong>Uso industriale<\/strong><\/td>\n<td>Bevande<\/td>\n<\/tr>\n<tr>\n<td><strong>Tipo di carta<\/strong><\/td>\n<td>Cartone ondulato<\/td>\n<\/tr>\n<tr>\n<td><strong>Caratteristica<\/strong><\/td>\n<td>Monouso<\/td>\n<\/tr>\n<\/table>\n<h4>Altri attributi<\/h4>\n<table border=\"1\">\n<tr>\n<td><strong>Luogo di origine<\/strong><\/td>\n<td>Jiangsu, Cina<\/td>\n<\/tr>\n<tr>\n<td><strong>Tipo di scatola<\/strong><\/td>\n<td>Scatole autosollevanti<\/td>\n<\/tr>\n<tr>\n<td><strong>Nome del marchio<\/strong><\/td>\n<td>Delizia<\/td>\n<\/tr>\n<tr>\n<td><strong>Gestione della stampa<\/strong><\/td>\n<td>Laminazione opaca, verniciatura, timbratura, goffratura, laminazione lucida, rivestimento UV, VANISHING, lamina d'oro<\/td>\n<\/tr>\n<tr>\n<td><strong>Ordine personalizzato<\/strong><\/td>\n<td>Accettare<\/td>\n<\/tr>\n<tr>\n<td><strong>Forma<\/strong><\/td>\n<td>forma personalizzata<\/td>\n<\/tr>\n<tr>\n<td><strong>Nome del prodotto<\/strong><\/td>\n<td>distributore di caff\u00e8<\/td>\n<\/tr>\n<tr>\n<td><strong>Forma<\/strong><\/td>\n<td>Personalizzabile<\/td>\n<\/tr>\n<tr>\n<td><strong>Utilizzo<\/strong><\/td>\n<td>contenitore per il caff\u00e8<\/td>\n<\/tr>\n<tr>\n<td><strong>Materiale<\/strong><\/td>\n<td>Cartone ondulato<\/td>\n<\/tr>\n<tr>\n<td><strong>Dimensione<\/strong><\/td>\n<td>Taglie tagliate<\/td>\n<\/tr>\n<tr>\n<td><strong>Logo<\/strong><\/td>\n<td>Logo del cliente<\/td>\n<\/tr>\n<tr>\n<td><strong>Parola chiave<\/strong><\/td>\n<td>Scatola di carta monouso<\/td>\n<\/tr>\n<tr>\n<td><strong>MOQ<\/strong><\/td>\n<td>500 pezzi<\/td>\n<\/tr>\n<tr>\n<td><strong>Imballaggio<\/strong><\/td>\n<td>Cartone da imballaggio standard<\/td>\n<\/tr>\n<tr>\n<td><strong>Campione<\/strong><\/td>\n<td>Disponibile<\/td>\n<\/tr>\n<\/table>\n<p><img decoding=\"async\" class=\"detail-desc-decorate-image\" src=\"https:\/\/reanpackaging.com\/wp-content\/uploads\/2024\/04\/1-description-Custom-Logo-disposable-coffee-drink-wine-bag-in-box-dispenser-coffee-to-go-Take-Out-paper-coffee-box.jpg\" slate-data-type=\"image\" style=\"max-width: 100%; height: auto; display: block; margin: 0 auto;\"><br \/>\n<img decoding=\"async\" class=\"detail-desc-decorate-image\" src=\"https:\/\/reanpackaging.com\/wp-content\/uploads\/2024\/04\/2-description-Custom-Logo-disposable-coffee-drink-wine-bag-in-box-dispenser-coffee-to-go-Take-Out-paper-coffee-box.jpg\" slate-data-type=\"image\" style=\"max-width: 100%; height: auto; display: block; margin: 0 auto;\"><br \/>\n<img decoding=\"async\" class=\"detail-desc-decorate-image\" src=\"https:\/\/reanpackaging.com\/wp-content\/uploads\/2024\/04\/3-description-Custom-Logo-disposable-coffee-drink-wine-bag-in-box-dispenser-coffee-to-go-Take-Out-paper-coffee-box.jpg\" slate-data-type=\"image\" style=\"max-width: 100%; height: auto; display: block; margin: 0 auto;\"><br \/>\n<img decoding=\"async\" class=\"detail-desc-decorate-image\" src=\"https:\/\/reanpackaging.com\/wp-content\/uploads\/2024\/04\/4-description-Custom-Logo-disposable-coffee-drink-wine-bag-in-box-dispenser-coffee-to-go-Take-Out-paper-coffee-box.jpg\" slate-data-type=\"image\" style=\"max-width: 100%; height: auto; display: block; margin: 0 auto;\"><br \/>\n<img decoding=\"async\" class=\"detail-desc-decorate-image\" src=\"https:\/\/reanpackaging.com\/wp-content\/uploads\/2024\/04\/5-description-Custom-Logo-disposable-coffee-drink-wine-bag-in-box-dispenser-coffee-to-go-Take-Out-paper-coffee-box.jpg\" slate-data-type=\"image\" style=\"max-width: 100%; height: auto; display: block; margin: 0 auto;\"><br \/>\n<img decoding=\"async\" class=\"detail-desc-decorate-image\" src=\"https:\/\/reanpackaging.com\/wp-content\/uploads\/2024\/04\/6-description-Custom-Logo-disposable-coffee-drink-wine-bag-in-box-dispenser-coffee-to-go-Take-Out-paper-coffee-box.jpg\" slate-data-type=\"image\" style=\"max-width: 100%; height: auto; display: block; margin: 0 auto;\"><\/p>","protected":false},"excerpt":{"rendered":"<p>Industry-Specific Attributes Industrial Use Beverage Paper Type Corrugated Board Feature Disposable Other Attributes Place of Origin Jiangsu, China Box Type Self Erecting Boxes Brand Name Delight Printing Handling Matt Lamination, Varnishing, Stamping, Embossing, Glossy Lamination, UV Coating, VANISHING, Gold Foil Custom Order Accept Shape custom shape Product name coffee box dispenser Shape Customizable Use coffee [&hellip;]<\/p>\n","protected":false},"featured_media":16973,"template":"","meta":{"_seopress_robots_primary_cat":"none","_seopress_titles_title":"","_seopress_titles_desc":"","_seopress_robots_index":"","site-sidebar-layout":"default","site-content-layout":"","ast-site-content-layout":"default","site-content-style":"default","site-sidebar-style":"default","ast-global-header-display":"","ast-banner-title-visibility":"","ast-main-header-display":"","ast-hfb-above-header-display":"","ast-hfb-below-header-display":"","ast-hfb-mobile-header-display":"","site-post-title":"","ast-breadcrumbs-content":"","ast-featured-img":"","footer-sml-layout":"","ast-disable-related-posts":"","theme-transparent-header-meta":"default","adv-header-id-meta":"","stick-header-meta":"default","header-above-stick-meta":"","header-main-stick-meta":"","header-below-stick-meta":"","astra-migrate-meta-layouts":"set","ast-page-background-enabled":"default","ast-page-background-meta":{"desktop":{"background-color":"","background-image":"","background-repeat":"repeat","background-position":"center center","background-size":"auto","background-attachment":"scroll","background-type":"","background-media":"","overlay-type":"","overlay-color":"","overlay-opacity":"","overlay-gradient":""},"tablet":{"background-color":"","background-image":"","background-repeat":"repeat","background-position":"center center","background-size":"auto","background-attachment":"scroll","background-type":"","background-media":"","overlay-type":"","overlay-color":"","overlay-opacity":"","overlay-gradient":""},"mobile":{"background-color":"","background-image":"","background-repeat":"repeat","background-position":"center center","background-size":"auto","background-attachment":"scroll","background-type":"","background-media":"","overlay-type":"","overlay-color":"","overlay-opacity":"","overlay-gradient":""}},"ast-content-background-meta":{"desktop":{"background-color":"var(--ast-global-color-5)","background-image":"","background-repeat":"repeat","background-position":"center center","background-size":"auto","background-attachment":"scroll","background-type":"","background-media":"","overlay-type":"","overlay-color":"","overlay-opacity":"","overlay-gradient":""},"tablet":{"background-color":"var(--ast-global-color-5)","background-image":"","background-repeat":"repeat","background-position":"center center","background-size":"auto","background-attachment":"scroll","background-type":"","background-media":"","overlay-type":"","overlay-color":"","overlay-opacity":"","overlay-gradient":""},"mobile":{"background-color":"var(--ast-global-color-5)","background-image":"","background-repeat":"repeat","background-position":"center center","background-size":"auto","background-attachment":"scroll","background-type":"","background-media":"","overlay-type":"","overlay-color":"","overlay-opacity":"","overlay-gradient":""}}},"product_brand":[],"product_cat":[59],"product_tag":[],"class_list":{"0":"post-17166","1":"product","2":"type-product","3":"status-publish","4":"has-post-thumbnail","6":"product_cat-paper-wine-bag","7":"desktop-align-left","8":"tablet-align-left","9":"mobile-align-left","10":"ast-product-gallery-layout-horizontal","11":"ast-product-tabs-layout-horizontal","13":"first","14":"instock","15":"purchasable","16":"product-type-simple"},"_links":{"self":[{"href":"https:\/\/reanpackaging.com\/it\/wp-json\/wp\/v2\/product\/17166","targetHints":{"allow":["GET"]}}],"collection":[{"href":"https:\/\/reanpackaging.com\/it\/wp-json\/wp\/v2\/product"}],"about":[{"href":"https:\/\/reanpackaging.com\/it\/wp-json\/wp\/v2\/types\/product"}],"wp:featuredmedia":[{"embeddable":true,"href":"https:\/\/reanpackaging.com\/it\/wp-json\/wp\/v2\/media\/16973"}],"wp:attachment":[{"href":"https:\/\/reanpackaging.com\/it\/wp-json\/wp\/v2\/media?parent=17166"}],"wp:term":[{"taxonomy":"product_brand","embeddable":true,"href":"https:\/\/reanpackaging.com\/it\/wp-json\/wp\/v2\/product_brand?post=17166"},{"taxonomy":"product_cat","embeddable":true,"href":"https:\/\/reanpackaging.com\/it\/wp-json\/wp\/v2\/product_cat?post=17166"},{"taxonomy":"product_tag","embeddable":true,"href":"https:\/\/reanpackaging.com\/it\/wp-json\/wp\/v2\/product_tag?post=17166"}],"curies":[{"name":"wp","href":"https:\/\/api.w.org\/{rel}","templated":true}]}}