{"id":27106,"date":"2024-10-19T18:57:30","date_gmt":"2024-10-19T18:57:30","guid":{"rendered":"https:\/\/reanpackaging.com\/product\/kraft-candle-boxes\/"},"modified":"2024-10-19T19:08:31","modified_gmt":"2024-10-19T19:08:31","slug":"kraft-candle-boxes","status":"publish","type":"product","link":"https:\/\/reanpackaging.com\/it\/prodotto\/kraft-candle-boxes\/","title":{"rendered":"Scatole per candele kraft"},"content":{"rendered":"<h4>Attributi specifici del settore<\/h4>\n<table border=\"1\">\n<tbody>\n<tr>\n<td><strong>Uso industriale<\/strong><\/td>\n<td>imballaggio<\/td>\n<\/tr>\n<tr>\n<td><strong>Tipo di carta<\/strong><\/td>\n<td>Carta Kraft<\/td>\n<\/tr>\n<tr>\n<td><strong>Caratteristica<\/strong><\/td>\n<td>Riciclabile<\/td>\n<\/tr>\n<\/tbody>\n<\/table>\n<h4>Altri attributi<\/h4>\n<table border=\"1\">\n<tbody>\n<tr>\n<td><strong>Tipo di scatola<\/strong><\/td>\n<td>scatola pieghevole<\/td>\n<\/tr>\n<tr>\n<td><strong>Gestione della stampa<\/strong><\/td>\n<td>Goffratura, laminazione lucida, laminazione opaca, stampaggio, rivestimento UV, verniciatura, VANISHING, lamina d'oro<\/td>\n<\/tr>\n<tr>\n<td><strong>Ordine personalizzato<\/strong><\/td>\n<td>Accettare<\/td>\n<\/tr>\n<tr>\n<td><strong>Forma<\/strong><\/td>\n<td>Quadrato<\/td>\n<\/tr>\n<tr>\n<td><strong>Stampa del logo<\/strong><\/td>\n<td>S\u00ec<\/td>\n<\/tr>\n<tr>\n<td><strong>Accessori<\/strong><\/td>\n<td>inserto ondulato<\/td>\n<\/tr>\n<tr>\n<td><strong>Tipo di rivestimento<\/strong><\/td>\n<td>carta ondulata<\/td>\n<\/tr>\n<tr>\n<td><strong>Articolo<\/strong><\/td>\n<td>Scatola di carta per candele<\/td>\n<\/tr>\n<tr>\n<td><strong>Materiale<\/strong><\/td>\n<td>carta kraft<\/td>\n<\/tr>\n<tr>\n<td><strong>Colore<\/strong><\/td>\n<td>Colori personalizzati<\/td>\n<\/tr>\n<tr>\n<td><strong>Logo<\/strong><\/td>\n<td>Disponibile<\/td>\n<\/tr>\n<tr>\n<td><strong>Imballaggio<\/strong><\/td>\n<td>imballaggio piatto<\/td>\n<\/tr>\n<tr>\n<td><strong>Processo<\/strong><\/td>\n<td>goffratura, sbavatura, UV, stampa a caldo<\/td>\n<\/tr>\n<tr>\n<td><strong>Imballaggio<\/strong><\/td>\n<td>Imballaggio standard per l'esportazione<\/td>\n<\/tr>\n<tr>\n<td><strong>Stile scatola<\/strong><\/td>\n<td>cassetta postale<\/td>\n<\/tr>\n<\/tbody>\n<\/table>","protected":false},"excerpt":{"rendered":"<p>L'aspetto semplice della scatola per candele in carta kraft \u00e8 particolarmente adatto a contenere candele fatte a mano. Rispetto ad altre squisite scatole per candele, ha un aspetto pi\u00f9 rustico e un temperamento pi\u00f9 unico. La struttura robusta della carta kraft pu\u00f2 anche fornire una buona protezione alle candele.<\/p>","protected":false},"featured_media":26972,"template":"","meta":{"_seopress_robots_primary_cat":"none","_seopress_titles_title":"","_seopress_titles_desc":"The simple appearance of the kraft paper candle box is particularly suitable for holding handmade candles. Compared with other exquisite candle boxes, it looks more rustic and has a more unique temperament. The sturdy texture of kraft paper can also provide good protection for candles.","_seopress_robots_index":"","site-sidebar-layout":"default","site-content-layout":"","ast-site-content-layout":"default","site-content-style":"default","site-sidebar-style":"default","ast-global-header-display":"","ast-banner-title-visibility":"","ast-main-header-display":"","ast-hfb-above-header-display":"","ast-hfb-below-header-display":"","ast-hfb-mobile-header-display":"","site-post-title":"","ast-breadcrumbs-content":"","ast-featured-img":"","footer-sml-layout":"","ast-disable-related-posts":"","theme-transparent-header-meta":"default","adv-header-id-meta":"","stick-header-meta":"default","header-above-stick-meta":"","header-main-stick-meta":"","header-below-stick-meta":"","astra-migrate-meta-layouts":"set","ast-page-background-enabled":"default","ast-page-background-meta":{"desktop":{"background-color":"","background-image":"","background-repeat":"repeat","background-position":"center center","background-size":"auto","background-attachment":"scroll","background-type":"","background-media":"","overlay-type":"","overlay-color":"","overlay-opacity":"","overlay-gradient":""},"tablet":{"background-color":"","background-image":"","background-repeat":"repeat","background-position":"center center","background-size":"auto","background-attachment":"scroll","background-type":"","background-media":"","overlay-type":"","overlay-color":"","overlay-opacity":"","overlay-gradient":""},"mobile":{"background-color":"","background-image":"","background-repeat":"repeat","background-position":"center center","background-size":"auto","background-attachment":"scroll","background-type":"","background-media":"","overlay-type":"","overlay-color":"","overlay-opacity":"","overlay-gradient":""}},"ast-content-background-meta":{"desktop":{"background-color":"var(--ast-global-color-5)","background-image":"","background-repeat":"repeat","background-position":"center center","background-size":"auto","background-attachment":"scroll","background-type":"","background-media":"","overlay-type":"","overlay-color":"","overlay-opacity":"","overlay-gradient":""},"tablet":{"background-color":"var(--ast-global-color-5)","background-image":"","background-repeat":"repeat","background-position":"center center","background-size":"auto","background-attachment":"scroll","background-type":"","background-media":"","overlay-type":"","overlay-color":"","overlay-opacity":"","overlay-gradient":""},"mobile":{"background-color":"var(--ast-global-color-5)","background-image":"","background-repeat":"repeat","background-position":"center center","background-size":"auto","background-attachment":"scroll","background-type":"","background-media":"","overlay-type":"","overlay-color":"","overlay-opacity":"","overlay-gradient":""}}},"product_brand":[],"product_cat":[74],"product_tag":[],"class_list":{"0":"post-27106","1":"product","2":"type-product","3":"status-publish","4":"has-post-thumbnail","6":"product_cat-natrual-kraft-box","7":"desktop-align-left","8":"tablet-align-left","9":"mobile-align-left","10":"ast-product-gallery-layout-horizontal","11":"ast-product-tabs-layout-horizontal","13":"first","14":"instock","15":"product-type-simple"},"_links":{"self":[{"href":"https:\/\/reanpackaging.com\/it\/wp-json\/wp\/v2\/product\/27106","targetHints":{"allow":["GET"]}}],"collection":[{"href":"https:\/\/reanpackaging.com\/it\/wp-json\/wp\/v2\/product"}],"about":[{"href":"https:\/\/reanpackaging.com\/it\/wp-json\/wp\/v2\/types\/product"}],"wp:featuredmedia":[{"embeddable":true,"href":"https:\/\/reanpackaging.com\/it\/wp-json\/wp\/v2\/media\/26972"}],"wp:attachment":[{"href":"https:\/\/reanpackaging.com\/it\/wp-json\/wp\/v2\/media?parent=27106"}],"wp:term":[{"taxonomy":"product_brand","embeddable":true,"href":"https:\/\/reanpackaging.com\/it\/wp-json\/wp\/v2\/product_brand?post=27106"},{"taxonomy":"product_cat","embeddable":true,"href":"https:\/\/reanpackaging.com\/it\/wp-json\/wp\/v2\/product_cat?post=27106"},{"taxonomy":"product_tag","embeddable":true,"href":"https:\/\/reanpackaging.com\/it\/wp-json\/wp\/v2\/product_tag?post=27106"}],"curies":[{"name":"wp","href":"https:\/\/api.w.org\/{rel}","templated":true}]}}