{"id":27114,"date":"2024-10-19T18:57:30","date_gmt":"2024-10-19T18:57:30","guid":{"rendered":"https:\/\/reanpackaging.com\/product\/kraft-box-with-divider-insert\/"},"modified":"2024-10-19T18:57:59","modified_gmt":"2024-10-19T18:57:59","slug":"kraft-box-with-divider-insert","status":"publish","type":"product","link":"https:\/\/reanpackaging.com\/it\/prodotto\/kraft-box-with-divider-insert\/","title":{"rendered":"Scatola Kraft con inserto divisorio"},"content":{"rendered":"<h4>Attributi specifici del settore<\/h4>\n<table border=\"1\">\n<tr>\n<td><strong>Uso industriale<\/strong><\/td>\n<td>Cibo<\/td>\n<\/tr>\n<tr>\n<td><strong>Tipo di carta<\/strong><\/td>\n<td>Cartone<\/td>\n<\/tr>\n<tr>\n<td><strong>Caratteristica<\/strong><\/td>\n<td>Riciclabile<\/td>\n<\/tr>\n<\/table>\n<h4>Altri attributi<\/h4>\n<table border=\"1\">\n<tr>\n<td><strong>Gestione della stampa<\/strong><\/td>\n<td>Laminazione opaca, verniciatura, timbratura, goffratura, laminazione lucida, rivestimento UV, VANISHING, lamina d'oro<\/td>\n<\/tr>\n<tr>\n<td><strong>Ordine personalizzato<\/strong><\/td>\n<td>Accettare<\/td>\n<\/tr>\n<tr>\n<td><strong>Forma<\/strong><\/td>\n<td>Forma diversa personalizzata<\/td>\n<\/tr>\n<tr>\n<td><strong>Nome del prodotto<\/strong><\/td>\n<td>Scatole da imballaggio<\/td>\n<\/tr>\n<tr>\n<td><strong>Uso industriale<\/strong><\/td>\n<td>Scatola di imballaggio<\/td>\n<\/tr>\n<tr>\n<td><strong>Materiale<\/strong><\/td>\n<td>Cartone<\/td>\n<\/tr>\n<tr>\n<td><strong>Dimensione<\/strong><\/td>\n<td>Dimensioni personalizzate accettate<\/td>\n<\/tr>\n<tr>\n<td><strong>Logo<\/strong><\/td>\n<td>Logo del cliente<\/td>\n<\/tr>\n<tr>\n<td><strong>Colore<\/strong><\/td>\n<td>Personalizzazione<\/td>\n<\/tr>\n<tr>\n<td><strong>Articolo<\/strong><\/td>\n<td>Scatola di imballaggio<\/td>\n<\/tr>\n<\/table>","protected":false},"excerpt":{"rendered":"<p>L'aggiunta di inserti divisori alla scatola di carta kraft pu\u00f2 separare efficacemente i prodotti nella scatola, il che \u00e8 adatto per le occasioni in cui \u00e8 necessario separare pi\u00f9 prodotti di piccole dimensioni in una sola volta, come gioielli, cioccolato, ecc.<\/p>","protected":false},"featured_media":26952,"template":"","meta":{"_seopress_robots_primary_cat":"","_seopress_titles_title":"","_seopress_titles_desc":"","_seopress_robots_index":"","site-sidebar-layout":"default","site-content-layout":"","ast-site-content-layout":"default","site-content-style":"default","site-sidebar-style":"default","ast-global-header-display":"","ast-banner-title-visibility":"","ast-main-header-display":"","ast-hfb-above-header-display":"","ast-hfb-below-header-display":"","ast-hfb-mobile-header-display":"","site-post-title":"","ast-breadcrumbs-content":"","ast-featured-img":"","footer-sml-layout":"","ast-disable-related-posts":"","theme-transparent-header-meta":"","adv-header-id-meta":"","stick-header-meta":"","header-above-stick-meta":"","header-main-stick-meta":"","header-below-stick-meta":"","astra-migrate-meta-layouts":"default","ast-page-background-enabled":"default","ast-page-background-meta":{"desktop":{"background-color":"","background-image":"","background-repeat":"repeat","background-position":"center center","background-size":"auto","background-attachment":"scroll","background-type":"","background-media":"","overlay-type":"","overlay-color":"","overlay-opacity":"","overlay-gradient":""},"tablet":{"background-color":"","background-image":"","background-repeat":"repeat","background-position":"center center","background-size":"auto","background-attachment":"scroll","background-type":"","background-media":"","overlay-type":"","overlay-color":"","overlay-opacity":"","overlay-gradient":""},"mobile":{"background-color":"","background-image":"","background-repeat":"repeat","background-position":"center center","background-size":"auto","background-attachment":"scroll","background-type":"","background-media":"","overlay-type":"","overlay-color":"","overlay-opacity":"","overlay-gradient":""}},"ast-content-background-meta":{"desktop":{"background-color":"var(--ast-global-color-5)","background-image":"","background-repeat":"repeat","background-position":"center center","background-size":"auto","background-attachment":"scroll","background-type":"","background-media":"","overlay-type":"","overlay-color":"","overlay-opacity":"","overlay-gradient":""},"tablet":{"background-color":"var(--ast-global-color-5)","background-image":"","background-repeat":"repeat","background-position":"center center","background-size":"auto","background-attachment":"scroll","background-type":"","background-media":"","overlay-type":"","overlay-color":"","overlay-opacity":"","overlay-gradient":""},"mobile":{"background-color":"var(--ast-global-color-5)","background-image":"","background-repeat":"repeat","background-position":"center center","background-size":"auto","background-attachment":"scroll","background-type":"","background-media":"","overlay-type":"","overlay-color":"","overlay-opacity":"","overlay-gradient":""}}},"product_brand":[],"product_cat":[74],"product_tag":[],"class_list":{"0":"post-27114","1":"product","2":"type-product","3":"status-publish","4":"has-post-thumbnail","6":"product_cat-natrual-kraft-box","7":"desktop-align-left","8":"tablet-align-left","9":"mobile-align-left","10":"ast-product-gallery-layout-horizontal","11":"ast-product-tabs-layout-horizontal","13":"first","14":"instock","15":"product-type-simple"},"_links":{"self":[{"href":"https:\/\/reanpackaging.com\/it\/wp-json\/wp\/v2\/product\/27114","targetHints":{"allow":["GET"]}}],"collection":[{"href":"https:\/\/reanpackaging.com\/it\/wp-json\/wp\/v2\/product"}],"about":[{"href":"https:\/\/reanpackaging.com\/it\/wp-json\/wp\/v2\/types\/product"}],"wp:featuredmedia":[{"embeddable":true,"href":"https:\/\/reanpackaging.com\/it\/wp-json\/wp\/v2\/media\/26952"}],"wp:attachment":[{"href":"https:\/\/reanpackaging.com\/it\/wp-json\/wp\/v2\/media?parent=27114"}],"wp:term":[{"taxonomy":"product_brand","embeddable":true,"href":"https:\/\/reanpackaging.com\/it\/wp-json\/wp\/v2\/product_brand?post=27114"},{"taxonomy":"product_cat","embeddable":true,"href":"https:\/\/reanpackaging.com\/it\/wp-json\/wp\/v2\/product_cat?post=27114"},{"taxonomy":"product_tag","embeddable":true,"href":"https:\/\/reanpackaging.com\/it\/wp-json\/wp\/v2\/product_tag?post=27114"}],"curies":[{"name":"wp","href":"https:\/\/api.w.org\/{rel}","templated":true}]}}