{"id":27121,"date":"2024-10-19T18:58:34","date_gmt":"2024-10-19T18:58:34","guid":{"rendered":"https:\/\/reanpackaging.com\/product\/heart-shape-kraft-gift-box\/"},"modified":"2024-10-23T02:12:14","modified_gmt":"2024-10-23T02:12:14","slug":"heart-shape-kraft-gift-box","status":"publish","type":"product","link":"https:\/\/reanpackaging.com\/it\/prodotto\/heart-shape-kraft-gift-box\/","title":{"rendered":"Scatola regalo Kraft a forma di cuore"},"content":{"rendered":"<h4>Attributi specifici del settore<\/h4>\n<table border=\"1\">\n<tbody>\n<tr>\n<td><strong>Uso industriale<\/strong><\/td>\n<td>Regali e artigianato<\/td>\n<\/tr>\n<tr>\n<td><strong>Tipo di carta<\/strong><\/td>\n<td>Pannello grigio<\/td>\n<\/tr>\n<tr>\n<td><strong>Caratteristica<\/strong><\/td>\n<td>Fatto a mano<\/td>\n<\/tr>\n<\/tbody>\n<\/table>\n<h4>Altri attributi<\/h4>\n<table border=\"1\">\n<tbody>\n<tr>\n<td><strong>Gestione della stampa<\/strong><\/td>\n<td>Goffratura, laminazione opaca, stampaggio, lamina d'oro<\/td>\n<\/tr>\n<tr>\n<td><strong>Ordine personalizzato<\/strong><\/td>\n<td>Accettare<\/td>\n<\/tr>\n<tr>\n<td><strong>Forma<\/strong><\/td>\n<td>Scatola a forma di cuore<\/td>\n<\/tr>\n<tr>\n<td><strong>Nome del prodotto<\/strong><\/td>\n<td>Scatola a forma di cuore<\/td>\n<\/tr>\n<tr>\n<td><strong>Utilizzo<\/strong><\/td>\n<td>Articoli da imballaggio<\/td>\n<\/tr>\n<tr>\n<td><strong>Dimensione<\/strong><\/td>\n<td>Dimensioni personalizzate accettate<\/td>\n<\/tr>\n<tr>\n<td><strong>Colore<\/strong><\/td>\n<td>Colore CMYK +Pantone<\/td>\n<\/tr>\n<tr>\n<td><strong>Logo<\/strong><\/td>\n<td>Logo del cliente<\/td>\n<\/tr>\n<tr>\n<td><strong>Parola chiave<\/strong><\/td>\n<td>Confezione regalo a forma di cuore<\/td>\n<\/tr>\n<tr>\n<td><strong>Caratteristica<\/strong><\/td>\n<td>Fatto a mano<\/td>\n<\/tr>\n<tr>\n<td><strong>Vantaggio<\/strong><\/td>\n<td>Produzione di scatole completamente automatica<\/td>\n<\/tr>\n<tr>\n<td><strong>OEM\/ODM<\/strong><\/td>\n<td>OEM ODM Availalble<\/td>\n<\/tr>\n<tr>\n<td><strong>Occasione<\/strong><\/td>\n<td>Vita quotidiana<\/td>\n<\/tr>\n<\/tbody>\n<\/table>","protected":false},"excerpt":{"rendered":"<p>Questa scatola di carta kraft ha una forma unica. La forma a cuore \u00e8 molto adatta per esprimere l'amore. Pu\u00f2 essere utilizzata per contenere cioccolatini, gioielli e altri prodotti. Pu\u00f2 creare un'atmosfera romantica quando viene utilizzata come confezione regalo.<\/p>","protected":false},"featured_media":26938,"template":"","meta":{"_seopress_robots_primary_cat":"none","_seopress_titles_title":"Heart Shape Kraft Gift Box","_seopress_titles_desc":"This kraft paper box has a unique shape. The heart-shaped shape is very suitable for expressing love. It can be used to hold chocolates, jewelry and other products. It can create a romantic atmosphere when used as gift packaging.","_seopress_robots_index":"","site-sidebar-layout":"default","site-content-layout":"","ast-site-content-layout":"default","site-content-style":"default","site-sidebar-style":"default","ast-global-header-display":"","ast-banner-title-visibility":"","ast-main-header-display":"","ast-hfb-above-header-display":"","ast-hfb-below-header-display":"","ast-hfb-mobile-header-display":"","site-post-title":"","ast-breadcrumbs-content":"","ast-featured-img":"","footer-sml-layout":"","ast-disable-related-posts":"","theme-transparent-header-meta":"default","adv-header-id-meta":"","stick-header-meta":"default","header-above-stick-meta":"","header-main-stick-meta":"","header-below-stick-meta":"","astra-migrate-meta-layouts":"set","ast-page-background-enabled":"default","ast-page-background-meta":{"desktop":{"background-color":"","background-image":"","background-repeat":"repeat","background-position":"center center","background-size":"auto","background-attachment":"scroll","background-type":"","background-media":"","overlay-type":"","overlay-color":"","overlay-opacity":"","overlay-gradient":""},"tablet":{"background-color":"","background-image":"","background-repeat":"repeat","background-position":"center center","background-size":"auto","background-attachment":"scroll","background-type":"","background-media":"","overlay-type":"","overlay-color":"","overlay-opacity":"","overlay-gradient":""},"mobile":{"background-color":"","background-image":"","background-repeat":"repeat","background-position":"center center","background-size":"auto","background-attachment":"scroll","background-type":"","background-media":"","overlay-type":"","overlay-color":"","overlay-opacity":"","overlay-gradient":""}},"ast-content-background-meta":{"desktop":{"background-color":"var(--ast-global-color-5)","background-image":"","background-repeat":"repeat","background-position":"center center","background-size":"auto","background-attachment":"scroll","background-type":"","background-media":"","overlay-type":"","overlay-color":"","overlay-opacity":"","overlay-gradient":""},"tablet":{"background-color":"var(--ast-global-color-5)","background-image":"","background-repeat":"repeat","background-position":"center center","background-size":"auto","background-attachment":"scroll","background-type":"","background-media":"","overlay-type":"","overlay-color":"","overlay-opacity":"","overlay-gradient":""},"mobile":{"background-color":"var(--ast-global-color-5)","background-image":"","background-repeat":"repeat","background-position":"center center","background-size":"auto","background-attachment":"scroll","background-type":"","background-media":"","overlay-type":"","overlay-color":"","overlay-opacity":"","overlay-gradient":""}}},"product_brand":[],"product_cat":[74],"product_tag":[],"class_list":{"0":"post-27121","1":"product","2":"type-product","3":"status-publish","4":"has-post-thumbnail","6":"product_cat-natrual-kraft-box","7":"desktop-align-left","8":"tablet-align-left","9":"mobile-align-left","10":"ast-product-gallery-layout-horizontal","11":"ast-product-tabs-layout-horizontal","13":"first","14":"instock","15":"product-type-simple"},"_links":{"self":[{"href":"https:\/\/reanpackaging.com\/it\/wp-json\/wp\/v2\/product\/27121","targetHints":{"allow":["GET"]}}],"collection":[{"href":"https:\/\/reanpackaging.com\/it\/wp-json\/wp\/v2\/product"}],"about":[{"href":"https:\/\/reanpackaging.com\/it\/wp-json\/wp\/v2\/types\/product"}],"wp:featuredmedia":[{"embeddable":true,"href":"https:\/\/reanpackaging.com\/it\/wp-json\/wp\/v2\/media\/26938"}],"wp:attachment":[{"href":"https:\/\/reanpackaging.com\/it\/wp-json\/wp\/v2\/media?parent=27121"}],"wp:term":[{"taxonomy":"product_brand","embeddable":true,"href":"https:\/\/reanpackaging.com\/it\/wp-json\/wp\/v2\/product_brand?post=27121"},{"taxonomy":"product_cat","embeddable":true,"href":"https:\/\/reanpackaging.com\/it\/wp-json\/wp\/v2\/product_cat?post=27121"},{"taxonomy":"product_tag","embeddable":true,"href":"https:\/\/reanpackaging.com\/it\/wp-json\/wp\/v2\/product_tag?post=27121"}],"curies":[{"name":"wp","href":"https:\/\/api.w.org\/{rel}","templated":true}]}}