{"id":27122,"date":"2024-10-19T18:58:34","date_gmt":"2024-10-19T18:58:34","guid":{"rendered":"https:\/\/reanpackaging.com\/product\/hexagonal-kraft-box\/"},"modified":"2024-10-23T02:12:30","modified_gmt":"2024-10-23T02:12:30","slug":"hexagonal-kraft-box","status":"publish","type":"product","link":"https:\/\/reanpackaging.com\/it\/prodotto\/hexagonal-kraft-box\/","title":{"rendered":"Scatola Kraft esagonale"},"content":{"rendered":"<h4>Attributi specifici del settore<\/h4>\n<table border=\"1\">\n<tbody>\n<tr>\n<td><strong>Uso industriale<\/strong><\/td>\n<td>Regali e artigianato<\/td>\n<\/tr>\n<tr>\n<td><strong>Tipo di carta<\/strong><\/td>\n<td>Carta patinata<\/td>\n<\/tr>\n<tr>\n<td><strong>Caratteristica<\/strong><\/td>\n<td>Materiali riciclati<\/td>\n<\/tr>\n<\/tbody>\n<\/table>\n<h4>Altri attributi<\/h4>\n<table border=\"1\">\n<tbody>\n<tr>\n<td><strong>Gestione della stampa<\/strong><\/td>\n<td>Goffratura, laminazione opaca<\/td>\n<\/tr>\n<tr>\n<td><strong>Ordine personalizzato<\/strong><\/td>\n<td>Accettare<\/td>\n<\/tr>\n<tr>\n<td><strong>Forma<\/strong><\/td>\n<td>Forma diversa personalizzata<\/td>\n<\/tr>\n<tr>\n<td><strong>Stampa del logo<\/strong><\/td>\n<td>accettabile<\/td>\n<\/tr>\n<tr>\n<td><strong>Tipo di rivestimento<\/strong><\/td>\n<td>Cartone<\/td>\n<\/tr>\n<tr>\n<td><strong>Uso industriale<\/strong><\/td>\n<td>Regali e artigianato<\/td>\n<\/tr>\n<tr>\n<td><strong>Materiale<\/strong><\/td>\n<td>cartone<\/td>\n<\/tr>\n<tr>\n<td><strong>Struttura<\/strong><\/td>\n<td>scatola magnetica<\/td>\n<\/tr>\n<tr>\n<td><strong>Colore<\/strong><\/td>\n<td>stampa a colori o pantone<\/td>\n<\/tr>\n<tr>\n<td><strong>Finitura<\/strong><\/td>\n<td>laminato opaco<\/td>\n<\/tr>\n<tr>\n<td><strong>Utilizzo<\/strong><\/td>\n<td>confezione regalo<\/td>\n<\/tr>\n<\/tbody>\n<\/table>","protected":false},"excerpt":{"rendered":"<p>Questa scatola esagonale in carta kraft viene chiusa mediante arrotolamento. Rispetto alle tradizionali scatole esagonali, \u00e8 pi\u00f9 conveniente e pi\u00f9 efficiente per imballare le merci.<\/p>","protected":false},"featured_media":26942,"template":"","meta":{"_seopress_robots_primary_cat":"none","_seopress_titles_title":"Hexagonal Kraft Box","_seopress_titles_desc":"This hexagonal kraft paper box is closed by rolling. Compared with traditional hexagonal boxes, it is more convenient and more efficient to package goods.","_seopress_robots_index":"","site-sidebar-layout":"default","site-content-layout":"","ast-site-content-layout":"default","site-content-style":"default","site-sidebar-style":"default","ast-global-header-display":"","ast-banner-title-visibility":"","ast-main-header-display":"","ast-hfb-above-header-display":"","ast-hfb-below-header-display":"","ast-hfb-mobile-header-display":"","site-post-title":"","ast-breadcrumbs-content":"","ast-featured-img":"","footer-sml-layout":"","ast-disable-related-posts":"","theme-transparent-header-meta":"default","adv-header-id-meta":"","stick-header-meta":"default","header-above-stick-meta":"","header-main-stick-meta":"","header-below-stick-meta":"","astra-migrate-meta-layouts":"set","ast-page-background-enabled":"default","ast-page-background-meta":{"desktop":{"background-color":"","background-image":"","background-repeat":"repeat","background-position":"center center","background-size":"auto","background-attachment":"scroll","background-type":"","background-media":"","overlay-type":"","overlay-color":"","overlay-opacity":"","overlay-gradient":""},"tablet":{"background-color":"","background-image":"","background-repeat":"repeat","background-position":"center center","background-size":"auto","background-attachment":"scroll","background-type":"","background-media":"","overlay-type":"","overlay-color":"","overlay-opacity":"","overlay-gradient":""},"mobile":{"background-color":"","background-image":"","background-repeat":"repeat","background-position":"center center","background-size":"auto","background-attachment":"scroll","background-type":"","background-media":"","overlay-type":"","overlay-color":"","overlay-opacity":"","overlay-gradient":""}},"ast-content-background-meta":{"desktop":{"background-color":"var(--ast-global-color-5)","background-image":"","background-repeat":"repeat","background-position":"center center","background-size":"auto","background-attachment":"scroll","background-type":"","background-media":"","overlay-type":"","overlay-color":"","overlay-opacity":"","overlay-gradient":""},"tablet":{"background-color":"var(--ast-global-color-5)","background-image":"","background-repeat":"repeat","background-position":"center center","background-size":"auto","background-attachment":"scroll","background-type":"","background-media":"","overlay-type":"","overlay-color":"","overlay-opacity":"","overlay-gradient":""},"mobile":{"background-color":"var(--ast-global-color-5)","background-image":"","background-repeat":"repeat","background-position":"center center","background-size":"auto","background-attachment":"scroll","background-type":"","background-media":"","overlay-type":"","overlay-color":"","overlay-opacity":"","overlay-gradient":""}}},"product_brand":[],"product_cat":[74],"product_tag":[],"class_list":{"0":"post-27122","1":"product","2":"type-product","3":"status-publish","4":"has-post-thumbnail","6":"product_cat-natrual-kraft-box","7":"desktop-align-left","8":"tablet-align-left","9":"mobile-align-left","10":"ast-product-gallery-layout-horizontal","11":"ast-product-tabs-layout-horizontal","13":"first","14":"instock","15":"product-type-simple"},"_links":{"self":[{"href":"https:\/\/reanpackaging.com\/it\/wp-json\/wp\/v2\/product\/27122","targetHints":{"allow":["GET"]}}],"collection":[{"href":"https:\/\/reanpackaging.com\/it\/wp-json\/wp\/v2\/product"}],"about":[{"href":"https:\/\/reanpackaging.com\/it\/wp-json\/wp\/v2\/types\/product"}],"wp:featuredmedia":[{"embeddable":true,"href":"https:\/\/reanpackaging.com\/it\/wp-json\/wp\/v2\/media\/26942"}],"wp:attachment":[{"href":"https:\/\/reanpackaging.com\/it\/wp-json\/wp\/v2\/media?parent=27122"}],"wp:term":[{"taxonomy":"product_brand","embeddable":true,"href":"https:\/\/reanpackaging.com\/it\/wp-json\/wp\/v2\/product_brand?post=27122"},{"taxonomy":"product_cat","embeddable":true,"href":"https:\/\/reanpackaging.com\/it\/wp-json\/wp\/v2\/product_cat?post=27122"},{"taxonomy":"product_tag","embeddable":true,"href":"https:\/\/reanpackaging.com\/it\/wp-json\/wp\/v2\/product_tag?post=27122"}],"curies":[{"name":"wp","href":"https:\/\/api.w.org\/{rel}","templated":true}]}}