{"id":30866,"date":"2024-12-27T16:44:11","date_gmt":"2024-12-27T16:44:11","guid":{"rendered":"https:\/\/reanpackaging.com\/product\/high-end-cool-gray-brushed-leather-pu-earring-box-large-quantity-ready-made-jewelry-packaging-for-earrings-cool-gray-jewelry-box\/"},"modified":"2024-12-27T17:15:38","modified_gmt":"2024-12-27T17:15:38","slug":"high-end-cool-gray-brushed-leather-pu-earring-box-large-quantity-ready-made-jewelry-packaging-for-earrings-cool-gray-jewelry-box","status":"publish","type":"product","link":"https:\/\/reanpackaging.com\/it\/prodotto\/high-end-cool-gray-brushed-leather-pu-earring-box-large-quantity-ready-made-jewelry-packaging-for-earrings-cool-gray-jewelry-box\/","title":{"rendered":"High-End Cool Gray spazzolato pelle PU orecchino Box Grande quantit\u00e0 Ready-Made gioielli imballaggio per orecchini Cool Gray Jewelry Box"},"content":{"rendered":"<h4>Altri attributi<\/h4>\n<table border=\"1\">\n<tbody>\n<tr>\n<td><strong>Tipo di confezione ed esposizione dei gioielli<\/strong><\/td>\n<td>Custodie ed espositori<\/td>\n<\/tr>\n<tr>\n<td><strong>Dimensione<\/strong><\/td>\n<td>10*10*5cm \/ personalizzato<\/td>\n<\/tr>\n<tr>\n<td><strong>Tipo di materiale<\/strong><\/td>\n<td>Pelle<\/td>\n<\/tr>\n<tr>\n<td><strong>Suggerimenti importanti<\/strong><\/td>\n<td>Si prega di contattarci per la tassa di spedizione pi\u00f9 conveniente e sconti<\/td>\n<\/tr>\n<tr>\n<td><strong>Campione di tariffa<\/strong><\/td>\n<td>Il nostro campione \u00e8 libero Sar\u00e0 rimborsabile quando ordine confermato<\/td>\n<\/tr>\n<tr>\n<td><strong>MOQ<\/strong><\/td>\n<td>500 pezzi<\/td>\n<\/tr>\n<tr>\n<td><strong>TEMPI DI CONSEGNA<\/strong><\/td>\n<td>3-5 giorni lavorativi<\/td>\n<\/tr>\n<\/tbody>\n<\/table>","protected":false},"excerpt":{"rendered":"<p>Altri attributi Gioielli Tipo di imballaggio e visualizzazione Casi e display Dimensioni 10 * 10 * 5 cm \/ personalizzato Tipo di materiale Pelle Suggerimenti importanti Si prega di contattarci per la tassa di spedizione pi\u00f9 conveniente e sconti Tassa di campione Il nostro campione \u00e8 gratuito Sar\u00e0 rimborsabile quando l'ordine confermato MOQ 500pcs TEMPO DI CONSEGNA 3-5 giorni lavorativi<\/p>","protected":false},"featured_media":31069,"template":"","meta":{"_seopress_robots_primary_cat":"none","_seopress_titles_title":"","_seopress_titles_desc":"","_seopress_robots_index":"","site-sidebar-layout":"default","site-content-layout":"","ast-site-content-layout":"default","site-content-style":"default","site-sidebar-style":"default","ast-global-header-display":"","ast-banner-title-visibility":"","ast-main-header-display":"","ast-hfb-above-header-display":"","ast-hfb-below-header-display":"","ast-hfb-mobile-header-display":"","site-post-title":"","ast-breadcrumbs-content":"","ast-featured-img":"","footer-sml-layout":"","ast-disable-related-posts":"","theme-transparent-header-meta":"default","adv-header-id-meta":"","stick-header-meta":"default","header-above-stick-meta":"","header-main-stick-meta":"","header-below-stick-meta":"","astra-migrate-meta-layouts":"set","ast-page-background-enabled":"default","ast-page-background-meta":{"desktop":{"background-color":"","background-image":"","background-repeat":"repeat","background-position":"center center","background-size":"auto","background-attachment":"scroll","background-type":"","background-media":"","overlay-type":"","overlay-color":"","overlay-opacity":"","overlay-gradient":""},"tablet":{"background-color":"","background-image":"","background-repeat":"repeat","background-position":"center center","background-size":"auto","background-attachment":"scroll","background-type":"","background-media":"","overlay-type":"","overlay-color":"","overlay-opacity":"","overlay-gradient":""},"mobile":{"background-color":"","background-image":"","background-repeat":"repeat","background-position":"center center","background-size":"auto","background-attachment":"scroll","background-type":"","background-media":"","overlay-type":"","overlay-color":"","overlay-opacity":"","overlay-gradient":""}},"ast-content-background-meta":{"desktop":{"background-color":"var(--ast-global-color-5)","background-image":"","background-repeat":"repeat","background-position":"center center","background-size":"auto","background-attachment":"scroll","background-type":"","background-media":"","overlay-type":"","overlay-color":"","overlay-opacity":"","overlay-gradient":""},"tablet":{"background-color":"var(--ast-global-color-5)","background-image":"","background-repeat":"repeat","background-position":"center center","background-size":"auto","background-attachment":"scroll","background-type":"","background-media":"","overlay-type":"","overlay-color":"","overlay-opacity":"","overlay-gradient":""},"mobile":{"background-color":"var(--ast-global-color-5)","background-image":"","background-repeat":"repeat","background-position":"center center","background-size":"auto","background-attachment":"scroll","background-type":"","background-media":"","overlay-type":"","overlay-color":"","overlay-opacity":"","overlay-gradient":""}}},"product_brand":[],"product_cat":[84],"product_tag":[],"class_list":{"0":"post-30866","1":"product","2":"type-product","3":"status-publish","4":"has-post-thumbnail","6":"product_cat-earring-box","7":"desktop-align-left","8":"tablet-align-left","9":"mobile-align-left","10":"ast-product-gallery-layout-horizontal","11":"ast-product-tabs-layout-horizontal","13":"first","14":"instock","15":"product-type-simple"},"_links":{"self":[{"href":"https:\/\/reanpackaging.com\/it\/wp-json\/wp\/v2\/product\/30866","targetHints":{"allow":["GET"]}}],"collection":[{"href":"https:\/\/reanpackaging.com\/it\/wp-json\/wp\/v2\/product"}],"about":[{"href":"https:\/\/reanpackaging.com\/it\/wp-json\/wp\/v2\/types\/product"}],"wp:featuredmedia":[{"embeddable":true,"href":"https:\/\/reanpackaging.com\/it\/wp-json\/wp\/v2\/media\/31069"}],"wp:attachment":[{"href":"https:\/\/reanpackaging.com\/it\/wp-json\/wp\/v2\/media?parent=30866"}],"wp:term":[{"taxonomy":"product_brand","embeddable":true,"href":"https:\/\/reanpackaging.com\/it\/wp-json\/wp\/v2\/product_brand?post=30866"},{"taxonomy":"product_cat","embeddable":true,"href":"https:\/\/reanpackaging.com\/it\/wp-json\/wp\/v2\/product_cat?post=30866"},{"taxonomy":"product_tag","embeddable":true,"href":"https:\/\/reanpackaging.com\/it\/wp-json\/wp\/v2\/product_tag?post=30866"}],"curies":[{"name":"wp","href":"https:\/\/api.w.org\/{rel}","templated":true}]}}