{"id":9505,"date":"2023-09-25T15:27:58","date_gmt":"2023-09-25T15:27:58","guid":{"rendered":"http:\/\/ibn.wyd.mybluehost.me\/reanpackaging.com\/product\/bio-pla-biodegradable-black-coffee-bags-with-valve-and-zipper-custom-paper-packaging-flat-bottom-coffee-bean-bag-250gr-250g\/"},"modified":"2023-09-25T15:27:58","modified_gmt":"2023-09-25T15:27:58","slug":"bio-pla-biodegradable-black-coffee-bags-with-valve-and-zipper-custom-paper-packaging-flat-bottom-coffee-bean-bag-250gr-250g","status":"publish","type":"product","link":"https:\/\/reanpackaging.com\/it\/prodotto\/bio-pla-biodegradable-black-coffee-bags-with-valve-and-zipper-custom-paper-packaging-flat-bottom-coffee-bean-bag-250gr-250g\/","title":{"rendered":"Bio Pla sacchetti di caff\u00e8 nero biodegradabile con valvola e Zipper Custom carta imballaggio fondo piatto caff\u00e8 in grani borsa 250Gr 250G"},"content":{"rendered":"<\/table>\n<h4>Altri attributi<\/h4>\n<table border=\"1\">\n<tr>\n<td><strong>Materiale<\/strong><\/td>\n<td>PET\/LLDPE, carta kraft\/PE, ecc.<\/td>\n<\/tr>\n<tr>\n<td><strong>Uso industriale<\/strong><\/td>\n<td>confezioni di caff\u00e8<\/td>\n<\/tr>\n<tr>\n<td><strong>Manipolazione della superficie<\/strong><\/td>\n<td>Finitura opaca o lucida<\/td>\n<\/tr>\n<tr>\n<td><strong>Articolo<\/strong><\/td>\n<td>100gr 100g 150g 250g 500g 1kg Sacchetto di caff\u00e8 con valvola e cerniera<\/td>\n<\/tr>\n<tr>\n<td><strong>Opzioni di stile<\/strong><\/td>\n<td>Fondo piatto, stand up, soffietto laterale, guarnizione quadrupla, guarnizione centrale, ecc.<\/td>\n<\/tr>\n<tr>\n<td><strong>Tipo di inchiostro<\/strong><\/td>\n<td>Inchiostro di soia standard alimentare ecologico<\/td>\n<\/tr>\n<tr>\n<td><strong>Accessorio disponibile<\/strong><\/td>\n<td>Ziplock, cerniera con linguetta, tacca di strappo, foro per appendere, valvola, fascetta di latta, ecc.<\/td>\n<\/tr>\n<tr>\n<td><strong>Utilizzo<\/strong><\/td>\n<td>Caff\u00e8 in grani, caff\u00e8 in polvere, caff\u00e8 macinato, t\u00e8, ecc.<\/td>\n<\/tr>\n<tr>\n<td><strong>Caratteristica<\/strong><\/td>\n<td>Grado alimentare, alta barriera, forte tenuta, stampa perfetta<\/td>\n<\/tr>\n<tr>\n<td><strong>Dimensione CTN<\/strong><\/td>\n<td>Su misura o in base al peso e al volume effettivi.<\/td>\n<\/tr>\n<tr>\n<td><strong>Capacit\u00e0<\/strong><\/td>\n<td>250g, 340g, 500g, 1kg, 2kg, 3kg, 5kg; 8oz, 16oz, 32oz; 1lb, 2lb, 5lb o personalizzato<\/td>\n<\/tr>\n<\/table>\n<p><img decoding=\"async\" class=\"detail-desc-decorate-image\" src=\"http:\/\/ibn.wyd.mybluehost.me\/reanpackaging.com\/wp-content\/uploads\/2023\/09\/3-description-Bio-Pla-Biodegradable-Black-Coffee-Bags-With-Valve-And-Zipper-Custom-Paper-Packaging-Flat-Bottom-Coffee-Bean-Bag-250Gr-250G.jpg\" slate-data-type=\"image\" style=\"max-width: 100%; height: auto; display: block; margin: 0 auto;\"><\/p>","protected":false},"excerpt":{"rendered":"<p>Other Attributes Material PET\/LLDPE, Kraft Paper\/PE, etc. Industrial Use coffee packaging Surface Handling Matt or Shiny Finishing Item 100gr 100g 150 g 250g 500g 1kg Coffee Bag With Valve And Zipper Style Options Flat Bottom, Stand Up, Side Gusset, Quad Seal, Middle Seal, etc. Ink type Eco-friendly Food Standard Soy Ink Accessory Available Ziplock, Pull [&hellip;]<\/p>\n","protected":false},"featured_media":9388,"template":"","meta":{"_seopress_robots_primary_cat":"","_seopress_titles_title":"","_seopress_titles_desc":"","_seopress_robots_index":"","site-sidebar-layout":"default","site-content-layout":"","ast-site-content-layout":"default","site-content-style":"default","site-sidebar-style":"default","ast-global-header-display":"","ast-banner-title-visibility":"","ast-main-header-display":"","ast-hfb-above-header-display":"","ast-hfb-below-header-display":"","ast-hfb-mobile-header-display":"","site-post-title":"","ast-breadcrumbs-content":"","ast-featured-img":"","footer-sml-layout":"","ast-disable-related-posts":"","theme-transparent-header-meta":"","adv-header-id-meta":"","stick-header-meta":"","header-above-stick-meta":"","header-main-stick-meta":"","header-below-stick-meta":"","astra-migrate-meta-layouts":"default","ast-page-background-enabled":"default","ast-page-background-meta":{"desktop":{"background-color":"","background-image":"","background-repeat":"repeat","background-position":"center center","background-size":"auto","background-attachment":"scroll","background-type":"","background-media":"","overlay-type":"","overlay-color":"","overlay-opacity":"","overlay-gradient":""},"tablet":{"background-color":"","background-image":"","background-repeat":"repeat","background-position":"center center","background-size":"auto","background-attachment":"scroll","background-type":"","background-media":"","overlay-type":"","overlay-color":"","overlay-opacity":"","overlay-gradient":""},"mobile":{"background-color":"","background-image":"","background-repeat":"repeat","background-position":"center center","background-size":"auto","background-attachment":"scroll","background-type":"","background-media":"","overlay-type":"","overlay-color":"","overlay-opacity":"","overlay-gradient":""}},"ast-content-background-meta":{"desktop":{"background-color":"var(--ast-global-color-5)","background-image":"","background-repeat":"repeat","background-position":"center center","background-size":"auto","background-attachment":"scroll","background-type":"","background-media":"","overlay-type":"","overlay-color":"","overlay-opacity":"","overlay-gradient":""},"tablet":{"background-color":"var(--ast-global-color-5)","background-image":"","background-repeat":"repeat","background-position":"center center","background-size":"auto","background-attachment":"scroll","background-type":"","background-media":"","overlay-type":"","overlay-color":"","overlay-opacity":"","overlay-gradient":""},"mobile":{"background-color":"var(--ast-global-color-5)","background-image":"","background-repeat":"repeat","background-position":"center center","background-size":"auto","background-attachment":"scroll","background-type":"","background-media":"","overlay-type":"","overlay-color":"","overlay-opacity":"","overlay-gradient":""}}},"product_brand":[],"product_cat":[50,44],"product_tag":[],"class_list":{"0":"post-9505","1":"product","2":"type-product","3":"status-publish","4":"has-post-thumbnail","6":"product_cat-custom-paper-bags","7":"product_cat-paper-bags","8":"desktop-align-left","9":"tablet-align-left","10":"mobile-align-left","11":"ast-product-gallery-layout-horizontal","12":"ast-product-tabs-layout-horizontal","14":"first","15":"instock","16":"product-type-simple"},"_links":{"self":[{"href":"https:\/\/reanpackaging.com\/it\/wp-json\/wp\/v2\/product\/9505","targetHints":{"allow":["GET"]}}],"collection":[{"href":"https:\/\/reanpackaging.com\/it\/wp-json\/wp\/v2\/product"}],"about":[{"href":"https:\/\/reanpackaging.com\/it\/wp-json\/wp\/v2\/types\/product"}],"wp:featuredmedia":[{"embeddable":true,"href":"https:\/\/reanpackaging.com\/it\/wp-json\/wp\/v2\/media\/9388"}],"wp:attachment":[{"href":"https:\/\/reanpackaging.com\/it\/wp-json\/wp\/v2\/media?parent=9505"}],"wp:term":[{"taxonomy":"product_brand","embeddable":true,"href":"https:\/\/reanpackaging.com\/it\/wp-json\/wp\/v2\/product_brand?post=9505"},{"taxonomy":"product_cat","embeddable":true,"href":"https:\/\/reanpackaging.com\/it\/wp-json\/wp\/v2\/product_cat?post=9505"},{"taxonomy":"product_tag","embeddable":true,"href":"https:\/\/reanpackaging.com\/it\/wp-json\/wp\/v2\/product_tag?post=9505"}],"curies":[{"name":"wp","href":"https:\/\/api.w.org\/{rel}","templated":true}]}}