{"id":95349,"date":"2025-03-08T20:45:07","date_gmt":"2025-03-08T20:45:07","guid":{"rendered":"https:\/\/reanpackaging.com\/product\/custom-logo-cardboard-six-pack-wine-box-carrier-wholesale-cheap-portable-handle-corrugated-paper-packaging-6-bottle-beer-carrier\/"},"modified":"2025-03-08T20:45:41","modified_gmt":"2025-03-08T20:45:41","slug":"custom-logo-cardboard-six-pack-wine-box-carrier-wholesale-cheap-portable-handle-corrugated-paper-packaging-6-bottle-beer-carrier","status":"publish","type":"product","link":"https:\/\/reanpackaging.com\/it\/prodotto\/custom-logo-cardboard-six-pack-wine-box-carrier-wholesale-cheap-portable-handle-corrugated-paper-packaging-6-bottle-beer-carrier\/","title":{"rendered":"Personalizzato Logo cartone sei pacchetto vino Box Carrier all'ingrosso economico portatile maniglia carta ondulata imballaggio 6 bottiglia di birra Carrier"},"content":{"rendered":"<h4>Attributi specifici del settore<\/h4>\n<table border=\"1\">\n<tr>\n<td><strong>Uso industriale<\/strong><\/td>\n<td>Bevande<\/td>\n<\/tr>\n<tr>\n<td><strong>Tipo di carta<\/strong><\/td>\n<td>Cartone ondulato<\/td>\n<\/tr>\n<tr>\n<td><strong>Caratteristica<\/strong><\/td>\n<td>Riciclabile<\/td>\n<\/tr>\n<tr>\n<td><strong>tipo di scatola<\/strong><\/td>\n<td>Cartelle<\/td>\n<\/tr>\n<\/table>\n<h4>Altri attributi<\/h4>\n<table border=\"1\">\n<tr>\n<td><strong>Forma<\/strong><\/td>\n<td>Rettangolo<\/td>\n<\/tr>\n<tr>\n<td><strong>Gestione della stampa<\/strong><\/td>\n<td>Goffratura, laminazione lucida, laminazione opaca, stampaggio, rivestimento UV, verniciatura, VANISHING, lamina d'oro<\/td>\n<\/tr>\n<tr>\n<td><strong>Ordine personalizzato<\/strong><\/td>\n<td>Accettare<\/td>\n<\/tr>\n<tr>\n<td><strong>Colore<\/strong><\/td>\n<td>nero, 4c-CMYK, 4c+1.4c+2, colore pantone<\/td>\n<\/tr>\n<tr>\n<td><strong>Nome del prodotto<\/strong><\/td>\n<td>Imballaggio in carta ondulata per 6 bottiglie di birra<\/td>\n<\/tr>\n<tr>\n<td><strong>Finitura superficiale<\/strong><\/td>\n<td>laminazione lucida e opaca; lamina UV e stampa a caldo<\/td>\n<\/tr>\n<tr>\n<td><strong>Peso<\/strong><\/td>\n<td>250, 300, 350, 400 g\/m\u00b2<\/td>\n<\/tr>\n<tr>\n<td><strong>Certificato<\/strong><\/td>\n<td>FSC, ISO<\/td>\n<\/tr>\n<tr>\n<td><strong>Applicazione industriale<\/strong><\/td>\n<td>birra, vino, succo di frutta, bevanda, regalo, t\u00e8, tazza da caff\u00e8, tazza da t\u00e8<\/td>\n<\/tr>\n<tr>\n<td><strong>Stile del prodotto<\/strong><\/td>\n<td>Portabirra<\/td>\n<\/tr>\n<tr>\n<td><strong>Tipo di azienda<\/strong><\/td>\n<td>Fabbrica propria, benvenuto a visitare la nostra fabbrica!<\/td>\n<\/tr>\n<tr>\n<td><strong>Prezzo<\/strong><\/td>\n<td>Prezzo di fabbrica competitivo<\/td>\n<\/tr>\n<tr>\n<td><strong>OEM\/ODM<\/strong><\/td>\n<td>Benvenuti<\/td>\n<\/tr>\n<\/table>","protected":false},"excerpt":{"rendered":"<p>Industry-Specific Attributes Industrial Use Beverage Paper Type Corrugated Board Feature Recyclable box type Folders Other Attributes Shape Rectangle Printing Handling Embossing, Glossy Lamination, Matt Lamination, Stamping, UV Coating, Varnishing, VANISHING, Gold Foil Custom Order Accept Color black, 4c-CMYK,4c+1.4c+2 ,pantone color Product Name Corrugated Paper Packaging 6 Bottle Beer Carrier Surface Finish glossy, matte lamination; UV, [&hellip;]<\/p>\n","protected":false},"featured_media":94937,"template":"","meta":{"_seopress_robots_primary_cat":"","_seopress_titles_title":"","_seopress_titles_desc":"","_seopress_robots_index":"","site-sidebar-layout":"default","site-content-layout":"","ast-site-content-layout":"default","site-content-style":"default","site-sidebar-style":"default","ast-global-header-display":"","ast-banner-title-visibility":"","ast-main-header-display":"","ast-hfb-above-header-display":"","ast-hfb-below-header-display":"","ast-hfb-mobile-header-display":"","site-post-title":"","ast-breadcrumbs-content":"","ast-featured-img":"","footer-sml-layout":"","ast-disable-related-posts":"","theme-transparent-header-meta":"","adv-header-id-meta":"","stick-header-meta":"","header-above-stick-meta":"","header-main-stick-meta":"","header-below-stick-meta":"","astra-migrate-meta-layouts":"default","ast-page-background-enabled":"default","ast-page-background-meta":{"desktop":{"background-color":"","background-image":"","background-repeat":"repeat","background-position":"center center","background-size":"auto","background-attachment":"scroll","background-type":"","background-media":"","overlay-type":"","overlay-color":"","overlay-opacity":"","overlay-gradient":""},"tablet":{"background-color":"","background-image":"","background-repeat":"repeat","background-position":"center center","background-size":"auto","background-attachment":"scroll","background-type":"","background-media":"","overlay-type":"","overlay-color":"","overlay-opacity":"","overlay-gradient":""},"mobile":{"background-color":"","background-image":"","background-repeat":"repeat","background-position":"center center","background-size":"auto","background-attachment":"scroll","background-type":"","background-media":"","overlay-type":"","overlay-color":"","overlay-opacity":"","overlay-gradient":""}},"ast-content-background-meta":{"desktop":{"background-color":"var(--ast-global-color-5)","background-image":"","background-repeat":"repeat","background-position":"center center","background-size":"auto","background-attachment":"scroll","background-type":"","background-media":"","overlay-type":"","overlay-color":"","overlay-opacity":"","overlay-gradient":""},"tablet":{"background-color":"var(--ast-global-color-5)","background-image":"","background-repeat":"repeat","background-position":"center center","background-size":"auto","background-attachment":"scroll","background-type":"","background-media":"","overlay-type":"","overlay-color":"","overlay-opacity":"","overlay-gradient":""},"mobile":{"background-color":"var(--ast-global-color-5)","background-image":"","background-repeat":"repeat","background-position":"center center","background-size":"auto","background-attachment":"scroll","background-type":"","background-media":"","overlay-type":"","overlay-color":"","overlay-opacity":"","overlay-gradient":""}}},"product_brand":[],"product_cat":[95],"product_tag":[],"class_list":{"0":"post-95349","1":"product","2":"type-product","3":"status-publish","4":"has-post-thumbnail","6":"product_cat-wine-box","7":"desktop-align-left","8":"tablet-align-left","9":"mobile-align-left","10":"ast-product-gallery-layout-horizontal","11":"ast-product-tabs-layout-horizontal","13":"first","14":"instock","15":"product-type-simple"},"_links":{"self":[{"href":"https:\/\/reanpackaging.com\/it\/wp-json\/wp\/v2\/product\/95349","targetHints":{"allow":["GET"]}}],"collection":[{"href":"https:\/\/reanpackaging.com\/it\/wp-json\/wp\/v2\/product"}],"about":[{"href":"https:\/\/reanpackaging.com\/it\/wp-json\/wp\/v2\/types\/product"}],"wp:featuredmedia":[{"embeddable":true,"href":"https:\/\/reanpackaging.com\/it\/wp-json\/wp\/v2\/media\/94937"}],"wp:attachment":[{"href":"https:\/\/reanpackaging.com\/it\/wp-json\/wp\/v2\/media?parent=95349"}],"wp:term":[{"taxonomy":"product_brand","embeddable":true,"href":"https:\/\/reanpackaging.com\/it\/wp-json\/wp\/v2\/product_brand?post=95349"},{"taxonomy":"product_cat","embeddable":true,"href":"https:\/\/reanpackaging.com\/it\/wp-json\/wp\/v2\/product_cat?post=95349"},{"taxonomy":"product_tag","embeddable":true,"href":"https:\/\/reanpackaging.com\/it\/wp-json\/wp\/v2\/product_tag?post=95349"}],"curies":[{"name":"wp","href":"https:\/\/api.w.org\/{rel}","templated":true}]}}