{"id":17200,"date":"2024-04-28T15:56:49","date_gmt":"2024-04-28T15:56:49","guid":{"rendered":"https:\/\/reanpackaging.com\/product\/custom-kraft-wine-carrier-paper-bag-2-bottle-for-wineries-gift-shops-paperboard-paper-bag-with-die-cut-window-carrying-handle\/"},"modified":"2024-10-01T16:32:54","modified_gmt":"2024-10-01T16:32:54","slug":"custom-kraft-wine-carrier-paper-bag-2-bottle-for-wineries-gift-shops-paperboard-paper-bag-with-die-cut-window-carrying-handle","status":"publish","type":"product","link":"https:\/\/reanpackaging.com\/ja\/product\/custom-kraft-wine-carrier-paper-bag-2-bottle-for-wineries-gift-shops-paperboard-paper-bag-with-die-cut-window-carrying-handle\/","title":{"rendered":"\u30ef\u30a4\u30ca\u30ea\u30fc\u306e\u30ae\u30d5\u30c8\u306e\u5e97\u306e\u305f\u3081\u306e\u6ce8\u6587\u306e\u30af\u30e9\u30d5\u30c8\u30fb\u30ef\u30a4\u30f3\u306e\u30ad\u30e3\u30ea\u30a2\u306e\u7d19\u888b 2 \u672c\u306e\u3073\u3093 \u30cf\u30f3\u30c9\u30eb\u3092\u6301\u3063\u3066\u3044\u308b\u578b\u629c\u304d\u3055\u308c\u305f\u7a93\u304c\u4ed8\u3044\u3066\u3044\u308b\u30dc\u30fc\u30eb\u7d19\u306e\u7d19\u888b"},"content":{"rendered":"<h4>\u696d\u754c\u7279\u6709\u306e\u5c5e\u6027<\/h4>\n<table border=\"1\">\n<tr>\n<td><strong>\u5de5\u696d\u7528<\/strong><\/td>\n<td>\u30ae\u30d5\u30c8\uff06\u30af\u30e9\u30d5\u30c8<\/td>\n<\/tr>\n<tr>\n<td><strong>\u7d19\u306e\u7a2e\u985e<\/strong><\/td>\n<td>\u30af\u30e9\u30d5\u30c8\u7d19\/\u30af\u30e9\u30d5\u30c8\u7d19\u888b<\/td>\n<\/tr>\n<tr>\n<td><strong>\u7279\u5fb4<\/strong><\/td>\n<td>\u30ea\u30b5\u30a4\u30af\u30eb\u53ef\u80fd<\/td>\n<\/tr>\n<\/table>\n<h4>\u305d\u306e\u4ed6\u306e\u5c5e\u6027<\/h4>\n<table border=\"1\">\n<tr>\n<td><strong>\u539f\u7523\u5730<\/strong><\/td>\n<td>\u4e2d\u56fd<\/td>\n<\/tr>\n<tr>\n<td><strong>\u30d6\u30e9\u30f3\u30c9\u540d<\/strong><\/td>\n<td>\u30de\u30a4\u30d0\u30aa\u30fb\u30d1\u30c3\u30b1\u30fc\u30b8<\/td>\n<\/tr>\n<tr>\n<td><strong>\u30e2\u30c7\u30eb\u756a\u53f7<\/strong><\/td>\n<td>MB-KP3<\/td>\n<\/tr>\n<tr>\n<td><strong>\u8868\u9762\u51e6\u7406<\/strong><\/td>\n<td>\u30aa\u30d5\u30bb\u30c3\u30c8\u5370\u5237<\/td>\n<\/tr>\n<tr>\n<td><strong>\u30b7\u30fc\u30ea\u30f3\u30b0\uff06\u30cf\u30f3\u30c9\u30eb<\/strong><\/td>\n<td>\u624b\u306e\u9577\u3055\u306e\u30cf\u30f3\u30c9\u30eb<\/td>\n<\/tr>\n<tr>\n<td><strong>\u30ab\u30b9\u30bf\u30e0\u30aa\u30fc\u30c0\u30fc<\/strong><\/td>\n<td>\u53d7\u3051\u5165\u308c\u308b<\/td>\n<\/tr>\n<tr>\n<td><strong>\u30b5\u30a4\u30ba<\/strong><\/td>\n<td>5\u00d73.75\u00d78,5.25x3x8.5,8\u00d74.75\u00d710,10x5x13,16x6x12inches, or Customized<\/td>\n<\/tr>\n<tr>\n<td><strong>\u8868\u9762\u51e6\u7406<\/strong><\/td>\n<td>\u30d5\u30ec\u30ad\u30bd\u5370\u5237\u3001\u5149\u6ca2\u306e\u3042\u308b\/\u30de\u30c3\u30c8\u306e\u30e9\u30df\u30cd\u30fc\u30b7\u30e7\u30f3\u3001\u70b9\u306e\u7d2b\u5916\u7dda\u3001\u91d1\/\u9280\u306e\u71b1\u3044\u62bc\u3059\u3053\u3068<\/td>\n<\/tr>\n<tr>\n<td><strong>\u30ab\u30e9\u30fc<\/strong><\/td>\n<td>\u30d6\u30e9\u30a6\u30f3\u3001\u30db\u30ef\u30a4\u30c8\u3001\u305d\u306e\u4ed6\u306eCMYK\/Pantone\u30ab\u30e9\u30fc\u3001\u6700\u592710\u8272<\/td>\n<\/tr>\n<tr>\n<td><strong>\u539a\u3055<\/strong><\/td>\n<td>80gsm\u300190gsm\u3001100gsm\u3001110gsm\u3001120gsm\u307e\u305f\u306f\u30ab\u30b9\u30bf\u30de\u30a4\u30ba\u3055\u308c\u308b<\/td>\n<\/tr>\n<tr>\n<td><strong>\u30b7\u30fc\u30ea\u30f3\u30b0\uff06\u30cf\u30f3\u30c9\u30eb<\/strong><\/td>\n<td>\u306d\u3058\u308c\u305f\u30cf\u30f3\u30c9\u30eb\u3001\u5e73\u3089\u306a\u30cf\u30f3\u30c9\u30eb\u3001\u578b\u629c\u304d\u306e\u30cf\u30f3\u30c9\u30eb\u3001\u30ea\u30dc\u30f3\u3001PP\u30ed\u30fc\u30d7\u3001\u7dbf\u3001\u7b49\u3002<\/td>\n<\/tr>\n<tr>\n<td><strong>\u30a4\u30f3\u30af\u306e\u7a2e\u985e<\/strong><\/td>\n<td>\u74b0\u5883\u306b\u512a\u3057\u3044\u6c34\u6027\u5927\u8c46\u30a4\u30f3\u30ad<\/td>\n<\/tr>\n<tr>\n<td><strong>\u9805\u76ee<\/strong><\/td>\n<td>\u8336\u8272\u306e\u30af\u30e9\u30d5\u30c8\u7d19\u888b\u3068\u30cf\u30f3\u30c9\u30eb<\/td>\n<\/tr>\n<tr>\n<td><strong>\u5de5\u696d\u7528<\/strong><\/td>\n<td>\u98df\u54c1\u98f2\u6599 \u30ae\u30d5\u30c8\u5305\u88c5<\/td>\n<\/tr>\n<tr>\n<td><strong>\u7528\u9014<\/strong><\/td>\n<td>\u98df\u54c1 \u98f2\u6599 \u30ae\u30d5\u30c8 \u30b7\u30e7\u30c3\u30d4\u30f3\u30b0 \u8863\u6599\u54c1<\/td>\n<\/tr>\n<\/table>\n<p><img decoding=\"async\" class=\"detail-desc-decorate-image\" src=\"https:\/\/reanpackaging.com\/wp-content\/uploads\/2024\/04\/3-description-Custom-Kraft-Wine-Carrier-Paper-Bag-2-Bottle-for-wineries-gift-shops-paperboard-Paper-Bag-with-Die-cut-window-carrying-handle.jpg\" slate-data-type=\"image\" style=\"max-width: 100%; height: auto; display: block; margin: 0 auto;\"><br \/>\n<img decoding=\"async\" class=\"detail-desc-decorate-image\" src=\"https:\/\/reanpackaging.com\/wp-content\/uploads\/2024\/04\/5-description-Custom-Kraft-Wine-Carrier-Paper-Bag-2-Bottle-for-wineries-gift-shops-paperboard-Paper-Bag-with-Die-cut-window-carrying-handle.jpg\" slate-data-type=\"image\" style=\"max-width: 100%; height: auto; display: block; margin: 0 auto;\"><br \/>\n<img decoding=\"async\" class=\"detail-desc-decorate-image\" src=\"https:\/\/reanpackaging.com\/wp-content\/uploads\/2024\/04\/7-description-Custom-Kraft-Wine-Carrier-Paper-Bag-2-Bottle-for-wineries-gift-shops-paperboard-Paper-Bag-with-Die-cut-window-carrying-handle.jpg\" slate-data-type=\"image\" style=\"max-width: 100%; height: auto; display: block; margin: 0 auto;\"><br \/>\n<img decoding=\"async\" class=\"detail-desc-decorate-image\" src=\"https:\/\/reanpackaging.com\/wp-content\/uploads\/2024\/04\/8-description-Custom-Kraft-Wine-Carrier-Paper-Bag-2-Bottle-for-wineries-gift-shops-paperboard-Paper-Bag-with-Die-cut-window-carrying-handle.jpg\" slate-data-type=\"image\" style=\"max-width: 100%; height: auto; display: block; margin: 0 auto;\"><br \/>\n<img decoding=\"async\" class=\"detail-desc-decorate-image\" src=\"https:\/\/reanpackaging.com\/wp-content\/uploads\/2024\/04\/9-description-Custom-Kraft-Wine-Carrier-Paper-Bag-2-Bottle-for-wineries-gift-shops-paperboard-Paper-Bag-with-Die-cut-window-carrying-handle.jpg\" slate-data-type=\"image\" style=\"max-width: 100%; height: auto; display: block; margin: 0 auto;\"><\/p>","protected":false},"excerpt":{"rendered":"<p>Industry-Specific Attributes Industrial Use Gift &#038; Craft Paper Type kraft paper\/craft paper bag Feature Recyclable Other Attributes Place of Origin China Brand Name Maibao Package Model Number MB&#8211;KP3 Surface Handling Offset printing Sealing &#038; Handle Hand Length Handle Custom Order Accept Size 5&#215;3.75&#215;8,5.25x3x8.5,8&#215;4.75&#215;10,10x5x13,16x6x12inches, or Customized Surface Handling Flexo Printing,Glossy\/Matt Lamination,Spot UV,Gold\/Silver Hot Stamping Color Brown, [&hellip;]<\/p>\n","protected":false},"featured_media":16967,"template":"","meta":{"_seopress_robots_primary_cat":"none","_seopress_titles_title":"","_seopress_titles_desc":"","_seopress_robots_index":"","site-sidebar-layout":"default","site-content-layout":"","ast-site-content-layout":"default","site-content-style":"default","site-sidebar-style":"default","ast-global-header-display":"","ast-banner-title-visibility":"","ast-main-header-display":"","ast-hfb-above-header-display":"","ast-hfb-below-header-display":"","ast-hfb-mobile-header-display":"","site-post-title":"","ast-breadcrumbs-content":"","ast-featured-img":"","footer-sml-layout":"","ast-disable-related-posts":"","theme-transparent-header-meta":"default","adv-header-id-meta":"","stick-header-meta":"default","header-above-stick-meta":"","header-main-stick-meta":"","header-below-stick-meta":"","astra-migrate-meta-layouts":"set","ast-page-background-enabled":"default","ast-page-background-meta":{"desktop":{"background-color":"","background-image":"","background-repeat":"repeat","background-position":"center center","background-size":"auto","background-attachment":"scroll","background-type":"","background-media":"","overlay-type":"","overlay-color":"","overlay-opacity":"","overlay-gradient":""},"tablet":{"background-color":"","background-image":"","background-repeat":"repeat","background-position":"center center","background-size":"auto","background-attachment":"scroll","background-type":"","background-media":"","overlay-type":"","overlay-color":"","overlay-opacity":"","overlay-gradient":""},"mobile":{"background-color":"","background-image":"","background-repeat":"repeat","background-position":"center center","background-size":"auto","background-attachment":"scroll","background-type":"","background-media":"","overlay-type":"","overlay-color":"","overlay-opacity":"","overlay-gradient":""}},"ast-content-background-meta":{"desktop":{"background-color":"var(--ast-global-color-5)","background-image":"","background-repeat":"repeat","background-position":"center center","background-size":"auto","background-attachment":"scroll","background-type":"","background-media":"","overlay-type":"","overlay-color":"","overlay-opacity":"","overlay-gradient":""},"tablet":{"background-color":"var(--ast-global-color-5)","background-image":"","background-repeat":"repeat","background-position":"center center","background-size":"auto","background-attachment":"scroll","background-type":"","background-media":"","overlay-type":"","overlay-color":"","overlay-opacity":"","overlay-gradient":""},"mobile":{"background-color":"var(--ast-global-color-5)","background-image":"","background-repeat":"repeat","background-position":"center center","background-size":"auto","background-attachment":"scroll","background-type":"","background-media":"","overlay-type":"","overlay-color":"","overlay-opacity":"","overlay-gradient":""}}},"product_brand":[],"product_cat":[59],"product_tag":[],"class_list":{"0":"post-17200","1":"product","2":"type-product","3":"status-publish","4":"has-post-thumbnail","6":"product_cat-paper-wine-bag","7":"desktop-align-left","8":"tablet-align-left","9":"mobile-align-left","10":"ast-product-gallery-layout-horizontal","11":"ast-product-tabs-layout-horizontal","13":"first","14":"instock","15":"purchasable","16":"product-type-simple"},"_links":{"self":[{"href":"https:\/\/reanpackaging.com\/ja\/wp-json\/wp\/v2\/product\/17200","targetHints":{"allow":["GET"]}}],"collection":[{"href":"https:\/\/reanpackaging.com\/ja\/wp-json\/wp\/v2\/product"}],"about":[{"href":"https:\/\/reanpackaging.com\/ja\/wp-json\/wp\/v2\/types\/product"}],"wp:featuredmedia":[{"embeddable":true,"href":"https:\/\/reanpackaging.com\/ja\/wp-json\/wp\/v2\/media\/16967"}],"wp:attachment":[{"href":"https:\/\/reanpackaging.com\/ja\/wp-json\/wp\/v2\/media?parent=17200"}],"wp:term":[{"taxonomy":"product_brand","embeddable":true,"href":"https:\/\/reanpackaging.com\/ja\/wp-json\/wp\/v2\/product_brand?post=17200"},{"taxonomy":"product_cat","embeddable":true,"href":"https:\/\/reanpackaging.com\/ja\/wp-json\/wp\/v2\/product_cat?post=17200"},{"taxonomy":"product_tag","embeddable":true,"href":"https:\/\/reanpackaging.com\/ja\/wp-json\/wp\/v2\/product_tag?post=17200"}],"curies":[{"name":"wp","href":"https:\/\/api.w.org\/{rel}","templated":true}]}}