{"id":38952,"date":"2025-01-16T14:37:49","date_gmt":"2025-01-16T14:37:49","guid":{"rendered":"https:\/\/reanpackaging.com\/product\/high-end-velvet-round-set-three-gift-box-valentines-day-flower-gift-hug-bucket\/"},"modified":"2025-01-16T16:16:38","modified_gmt":"2025-01-16T16:16:38","slug":"high-end-velvet-round-set-three-gift-box-valentines-day-flower-gift-hug-bucket","status":"publish","type":"product","link":"https:\/\/reanpackaging.com\/ko\/product\/high-end-velvet-round-set-three-gift-box-valentines-day-flower-gift-hug-bucket\/","title":{"rendered":"\ud558\uc774\uc5d4\ub4dc \ubca8\ubcb3 \ub77c\uc6b4\ub4dc \uc138\ud2b8 3\uc885 \uc120\ubb3c \uc0c1\uc790 \ubc1c\ub80c\ud0c0\uc778\ub370\uc774 \ud50c\ub77c\uc6cc \uae30\ud504\ud2b8 \ud5c8\uadf8 \ubc84\ud0b7"},"content":{"rendered":"<h4>\uc0b0\uc5c5\ubcc4 \uc18d\uc131<\/h4>\n<table border=\"1\">\n<tbody>\n<tr>\n<td><strong>\uc0b0\uc5c5\uc6a9<\/strong><\/td>\n<td>\uc120\ubb3c &amp; \uacf5\uc608<\/td>\n<\/tr>\n<tr>\n<td><strong>\uc6a9\uc9c0 \uc720\ud615<\/strong><\/td>\n<td>\ucf54\ud305 \uc6a9\uc9c0<\/td>\n<\/tr>\n<tr>\n<td><strong>\uae30\ub2a5<\/strong><\/td>\n<td>\uc7ac\ud65c\uc6a9 \uc7ac\ub8cc<\/td>\n<\/tr>\n<tr>\n<td><strong>\uc0c1\uc790 \uc720\ud615<\/strong><\/td>\n<td>\ub9ac\uc9c0\ub4dc \ubc15\uc2a4<\/td>\n<\/tr>\n<\/tbody>\n<\/table>\n<h4>\uae30\ud0c0 \uc18d\uc131<\/h4>\n<table border=\"1\">\n<tbody>\n<tr>\n<td><strong>\ubaa8\uc591<\/strong><\/td>\n<td>\ub77c\uc6b4\ub4dc<\/td>\n<\/tr>\n<tr>\n<td><strong>\uc778\uc1c4 \ucc98\ub9ac<\/strong><\/td>\n<td>\uc624\ud504\uc14b \uc778\uc1c4<\/td>\n<\/tr>\n<tr>\n<td><strong>\ub9de\ucda4 \uc8fc\ubb38<\/strong><\/td>\n<td>\uc218\ub77d<\/td>\n<\/tr>\n<tr>\n<td><strong>\ub77c\uc774\ub108 \uc720\ud615<\/strong><\/td>\n<td>\ud310\uc9c0<\/td>\n<\/tr>\n<tr>\n<td><strong>\uc81c\ud488 \uc774\ub984:<\/strong><\/td>\n<td>\ubca8\ubcb3 \ub77c\uc6b4\ub4dc \ud50c\ub77c\uc6cc \uc120\ubb3c \uc0c1\uc790<\/td>\n<\/tr>\n<tr>\n<td><strong>Material:<\/strong><\/td>\n<td>\uce74\ub4dc\ubcf4\ub4dc + \ubca8\ubcb3<\/td>\n<\/tr>\n<tr>\n<td><strong>\uc0ac\uc6a9\ubc95:<\/strong><\/td>\n<td>\ud3ec\uc7a5 \ud56d\ubaa9<\/td>\n<\/tr>\n<tr>\n<td><strong>\ud06c\uae30:<\/strong><\/td>\n<td>L:18\u00d717.7cm M:15.7\u00d715cm S:12.3\u00d712.6cm<\/td>\n<\/tr>\n<tr>\n<td><strong>\uc0c9\uc0c1:<\/strong><\/td>\n<td>6\uac00\uc9c0 \uc0c9\uc0c1<\/td>\n<\/tr>\n<tr>\n<td><strong>\ub85c\uace0:<\/strong><\/td>\n<td>\ud5c8\uc6a9\ub418\ub294 \uace0\uac1d \ub85c\uace0<\/td>\n<\/tr>\n<tr>\n<td><strong>\uc778\uc1c4:<\/strong><\/td>\n<td>\uc0ac\uc6a9\uc790 \uc9c0\uc815 \uc778\uc1c4 \uc218\ub77d<\/td>\n<\/tr>\n<tr>\n<td><strong>MOQ:<\/strong><\/td>\n<td>500\uac1c<\/td>\n<\/tr>\n<tr>\n<td><strong>\uc0c1\uc790 \ud06c\uae30:<\/strong><\/td>\n<td>56\u00d737.5x75cm\/24\uc138\ud2b8<\/td>\n<\/tr>\n<\/tbody>\n<\/table>\n<p>&nbsp;<\/p>","protected":false},"excerpt":{"rendered":"<p>Industry-Specific Attributes Industrial Use Gift &amp; Craft Paper Type Coated Paper Feature Recycled Materials box type Rigid Boxes Other Attributes Shape Round Printing Handling Offset Print Custom Order Accept Liner type Paperboard Product Name: Velvet Round Flower Gift Box Material: Cardboard +Velvet Usage: Packaging Items Size: L:18&#215;17.7cm M:15.7x15cm S:12.3&#215;12.6cm Color: 6 Colors Logo: Acceptable Customer&#8217;s [&hellip;]<\/p>\n","protected":false},"featured_media":38751,"template":"","meta":{"_seopress_robots_primary_cat":"none","_seopress_titles_title":"High-End Velvet Round Set Three Gift Box Valentine'S Day Flower Gift Hug Bucket","_seopress_titles_desc":"","_seopress_robots_index":"","site-sidebar-layout":"default","site-content-layout":"","ast-site-content-layout":"default","site-content-style":"default","site-sidebar-style":"default","ast-global-header-display":"","ast-banner-title-visibility":"","ast-main-header-display":"","ast-hfb-above-header-display":"","ast-hfb-below-header-display":"","ast-hfb-mobile-header-display":"","site-post-title":"","ast-breadcrumbs-content":"","ast-featured-img":"","footer-sml-layout":"","ast-disable-related-posts":"","theme-transparent-header-meta":"default","adv-header-id-meta":"","stick-header-meta":"default","header-above-stick-meta":"","header-main-stick-meta":"","header-below-stick-meta":"","astra-migrate-meta-layouts":"set","ast-page-background-enabled":"default","ast-page-background-meta":{"desktop":{"background-color":"","background-image":"","background-repeat":"repeat","background-position":"center center","background-size":"auto","background-attachment":"scroll","background-type":"","background-media":"","overlay-type":"","overlay-color":"","overlay-opacity":"","overlay-gradient":""},"tablet":{"background-color":"","background-image":"","background-repeat":"repeat","background-position":"center center","background-size":"auto","background-attachment":"scroll","background-type":"","background-media":"","overlay-type":"","overlay-color":"","overlay-opacity":"","overlay-gradient":""},"mobile":{"background-color":"","background-image":"","background-repeat":"repeat","background-position":"center center","background-size":"auto","background-attachment":"scroll","background-type":"","background-media":"","overlay-type":"","overlay-color":"","overlay-opacity":"","overlay-gradient":""}},"ast-content-background-meta":{"desktop":{"background-color":"var(--ast-global-color-5)","background-image":"","background-repeat":"repeat","background-position":"center center","background-size":"auto","background-attachment":"scroll","background-type":"","background-media":"","overlay-type":"","overlay-color":"","overlay-opacity":"","overlay-gradient":""},"tablet":{"background-color":"var(--ast-global-color-5)","background-image":"","background-repeat":"repeat","background-position":"center center","background-size":"auto","background-attachment":"scroll","background-type":"","background-media":"","overlay-type":"","overlay-color":"","overlay-opacity":"","overlay-gradient":""},"mobile":{"background-color":"var(--ast-global-color-5)","background-image":"","background-repeat":"repeat","background-position":"center center","background-size":"auto","background-attachment":"scroll","background-type":"","background-media":"","overlay-type":"","overlay-color":"","overlay-opacity":"","overlay-gradient":""}}},"product_brand":[],"product_cat":[88],"product_tag":[],"class_list":{"0":"post-38952","1":"product","2":"type-product","3":"status-publish","4":"has-post-thumbnail","6":"product_cat-round-gift-boxes","7":"desktop-align-left","8":"tablet-align-left","9":"mobile-align-left","10":"ast-product-gallery-layout-horizontal","11":"ast-product-tabs-layout-horizontal","13":"first","14":"instock","15":"product-type-simple"},"_links":{"self":[{"href":"https:\/\/reanpackaging.com\/ko\/wp-json\/wp\/v2\/product\/38952","targetHints":{"allow":["GET"]}}],"collection":[{"href":"https:\/\/reanpackaging.com\/ko\/wp-json\/wp\/v2\/product"}],"about":[{"href":"https:\/\/reanpackaging.com\/ko\/wp-json\/wp\/v2\/types\/product"}],"wp:featuredmedia":[{"embeddable":true,"href":"https:\/\/reanpackaging.com\/ko\/wp-json\/wp\/v2\/media\/38751"}],"wp:attachment":[{"href":"https:\/\/reanpackaging.com\/ko\/wp-json\/wp\/v2\/media?parent=38952"}],"wp:term":[{"taxonomy":"product_brand","embeddable":true,"href":"https:\/\/reanpackaging.com\/ko\/wp-json\/wp\/v2\/product_brand?post=38952"},{"taxonomy":"product_cat","embeddable":true,"href":"https:\/\/reanpackaging.com\/ko\/wp-json\/wp\/v2\/product_cat?post=38952"},{"taxonomy":"product_tag","embeddable":true,"href":"https:\/\/reanpackaging.com\/ko\/wp-json\/wp\/v2\/product_tag?post=38952"}],"curies":[{"name":"wp","href":"https:\/\/api.w.org\/{rel}","templated":true}]}}