{"id":30861,"date":"2024-12-27T16:40:17","date_gmt":"2024-12-27T16:40:17","guid":{"rendered":"https:\/\/reanpackaging.com\/product\/recyclable-multi-size-transparent-antioxidant-jewelry-packaging-big-earring-eardrop-storage-display-packaging-box\/"},"modified":"2024-12-28T11:39:24","modified_gmt":"2024-12-28T11:39:24","slug":"recyclable-multi-size-transparent-antioxidant-jewelry-packaging-big-earring-eardrop-storage-display-packaging-box","status":"publish","type":"product","link":"https:\/\/reanpackaging.com\/nl\/product\/recyclable-multi-size-transparent-antioxidant-jewelry-packaging-big-earring-eardrop-storage-display-packaging-box\/","title":{"rendered":"Recycleerbare Multi-grootte Transparante Antioxidant Juwelen Verpakking Grote Oorbel Eardrop Opslag Display Verpakkende Doos"},"content":{"rendered":"<h4>Branchespecifieke kenmerken<\/h4>\n<table border=\"1\">\n<tbody>\n<tr>\n<td><strong>Industrieel gebruik<\/strong><\/td>\n<td>Sieraden &amp; horloges &amp; brillen<\/td>\n<\/tr>\n<tr>\n<td><strong>Papiersoort<\/strong><\/td>\n<td>Kunstpapier<\/td>\n<\/tr>\n<tr>\n<td><strong>Functie<\/strong><\/td>\n<td>Recycleerbaar<\/td>\n<\/tr>\n<tr>\n<td><strong>kastype<\/strong><\/td>\n<td>Dozen met sleuven<\/td>\n<\/tr>\n<\/tbody>\n<\/table>\n<h4>Andere eigenschappen<\/h4>\n<table border=\"1\">\n<tbody>\n<tr>\n<td><strong>Vorm<\/strong><\/td>\n<td>vierkant, rechthoek of speciale vorm<\/td>\n<\/tr>\n<tr>\n<td><strong>Behandeling van afdrukken<\/strong><\/td>\n<td>Mat lamineren, vernissen, stempelen, reli\u00ebfdruk, glanzend lamineren, UV-coating, VANISHING, goudfolie<\/td>\n<\/tr>\n<tr>\n<td><strong>Aangepaste bestelling<\/strong><\/td>\n<td>Accepteer<\/td>\n<\/tr>\n<tr>\n<td><strong>Materiaal<\/strong><\/td>\n<td>Gecoat\/kraftpapier, zacht aanvoelend papier, plastic, grijs karton, lint, enz.<\/td>\n<\/tr>\n<tr>\n<td><strong>Doosstijl<\/strong><\/td>\n<td>Ladebox of maatwerk<\/td>\n<\/tr>\n<tr>\n<td><strong>Ontwerp\/Drukwerk<\/strong><\/td>\n<td>Gesneden, CMYK, Pantone-kleur, UV-druk, enz.<\/td>\n<\/tr>\n<tr>\n<td><strong>Maat<\/strong><\/td>\n<td>7\u00d77, 9\u00d79, 11\u00d711, 14\u00d714, 18\u00d718, 7\u00d718, 9\u00d723 of aangepast<\/td>\n<\/tr>\n<tr>\n<td><strong>Gebruik<\/strong><\/td>\n<td>Sieraden, ketting, armband, oorbel, ring, hand\/trui ketting<\/td>\n<\/tr>\n<tr>\n<td><strong>Logo<\/strong><\/td>\n<td>Gesneden, CMYK, foliedruk, reli\u00ebf\/deboss, UV, zijdedruk, enz.<\/td>\n<\/tr>\n<tr>\n<td><strong>Levertijd<\/strong><\/td>\n<td>1-7 werkdagen<\/td>\n<\/tr>\n<tr>\n<td><strong>MOQ<\/strong><\/td>\n<td>500 stuk<\/td>\n<\/tr>\n<tr>\n<td><strong>OEM\/ODM<\/strong><\/td>\n<td>Aanvaardbaar<\/td>\n<\/tr>\n<tr>\n<td><strong>Betaling<\/strong><\/td>\n<td>T\/T, Alipay, PayPal, L\/C, enz.<\/td>\n<\/tr>\n<\/tbody>\n<\/table>","protected":false},"excerpt":{"rendered":"<p>Industry-Specific Attributes Industrial Use Jewelry &amp; Watch &amp; Eyewear Paper Type Art Paper Feature Recyclable box type Slotted Boxes Other Attributes Shape square, rectangle or special shape Printing Handling Matt Lamination, Varnishing, Stamping, Embossing, Glossy Lamination, UV Coating, VANISHING, Gold Foil Custom Order Accept Material Coated\/Kraft paper, soft touch paper, plastic, grey board, ribbon, etc [&hellip;]<\/p>\n","protected":false},"featured_media":31123,"template":"","meta":{"_seopress_robots_primary_cat":"none","_seopress_titles_title":"","_seopress_titles_desc":"","_seopress_robots_index":"","site-sidebar-layout":"default","site-content-layout":"","ast-site-content-layout":"default","site-content-style":"default","site-sidebar-style":"default","ast-global-header-display":"","ast-banner-title-visibility":"","ast-main-header-display":"","ast-hfb-above-header-display":"","ast-hfb-below-header-display":"","ast-hfb-mobile-header-display":"","site-post-title":"","ast-breadcrumbs-content":"","ast-featured-img":"","footer-sml-layout":"","ast-disable-related-posts":"","theme-transparent-header-meta":"default","adv-header-id-meta":"","stick-header-meta":"default","header-above-stick-meta":"","header-main-stick-meta":"","header-below-stick-meta":"","astra-migrate-meta-layouts":"set","ast-page-background-enabled":"default","ast-page-background-meta":{"desktop":{"background-color":"","background-image":"","background-repeat":"repeat","background-position":"center center","background-size":"auto","background-attachment":"scroll","background-type":"","background-media":"","overlay-type":"","overlay-color":"","overlay-opacity":"","overlay-gradient":""},"tablet":{"background-color":"","background-image":"","background-repeat":"repeat","background-position":"center center","background-size":"auto","background-attachment":"scroll","background-type":"","background-media":"","overlay-type":"","overlay-color":"","overlay-opacity":"","overlay-gradient":""},"mobile":{"background-color":"","background-image":"","background-repeat":"repeat","background-position":"center center","background-size":"auto","background-attachment":"scroll","background-type":"","background-media":"","overlay-type":"","overlay-color":"","overlay-opacity":"","overlay-gradient":""}},"ast-content-background-meta":{"desktop":{"background-color":"var(--ast-global-color-5)","background-image":"","background-repeat":"repeat","background-position":"center center","background-size":"auto","background-attachment":"scroll","background-type":"","background-media":"","overlay-type":"","overlay-color":"","overlay-opacity":"","overlay-gradient":""},"tablet":{"background-color":"var(--ast-global-color-5)","background-image":"","background-repeat":"repeat","background-position":"center center","background-size":"auto","background-attachment":"scroll","background-type":"","background-media":"","overlay-type":"","overlay-color":"","overlay-opacity":"","overlay-gradient":""},"mobile":{"background-color":"var(--ast-global-color-5)","background-image":"","background-repeat":"repeat","background-position":"center center","background-size":"auto","background-attachment":"scroll","background-type":"","background-media":"","overlay-type":"","overlay-color":"","overlay-opacity":"","overlay-gradient":""}}},"product_brand":[],"product_cat":[84],"product_tag":[],"class_list":{"0":"post-30861","1":"product","2":"type-product","3":"status-publish","4":"has-post-thumbnail","6":"product_cat-earring-box","7":"desktop-align-left","8":"tablet-align-left","9":"mobile-align-left","10":"ast-product-gallery-layout-horizontal","11":"ast-product-tabs-layout-horizontal","13":"first","14":"instock","15":"product-type-simple"},"_links":{"self":[{"href":"https:\/\/reanpackaging.com\/nl\/wp-json\/wp\/v2\/product\/30861","targetHints":{"allow":["GET"]}}],"collection":[{"href":"https:\/\/reanpackaging.com\/nl\/wp-json\/wp\/v2\/product"}],"about":[{"href":"https:\/\/reanpackaging.com\/nl\/wp-json\/wp\/v2\/types\/product"}],"wp:featuredmedia":[{"embeddable":true,"href":"https:\/\/reanpackaging.com\/nl\/wp-json\/wp\/v2\/media\/31123"}],"wp:attachment":[{"href":"https:\/\/reanpackaging.com\/nl\/wp-json\/wp\/v2\/media?parent=30861"}],"wp:term":[{"taxonomy":"product_brand","embeddable":true,"href":"https:\/\/reanpackaging.com\/nl\/wp-json\/wp\/v2\/product_brand?post=30861"},{"taxonomy":"product_cat","embeddable":true,"href":"https:\/\/reanpackaging.com\/nl\/wp-json\/wp\/v2\/product_cat?post=30861"},{"taxonomy":"product_tag","embeddable":true,"href":"https:\/\/reanpackaging.com\/nl\/wp-json\/wp\/v2\/product_tag?post=30861"}],"curies":[{"name":"wp","href":"https:\/\/api.w.org\/{rel}","templated":true}]}}