{"id":38992,"date":"2025-01-16T14:39:27","date_gmt":"2025-01-16T14:39:27","guid":{"rendered":"https:\/\/reanpackaging.com\/product\/new-cylinder-box-custom-elegant-rose-flower-packaging-gift-round-flower-box\/"},"modified":"2025-01-16T16:21:32","modified_gmt":"2025-01-16T16:21:32","slug":"new-cylinder-box-custom-elegant-rose-flower-packaging-gift-round-flower-box","status":"publish","type":"product","link":"https:\/\/reanpackaging.com\/nl\/product\/new-cylinder-box-custom-elegant-rose-flower-packaging-gift-round-flower-box\/","title":{"rendered":"Nieuwe cilinder doos aangepaste elegante roos bloem verpakking geschenk ronde bloem doos"},"content":{"rendered":"<h4>Branchespecifieke kenmerken<\/h4>\n<table border=\"1\">\n<tbody>\n<tr>\n<td><strong>Industrieel gebruik<\/strong><\/td>\n<td>Cadeau &amp; Handwerk<\/td>\n<\/tr>\n<tr>\n<td><strong>Papiersoort<\/strong><\/td>\n<td>Speciaal papier<\/td>\n<\/tr>\n<tr>\n<td><strong>Functie<\/strong><\/td>\n<td>Recycleerbaar<\/td>\n<\/tr>\n<tr>\n<td><strong>kastype<\/strong><\/td>\n<td>Harde dozen<\/td>\n<\/tr>\n<\/tbody>\n<\/table>\n<h4>Andere eigenschappen<\/h4>\n<table border=\"1\">\n<tbody>\n<tr>\n<td><strong>Vorm<\/strong><\/td>\n<td>Aangepast<\/td>\n<\/tr>\n<tr>\n<td><strong>Behandeling van afdrukken<\/strong><\/td>\n<td>Mat lamineren, vernissen, stempelen, reli\u00ebfdruk, glanzende laminering, UV-coating, VANISHING, goudfolie, diepdruk, getextureerd, GL\u0130TTER, lasersnijden, bronzing, UV-druk, zilverfolie, offsetdruk, reli\u00ebfdruk, flexodruk, zeefdruk, membranae tectoria, stansen, lamineren, koud stempelen, holografisch stempelen<\/td>\n<\/tr>\n<tr>\n<td><strong>Aangepaste bestelling<\/strong><\/td>\n<td>Accepteer<\/td>\n<\/tr>\n<tr>\n<td><strong>Logo afdrukken<\/strong><\/td>\n<td>Aangepast<\/td>\n<\/tr>\n<tr>\n<td><strong>Accessoires<\/strong><\/td>\n<td>Aangepast<\/td>\n<\/tr>\n<tr>\n<td><strong>Type voering<\/strong><\/td>\n<td>Aangepast<\/td>\n<\/tr>\n<tr>\n<td><strong>Naam product<\/strong><\/td>\n<td>Bloembakken voor boeketten<\/td>\n<\/tr>\n<tr>\n<td><strong>Groothandel<\/strong><\/td>\n<td>Fabriek<\/td>\n<\/tr>\n<tr>\n<td><strong>Certificaat<\/strong><\/td>\n<td>BSCI, CE, RoHS, ISO9001<\/td>\n<\/tr>\n<tr>\n<td><strong>OEM\/ODM<\/strong><\/td>\n<td>Aanvaardbaar<\/td>\n<\/tr>\n<tr>\n<td><strong>Stijl<\/strong><\/td>\n<td>Bloemenboeket cadeauverpakking<\/td>\n<\/tr>\n<tr>\n<td><strong>Vorm en grootte<\/strong><\/td>\n<td>Aangepast<\/td>\n<\/tr>\n<tr>\n<td><strong>Type<\/strong><\/td>\n<td>Beer Geschenkdoos Rond Boeket Doos Fluwelen Bloemenbezorgdoos<\/td>\n<\/tr>\n<tr>\n<td><strong>Materiaal<\/strong><\/td>\n<td>Kunstpapier, kraftpapier, gecoat papier, wit of grijs papier<\/td>\n<\/tr>\n<tr>\n<td><strong>Voorbeeld<\/strong><\/td>\n<td>Beschikbaar<\/td>\n<\/tr>\n<tr>\n<td><strong>Kleur<\/strong><\/td>\n<td>Aangepast<\/td>\n<\/tr>\n<\/tbody>\n<\/table>\n<p><img decoding=\"async\" class=\"detail-desc-decorate-image\" style=\"max-width: 100%; height: auto; display: block; margin: 0 auto;\" src=\"https:\/\/reanpackaging.com\/wp-content\/uploads\/2025\/01\/1-description-New-cylinder-box-custom-elegant-rose-flower-packaging-gift-round-flower-box.jpg\" \/><br \/>\n<img decoding=\"async\" class=\"detail-desc-decorate-image\" style=\"max-width: 100%; height: auto; display: block; margin: 0 auto;\" src=\"https:\/\/reanpackaging.com\/wp-content\/uploads\/2025\/01\/2-description-New-cylinder-box-custom-elegant-rose-flower-packaging-gift-round-flower-box.jpg\" \/><br \/>\n<img decoding=\"async\" class=\"detail-desc-decorate-image\" style=\"max-width: 100%; height: auto; display: block; margin: 0 auto;\" src=\"https:\/\/reanpackaging.com\/wp-content\/uploads\/2025\/01\/3-description-New-cylinder-box-custom-elegant-rose-flower-packaging-gift-round-flower-box.jpg\" \/><br \/>\n<img decoding=\"async\" class=\"detail-desc-decorate-image\" style=\"max-width: 100%; height: auto; display: block; margin: 0 auto;\" src=\"https:\/\/reanpackaging.com\/wp-content\/uploads\/2025\/01\/4-description-New-cylinder-box-custom-elegant-rose-flower-packaging-gift-round-flower-box.jpg\" \/><br \/>\n<img decoding=\"async\" class=\"detail-desc-decorate-image\" style=\"max-width: 100%; height: auto; display: block; margin: 0 auto;\" src=\"https:\/\/reanpackaging.com\/wp-content\/uploads\/2025\/01\/5-description-New-cylinder-box-custom-elegant-rose-flower-packaging-gift-round-flower-box.jpg\" \/><\/p>","protected":false},"excerpt":{"rendered":"<p>Industry-Specific Attributes Industrial Use Gift &amp; Craft Paper Type Specialty Paper Feature Recyclable box type Rigid Boxes Other Attributes Shape Customized Printing Handling Matt Lamination, Varnishing, Stamping, Embossing, Glossy Lamination, UV Coating, VANISHING, Gold Foil, Gravure printing, TEXTURED, GL\u0130TTER, LASER CUTTING, Bronzing, UV printing, silver foil, Offset printing, Embossing\/Debossing, Flexographic Printing, Silk screen printing, membranae [&hellip;]<\/p>\n","protected":false},"featured_media":38814,"template":"","meta":{"_seopress_robots_primary_cat":"none","_seopress_titles_title":"New cylinder box custom elegant rose flower packaging gift round flower box","_seopress_titles_desc":"","_seopress_robots_index":"","site-sidebar-layout":"default","site-content-layout":"","ast-site-content-layout":"default","site-content-style":"default","site-sidebar-style":"default","ast-global-header-display":"","ast-banner-title-visibility":"","ast-main-header-display":"","ast-hfb-above-header-display":"","ast-hfb-below-header-display":"","ast-hfb-mobile-header-display":"","site-post-title":"","ast-breadcrumbs-content":"","ast-featured-img":"","footer-sml-layout":"","ast-disable-related-posts":"","theme-transparent-header-meta":"default","adv-header-id-meta":"","stick-header-meta":"default","header-above-stick-meta":"","header-main-stick-meta":"","header-below-stick-meta":"","astra-migrate-meta-layouts":"set","ast-page-background-enabled":"default","ast-page-background-meta":{"desktop":{"background-color":"","background-image":"","background-repeat":"repeat","background-position":"center center","background-size":"auto","background-attachment":"scroll","background-type":"","background-media":"","overlay-type":"","overlay-color":"","overlay-opacity":"","overlay-gradient":""},"tablet":{"background-color":"","background-image":"","background-repeat":"repeat","background-position":"center center","background-size":"auto","background-attachment":"scroll","background-type":"","background-media":"","overlay-type":"","overlay-color":"","overlay-opacity":"","overlay-gradient":""},"mobile":{"background-color":"","background-image":"","background-repeat":"repeat","background-position":"center center","background-size":"auto","background-attachment":"scroll","background-type":"","background-media":"","overlay-type":"","overlay-color":"","overlay-opacity":"","overlay-gradient":""}},"ast-content-background-meta":{"desktop":{"background-color":"var(--ast-global-color-5)","background-image":"","background-repeat":"repeat","background-position":"center center","background-size":"auto","background-attachment":"scroll","background-type":"","background-media":"","overlay-type":"","overlay-color":"","overlay-opacity":"","overlay-gradient":""},"tablet":{"background-color":"var(--ast-global-color-5)","background-image":"","background-repeat":"repeat","background-position":"center center","background-size":"auto","background-attachment":"scroll","background-type":"","background-media":"","overlay-type":"","overlay-color":"","overlay-opacity":"","overlay-gradient":""},"mobile":{"background-color":"var(--ast-global-color-5)","background-image":"","background-repeat":"repeat","background-position":"center center","background-size":"auto","background-attachment":"scroll","background-type":"","background-media":"","overlay-type":"","overlay-color":"","overlay-opacity":"","overlay-gradient":""}}},"product_brand":[],"product_cat":[88],"product_tag":[],"class_list":{"0":"post-38992","1":"product","2":"type-product","3":"status-publish","4":"has-post-thumbnail","6":"product_cat-round-gift-boxes","7":"desktop-align-left","8":"tablet-align-left","9":"mobile-align-left","10":"ast-product-gallery-layout-horizontal","11":"ast-product-tabs-layout-horizontal","13":"first","14":"instock","15":"product-type-simple"},"_links":{"self":[{"href":"https:\/\/reanpackaging.com\/nl\/wp-json\/wp\/v2\/product\/38992","targetHints":{"allow":["GET"]}}],"collection":[{"href":"https:\/\/reanpackaging.com\/nl\/wp-json\/wp\/v2\/product"}],"about":[{"href":"https:\/\/reanpackaging.com\/nl\/wp-json\/wp\/v2\/types\/product"}],"wp:featuredmedia":[{"embeddable":true,"href":"https:\/\/reanpackaging.com\/nl\/wp-json\/wp\/v2\/media\/38814"}],"wp:attachment":[{"href":"https:\/\/reanpackaging.com\/nl\/wp-json\/wp\/v2\/media?parent=38992"}],"wp:term":[{"taxonomy":"product_brand","embeddable":true,"href":"https:\/\/reanpackaging.com\/nl\/wp-json\/wp\/v2\/product_brand?post=38992"},{"taxonomy":"product_cat","embeddable":true,"href":"https:\/\/reanpackaging.com\/nl\/wp-json\/wp\/v2\/product_cat?post=38992"},{"taxonomy":"product_tag","embeddable":true,"href":"https:\/\/reanpackaging.com\/nl\/wp-json\/wp\/v2\/product_tag?post=38992"}],"curies":[{"name":"wp","href":"https:\/\/api.w.org\/{rel}","templated":true}]}}