{"id":95400,"date":"2025-03-08T20:47:39","date_gmt":"2025-03-08T20:47:39","guid":{"rendered":"https:\/\/reanpackaging.com\/product\/brand-new-wine-bottle-shipping-boxes-wine-gift-box-packaging-custom-logo-wine-boxes\/"},"modified":"2025-03-08T20:47:55","modified_gmt":"2025-03-08T20:47:55","slug":"brand-new-wine-bottle-shipping-boxes-wine-gift-box-packaging-custom-logo-wine-boxes","status":"publish","type":"product","link":"https:\/\/reanpackaging.com\/nl\/product\/brand-new-wine-bottle-shipping-boxes-wine-gift-box-packaging-custom-logo-wine-boxes\/","title":{"rendered":"Gloednieuwe wijnfles verzenddozen wijn geschenkdoos verpakking aangepaste logo wijn dozen"},"content":{"rendered":"<h4>Branchespecifieke kenmerken<\/h4>\n<table border=\"1\">\n<tr>\n<td><strong>Industrieel gebruik<\/strong><\/td>\n<td>Cadeau &amp; Ambacht<\/td>\n<\/tr>\n<tr>\n<td><strong>Papiersoort<\/strong><\/td>\n<td>Goud- en zilverkarton<\/td>\n<\/tr>\n<tr>\n<td><strong>Functie<\/strong><\/td>\n<td>Handgemaakt<\/td>\n<\/tr>\n<tr>\n<td><strong>kastype<\/strong><\/td>\n<td>Harde dozen<\/td>\n<\/tr>\n<\/table>\n<h4>Andere eigenschappen<\/h4>\n<table border=\"1\">\n<tr>\n<td><strong>Vorm<\/strong><\/td>\n<td>Aangepaste Verschillende Vorm<\/td>\n<\/tr>\n<tr>\n<td><strong>Behandeling van afdrukken<\/strong><\/td>\n<td>Embossing<\/td>\n<\/tr>\n<tr>\n<td><strong>Aangepaste bestelling<\/strong><\/td>\n<td>Accepteer<\/td>\n<\/tr>\n<tr>\n<td><strong>oppervlaktevaartuig<\/strong><\/td>\n<td>reli\u00ebfsculptuur+mat proc\u00e9d\u00e9<\/td>\n<\/tr>\n<tr>\n<td><strong>Materiaal<\/strong><\/td>\n<td>1200gGrijs karton+182gs zilver karton<\/td>\n<\/tr>\n<tr>\n<td><strong>Gebruik<\/strong><\/td>\n<td>wijn<\/td>\n<\/tr>\n<tr>\n<td><strong>Industrieel gebruik<\/strong><\/td>\n<td>Cadeau<\/td>\n<\/tr>\n<tr>\n<td><strong>Gebruik<\/strong><\/td>\n<td>Verpakkingsartikelen<\/td>\n<\/tr>\n<tr>\n<td><strong>Naam product<\/strong><\/td>\n<td>Afdrukpapier Doos<\/td>\n<\/tr>\n<tr>\n<td><strong>Maat<\/strong><\/td>\n<td>Aangepaste maat geaccepteerd<\/td>\n<\/tr>\n<tr>\n<td><strong>Kleur<\/strong><\/td>\n<td>Aangepaste kleur<\/td>\n<\/tr>\n<tr>\n<td><strong>Logo<\/strong><\/td>\n<td>Logo van de klant<\/td>\n<\/tr>\n<tr>\n<td><strong>MOQ<\/strong><\/td>\n<td>500 stuks<\/td>\n<\/tr>\n<\/table>","protected":false},"excerpt":{"rendered":"<p>Industry-Specific Attributes Industrial Use Gift &#038; Craft Paper Type Gold and silver cardboard Feature Handmade box type Rigid Boxes Other Attributes Shape Customized Different Shape Printing Handling Embossing Custom Order Accept surface craft relief sculpture+Matte process Material 1200gGrey board+182gsilver cardboard Use wine Industrial Use Gift Usage Packaging Items Product name Printing Paper Box Size Custom [&hellip;]<\/p>\n","protected":false},"featured_media":94893,"template":"","meta":{"_seopress_robots_primary_cat":"","_seopress_titles_title":"","_seopress_titles_desc":"","_seopress_robots_index":"","site-sidebar-layout":"default","site-content-layout":"","ast-site-content-layout":"default","site-content-style":"default","site-sidebar-style":"default","ast-global-header-display":"","ast-banner-title-visibility":"","ast-main-header-display":"","ast-hfb-above-header-display":"","ast-hfb-below-header-display":"","ast-hfb-mobile-header-display":"","site-post-title":"","ast-breadcrumbs-content":"","ast-featured-img":"","footer-sml-layout":"","ast-disable-related-posts":"","theme-transparent-header-meta":"","adv-header-id-meta":"","stick-header-meta":"","header-above-stick-meta":"","header-main-stick-meta":"","header-below-stick-meta":"","astra-migrate-meta-layouts":"default","ast-page-background-enabled":"default","ast-page-background-meta":{"desktop":{"background-color":"","background-image":"","background-repeat":"repeat","background-position":"center center","background-size":"auto","background-attachment":"scroll","background-type":"","background-media":"","overlay-type":"","overlay-color":"","overlay-opacity":"","overlay-gradient":""},"tablet":{"background-color":"","background-image":"","background-repeat":"repeat","background-position":"center center","background-size":"auto","background-attachment":"scroll","background-type":"","background-media":"","overlay-type":"","overlay-color":"","overlay-opacity":"","overlay-gradient":""},"mobile":{"background-color":"","background-image":"","background-repeat":"repeat","background-position":"center center","background-size":"auto","background-attachment":"scroll","background-type":"","background-media":"","overlay-type":"","overlay-color":"","overlay-opacity":"","overlay-gradient":""}},"ast-content-background-meta":{"desktop":{"background-color":"var(--ast-global-color-5)","background-image":"","background-repeat":"repeat","background-position":"center center","background-size":"auto","background-attachment":"scroll","background-type":"","background-media":"","overlay-type":"","overlay-color":"","overlay-opacity":"","overlay-gradient":""},"tablet":{"background-color":"var(--ast-global-color-5)","background-image":"","background-repeat":"repeat","background-position":"center center","background-size":"auto","background-attachment":"scroll","background-type":"","background-media":"","overlay-type":"","overlay-color":"","overlay-opacity":"","overlay-gradient":""},"mobile":{"background-color":"var(--ast-global-color-5)","background-image":"","background-repeat":"repeat","background-position":"center center","background-size":"auto","background-attachment":"scroll","background-type":"","background-media":"","overlay-type":"","overlay-color":"","overlay-opacity":"","overlay-gradient":""}}},"product_brand":[],"product_cat":[95],"product_tag":[],"class_list":{"0":"post-95400","1":"product","2":"type-product","3":"status-publish","4":"has-post-thumbnail","6":"product_cat-wine-box","7":"desktop-align-left","8":"tablet-align-left","9":"mobile-align-left","10":"ast-product-gallery-layout-horizontal","11":"ast-product-tabs-layout-horizontal","13":"first","14":"instock","15":"product-type-simple"},"_links":{"self":[{"href":"https:\/\/reanpackaging.com\/nl\/wp-json\/wp\/v2\/product\/95400","targetHints":{"allow":["GET"]}}],"collection":[{"href":"https:\/\/reanpackaging.com\/nl\/wp-json\/wp\/v2\/product"}],"about":[{"href":"https:\/\/reanpackaging.com\/nl\/wp-json\/wp\/v2\/types\/product"}],"wp:featuredmedia":[{"embeddable":true,"href":"https:\/\/reanpackaging.com\/nl\/wp-json\/wp\/v2\/media\/94893"}],"wp:attachment":[{"href":"https:\/\/reanpackaging.com\/nl\/wp-json\/wp\/v2\/media?parent=95400"}],"wp:term":[{"taxonomy":"product_brand","embeddable":true,"href":"https:\/\/reanpackaging.com\/nl\/wp-json\/wp\/v2\/product_brand?post=95400"},{"taxonomy":"product_cat","embeddable":true,"href":"https:\/\/reanpackaging.com\/nl\/wp-json\/wp\/v2\/product_cat?post=95400"},{"taxonomy":"product_tag","embeddable":true,"href":"https:\/\/reanpackaging.com\/nl\/wp-json\/wp\/v2\/product_tag?post=95400"}],"curies":[{"name":"wp","href":"https:\/\/api.w.org\/{rel}","templated":true}]}}