{"id":12508,"date":"2023-10-14T17:09:02","date_gmt":"2023-10-14T17:09:02","guid":{"rendered":"http:\/\/ibn.wyd.mybluehost.me\/reanpackaging.com\/product\/luxury-style-cosmetic-slide-out-type-paper-box-cardboard-rigid-candy-drawer-candle-jewelry-gift-box-with-pull-out-ribbon-handle\/"},"modified":"2024-07-30T07:08:42","modified_gmt":"2024-07-30T07:08:42","slug":"luxury-style-cosmetic-slide-out-type-paper-box-cardboard-rigid-candy-drawer-candle-jewelry-gift-box-with-pull-out-ribbon-handle","status":"publish","type":"product","link":"https:\/\/reanpackaging.com\/pl\/produkt\/luksusowy-styl-kosmetyczne-wysuwane-pudelko-papierowe-kartonowe-sztywne-szuflada-na-cukierki-swieca-bizuteria-pudelko-upominkowe-z-wyciaganym-uchwytem-wstazki\/","title":{"rendered":"Luksusowy styl Kosmetyczne wysuwane pude\u0142ko papierowe Tektura Sztywna szuflada na cukierki \u015awieca Bi\u017cuteria Pude\u0142ko na prezenty Z wyci\u0105ganym uchwytem ze wst\u0105\u017cki"},"content":{"rendered":"<h4>Atrybuty specyficzne dla bran\u017cy<\/h4>\n<table border=\"1\">\n<tr>\n<td><strong>Zastosowanie przemys\u0142owe<\/strong><\/td>\n<td>opakowania na prezenty<\/td>\n<\/tr>\n<tr>\n<td><strong>Rodzaj papieru<\/strong><\/td>\n<td>Papier specjalny<\/td>\n<\/tr>\n<tr>\n<td><strong>Cecha<\/strong><\/td>\n<td>Nadaje si\u0119 do recyklingu<\/td>\n<\/tr>\n<\/table>\n<h4>Inne atrybuty<\/h4>\n<table border=\"1\">\n<tr>\n<td><strong>Obs\u0142uga drukowania<\/strong><\/td>\n<td>Laminowanie matowe, lakierowanie, t\u0142oczenie, wyt\u0142aczanie, laminowanie b\u0142yszcz\u0105ce, powlekanie UV, VANISHING, z\u0142ota folia<\/td>\n<\/tr>\n<tr>\n<td><strong>Zam\u00f3wienie niestandardowe<\/strong><\/td>\n<td>Akceptuj<\/td>\n<\/tr>\n<tr>\n<td><strong>Kszta\u0142t<\/strong><\/td>\n<td>Kwadratowe lub niestandardowe<\/td>\n<\/tr>\n<tr>\n<td><strong>Materia\u0142<\/strong><\/td>\n<td>Papier specjalny<\/td>\n<\/tr>\n<tr>\n<td><strong>Zam\u00f3wienie niestandardowe<\/strong><\/td>\n<td>Akceptuj<\/td>\n<\/tr>\n<tr>\n<td><strong>Szczeg\u00f3\u0142y opakowania<\/strong><\/td>\n<td>ka\u017cdy w OPP, a nast\u0119pnie umieszczony w mocnym kartonie eksportowym<\/td>\n<\/tr>\n<tr>\n<td><strong>Szczeg\u00f3\u0142y dostawy<\/strong><\/td>\n<td>10 ~ 15 dni po potwierdzeniu zam\u00f3wienia<\/td>\n<\/tr>\n<tr>\n<td><strong>Rozmiar<\/strong><\/td>\n<td>wymagania klient\u00f3w<\/td>\n<\/tr>\n<tr>\n<td><strong>port<\/strong><\/td>\n<td>ShenZhen<\/td>\n<\/tr>\n<tr>\n<td><strong>nazwa produktu<\/strong><\/td>\n<td>Pude\u0142ka papierowe typu Out Tektura Sztywna Szuflada na cukierki Pude\u0142ko na prezenty<\/td>\n<\/tr>\n<\/table>\n<p><img decoding=\"async\" class=\"detail-desc-decorate-image\" src=\"http:\/\/ibn.wyd.mybluehost.me\/reanpackaging.com\/wp-content\/uploads\/2023\/10\/10-description-Luxury-Style-Cosmetic-Slide-Out-Type-Paper-Box-Cardboard-Rigid-Candy-Drawer-Candle-Jewelry-Gift-Box-With-Pull-Out-Ribbon-Handle.jpg\" slate-data-type=\"image\" style=\"max-width: 100%; height: auto; display: block; margin: 0 auto;\"><br \/>\n<img decoding=\"async\" class=\"detail-desc-decorate-image\" src=\"http:\/\/ibn.wyd.mybluehost.me\/reanpackaging.com\/wp-content\/uploads\/2023\/10\/11-description-Luxury-Style-Cosmetic-Slide-Out-Type-Paper-Box-Cardboard-Rigid-Candy-Drawer-Candle-Jewelry-Gift-Box-With-Pull-Out-Ribbon-Handle.jpg\" slate-data-type=\"image\" style=\"max-width: 100%; height: auto; display: block; margin: 0 auto;\"><br \/>\n<img decoding=\"async\" class=\"detail-desc-decorate-image\" src=\"http:\/\/ibn.wyd.mybluehost.me\/reanpackaging.com\/wp-content\/uploads\/2023\/10\/12-description-Luxury-Style-Cosmetic-Slide-Out-Type-Paper-Box-Cardboard-Rigid-Candy-Drawer-Candle-Jewelry-Gift-Box-With-Pull-Out-Ribbon-Handle.jpg\" slate-data-type=\"image\" style=\"max-width: 100%; height: auto; display: block; margin: 0 auto;\"><br \/>\n<img decoding=\"async\" class=\"detail-desc-decorate-image\" src=\"http:\/\/ibn.wyd.mybluehost.me\/reanpackaging.com\/wp-content\/uploads\/2023\/10\/7-description-Luxury-Style-Cosmetic-Slide-Out-Type-Paper-Box-Cardboard-Rigid-Candy-Drawer-Candle-Jewelry-Gift-Box-With-Pull-Out-Ribbon-Handle.jpg\" slate-data-type=\"image\" style=\"max-width: 100%; height: auto; display: block; margin: 0 auto;\"><br \/>\n<img decoding=\"async\" class=\"detail-desc-decorate-image\" src=\"http:\/\/ibn.wyd.mybluehost.me\/reanpackaging.com\/wp-content\/uploads\/2023\/10\/8-description-Luxury-Style-Cosmetic-Slide-Out-Type-Paper-Box-Cardboard-Rigid-Candy-Drawer-Candle-Jewelry-Gift-Box-With-Pull-Out-Ribbon-Handle.jpg\" slate-data-type=\"image\" style=\"max-width: 100%; height: auto; display: block; margin: 0 auto;\"><br \/>\n<img decoding=\"async\" class=\"detail-desc-decorate-image\" src=\"http:\/\/ibn.wyd.mybluehost.me\/reanpackaging.com\/wp-content\/uploads\/2023\/10\/9-description-Luxury-Style-Cosmetic-Slide-Out-Type-Paper-Box-Cardboard-Rigid-Candy-Drawer-Candle-Jewelry-Gift-Box-With-Pull-Out-Ribbon-Handle.jpg\" slate-data-type=\"image\" style=\"max-width: 100%; height: auto; display: block; margin: 0 auto;\"><\/p>","protected":false},"excerpt":{"rendered":"<p>Industry-Specific Attributes Industrial Use gift packaging Paper Type Specialty Paper Feature Recyclable Other Attributes Printing Handling Matt Lamination, Varnishing, Stamping, Embossing, Glossy Lamination, UV Coating, VANISHING, Gold Foil Custom Order Accept Shape Square or custom Material Specialty paper Custom Order Accept Packaging Detail each in OPP and then put in strong export carton Delivery Detail [&hellip;]<\/p>\n","protected":false},"featured_media":12452,"template":"","meta":{"_seopress_robots_primary_cat":"none","_seopress_titles_title":"","_seopress_titles_desc":"","_seopress_robots_index":"","site-sidebar-layout":"default","site-content-layout":"","ast-site-content-layout":"default","site-content-style":"default","site-sidebar-style":"default","ast-global-header-display":"","ast-banner-title-visibility":"","ast-main-header-display":"","ast-hfb-above-header-display":"","ast-hfb-below-header-display":"","ast-hfb-mobile-header-display":"","site-post-title":"","ast-breadcrumbs-content":"","ast-featured-img":"","footer-sml-layout":"","ast-disable-related-posts":"","theme-transparent-header-meta":"default","adv-header-id-meta":"","stick-header-meta":"default","header-above-stick-meta":"","header-main-stick-meta":"","header-below-stick-meta":"","astra-migrate-meta-layouts":"set","ast-page-background-enabled":"default","ast-page-background-meta":{"desktop":{"background-color":"","background-image":"","background-repeat":"repeat","background-position":"center center","background-size":"auto","background-attachment":"scroll","background-type":"","background-media":"","overlay-type":"","overlay-color":"","overlay-opacity":"","overlay-gradient":""},"tablet":{"background-color":"","background-image":"","background-repeat":"repeat","background-position":"center center","background-size":"auto","background-attachment":"scroll","background-type":"","background-media":"","overlay-type":"","overlay-color":"","overlay-opacity":"","overlay-gradient":""},"mobile":{"background-color":"","background-image":"","background-repeat":"repeat","background-position":"center center","background-size":"auto","background-attachment":"scroll","background-type":"","background-media":"","overlay-type":"","overlay-color":"","overlay-opacity":"","overlay-gradient":""}},"ast-content-background-meta":{"desktop":{"background-color":"var(--ast-global-color-5)","background-image":"","background-repeat":"repeat","background-position":"center center","background-size":"auto","background-attachment":"scroll","background-type":"","background-media":"","overlay-type":"","overlay-color":"","overlay-opacity":"","overlay-gradient":""},"tablet":{"background-color":"var(--ast-global-color-5)","background-image":"","background-repeat":"repeat","background-position":"center center","background-size":"auto","background-attachment":"scroll","background-type":"","background-media":"","overlay-type":"","overlay-color":"","overlay-opacity":"","overlay-gradient":""},"mobile":{"background-color":"var(--ast-global-color-5)","background-image":"","background-repeat":"repeat","background-position":"center center","background-size":"auto","background-attachment":"scroll","background-type":"","background-media":"","overlay-type":"","overlay-color":"","overlay-opacity":"","overlay-gradient":""}}},"product_brand":[],"product_cat":[39],"product_tag":[],"class_list":{"0":"post-12508","1":"product","2":"type-product","3":"status-publish","4":"has-post-thumbnail","6":"product_cat-gift-boxes","7":"desktop-align-left","8":"tablet-align-left","9":"mobile-align-left","10":"ast-product-gallery-layout-horizontal","11":"ast-product-tabs-layout-horizontal","13":"first","14":"instock","15":"product-type-simple"},"_links":{"self":[{"href":"https:\/\/reanpackaging.com\/pl\/wp-json\/wp\/v2\/product\/12508","targetHints":{"allow":["GET"]}}],"collection":[{"href":"https:\/\/reanpackaging.com\/pl\/wp-json\/wp\/v2\/product"}],"about":[{"href":"https:\/\/reanpackaging.com\/pl\/wp-json\/wp\/v2\/types\/product"}],"wp:featuredmedia":[{"embeddable":true,"href":"https:\/\/reanpackaging.com\/pl\/wp-json\/wp\/v2\/media\/12452"}],"wp:attachment":[{"href":"https:\/\/reanpackaging.com\/pl\/wp-json\/wp\/v2\/media?parent=12508"}],"wp:term":[{"taxonomy":"product_brand","embeddable":true,"href":"https:\/\/reanpackaging.com\/pl\/wp-json\/wp\/v2\/product_brand?post=12508"},{"taxonomy":"product_cat","embeddable":true,"href":"https:\/\/reanpackaging.com\/pl\/wp-json\/wp\/v2\/product_cat?post=12508"},{"taxonomy":"product_tag","embeddable":true,"href":"https:\/\/reanpackaging.com\/pl\/wp-json\/wp\/v2\/product_tag?post=12508"}],"curies":[{"name":"wp","href":"https:\/\/api.w.org\/{rel}","templated":true}]}}