{"id":12752,"date":"2023-10-14T17:57:49","date_gmt":"2023-10-14T17:57:49","guid":{"rendered":"http:\/\/ibn.wyd.mybluehost.me\/reanpackaging.com\/product\/free-design-cajas-mailing-carton-custom-paper-box-gift-shipping-boxes-custom-logo-cardboard-packaging-mailer-corrugated-box\/"},"modified":"2024-10-01T16:41:40","modified_gmt":"2024-10-01T16:41:40","slug":"free-design-cajas-mailing-carton-custom-paper-box-gift-shipping-boxes-custom-logo-cardboard-packaging-mailer-corrugated-box","status":"publish","type":"product","link":"https:\/\/reanpackaging.com\/pl\/produkt\/free-design-cajas-mailing-carton-custom-paper-box-gift-shipping-boxes-custom-logo-cardboard-packaging-mailer-corrugated-box\/","title":{"rendered":"Bezp\u0142atny projekt Cajas Mailing Carton Niestandardowe pude\u0142ko papierowe Prezent Pude\u0142ka wysy\u0142kowe Niestandardowe logo Opakowanie kartonowe Mailer Pude\u0142ko z tektury falistej"},"content":{"rendered":"<h4>Atrybuty specyficzne dla bran\u017cy<\/h4>\n<table border=\"1\">\n<tr>\n<td><strong>Zastosowanie przemys\u0142owe<\/strong><\/td>\n<td>Produkty gospodarstwa domowego<\/td>\n<\/tr>\n<tr>\n<td><strong>Rodzaj papieru<\/strong><\/td>\n<td>Tektura<\/td>\n<\/tr>\n<tr>\n<td><strong>Cecha<\/strong><\/td>\n<td>Nadaje si\u0119 do recyklingu<\/td>\n<\/tr>\n<\/table>\n<h4>Inne atrybuty<\/h4>\n<table border=\"1\">\n<tr>\n<td><strong>Typ pude\u0142ka<\/strong><\/td>\n<td>Foldery<\/td>\n<\/tr>\n<tr>\n<td><strong>Obs\u0142uga drukowania<\/strong><\/td>\n<td>Wyt\u0142aczanie<\/td>\n<\/tr>\n<tr>\n<td><strong>Zam\u00f3wienie niestandardowe<\/strong><\/td>\n<td>Akceptuj<\/td>\n<\/tr>\n<tr>\n<td><strong>Kszta\u0142t<\/strong><\/td>\n<td>Kwadrat<\/td>\n<\/tr>\n<tr>\n<td><strong>Nazwa<\/strong><\/td>\n<td>Niestandardowa przesy\u0142ka z logo Pude\u0142ko z tektury falistej<\/td>\n<\/tr>\n<tr>\n<td><strong>S\u0142owo kluczowe<\/strong><\/td>\n<td>Pude\u0142ko z tektury falistej<\/td>\n<\/tr>\n<tr>\n<td><strong>U\u017cycie<\/strong><\/td>\n<td>Pakowanie przedmiot\u00f3w<\/td>\n<\/tr>\n<tr>\n<td><strong>Rozmiar<\/strong><\/td>\n<td>Zgodnie z wymaganiami<\/td>\n<\/tr>\n<tr>\n<td><strong>Grubo\u015b\u0107<\/strong><\/td>\n<td>Zgodnie z wymaganiami<\/td>\n<\/tr>\n<tr>\n<td><strong>Logo<\/strong><\/td>\n<td>Dopuszczalne niestandardowe logo<\/td>\n<\/tr>\n<tr>\n<td><strong>Drukowanie<\/strong><\/td>\n<td>4C Printing<\/td>\n<\/tr>\n<tr>\n<td><strong>Typ<\/strong><\/td>\n<td>Drukowanie pude\u0142ek papierowych<\/td>\n<\/tr>\n<tr>\n<td><strong>Ilo\u015b\u0107<\/strong><\/td>\n<td>Dopuszczalne ma\u0142e zam\u00f3wienie<\/td>\n<\/tr>\n<tr>\n<td><strong>Czas dostawy<\/strong><\/td>\n<td>13-15 dni (pilne zam\u00f3wienie 11-12 dni)<\/td>\n<\/tr>\n<\/table>","protected":false},"excerpt":{"rendered":"<p>Industry-Specific Attributes Industrial Use Household Products Paper Type Paperboard Feature Recyclable Other Attributes Box Type Folders Printing Handling Embossing Custom Order Accept Shape Square Name Custom Logo mailer Shipping Corrugated Paper Box Keyword Corrugated Paper Box Usage Packing Items Size As per requirements Thickness As per requirements Logo Customized Logo Acceptable Printing 4C Printing Type [&hellip;]<\/p>\n","protected":false},"featured_media":12678,"template":"","meta":{"_seopress_robots_primary_cat":"none","_seopress_titles_title":"","_seopress_titles_desc":"","_seopress_robots_index":"","site-sidebar-layout":"default","site-content-layout":"","ast-site-content-layout":"default","site-content-style":"default","site-sidebar-style":"default","ast-global-header-display":"","ast-banner-title-visibility":"","ast-main-header-display":"","ast-hfb-above-header-display":"","ast-hfb-below-header-display":"","ast-hfb-mobile-header-display":"","site-post-title":"","ast-breadcrumbs-content":"","ast-featured-img":"","footer-sml-layout":"","ast-disable-related-posts":"","theme-transparent-header-meta":"default","adv-header-id-meta":"","stick-header-meta":"default","header-above-stick-meta":"","header-main-stick-meta":"","header-below-stick-meta":"","astra-migrate-meta-layouts":"set","ast-page-background-enabled":"default","ast-page-background-meta":{"desktop":{"background-color":"","background-image":"","background-repeat":"repeat","background-position":"center center","background-size":"auto","background-attachment":"scroll","background-type":"","background-media":"","overlay-type":"","overlay-color":"","overlay-opacity":"","overlay-gradient":""},"tablet":{"background-color":"","background-image":"","background-repeat":"repeat","background-position":"center center","background-size":"auto","background-attachment":"scroll","background-type":"","background-media":"","overlay-type":"","overlay-color":"","overlay-opacity":"","overlay-gradient":""},"mobile":{"background-color":"","background-image":"","background-repeat":"repeat","background-position":"center center","background-size":"auto","background-attachment":"scroll","background-type":"","background-media":"","overlay-type":"","overlay-color":"","overlay-opacity":"","overlay-gradient":""}},"ast-content-background-meta":{"desktop":{"background-color":"var(--ast-global-color-5)","background-image":"","background-repeat":"repeat","background-position":"center center","background-size":"auto","background-attachment":"scroll","background-type":"","background-media":"","overlay-type":"","overlay-color":"","overlay-opacity":"","overlay-gradient":""},"tablet":{"background-color":"var(--ast-global-color-5)","background-image":"","background-repeat":"repeat","background-position":"center center","background-size":"auto","background-attachment":"scroll","background-type":"","background-media":"","overlay-type":"","overlay-color":"","overlay-opacity":"","overlay-gradient":""},"mobile":{"background-color":"var(--ast-global-color-5)","background-image":"","background-repeat":"repeat","background-position":"center center","background-size":"auto","background-attachment":"scroll","background-type":"","background-media":"","overlay-type":"","overlay-color":"","overlay-opacity":"","overlay-gradient":""}}},"product_brand":[],"product_cat":[29,48,51],"product_tag":[],"class_list":{"0":"post-12752","1":"product","2":"type-product","3":"status-publish","4":"has-post-thumbnail","6":"product_cat-packaging-boxes","7":"product_cat-shipping-boxes","8":"product_cat-shipping-supplies","9":"desktop-align-left","10":"tablet-align-left","11":"mobile-align-left","12":"ast-product-gallery-layout-horizontal","13":"ast-product-tabs-layout-horizontal","15":"first","16":"instock","17":"purchasable","18":"product-type-simple"},"_links":{"self":[{"href":"https:\/\/reanpackaging.com\/pl\/wp-json\/wp\/v2\/product\/12752","targetHints":{"allow":["GET"]}}],"collection":[{"href":"https:\/\/reanpackaging.com\/pl\/wp-json\/wp\/v2\/product"}],"about":[{"href":"https:\/\/reanpackaging.com\/pl\/wp-json\/wp\/v2\/types\/product"}],"wp:featuredmedia":[{"embeddable":true,"href":"https:\/\/reanpackaging.com\/pl\/wp-json\/wp\/v2\/media\/12678"}],"wp:attachment":[{"href":"https:\/\/reanpackaging.com\/pl\/wp-json\/wp\/v2\/media?parent=12752"}],"wp:term":[{"taxonomy":"product_brand","embeddable":true,"href":"https:\/\/reanpackaging.com\/pl\/wp-json\/wp\/v2\/product_brand?post=12752"},{"taxonomy":"product_cat","embeddable":true,"href":"https:\/\/reanpackaging.com\/pl\/wp-json\/wp\/v2\/product_cat?post=12752"},{"taxonomy":"product_tag","embeddable":true,"href":"https:\/\/reanpackaging.com\/pl\/wp-json\/wp\/v2\/product_tag?post=12752"}],"curies":[{"name":"wp","href":"https:\/\/api.w.org\/{rel}","templated":true}]}}