{"id":13143,"date":"2023-10-22T02:01:56","date_gmt":"2023-10-22T02:01:56","guid":{"rendered":"http:\/\/ibn.wyd.mybluehost.me\/reanpackaging.com\/product\/oem-wholesale-custom-packaging-plastic-bags-teal-green-poly-bubble-mailer-envelope-free-sample-mailing-bag-for-clothing-shipping\/"},"modified":"2024-07-30T07:00:56","modified_gmt":"2024-07-30T07:00:56","slug":"oem-wholesale-custom-packaging-plastic-bags-teal-green-poly-bubble-mailer-envelope-free-sample-mailing-bag-for-clothing-shipping","status":"publish","type":"product","link":"https:\/\/reanpackaging.com\/pl\/produkt\/oem-wholesale-custom-packaging-plastic-bags-teal-green-poly-bubble-mailer-envelope-free-sample-mailing-bag-for-clothing-shipping\/","title":{"rendered":"Oem Hurtownia niestandardowych opakowa\u0144 Plastikowe torby Teal Green Poly Bubble Mailer Koperta Bezp\u0142atna pr\u00f3bka Torba pocztowa do wysy\u0142ki odzie\u017cy"},"content":{"rendered":"<h4>Atrybuty specyficzne dla bran\u017cy<\/h4>\n<table border=\"1\">\n<tr>\n<td><strong>Materia\u0142<\/strong><\/td>\n<td>POLY BUBBLE<\/td>\n<\/tr>\n<\/table>\n<h4>Inne atrybuty<\/h4>\n<table border=\"1\">\n<tr>\n<td><strong>Zastosowanie przemys\u0142owe<\/strong><\/td>\n<td>Pakowanie i wysy\u0142ka<\/td>\n<\/tr>\n<tr>\n<td><strong>Projektowanie\/drukowanie<\/strong><\/td>\n<td>Niestandardowy projekt \/ druk wkl\u0119s\u0142y (r\u00f3\u017cne kolory MAX)<\/td>\n<\/tr>\n<tr>\n<td><strong>Kolor<\/strong><\/td>\n<td>r\u00f3\u017cowy, \u017c\u00f3\u0142ty, niebieski, fioletowy, zielony, czerwony, czarny....<\/td>\n<\/tr>\n<tr>\n<td><strong>Styl<\/strong><\/td>\n<td>Wytrzyma\u0142a torba, Mi\u0119kka torba<\/td>\n<\/tr>\n<tr>\n<td><strong>Cecha<\/strong><\/td>\n<td>Wodoodporny, przyjazny dla \u015brodowiska, nietoksyczny<\/td>\n<\/tr>\n<tr>\n<td><strong>Grubo\u015b\u0107<\/strong><\/td>\n<td>2.3mil\/2.5mil\/3mil\/50-200microns\/niestandardowe<\/td>\n<\/tr>\n<tr>\n<td><strong>Przyk\u0142adowa polityka<\/strong><\/td>\n<td>Dostosuj pr\u00f3bk\u0119 za darmo<\/td>\n<\/tr>\n<tr>\n<td><strong>Zamkni\u0119cie \/ uszczelnienie kraw\u0119dzi<\/strong><\/td>\n<td>Odklej i zaklej \/ Dwie strony<\/td>\n<\/tr>\n<tr>\n<td><strong>Materia\u0142<\/strong><\/td>\n<td>Folia polib\u0105belkowa, Kraft, materia\u0142 ro\u015blinny, HDPE\/LDPE\/folia wsp\u00f3\u0142wyt\u0142aczana<\/td>\n<\/tr>\n<tr>\n<td><strong>Certyfikaty<\/strong><\/td>\n<td>ISO, ROHS itp<\/td>\n<\/tr>\n<tr>\n<td><strong>Trwa\u0142o\u015b\u0107<\/strong><\/td>\n<td>12 kg lub wi\u0119cej<\/td>\n<\/tr>\n<\/table>\n<p><img decoding=\"async\" class=\"detail-desc-decorate-image\" src=\"http:\/\/ibn.wyd.mybluehost.me\/reanpackaging.com\/wp-content\/uploads\/2023\/10\/3-description-Oem-Wholesale-Custom-Packaging-Plastic-Bags-Teal-Green-Poly-Bubble-Mailer-Envelope-Free-Sample-Mailing-Bag-For-Clothing-Shipping.jpg\" slate-data-type=\"image\" style=\"max-width: 100%; height: auto; display: block; margin: 0 auto;\"><br \/>\n<img decoding=\"async\" class=\"detail-desc-decorate-image\" src=\"http:\/\/ibn.wyd.mybluehost.me\/reanpackaging.com\/wp-content\/uploads\/2023\/10\/4-description-Oem-Wholesale-Custom-Packaging-Plastic-Bags-Teal-Green-Poly-Bubble-Mailer-Envelope-Free-Sample-Mailing-Bag-For-Clothing-Shipping.jpg\" slate-data-type=\"image\" style=\"max-width: 100%; height: auto; display: block; margin: 0 auto;\"><br \/>\n<img decoding=\"async\" class=\"detail-desc-decorate-image\" src=\"http:\/\/ibn.wyd.mybluehost.me\/reanpackaging.com\/wp-content\/uploads\/2023\/10\/5-description-Oem-Wholesale-Custom-Packaging-Plastic-Bags-Teal-Green-Poly-Bubble-Mailer-Envelope-Free-Sample-Mailing-Bag-For-Clothing-Shipping.jpg\" slate-data-type=\"image\" style=\"max-width: 100%; height: auto; display: block; margin: 0 auto;\"><\/p>","protected":false},"excerpt":{"rendered":"<p>Industry-Specific Attributes Material POLY BUBBLE Other Attributes Industrial Use Package &#038; Mailing Design\/Printing Custom Design \/ Gravure Printing(Various Colors MAX) Color pink,yellow,blue,purple,green,red,black.. Style Tough bag, Soft bag Feature Waterproof, Eco-friendly, Non-toxic Thickness 2.3mil\/2.5mil\/3mil\/50-200microns\/Customized Sample Policy Customize Sample For Free Closure \/ Edge seal Peel and seal \/ Two sides Material Poly Bubble, Kraft, Plant Based [&hellip;]<\/p>\n","protected":false},"featured_media":13089,"template":"","meta":{"_seopress_robots_primary_cat":"none","_seopress_titles_title":"","_seopress_titles_desc":"","_seopress_robots_index":"","site-sidebar-layout":"default","site-content-layout":"","ast-site-content-layout":"default","site-content-style":"default","site-sidebar-style":"default","ast-global-header-display":"","ast-banner-title-visibility":"","ast-main-header-display":"","ast-hfb-above-header-display":"","ast-hfb-below-header-display":"","ast-hfb-mobile-header-display":"","site-post-title":"","ast-breadcrumbs-content":"","ast-featured-img":"","footer-sml-layout":"","ast-disable-related-posts":"","theme-transparent-header-meta":"default","adv-header-id-meta":"","stick-header-meta":"default","header-above-stick-meta":"","header-main-stick-meta":"","header-below-stick-meta":"","astra-migrate-meta-layouts":"set","ast-page-background-enabled":"default","ast-page-background-meta":{"desktop":{"background-color":"","background-image":"","background-repeat":"repeat","background-position":"center center","background-size":"auto","background-attachment":"scroll","background-type":"","background-media":"","overlay-type":"","overlay-color":"","overlay-opacity":"","overlay-gradient":""},"tablet":{"background-color":"","background-image":"","background-repeat":"repeat","background-position":"center center","background-size":"auto","background-attachment":"scroll","background-type":"","background-media":"","overlay-type":"","overlay-color":"","overlay-opacity":"","overlay-gradient":""},"mobile":{"background-color":"","background-image":"","background-repeat":"repeat","background-position":"center center","background-size":"auto","background-attachment":"scroll","background-type":"","background-media":"","overlay-type":"","overlay-color":"","overlay-opacity":"","overlay-gradient":""}},"ast-content-background-meta":{"desktop":{"background-color":"var(--ast-global-color-5)","background-image":"","background-repeat":"repeat","background-position":"center center","background-size":"auto","background-attachment":"scroll","background-type":"","background-media":"","overlay-type":"","overlay-color":"","overlay-opacity":"","overlay-gradient":""},"tablet":{"background-color":"var(--ast-global-color-5)","background-image":"","background-repeat":"repeat","background-position":"center center","background-size":"auto","background-attachment":"scroll","background-type":"","background-media":"","overlay-type":"","overlay-color":"","overlay-opacity":"","overlay-gradient":""},"mobile":{"background-color":"var(--ast-global-color-5)","background-image":"","background-repeat":"repeat","background-position":"center center","background-size":"auto","background-attachment":"scroll","background-type":"","background-media":"","overlay-type":"","overlay-color":"","overlay-opacity":"","overlay-gradient":""}}},"product_brand":[],"product_cat":[54,51],"product_tag":[],"class_list":{"0":"post-13143","1":"product","2":"type-product","3":"status-publish","4":"has-post-thumbnail","6":"product_cat-bubble-mailers","7":"product_cat-shipping-supplies","8":"desktop-align-left","9":"tablet-align-left","10":"mobile-align-left","11":"ast-product-gallery-layout-horizontal","12":"ast-product-gallery-with-no-image","13":"ast-product-tabs-layout-horizontal","15":"first","16":"instock","17":"product-type-simple"},"_links":{"self":[{"href":"https:\/\/reanpackaging.com\/pl\/wp-json\/wp\/v2\/product\/13143","targetHints":{"allow":["GET"]}}],"collection":[{"href":"https:\/\/reanpackaging.com\/pl\/wp-json\/wp\/v2\/product"}],"about":[{"href":"https:\/\/reanpackaging.com\/pl\/wp-json\/wp\/v2\/types\/product"}],"wp:featuredmedia":[{"embeddable":true,"href":"https:\/\/reanpackaging.com\/pl\/wp-json\/wp\/v2\/media\/13089"}],"wp:attachment":[{"href":"https:\/\/reanpackaging.com\/pl\/wp-json\/wp\/v2\/media?parent=13143"}],"wp:term":[{"taxonomy":"product_brand","embeddable":true,"href":"https:\/\/reanpackaging.com\/pl\/wp-json\/wp\/v2\/product_brand?post=13143"},{"taxonomy":"product_cat","embeddable":true,"href":"https:\/\/reanpackaging.com\/pl\/wp-json\/wp\/v2\/product_cat?post=13143"},{"taxonomy":"product_tag","embeddable":true,"href":"https:\/\/reanpackaging.com\/pl\/wp-json\/wp\/v2\/product_tag?post=13143"}],"curies":[{"name":"wp","href":"https:\/\/api.w.org\/{rel}","templated":true}]}}