{"id":14145,"date":"2023-11-05T14:02:59","date_gmt":"2023-11-05T14:02:59","guid":{"rendered":"http:\/\/ibn.wyd.mybluehost.me\/reanpackaging.com\/product\/factory-custom-eco-friendly-3d-gold-foil-printed-black-silk-gross-grain-grosgrain-ribon-gift-ribbon-with-embossed-logo-brand\/"},"modified":"2024-10-01T16:38:43","modified_gmt":"2024-10-01T16:38:43","slug":"factory-custom-eco-friendly-3d-gold-foil-printed-black-silk-gross-grain-grosgrain-ribon-gift-ribbon-with-embossed-logo-brand","status":"publish","type":"product","link":"https:\/\/reanpackaging.com\/pl\/produkt\/factory-custom-eco-friendly-3d-gold-foil-printed-black-silk-gross-grain-grosgrain-ribon-gift-ribbon-with-embossed-logo-brand\/","title":{"rendered":"Fabrycznie niestandardowa ekologiczna folia 3D z nadrukowan\u0105 z\u0142ot\u0105 foli\u0105 Czarna jedwabna gruboziarnista wst\u0105\u017cka prezentowa z wyt\u0142oczonym logo marki"},"content":{"rendered":"<h4>Atrybuty specyficzne dla bran\u017cy<\/h4>\n<table border=\"1\">\n<tr>\n<td><strong>7-dniowy czas realizacji zam\u00f3wienia pr\u00f3bki<\/strong><\/td>\n<td>Wsparcie<\/td>\n<\/tr>\n<tr>\n<td><strong>Materia\u0142<\/strong><\/td>\n<td>100% Poliester<\/td>\n<\/tr>\n<tr>\n<td><strong>Rodzaj tkaniny<\/strong><\/td>\n<td>Grosgrain<\/td>\n<\/tr>\n<tr>\n<td><strong>Technika<\/strong><\/td>\n<td>Wydrukowano<\/td>\n<\/tr>\n<\/table>\n<h4>Inne atrybuty<\/h4>\n<table border=\"1\">\n<tr>\n<td><strong>Cecha<\/strong><\/td>\n<td>Recykling<\/td>\n<\/tr>\n<tr>\n<td><strong>Szeroko\u015b\u0107<\/strong><\/td>\n<td>1\u2033, 1-1\/2\u2033, 1-1\/4\u2033, 1\/2\u2033, 1\/4\u2033, 1\/8\u2033, 2\u2033, 3\/4\u2033, 3\/8\u2033, 5\/8\u2033, Inne, 1 1\/2\u2033, 1 1\/4'', 2 1\/2''<\/td>\n<\/tr>\n<tr>\n<td><strong>Styl<\/strong><\/td>\n<td>Pojedyncza twarz<\/td>\n<\/tr>\n<tr>\n<td><strong>Wz\u00f3r<\/strong><\/td>\n<td>Logo marki<\/td>\n<\/tr>\n<tr>\n<td><strong>Typ produktu<\/strong><\/td>\n<td>WST\u0104\u017bKI<\/td>\n<\/tr>\n<tr>\n<td><strong>Materia\u0142<\/strong><\/td>\n<td>100% poliester<\/td>\n<\/tr>\n<tr>\n<td><strong>Kolor<\/strong><\/td>\n<td>196 kolor\u00f3w<\/td>\n<\/tr>\n<tr>\n<td><strong>Rozmiar<\/strong><\/td>\n<td>25 mm, niestandardowe 3 mm-100 mm<\/td>\n<\/tr>\n<tr>\n<td><strong>U\u017cycie<\/strong><\/td>\n<td>Pakowanie pude\u0142ek na prezenty \/ dekoracje odzie\u017cy<\/td>\n<\/tr>\n<tr>\n<td><strong>MOQ<\/strong><\/td>\n<td>3000 jard\u00f3w<\/td>\n<\/tr>\n<tr>\n<td><strong>Pakowanie<\/strong><\/td>\n<td>100 metr\u00f3w\/rolka, 50 metr\u00f3w\/rolka<\/td>\n<\/tr>\n<tr>\n<td><strong>Logo<\/strong><\/td>\n<td>Akceptowane logo drukowane na zam\u00f3wienie<\/td>\n<\/tr>\n<tr>\n<td><strong>Print Craft<\/strong><\/td>\n<td>T\u0142oczenie\/atrament\/tusz\/transfer termiczny\/sublimacja\/druk srebrn\u0105 foli\u0105 na z\u0142ocie<\/td>\n<\/tr>\n<tr>\n<td><strong>Czas pr\u00f3by<\/strong><\/td>\n<td>3-5 dni<\/td>\n<\/tr>\n<tr>\n<td><strong>Czas dostawy<\/strong><\/td>\n<td>7-15 dni<\/td>\n<\/tr>\n<\/table>\n<p><img decoding=\"async\" class=\"detail-desc-decorate-image\" src=\"http:\/\/ibn.wyd.mybluehost.me\/reanpackaging.com\/wp-content\/uploads\/2023\/11\/9-description-Factory-Custom-Eco-Friendly-3D-Gold-Foil-Printed-Black-Silk-Gross-Grain-Grosgrain-Ribon-Gift-Ribbon-With-Embossed-Logo-Brand.jpg\" slate-data-type=\"image\" style=\"max-width: 100%; height: auto; display: block; margin: 0 auto;\"><br \/>\n<img decoding=\"async\" class=\"detail-desc-decorate-image\" src=\"http:\/\/ibn.wyd.mybluehost.me\/reanpackaging.com\/wp-content\/uploads\/2023\/11\/10-description-Factory-Custom-Eco-Friendly-3D-Gold-Foil-Printed-Black-Silk-Gross-Grain-Grosgrain-Ribon-Gift-Ribbon-With-Embossed-Logo-Brand.jpg\" slate-data-type=\"image\" style=\"max-width: 100%; height: auto; display: block; margin: 0 auto;\"><br \/>\n<img decoding=\"async\" class=\"detail-desc-decorate-image\" src=\"http:\/\/ibn.wyd.mybluehost.me\/reanpackaging.com\/wp-content\/uploads\/2023\/11\/11-description-Factory-Custom-Eco-Friendly-3D-Gold-Foil-Printed-Black-Silk-Gross-Grain-Grosgrain-Ribon-Gift-Ribbon-With-Embossed-Logo-Brand.jpg\" slate-data-type=\"image\" style=\"max-width: 100%; height: auto; display: block; margin: 0 auto;\"><\/p>","protected":false},"excerpt":{"rendered":"<p>Industry-Specific Attributes 7 days sample order lead time Support Material 100% Polyester Fabric Type Grosgrain Technics Printed Other Attributes Feature Recyled Width 1&#8243;, 1-1\/2&#8243;, 1-1\/4&#8243;, 1\/2&#8243;, 1\/4&#8243;, 1\/8&#8243;, 2&#8243;, 3\/4&#8243;, 3\/8&#8243;, 5\/8&#8243;, Other, 1 1\/2&#8243;, 1 1\/4\u2018\u2019, 2 1\/2\u2018\u2019 Style Single Face Pattern Brand name logo Product Type RIBBONS Material 100% polyester Color 196 colors [&hellip;]<\/p>\n","protected":false},"featured_media":13697,"template":"","meta":{"_seopress_robots_primary_cat":"","_seopress_titles_title":"","_seopress_titles_desc":"","_seopress_robots_index":"","site-sidebar-layout":"default","site-content-layout":"","ast-site-content-layout":"default","site-content-style":"default","site-sidebar-style":"default","ast-global-header-display":"","ast-banner-title-visibility":"","ast-main-header-display":"","ast-hfb-above-header-display":"","ast-hfb-below-header-display":"","ast-hfb-mobile-header-display":"","site-post-title":"","ast-breadcrumbs-content":"","ast-featured-img":"","footer-sml-layout":"","ast-disable-related-posts":"","theme-transparent-header-meta":"","adv-header-id-meta":"","stick-header-meta":"","header-above-stick-meta":"","header-main-stick-meta":"","header-below-stick-meta":"","astra-migrate-meta-layouts":"default","ast-page-background-enabled":"default","ast-page-background-meta":{"desktop":{"background-color":"","background-image":"","background-repeat":"repeat","background-position":"center center","background-size":"auto","background-attachment":"scroll","background-type":"","background-media":"","overlay-type":"","overlay-color":"","overlay-opacity":"","overlay-gradient":""},"tablet":{"background-color":"","background-image":"","background-repeat":"repeat","background-position":"center center","background-size":"auto","background-attachment":"scroll","background-type":"","background-media":"","overlay-type":"","overlay-color":"","overlay-opacity":"","overlay-gradient":""},"mobile":{"background-color":"","background-image":"","background-repeat":"repeat","background-position":"center center","background-size":"auto","background-attachment":"scroll","background-type":"","background-media":"","overlay-type":"","overlay-color":"","overlay-opacity":"","overlay-gradient":""}},"ast-content-background-meta":{"desktop":{"background-color":"var(--ast-global-color-5)","background-image":"","background-repeat":"repeat","background-position":"center center","background-size":"auto","background-attachment":"scroll","background-type":"","background-media":"","overlay-type":"","overlay-color":"","overlay-opacity":"","overlay-gradient":""},"tablet":{"background-color":"var(--ast-global-color-5)","background-image":"","background-repeat":"repeat","background-position":"center center","background-size":"auto","background-attachment":"scroll","background-type":"","background-media":"","overlay-type":"","overlay-color":"","overlay-opacity":"","overlay-gradient":""},"mobile":{"background-color":"var(--ast-global-color-5)","background-image":"","background-repeat":"repeat","background-position":"center center","background-size":"auto","background-attachment":"scroll","background-type":"","background-media":"","overlay-type":"","overlay-color":"","overlay-opacity":"","overlay-gradient":""}}},"product_brand":[],"product_cat":[55,51],"product_tag":[],"class_list":{"0":"post-14145","1":"product","2":"type-product","3":"status-publish","4":"has-post-thumbnail","6":"product_cat-ribbon","7":"product_cat-shipping-supplies","8":"desktop-align-left","9":"tablet-align-left","10":"mobile-align-left","11":"ast-product-gallery-layout-horizontal","12":"ast-product-tabs-layout-horizontal","14":"first","15":"instock","16":"purchasable","17":"product-type-simple"},"_links":{"self":[{"href":"https:\/\/reanpackaging.com\/pl\/wp-json\/wp\/v2\/product\/14145","targetHints":{"allow":["GET"]}}],"collection":[{"href":"https:\/\/reanpackaging.com\/pl\/wp-json\/wp\/v2\/product"}],"about":[{"href":"https:\/\/reanpackaging.com\/pl\/wp-json\/wp\/v2\/types\/product"}],"wp:featuredmedia":[{"embeddable":true,"href":"https:\/\/reanpackaging.com\/pl\/wp-json\/wp\/v2\/media\/13697"}],"wp:attachment":[{"href":"https:\/\/reanpackaging.com\/pl\/wp-json\/wp\/v2\/media?parent=14145"}],"wp:term":[{"taxonomy":"product_brand","embeddable":true,"href":"https:\/\/reanpackaging.com\/pl\/wp-json\/wp\/v2\/product_brand?post=14145"},{"taxonomy":"product_cat","embeddable":true,"href":"https:\/\/reanpackaging.com\/pl\/wp-json\/wp\/v2\/product_cat?post=14145"},{"taxonomy":"product_tag","embeddable":true,"href":"https:\/\/reanpackaging.com\/pl\/wp-json\/wp\/v2\/product_tag?post=14145"}],"curies":[{"name":"wp","href":"https:\/\/api.w.org\/{rel}","templated":true}]}}