{"id":14160,"date":"2023-11-05T14:02:59","date_gmt":"2023-11-05T14:02:59","guid":{"rendered":"http:\/\/ibn.wyd.mybluehost.me\/reanpackaging.com\/product\/wholesale-merry-christmas-halloween-valentine-cheap-fall-burlap-buffalo-check-plaid-bow-decorative-wire-edged-wreath-ribbon\/"},"modified":"2024-10-01T16:38:52","modified_gmt":"2024-10-01T16:38:52","slug":"wholesale-merry-christmas-halloween-valentine-cheap-fall-burlap-buffalo-check-plaid-bow-decorative-wire-edged-wreath-ribbon","status":"publish","type":"product","link":"https:\/\/reanpackaging.com\/pl\/produkt\/hurtownia-wesolych-swiat-halloween-walentynki-tanie-jesienne-plotno-buffalo-kratka-w-krate-kokardka-dekoracyjna-wstazka-z-drutu-wieniec\/","title":{"rendered":"Hurtownia Weso\u0142ych \u015awi\u0105t Halloween Valentine Tanie jesienne p\u0142\u00f3tno Buffalo Check Plaid Bow Dekoracyjna wst\u0105\u017cka do wie\u0144ca z drutu"},"content":{"rendered":"<h4>Atrybuty specyficzne dla bran\u017cy<\/h4>\n<table border=\"1\">\n<tr>\n<td><strong>7-dniowy czas realizacji zam\u00f3wienia pr\u00f3bki<\/strong><\/td>\n<td>Wsparcie<\/td>\n<\/tr>\n<tr>\n<td><strong>Materia\u0142<\/strong><\/td>\n<td>100% Poliester<\/td>\n<\/tr>\n<tr>\n<td><strong>Rodzaj tkaniny<\/strong><\/td>\n<td>Inne<\/td>\n<\/tr>\n<tr>\n<td><strong>Technika<\/strong><\/td>\n<td>tkany<\/td>\n<\/tr>\n<\/table>\n<h4>Inne atrybuty<\/h4>\n<table border=\"1\">\n<tr>\n<td><strong>Cecha<\/strong><\/td>\n<td>Zr\u00f3wnowa\u017cony<\/td>\n<\/tr>\n<tr>\n<td><strong>Szeroko\u015b\u0107<\/strong><\/td>\n<td>63 mm<\/td>\n<\/tr>\n<tr>\n<td><strong>Styl<\/strong><\/td>\n<td>Pojedyncza twarz<\/td>\n<\/tr>\n<tr>\n<td><strong>Wz\u00f3r<\/strong><\/td>\n<td>gingham&amp;plaids<\/td>\n<\/tr>\n<tr>\n<td><strong>Typ produktu<\/strong><\/td>\n<td>WST\u0104\u017bKI<\/td>\n<\/tr>\n<tr>\n<td><strong>Nazwa<\/strong><\/td>\n<td>2,5-calowa jutowa wst\u0105\u017cka materia\u0142owa Przewodowa wst\u0105\u017cka brzegowa Wst\u0105\u017cka w kratk\u0119 Buffalo<\/td>\n<\/tr>\n<tr>\n<td><strong>Materia\u0142<\/strong><\/td>\n<td>100% Poliester<\/td>\n<\/tr>\n<tr>\n<td><strong>Kolor<\/strong><\/td>\n<td>Jak na zdj\u0119ciu lub dostosowane<\/td>\n<\/tr>\n<tr>\n<td><strong>Rozmiar<\/strong><\/td>\n<td>2,5 cala (63 mm)<\/td>\n<\/tr>\n<tr>\n<td><strong>Pakiet<\/strong><\/td>\n<td>6 metr\u00f3w na rolk\u0119<\/td>\n<\/tr>\n<tr>\n<td><strong>OEM\/ODM<\/strong><\/td>\n<td>Przyj\u0119te<\/td>\n<\/tr>\n<tr>\n<td><strong>U\u017cycie<\/strong><\/td>\n<td>Dekoracja \u015blubna\/bo\u017conarodzeniowa\/urodzinowa\/impreza domowa<\/td>\n<\/tr>\n<tr>\n<td><strong>Czas pr\u00f3by<\/strong><\/td>\n<td>2-5 dni dla niestandardowych. 1 dzie\u0144 dla istniej\u0105cej pr\u00f3bki.<\/td>\n<\/tr>\n<tr>\n<td><strong>Termin p\u0142atno\u015bci<\/strong><\/td>\n<td>T \/ T, L \/ C, Western Union, Paypal<\/td>\n<\/tr>\n<tr>\n<td><strong>Port FOB<\/strong><\/td>\n<td>Guangzhou<\/td>\n<\/tr>\n<\/table>\n<p><img decoding=\"async\" class=\"detail-desc-decorate-image\" src=\"http:\/\/ibn.wyd.mybluehost.me\/reanpackaging.com\/wp-content\/uploads\/2023\/11\/2-description-Wholesale-Merry-Christmas-Halloween-Valentine-Cheap-Fall-Burlap-Buffalo-Check-Plaid-Bow-Decorative-Wire-Edged-Wreath-Ribbon.jpg\" slate-data-type=\"image\" style=\"max-width: 100%; height: auto; display: block; margin: 0 auto;\"><br \/>\n<img decoding=\"async\" class=\"detail-desc-decorate-image\" src=\"http:\/\/ibn.wyd.mybluehost.me\/reanpackaging.com\/wp-content\/uploads\/2023\/11\/3-description-Wholesale-Merry-Christmas-Halloween-Valentine-Cheap-Fall-Burlap-Buffalo-Check-Plaid-Bow-Decorative-Wire-Edged-Wreath-Ribbon.jpg\" slate-data-type=\"image\" style=\"max-width: 100%; height: auto; display: block; margin: 0 auto;\"><br \/>\n<img decoding=\"async\" class=\"detail-desc-decorate-image\" src=\"http:\/\/ibn.wyd.mybluehost.me\/reanpackaging.com\/wp-content\/uploads\/2023\/11\/4-description-Wholesale-Merry-Christmas-Halloween-Valentine-Cheap-Fall-Burlap-Buffalo-Check-Plaid-Bow-Decorative-Wire-Edged-Wreath-Ribbon.jpg\" slate-data-type=\"image\" style=\"max-width: 100%; height: auto; display: block; margin: 0 auto;\"><br \/>\n<img decoding=\"async\" class=\"detail-desc-decorate-image\" src=\"http:\/\/ibn.wyd.mybluehost.me\/reanpackaging.com\/wp-content\/uploads\/2023\/11\/5-description-Wholesale-Merry-Christmas-Halloween-Valentine-Cheap-Fall-Burlap-Buffalo-Check-Plaid-Bow-Decorative-Wire-Edged-Wreath-Ribbon.jpg\" slate-data-type=\"image\" style=\"max-width: 100%; height: auto; display: block; margin: 0 auto;\"><br \/>\n<img decoding=\"async\" class=\"detail-desc-decorate-image\" src=\"http:\/\/ibn.wyd.mybluehost.me\/reanpackaging.com\/wp-content\/uploads\/2023\/11\/7-description-Wholesale-Merry-Christmas-Halloween-Valentine-Cheap-Fall-Burlap-Buffalo-Check-Plaid-Bow-Decorative-Wire-Edged-Wreath-Ribbon.jpg\" slate-data-type=\"image\" style=\"max-width: 100%; height: auto; display: block; margin: 0 auto;\"><br \/>\n<img decoding=\"async\" class=\"detail-desc-decorate-image\" src=\"http:\/\/ibn.wyd.mybluehost.me\/reanpackaging.com\/wp-content\/uploads\/2023\/11\/8-description-Wholesale-Merry-Christmas-Halloween-Valentine-Cheap-Fall-Burlap-Buffalo-Check-Plaid-Bow-Decorative-Wire-Edged-Wreath-Ribbon.jpg\" slate-data-type=\"image\" style=\"max-width: 100%; height: auto; display: block; margin: 0 auto;\"><br \/>\n<img decoding=\"async\" class=\"detail-desc-decorate-image\" src=\"http:\/\/ibn.wyd.mybluehost.me\/reanpackaging.com\/wp-content\/uploads\/2023\/11\/9-description-Wholesale-Merry-Christmas-Halloween-Valentine-Cheap-Fall-Burlap-Buffalo-Check-Plaid-Bow-Decorative-Wire-Edged-Wreath-Ribbon.jpg\" slate-data-type=\"image\" style=\"max-width: 100%; height: auto; display: block; margin: 0 auto;\"><\/p>","protected":false},"excerpt":{"rendered":"<p>Industry-Specific Attributes 7 days sample order lead time Support Material 100% Polyester Fabric Type Other Technics woven Other Attributes Feature Sustainable Width 63mm Style Single Face Pattern gingham&#038;plaids Product Type RIBBONS Name 2.5 inch Burlap Fabric Ribbon Wired Edge Ribbon Buffalo Check Ribbon Material 100% Polyester Color As Picture or Customized Size 2.5 inch(63mm) Package [&hellip;]<\/p>\n","protected":false},"featured_media":13973,"template":"","meta":{"_seopress_robots_primary_cat":"none","_seopress_titles_title":"","_seopress_titles_desc":"","_seopress_robots_index":"","site-sidebar-layout":"default","site-content-layout":"","ast-site-content-layout":"default","site-content-style":"default","site-sidebar-style":"default","ast-global-header-display":"","ast-banner-title-visibility":"","ast-main-header-display":"","ast-hfb-above-header-display":"","ast-hfb-below-header-display":"","ast-hfb-mobile-header-display":"","site-post-title":"","ast-breadcrumbs-content":"","ast-featured-img":"","footer-sml-layout":"","ast-disable-related-posts":"","theme-transparent-header-meta":"default","adv-header-id-meta":"","stick-header-meta":"default","header-above-stick-meta":"","header-main-stick-meta":"","header-below-stick-meta":"","astra-migrate-meta-layouts":"set","ast-page-background-enabled":"default","ast-page-background-meta":{"desktop":{"background-color":"","background-image":"","background-repeat":"repeat","background-position":"center center","background-size":"auto","background-attachment":"scroll","background-type":"","background-media":"","overlay-type":"","overlay-color":"","overlay-opacity":"","overlay-gradient":""},"tablet":{"background-color":"","background-image":"","background-repeat":"repeat","background-position":"center center","background-size":"auto","background-attachment":"scroll","background-type":"","background-media":"","overlay-type":"","overlay-color":"","overlay-opacity":"","overlay-gradient":""},"mobile":{"background-color":"","background-image":"","background-repeat":"repeat","background-position":"center center","background-size":"auto","background-attachment":"scroll","background-type":"","background-media":"","overlay-type":"","overlay-color":"","overlay-opacity":"","overlay-gradient":""}},"ast-content-background-meta":{"desktop":{"background-color":"var(--ast-global-color-5)","background-image":"","background-repeat":"repeat","background-position":"center center","background-size":"auto","background-attachment":"scroll","background-type":"","background-media":"","overlay-type":"","overlay-color":"","overlay-opacity":"","overlay-gradient":""},"tablet":{"background-color":"var(--ast-global-color-5)","background-image":"","background-repeat":"repeat","background-position":"center center","background-size":"auto","background-attachment":"scroll","background-type":"","background-media":"","overlay-type":"","overlay-color":"","overlay-opacity":"","overlay-gradient":""},"mobile":{"background-color":"var(--ast-global-color-5)","background-image":"","background-repeat":"repeat","background-position":"center center","background-size":"auto","background-attachment":"scroll","background-type":"","background-media":"","overlay-type":"","overlay-color":"","overlay-opacity":"","overlay-gradient":""}}},"product_brand":[],"product_cat":[55,51],"product_tag":[],"class_list":{"0":"post-14160","1":"product","2":"type-product","3":"status-publish","4":"has-post-thumbnail","6":"product_cat-ribbon","7":"product_cat-shipping-supplies","8":"desktop-align-left","9":"tablet-align-left","10":"mobile-align-left","11":"ast-product-gallery-layout-horizontal","12":"ast-product-tabs-layout-horizontal","14":"first","15":"instock","16":"purchasable","17":"product-type-simple"},"_links":{"self":[{"href":"https:\/\/reanpackaging.com\/pl\/wp-json\/wp\/v2\/product\/14160","targetHints":{"allow":["GET"]}}],"collection":[{"href":"https:\/\/reanpackaging.com\/pl\/wp-json\/wp\/v2\/product"}],"about":[{"href":"https:\/\/reanpackaging.com\/pl\/wp-json\/wp\/v2\/types\/product"}],"wp:featuredmedia":[{"embeddable":true,"href":"https:\/\/reanpackaging.com\/pl\/wp-json\/wp\/v2\/media\/13973"}],"wp:attachment":[{"href":"https:\/\/reanpackaging.com\/pl\/wp-json\/wp\/v2\/media?parent=14160"}],"wp:term":[{"taxonomy":"product_brand","embeddable":true,"href":"https:\/\/reanpackaging.com\/pl\/wp-json\/wp\/v2\/product_brand?post=14160"},{"taxonomy":"product_cat","embeddable":true,"href":"https:\/\/reanpackaging.com\/pl\/wp-json\/wp\/v2\/product_cat?post=14160"},{"taxonomy":"product_tag","embeddable":true,"href":"https:\/\/reanpackaging.com\/pl\/wp-json\/wp\/v2\/product_tag?post=14160"}],"curies":[{"name":"wp","href":"https:\/\/api.w.org\/{rel}","templated":true}]}}