{"id":14162,"date":"2023-11-05T14:03:08","date_gmt":"2023-11-05T14:03:08","guid":{"rendered":"http:\/\/ibn.wyd.mybluehost.me\/reanpackaging.com\/product\/stock-wholesale-1inch-25mm-colors-double-face-gold-wire-edged-grosgrain-ribbon\/"},"modified":"2024-10-01T16:37:49","modified_gmt":"2024-10-01T16:37:49","slug":"stock-wholesale-1inch-25mm-colors-double-face-gold-wire-edged-grosgrain-ribbon","status":"publish","type":"product","link":"https:\/\/reanpackaging.com\/pl\/produkt\/hurtowa-1-calowa-25-mm-kolorowa-podwojna-zlota-wstazka-rypsowa-z-krawedzia-z-drutu\/","title":{"rendered":"Stock Wholesale 1Inch 25Mm Colors Double Face Gold Wire Edged Grosgrain Ribbon"},"content":{"rendered":"<h4>Atrybuty specyficzne dla bran\u017cy<\/h4>\n<table border=\"1\">\n<tr>\n<td><strong>7-dniowy czas realizacji zam\u00f3wienia pr\u00f3bki<\/strong><\/td>\n<td>Wsparcie<\/td>\n<\/tr>\n<tr>\n<td><strong>Materia\u0142<\/strong><\/td>\n<td>100% Poliester<\/td>\n<\/tr>\n<tr>\n<td><strong>Rodzaj tkaniny<\/strong><\/td>\n<td>Grosgrain<\/td>\n<\/tr>\n<tr>\n<td><strong>Technika<\/strong><\/td>\n<td>Haftowane<\/td>\n<\/tr>\n<\/table>\n<h4>Inne atrybuty<\/h4>\n<table border=\"1\">\n<tr>\n<td><strong>Cecha<\/strong><\/td>\n<td>Recykling<\/td>\n<\/tr>\n<tr>\n<td><strong>Szeroko\u015b\u0107<\/strong><\/td>\n<td>1&#8243;<\/td>\n<\/tr>\n<tr>\n<td><strong>Styl<\/strong><\/td>\n<td>Podw\u00f3jna twarz<\/td>\n<\/tr>\n<tr>\n<td><strong>Wz\u00f3r<\/strong><\/td>\n<td>JEDNOLITY KOLOR<\/td>\n<\/tr>\n<tr>\n<td><strong>Typ produktu<\/strong><\/td>\n<td>WST\u0104\u017bKI<\/td>\n<\/tr>\n<tr>\n<td><strong>Nazwa<\/strong><\/td>\n<td>ta\u015bma druciana<\/td>\n<\/tr>\n<tr>\n<td><strong>Kolor<\/strong><\/td>\n<td>196 kolor\u00f3w<\/td>\n<\/tr>\n<tr>\n<td><strong>MOQ<\/strong><\/td>\n<td>2000 jard\u00f3w<\/td>\n<\/tr>\n<tr>\n<td><strong>Specyfikacja<\/strong><\/td>\n<td>100 jard\u00f3w\/rolka<\/td>\n<\/tr>\n<tr>\n<td><strong>Rozmiar<\/strong><\/td>\n<td>2,5 cm 3 mm-50 mm<\/td>\n<\/tr>\n<tr>\n<td><strong>Zastosowanie<\/strong><\/td>\n<td>S\u0142u\u017cy do pakowania prezent\u00f3w, majsterkowania, dekoracji imprez i wesel, odzie\u017cy itp.<\/td>\n<\/tr>\n<tr>\n<td><strong>P\u0142atno\u015b\u0107<\/strong><\/td>\n<td>Trade Assurance T<\/td>\n<\/tr>\n<tr>\n<td><strong>Czas dostawy<\/strong><\/td>\n<td>5-7 dni<\/td>\n<\/tr>\n<tr>\n<td><strong>Czas produkcji<\/strong><\/td>\n<td>1-2 dni<\/td>\n<\/tr>\n<tr>\n<td><strong>Cecha<\/strong><\/td>\n<td>Przyjazny dla \u015brodowiska<\/td>\n<\/tr>\n<\/table>\n<p><img decoding=\"async\" class=\"detail-desc-decorate-image\" src=\"http:\/\/ibn.wyd.mybluehost.me\/reanpackaging.com\/wp-content\/uploads\/2023\/11\/3-description-Stock-Wholesale-1Inch-25Mm-Colors-Double-Face-Gold-Wire-Edged-Grosgrain-Ribbon.jpg\" slate-data-type=\"image\" style=\"max-width: 100%; height: auto; display: block; margin: 0 auto;\"><br \/>\n<img decoding=\"async\" class=\"detail-desc-decorate-image\" src=\"http:\/\/ibn.wyd.mybluehost.me\/reanpackaging.com\/wp-content\/uploads\/2023\/11\/4-description-Stock-Wholesale-1Inch-25Mm-Colors-Double-Face-Gold-Wire-Edged-Grosgrain-Ribbon.jpg\" slate-data-type=\"image\" style=\"max-width: 100%; height: auto; display: block; margin: 0 auto;\"><br \/>\n<img decoding=\"async\" class=\"detail-desc-decorate-image\" src=\"http:\/\/ibn.wyd.mybluehost.me\/reanpackaging.com\/wp-content\/uploads\/2023\/11\/5-description-Stock-Wholesale-1Inch-25Mm-Colors-Double-Face-Gold-Wire-Edged-Grosgrain-Ribbon.jpg\" slate-data-type=\"image\" style=\"max-width: 100%; height: auto; display: block; margin: 0 auto;\"><br \/>\n<img decoding=\"async\" class=\"detail-desc-decorate-image\" src=\"http:\/\/ibn.wyd.mybluehost.me\/reanpackaging.com\/wp-content\/uploads\/2023\/11\/6-description-Stock-Wholesale-1Inch-25Mm-Colors-Double-Face-Gold-Wire-Edged-Grosgrain-Ribbon.jpg\" slate-data-type=\"image\" style=\"max-width: 100%; height: auto; display: block; margin: 0 auto;\"><br \/>\n<img decoding=\"async\" class=\"detail-desc-decorate-image\" src=\"http:\/\/ibn.wyd.mybluehost.me\/reanpackaging.com\/wp-content\/uploads\/2023\/11\/7-description-Stock-Wholesale-1Inch-25Mm-Colors-Double-Face-Gold-Wire-Edged-Grosgrain-Ribbon.jpg\" slate-data-type=\"image\" style=\"max-width: 100%; height: auto; display: block; margin: 0 auto;\"><\/p>","protected":false},"excerpt":{"rendered":"<p>Industry-Specific Attributes 7 days sample order lead time Support Material 100% Polyester Fabric Type Grosgrain Technics Embroidered Other Attributes Feature Recyled Width 1&#8243; Style Double Face Pattern SOLID COLOR Product Type RIBBONS Name wire ribbon Color 196 colors MOQ 2000 Yards Specification 100yard\/roll Size 2.5cm 3mm-50mm Application Use for gift packing,DIY, party &#038; wedding Decoration [&hellip;]<\/p>\n","protected":false},"featured_media":13920,"template":"","meta":{"_seopress_robots_primary_cat":"","_seopress_titles_title":"","_seopress_titles_desc":"","_seopress_robots_index":"","site-sidebar-layout":"default","site-content-layout":"","ast-site-content-layout":"default","site-content-style":"default","site-sidebar-style":"default","ast-global-header-display":"","ast-banner-title-visibility":"","ast-main-header-display":"","ast-hfb-above-header-display":"","ast-hfb-below-header-display":"","ast-hfb-mobile-header-display":"","site-post-title":"","ast-breadcrumbs-content":"","ast-featured-img":"","footer-sml-layout":"","ast-disable-related-posts":"","theme-transparent-header-meta":"","adv-header-id-meta":"","stick-header-meta":"","header-above-stick-meta":"","header-main-stick-meta":"","header-below-stick-meta":"","astra-migrate-meta-layouts":"default","ast-page-background-enabled":"default","ast-page-background-meta":{"desktop":{"background-color":"","background-image":"","background-repeat":"repeat","background-position":"center center","background-size":"auto","background-attachment":"scroll","background-type":"","background-media":"","overlay-type":"","overlay-color":"","overlay-opacity":"","overlay-gradient":""},"tablet":{"background-color":"","background-image":"","background-repeat":"repeat","background-position":"center center","background-size":"auto","background-attachment":"scroll","background-type":"","background-media":"","overlay-type":"","overlay-color":"","overlay-opacity":"","overlay-gradient":""},"mobile":{"background-color":"","background-image":"","background-repeat":"repeat","background-position":"center center","background-size":"auto","background-attachment":"scroll","background-type":"","background-media":"","overlay-type":"","overlay-color":"","overlay-opacity":"","overlay-gradient":""}},"ast-content-background-meta":{"desktop":{"background-color":"var(--ast-global-color-5)","background-image":"","background-repeat":"repeat","background-position":"center center","background-size":"auto","background-attachment":"scroll","background-type":"","background-media":"","overlay-type":"","overlay-color":"","overlay-opacity":"","overlay-gradient":""},"tablet":{"background-color":"var(--ast-global-color-5)","background-image":"","background-repeat":"repeat","background-position":"center center","background-size":"auto","background-attachment":"scroll","background-type":"","background-media":"","overlay-type":"","overlay-color":"","overlay-opacity":"","overlay-gradient":""},"mobile":{"background-color":"var(--ast-global-color-5)","background-image":"","background-repeat":"repeat","background-position":"center center","background-size":"auto","background-attachment":"scroll","background-type":"","background-media":"","overlay-type":"","overlay-color":"","overlay-opacity":"","overlay-gradient":""}}},"product_brand":[],"product_cat":[55,51],"product_tag":[],"class_list":{"0":"post-14162","1":"product","2":"type-product","3":"status-publish","4":"has-post-thumbnail","6":"product_cat-ribbon","7":"product_cat-shipping-supplies","8":"desktop-align-left","9":"tablet-align-left","10":"mobile-align-left","11":"ast-product-gallery-layout-horizontal","12":"ast-product-tabs-layout-horizontal","14":"first","15":"instock","16":"purchasable","17":"product-type-simple"},"_links":{"self":[{"href":"https:\/\/reanpackaging.com\/pl\/wp-json\/wp\/v2\/product\/14162","targetHints":{"allow":["GET"]}}],"collection":[{"href":"https:\/\/reanpackaging.com\/pl\/wp-json\/wp\/v2\/product"}],"about":[{"href":"https:\/\/reanpackaging.com\/pl\/wp-json\/wp\/v2\/types\/product"}],"wp:featuredmedia":[{"embeddable":true,"href":"https:\/\/reanpackaging.com\/pl\/wp-json\/wp\/v2\/media\/13920"}],"wp:attachment":[{"href":"https:\/\/reanpackaging.com\/pl\/wp-json\/wp\/v2\/media?parent=14162"}],"wp:term":[{"taxonomy":"product_brand","embeddable":true,"href":"https:\/\/reanpackaging.com\/pl\/wp-json\/wp\/v2\/product_brand?post=14162"},{"taxonomy":"product_cat","embeddable":true,"href":"https:\/\/reanpackaging.com\/pl\/wp-json\/wp\/v2\/product_cat?post=14162"},{"taxonomy":"product_tag","embeddable":true,"href":"https:\/\/reanpackaging.com\/pl\/wp-json\/wp\/v2\/product_tag?post=14162"}],"curies":[{"name":"wp","href":"https:\/\/api.w.org\/{rel}","templated":true}]}}