{"id":14190,"date":"2023-11-05T14:03:18","date_gmt":"2023-11-05T14:03:18","guid":{"rendered":"http:\/\/ibn.wyd.mybluehost.me\/reanpackaging.com\/product\/cheap-price-pp-rick-rack-lace-multi-color-5mm-ric-rac-trim-zig-zag-ribbon-for-skirt\/"},"modified":"2024-10-01T16:37:03","modified_gmt":"2024-10-01T16:37:03","slug":"cheap-price-pp-rick-rack-lace-multi-color-5mm-ric-rac-trim-zig-zag-ribbon-for-skirt","status":"publish","type":"product","link":"https:\/\/reanpackaging.com\/pl\/produkt\/tania-cena-pp-rick-rack-koronka-wielokolorowa-5mm-ric-rac-wykonczenie-zig-zag-wstazka-do-spodnicy\/","title":{"rendered":"Tania cena Pp Rick Rack Lace Multi Color 5Mm Ric Rac Trim Zig Zag Ribbon For Skirt"},"content":{"rendered":"<h4>Atrybuty specyficzne dla bran\u017cy<\/h4>\n<table border=\"1\">\n<tr>\n<td><strong>7-dniowy czas realizacji zam\u00f3wienia pr\u00f3bki<\/strong><\/td>\n<td>Wsparcie<\/td>\n<\/tr>\n<tr>\n<td><strong>Materia\u0142<\/strong><\/td>\n<td>PP<\/td>\n<\/tr>\n<tr>\n<td><strong>Rodzaj tkaniny<\/strong><\/td>\n<td>Inne<\/td>\n<\/tr>\n<tr>\n<td><strong>Technika<\/strong><\/td>\n<td>tkany<\/td>\n<\/tr>\n<\/table>\n<h4>Inne atrybuty<\/h4>\n<table border=\"1\">\n<tr>\n<td><strong>Cecha<\/strong><\/td>\n<td>Wysoka wytrzyma\u0142o\u015b\u0107<\/td>\n<\/tr>\n<tr>\n<td><strong>Szeroko\u015b\u0107<\/strong><\/td>\n<td>1\/4&#8243;<\/td>\n<\/tr>\n<tr>\n<td><strong>Styl<\/strong><\/td>\n<td>Podw\u00f3jna twarz<\/td>\n<\/tr>\n<tr>\n<td><strong>Wz\u00f3r<\/strong><\/td>\n<td>JEDNOLITY KOLOR<\/td>\n<\/tr>\n<tr>\n<td><strong>Typ produktu<\/strong><\/td>\n<td>WST\u0104\u017bKI<\/td>\n<\/tr>\n<tr>\n<td><strong>Nazwa<\/strong><\/td>\n<td>Wst\u0105\u017cka zygzakowata<\/td>\n<\/tr>\n<tr>\n<td><strong>Typ<\/strong><\/td>\n<td>Zig Zag<\/td>\n<\/tr>\n<tr>\n<td><strong>S\u0142owo kluczowe<\/strong><\/td>\n<td>Wyko\u0144czenie Ric Rac 5 mm<\/td>\n<\/tr>\n<tr>\n<td><strong>Kolor<\/strong><\/td>\n<td>czerwony, niebieski, zielony, fioletowy<\/td>\n<\/tr>\n<tr>\n<td><strong>U\u017cycie<\/strong><\/td>\n<td>Idealny do szycia, r\u0119kodzie\u0142a, scrapbookingu, tworzenia kartek, r\u0119kodzie\u0142a \u015bwi\u0105tecznego<\/td>\n<\/tr>\n<tr>\n<td><strong>Rozmiar<\/strong><\/td>\n<td>5 mm, 1\/4 cala<\/td>\n<\/tr>\n<tr>\n<td><strong>cecha<\/strong><\/td>\n<td>\u0142atwa praca<\/td>\n<\/tr>\n<tr>\n<td><strong>Czas pr\u00f3by<\/strong><\/td>\n<td>3-5 dni<\/td>\n<\/tr>\n<tr>\n<td><strong>Materia\u0142 przewodu<\/strong><\/td>\n<td>100%pp<\/td>\n<\/tr>\n<tr>\n<td><strong>Pakowanie<\/strong><\/td>\n<td>W rolce<\/td>\n<\/tr>\n<\/table>","protected":false},"excerpt":{"rendered":"<p>Industry-Specific Attributes 7 days sample order lead time Support Material PP Fabric Type Other Technics woven Other Attributes Feature High Tenacity Width 1\/4&#8243; Style Double Face Pattern SOLID COLOR Product Type RIBBONS Name Zig zag Ribbon Type Zig Zag Keyword 5mm Ric Rac Trim Color red,blue,green,purple Usage Perfect for Sewing, Crafting, Scrapbook, Card Making, Christmas [&hellip;]<\/p>\n","protected":false},"featured_media":13616,"template":"","meta":{"_seopress_robots_primary_cat":"none","_seopress_titles_title":"","_seopress_titles_desc":"","_seopress_robots_index":"","_seopress_analysis_target_kw":"","site-sidebar-layout":"default","site-content-layout":"","ast-site-content-layout":"default","site-content-style":"default","site-sidebar-style":"default","ast-global-header-display":"","ast-banner-title-visibility":"","ast-main-header-display":"","ast-hfb-above-header-display":"","ast-hfb-below-header-display":"","ast-hfb-mobile-header-display":"","site-post-title":"","ast-breadcrumbs-content":"","ast-featured-img":"","footer-sml-layout":"","ast-disable-related-posts":"","theme-transparent-header-meta":"default","adv-header-id-meta":"","stick-header-meta":"default","header-above-stick-meta":"","header-main-stick-meta":"","header-below-stick-meta":"","astra-migrate-meta-layouts":"set","ast-page-background-enabled":"default","ast-page-background-meta":{"desktop":{"background-color":"","background-image":"","background-repeat":"repeat","background-position":"center center","background-size":"auto","background-attachment":"scroll","background-type":"","background-media":"","overlay-type":"","overlay-color":"","overlay-opacity":"","overlay-gradient":""},"tablet":{"background-color":"","background-image":"","background-repeat":"repeat","background-position":"center center","background-size":"auto","background-attachment":"scroll","background-type":"","background-media":"","overlay-type":"","overlay-color":"","overlay-opacity":"","overlay-gradient":""},"mobile":{"background-color":"","background-image":"","background-repeat":"repeat","background-position":"center center","background-size":"auto","background-attachment":"scroll","background-type":"","background-media":"","overlay-type":"","overlay-color":"","overlay-opacity":"","overlay-gradient":""}},"ast-content-background-meta":{"desktop":{"background-color":"var(--ast-global-color-5)","background-image":"","background-repeat":"repeat","background-position":"center center","background-size":"auto","background-attachment":"scroll","background-type":"","background-media":"","overlay-type":"","overlay-color":"","overlay-opacity":"","overlay-gradient":""},"tablet":{"background-color":"var(--ast-global-color-5)","background-image":"","background-repeat":"repeat","background-position":"center center","background-size":"auto","background-attachment":"scroll","background-type":"","background-media":"","overlay-type":"","overlay-color":"","overlay-opacity":"","overlay-gradient":""},"mobile":{"background-color":"var(--ast-global-color-5)","background-image":"","background-repeat":"repeat","background-position":"center center","background-size":"auto","background-attachment":"scroll","background-type":"","background-media":"","overlay-type":"","overlay-color":"","overlay-opacity":"","overlay-gradient":""}}},"product_brand":[],"product_cat":[55,51],"product_tag":[],"class_list":{"0":"post-14190","1":"product","2":"type-product","3":"status-publish","4":"has-post-thumbnail","6":"product_cat-ribbon","7":"product_cat-shipping-supplies","8":"desktop-align-left","9":"tablet-align-left","10":"mobile-align-left","11":"ast-product-gallery-layout-horizontal","12":"ast-product-tabs-layout-horizontal","14":"first","15":"instock","16":"purchasable","17":"product-type-simple"},"_links":{"self":[{"href":"https:\/\/reanpackaging.com\/pl\/wp-json\/wp\/v2\/product\/14190","targetHints":{"allow":["GET"]}}],"collection":[{"href":"https:\/\/reanpackaging.com\/pl\/wp-json\/wp\/v2\/product"}],"about":[{"href":"https:\/\/reanpackaging.com\/pl\/wp-json\/wp\/v2\/types\/product"}],"wp:featuredmedia":[{"embeddable":true,"href":"https:\/\/reanpackaging.com\/pl\/wp-json\/wp\/v2\/media\/13616"}],"wp:attachment":[{"href":"https:\/\/reanpackaging.com\/pl\/wp-json\/wp\/v2\/media?parent=14190"}],"wp:term":[{"taxonomy":"product_brand","embeddable":true,"href":"https:\/\/reanpackaging.com\/pl\/wp-json\/wp\/v2\/product_brand?post=14190"},{"taxonomy":"product_cat","embeddable":true,"href":"https:\/\/reanpackaging.com\/pl\/wp-json\/wp\/v2\/product_cat?post=14190"},{"taxonomy":"product_tag","embeddable":true,"href":"https:\/\/reanpackaging.com\/pl\/wp-json\/wp\/v2\/product_tag?post=14190"}],"curies":[{"name":"wp","href":"https:\/\/api.w.org\/{rel}","templated":true}]}}