{"id":14199,"date":"2023-11-05T14:03:18","date_gmt":"2023-11-05T14:03:18","guid":{"rendered":"http:\/\/ibn.wyd.mybluehost.me\/reanpackaging.com\/product\/the-new-gift-ribbon-bows-ribbon-bow-with-elastic-loop-satin-tie-packing-ribbon-bows-with-elastic-loop\/"},"modified":"2024-10-01T16:37:07","modified_gmt":"2024-10-01T16:37:07","slug":"the-new-gift-ribbon-bows-ribbon-bow-with-elastic-loop-satin-tie-packing-ribbon-bows-with-elastic-loop","status":"publish","type":"product","link":"https:\/\/reanpackaging.com\/pl\/produkt\/the-new-gift-ribbon-bows-ribbon-bow-with-elastic-loop-satin-tie-packing-ribbon-bows-with-elastic-loop\/","title":{"rendered":"Nowa kokardka do pakowania prezent\u00f3w kokardka z elastyczn\u0105 p\u0119telk\u0105 satynowa kokardka do pakowania z elastyczn\u0105 p\u0119telk\u0105"},"content":{"rendered":"<h4>Atrybuty specyficzne dla bran\u017cy<\/h4>\n<table border=\"1\">\n<tr>\n<td><strong>Materia\u0142<\/strong><\/td>\n<td>Poliester<\/td>\n<\/tr>\n<tr>\n<td><strong>Typ<\/strong><\/td>\n<td>Rozci\u0105gliwa p\u0119tla<\/td>\n<\/tr>\n<tr>\n<td><strong>Styl<\/strong><\/td>\n<td>Po\u0142ysk<\/td>\n<\/tr>\n<tr>\n<td><strong>Okazja<\/strong><\/td>\n<td>\u015alub<\/td>\n<\/tr>\n<\/table>\n<h4>Inne atrybuty<\/h4>\n<table border=\"1\">\n<tr>\n<td><strong>Rozmiar<\/strong><\/td>\n<td>Dostosowany rozmiar zgodnie z pude\u0142kiem<\/td>\n<\/tr>\n<tr>\n<td><strong>Kolory<\/strong><\/td>\n<td>196 dost\u0119pnych kolor\u00f3w<\/td>\n<\/tr>\n<tr>\n<td><strong>U\u017cycie<\/strong><\/td>\n<td>Do pakowania pude\u0142ek upominkowych<\/td>\n<\/tr>\n<tr>\n<td><strong>MOQ<\/strong><\/td>\n<td>2000 szt.<\/td>\n<\/tr>\n<tr>\n<td><strong>Pakowanie<\/strong><\/td>\n<td>100 sztuk\/worek foliowy<\/td>\n<\/tr>\n<tr>\n<td><strong>Logo\/wz\u00f3r<\/strong><\/td>\n<td>Niestandardowe drukowane logo<\/td>\n<\/tr>\n<tr>\n<td><strong>Rzemios\u0142o z nadrukiem<\/strong><\/td>\n<td>T\u0142oczenie\/atrament\/tusz\/transfer termiczny\/sublimacja\/druk srebrn\u0105 foli\u0105 na z\u0142ocie<\/td>\n<\/tr>\n<tr>\n<td><strong>Czas pr\u00f3by<\/strong><\/td>\n<td>3-5 dni (pr\u00f3bka za darmo, je\u015bli mamy zapasy)<\/td>\n<\/tr>\n<tr>\n<td><strong>Czas dostawy<\/strong><\/td>\n<td>7-15 dni<\/td>\n<\/tr>\n<\/table>\n<p><img decoding=\"async\" class=\"detail-desc-decorate-image\" src=\"http:\/\/ibn.wyd.mybluehost.me\/reanpackaging.com\/wp-content\/uploads\/2023\/11\/4-description-The-New-Gift-Ribbon-Bows-Ribbon-Bow-With-Elastic-Loop-Satin-Tie-Packing-Ribbon-Bows-With-Elastic-Loop.jpg\" slate-data-type=\"image\" style=\"max-width: 100%; height: auto; display: block; margin: 0 auto;\"><br \/>\n<img decoding=\"async\" class=\"detail-desc-decorate-image\" src=\"http:\/\/ibn.wyd.mybluehost.me\/reanpackaging.com\/wp-content\/uploads\/2023\/11\/5-description-The-New-Gift-Ribbon-Bows-Ribbon-Bow-With-Elastic-Loop-Satin-Tie-Packing-Ribbon-Bows-With-Elastic-Loop.jpg\" slate-data-type=\"image\" style=\"max-width: 100%; height: auto; display: block; margin: 0 auto;\"><br \/>\n<img decoding=\"async\" class=\"detail-desc-decorate-image\" src=\"http:\/\/ibn.wyd.mybluehost.me\/reanpackaging.com\/wp-content\/uploads\/2023\/11\/6-description-The-New-Gift-Ribbon-Bows-Ribbon-Bow-With-Elastic-Loop-Satin-Tie-Packing-Ribbon-Bows-With-Elastic-Loop.jpg\" slate-data-type=\"image\" style=\"max-width: 100%; height: auto; display: block; margin: 0 auto;\"><br \/>\n<img decoding=\"async\" class=\"detail-desc-decorate-image\" src=\"http:\/\/ibn.wyd.mybluehost.me\/reanpackaging.com\/wp-content\/uploads\/2023\/11\/7-description-The-New-Gift-Ribbon-Bows-Ribbon-Bow-With-Elastic-Loop-Satin-Tie-Packing-Ribbon-Bows-With-Elastic-Loop.jpg\" slate-data-type=\"image\" style=\"max-width: 100%; height: auto; display: block; margin: 0 auto;\"><br \/>\n<img decoding=\"async\" class=\"detail-desc-decorate-image\" src=\"http:\/\/ibn.wyd.mybluehost.me\/reanpackaging.com\/wp-content\/uploads\/2023\/11\/9-description-The-New-Gift-Ribbon-Bows-Ribbon-Bow-With-Elastic-Loop-Satin-Tie-Packing-Ribbon-Bows-With-Elastic-Loop.jpg\" slate-data-type=\"image\" style=\"max-width: 100%; height: auto; display: block; margin: 0 auto;\"><br \/>\n<img decoding=\"async\" class=\"detail-desc-decorate-image\" src=\"http:\/\/ibn.wyd.mybluehost.me\/reanpackaging.com\/wp-content\/uploads\/2023\/11\/10-description-The-New-Gift-Ribbon-Bows-Ribbon-Bow-With-Elastic-Loop-Satin-Tie-Packing-Ribbon-Bows-With-Elastic-Loop.jpg\" slate-data-type=\"image\" style=\"max-width: 100%; height: auto; display: block; margin: 0 auto;\"><\/p>","protected":false},"excerpt":{"rendered":"<p>Industry-Specific Attributes Material Polyester Type Stretch Loop Style Luster Occasion Wedding Other Attributes Size Customized size according to your box Colors 196 colors available Usage For gift box packaging MOQ 2000 pcs Packing 100pcs\/poly bag Logo\/pattern Custom printed logo Printed craft Embossed\/Ink\/Puff\/Heat Transfer\/Sublimation\/Gold Silver Foil Printing Sample time 3-5 Days (sample free,if we have stock) [&hellip;]<\/p>\n","protected":false},"featured_media":13926,"template":"","meta":{"_seopress_robots_primary_cat":"none","_seopress_titles_title":"","_seopress_titles_desc":"","_seopress_robots_index":"","site-sidebar-layout":"default","site-content-layout":"","ast-site-content-layout":"default","site-content-style":"default","site-sidebar-style":"default","ast-global-header-display":"","ast-banner-title-visibility":"","ast-main-header-display":"","ast-hfb-above-header-display":"","ast-hfb-below-header-display":"","ast-hfb-mobile-header-display":"","site-post-title":"","ast-breadcrumbs-content":"","ast-featured-img":"","footer-sml-layout":"","ast-disable-related-posts":"","theme-transparent-header-meta":"default","adv-header-id-meta":"","stick-header-meta":"default","header-above-stick-meta":"","header-main-stick-meta":"","header-below-stick-meta":"","astra-migrate-meta-layouts":"set","ast-page-background-enabled":"default","ast-page-background-meta":{"desktop":{"background-color":"","background-image":"","background-repeat":"repeat","background-position":"center center","background-size":"auto","background-attachment":"scroll","background-type":"","background-media":"","overlay-type":"","overlay-color":"","overlay-opacity":"","overlay-gradient":""},"tablet":{"background-color":"","background-image":"","background-repeat":"repeat","background-position":"center center","background-size":"auto","background-attachment":"scroll","background-type":"","background-media":"","overlay-type":"","overlay-color":"","overlay-opacity":"","overlay-gradient":""},"mobile":{"background-color":"","background-image":"","background-repeat":"repeat","background-position":"center center","background-size":"auto","background-attachment":"scroll","background-type":"","background-media":"","overlay-type":"","overlay-color":"","overlay-opacity":"","overlay-gradient":""}},"ast-content-background-meta":{"desktop":{"background-color":"var(--ast-global-color-5)","background-image":"","background-repeat":"repeat","background-position":"center center","background-size":"auto","background-attachment":"scroll","background-type":"","background-media":"","overlay-type":"","overlay-color":"","overlay-opacity":"","overlay-gradient":""},"tablet":{"background-color":"var(--ast-global-color-5)","background-image":"","background-repeat":"repeat","background-position":"center center","background-size":"auto","background-attachment":"scroll","background-type":"","background-media":"","overlay-type":"","overlay-color":"","overlay-opacity":"","overlay-gradient":""},"mobile":{"background-color":"var(--ast-global-color-5)","background-image":"","background-repeat":"repeat","background-position":"center center","background-size":"auto","background-attachment":"scroll","background-type":"","background-media":"","overlay-type":"","overlay-color":"","overlay-opacity":"","overlay-gradient":""}}},"product_brand":[],"product_cat":[55,51],"product_tag":[],"class_list":{"0":"post-14199","1":"product","2":"type-product","3":"status-publish","4":"has-post-thumbnail","6":"product_cat-ribbon","7":"product_cat-shipping-supplies","8":"desktop-align-left","9":"tablet-align-left","10":"mobile-align-left","11":"ast-product-gallery-layout-horizontal","12":"ast-product-tabs-layout-horizontal","14":"first","15":"instock","16":"purchasable","17":"product-type-simple"},"_links":{"self":[{"href":"https:\/\/reanpackaging.com\/pl\/wp-json\/wp\/v2\/product\/14199","targetHints":{"allow":["GET"]}}],"collection":[{"href":"https:\/\/reanpackaging.com\/pl\/wp-json\/wp\/v2\/product"}],"about":[{"href":"https:\/\/reanpackaging.com\/pl\/wp-json\/wp\/v2\/types\/product"}],"wp:featuredmedia":[{"embeddable":true,"href":"https:\/\/reanpackaging.com\/pl\/wp-json\/wp\/v2\/media\/13926"}],"wp:attachment":[{"href":"https:\/\/reanpackaging.com\/pl\/wp-json\/wp\/v2\/media?parent=14199"}],"wp:term":[{"taxonomy":"product_brand","embeddable":true,"href":"https:\/\/reanpackaging.com\/pl\/wp-json\/wp\/v2\/product_brand?post=14199"},{"taxonomy":"product_cat","embeddable":true,"href":"https:\/\/reanpackaging.com\/pl\/wp-json\/wp\/v2\/product_cat?post=14199"},{"taxonomy":"product_tag","embeddable":true,"href":"https:\/\/reanpackaging.com\/pl\/wp-json\/wp\/v2\/product_tag?post=14199"}],"curies":[{"name":"wp","href":"https:\/\/api.w.org\/{rel}","templated":true}]}}