{"id":14206,"date":"2023-11-05T14:03:30","date_gmt":"2023-11-05T14:03:30","guid":{"rendered":"http:\/\/ibn.wyd.mybluehost.me\/reanpackaging.com\/product\/spring-summer-styles-printing-floral-ribbon-diy-bow-material-hat-ribbon\/"},"modified":"2024-10-01T16:36:19","modified_gmt":"2024-10-01T16:36:19","slug":"spring-summer-styles-printing-floral-ribbon-diy-bow-material-hat-ribbon","status":"publish","type":"product","link":"https:\/\/reanpackaging.com\/pl\/produkt\/spring-summer-styles-printing-floral-ribbon-diy-bow-material-hat-ribbon\/","title":{"rendered":"Wiosenne letnie style Drukowanie Kwiatowa wst\u0105\u017cka Diy Bow Materia\u0142 Kapelusz Wst\u0105\u017cka"},"content":{"rendered":"<h4>Atrybuty specyficzne dla bran\u017cy<\/h4>\n<table border=\"1\">\n<tr>\n<td><strong>7-dniowy czas realizacji zam\u00f3wienia pr\u00f3bki<\/strong><\/td>\n<td>Wsparcie<\/td>\n<\/tr>\n<tr>\n<td><strong>Materia\u0142<\/strong><\/td>\n<td>100% Poliester<\/td>\n<\/tr>\n<tr>\n<td><strong>Rodzaj tkaniny<\/strong><\/td>\n<td>tkany<\/td>\n<\/tr>\n<tr>\n<td><strong>Technika<\/strong><\/td>\n<td>tkany<\/td>\n<\/tr>\n<\/table>\n<h4>Inne atrybuty<\/h4>\n<table border=\"1\">\n<tr>\n<td><strong>Cecha<\/strong><\/td>\n<td>Wysoka wytrzyma\u0142o\u015b\u0107<\/td>\n<\/tr>\n<tr>\n<td><strong>Szeroko\u015b\u0107<\/strong><\/td>\n<td>25 mm, 38 mm<\/td>\n<\/tr>\n<tr>\n<td><strong>Styl<\/strong><\/td>\n<td>Podw\u00f3jna twarz<\/td>\n<\/tr>\n<tr>\n<td><strong>Wz\u00f3r<\/strong><\/td>\n<td>Kwiatowy<\/td>\n<\/tr>\n<tr>\n<td><strong>Typ produktu<\/strong><\/td>\n<td>WST\u0104\u017bKI<\/td>\n<\/tr>\n<tr>\n<td><strong>Nazwa produktu<\/strong><\/td>\n<td>Kwiatowa wst\u0105\u017cka<\/td>\n<\/tr>\n<tr>\n<td><strong>Materia\u0142<\/strong><\/td>\n<td>Poliester<\/td>\n<\/tr>\n<tr>\n<td><strong>Cecha<\/strong><\/td>\n<td>Wysoka trwa\u0142o\u015b\u0107, jasny kolor, trwa\u0142o\u015b\u0107 koloru, mi\u0119kko\u015b\u0107 w dotyku<\/td>\n<\/tr>\n<tr>\n<td><strong>Rozmiar<\/strong><\/td>\n<td>25 mm, 38 mm<\/td>\n<\/tr>\n<tr>\n<td><strong>U\u017cycie<\/strong><\/td>\n<td>Akcesoria odzie\u017cowe, kokardy do w\u0142os\u00f3w<\/td>\n<\/tr>\n<tr>\n<td><strong>Pakowanie<\/strong><\/td>\n<td>50 jard\u00f3w\/rolka<\/td>\n<\/tr>\n<tr>\n<td><strong>MOQ<\/strong><\/td>\n<td>50 jard\u00f3w<\/td>\n<\/tr>\n<tr>\n<td><strong>Kolor wst\u0105\u017cki<\/strong><\/td>\n<td>8 kolor\u00f3w<\/td>\n<\/tr>\n<tr>\n<td><strong>Czas dostawy<\/strong><\/td>\n<td>7-15 dni<\/td>\n<\/tr>\n<tr>\n<td><strong>WYSY\u0141KA<\/strong><\/td>\n<td>DHL EMS FEDEX UPS TNT<\/td>\n<\/tr>\n<\/table>","protected":false},"excerpt":{"rendered":"<p>Industry-Specific Attributes 7 days sample order lead time Support Material 100% Polyester Fabric Type woven Technics woven Other Attributes Feature High Tenacity Width 25mm,38mm Style Double Face Pattern Floral Product Type RIBBONS Product name Floral Ribbon Material Polyester Feature High fastness, bright color, color fastness, soft feel Size 25mm,38mm Usage Garment Accessories, Hair Bows Packing [&hellip;]<\/p>\n","protected":false},"featured_media":13910,"template":"","meta":{"_seopress_robots_primary_cat":"none","_seopress_titles_title":"","_seopress_titles_desc":"","_seopress_robots_index":"","site-sidebar-layout":"default","site-content-layout":"","ast-site-content-layout":"default","site-content-style":"default","site-sidebar-style":"default","ast-global-header-display":"","ast-banner-title-visibility":"","ast-main-header-display":"","ast-hfb-above-header-display":"","ast-hfb-below-header-display":"","ast-hfb-mobile-header-display":"","site-post-title":"","ast-breadcrumbs-content":"","ast-featured-img":"","footer-sml-layout":"","ast-disable-related-posts":"","theme-transparent-header-meta":"default","adv-header-id-meta":"","stick-header-meta":"default","header-above-stick-meta":"","header-main-stick-meta":"","header-below-stick-meta":"","astra-migrate-meta-layouts":"set","ast-page-background-enabled":"default","ast-page-background-meta":{"desktop":{"background-color":"","background-image":"","background-repeat":"repeat","background-position":"center center","background-size":"auto","background-attachment":"scroll","background-type":"","background-media":"","overlay-type":"","overlay-color":"","overlay-opacity":"","overlay-gradient":""},"tablet":{"background-color":"","background-image":"","background-repeat":"repeat","background-position":"center center","background-size":"auto","background-attachment":"scroll","background-type":"","background-media":"","overlay-type":"","overlay-color":"","overlay-opacity":"","overlay-gradient":""},"mobile":{"background-color":"","background-image":"","background-repeat":"repeat","background-position":"center center","background-size":"auto","background-attachment":"scroll","background-type":"","background-media":"","overlay-type":"","overlay-color":"","overlay-opacity":"","overlay-gradient":""}},"ast-content-background-meta":{"desktop":{"background-color":"var(--ast-global-color-5)","background-image":"","background-repeat":"repeat","background-position":"center center","background-size":"auto","background-attachment":"scroll","background-type":"","background-media":"","overlay-type":"","overlay-color":"","overlay-opacity":"","overlay-gradient":""},"tablet":{"background-color":"var(--ast-global-color-5)","background-image":"","background-repeat":"repeat","background-position":"center center","background-size":"auto","background-attachment":"scroll","background-type":"","background-media":"","overlay-type":"","overlay-color":"","overlay-opacity":"","overlay-gradient":""},"mobile":{"background-color":"var(--ast-global-color-5)","background-image":"","background-repeat":"repeat","background-position":"center center","background-size":"auto","background-attachment":"scroll","background-type":"","background-media":"","overlay-type":"","overlay-color":"","overlay-opacity":"","overlay-gradient":""}}},"product_brand":[],"product_cat":[55,51],"product_tag":[],"class_list":{"0":"post-14206","1":"product","2":"type-product","3":"status-publish","4":"has-post-thumbnail","6":"product_cat-ribbon","7":"product_cat-shipping-supplies","8":"desktop-align-left","9":"tablet-align-left","10":"mobile-align-left","11":"ast-product-gallery-layout-horizontal","12":"ast-product-tabs-layout-horizontal","14":"first","15":"instock","16":"purchasable","17":"product-type-simple"},"_links":{"self":[{"href":"https:\/\/reanpackaging.com\/pl\/wp-json\/wp\/v2\/product\/14206","targetHints":{"allow":["GET"]}}],"collection":[{"href":"https:\/\/reanpackaging.com\/pl\/wp-json\/wp\/v2\/product"}],"about":[{"href":"https:\/\/reanpackaging.com\/pl\/wp-json\/wp\/v2\/types\/product"}],"wp:featuredmedia":[{"embeddable":true,"href":"https:\/\/reanpackaging.com\/pl\/wp-json\/wp\/v2\/media\/13910"}],"wp:attachment":[{"href":"https:\/\/reanpackaging.com\/pl\/wp-json\/wp\/v2\/media?parent=14206"}],"wp:term":[{"taxonomy":"product_brand","embeddable":true,"href":"https:\/\/reanpackaging.com\/pl\/wp-json\/wp\/v2\/product_brand?post=14206"},{"taxonomy":"product_cat","embeddable":true,"href":"https:\/\/reanpackaging.com\/pl\/wp-json\/wp\/v2\/product_cat?post=14206"},{"taxonomy":"product_tag","embeddable":true,"href":"https:\/\/reanpackaging.com\/pl\/wp-json\/wp\/v2\/product_tag?post=14206"}],"curies":[{"name":"wp","href":"https:\/\/api.w.org\/{rel}","templated":true}]}}