{"id":17189,"date":"2024-04-28T15:56:49","date_gmt":"2024-04-28T15:56:49","guid":{"rendered":"https:\/\/reanpackaging.com\/product\/gift-bags-wholesale-cartoon-holiday-decoration-supplies-custom-christmas-decorations-wine-bottle-cover-drawstring-bag\/"},"modified":"2024-07-29T17:11:50","modified_gmt":"2024-07-29T17:11:50","slug":"gift-bags-wholesale-cartoon-holiday-decoration-supplies-custom-christmas-decorations-wine-bottle-cover-drawstring-bag","status":"publish","type":"product","link":"https:\/\/reanpackaging.com\/pl\/produkt\/gift-bags-wholesale-cartoon-holiday-decoration-supplies-custom-christmas-decorations-wine-bottle-cover-drawstring-bag\/","title":{"rendered":"Torebki na prezenty Hurtownia Kresk\u00f3wkowe dekoracje \u015bwi\u0105teczne Niestandardowe dekoracje \u015bwi\u0105teczne Pokrowiec na butelk\u0119 wina Sznurek do torebki"},"content":{"rendered":"<\/table>\n<h4>Inne atrybuty<\/h4>\n<table border=\"1\">\n<tr>\n<td><strong>Miejsce pochodzenia<\/strong><\/td>\n<td>Fujian<\/td>\n<\/tr>\n<tr>\n<td><strong>Numer modelu<\/strong><\/td>\n<td>SY<\/td>\n<\/tr>\n<tr>\n<td><strong>Nazwa marki<\/strong><\/td>\n<td>4-9-1008<\/td>\n<\/tr>\n<tr>\n<td><strong>Scenariusze u\u017cytkowania<\/strong><\/td>\n<td>Bo\u017ce Narodzenie<\/td>\n<\/tr>\n<tr>\n<td><strong>Docelowy u\u017cytkownik ko\u0144cowy<\/strong><\/td>\n<td><\/td>\n<\/tr>\n<tr>\n<td><strong>Nazwa produktu<\/strong><\/td>\n<td>Dekoracje \u015bwi\u0105teczne<\/td>\n<\/tr>\n<tr>\n<td><strong>Okazja<\/strong><\/td>\n<td>\u015alub, urodziny, biznes, inne imprezy itp.<\/td>\n<\/tr>\n<tr>\n<td><strong>Materia\u0142 Waga<\/strong><\/td>\n<td>105gsm,128gsm,157gsm,200gsm,250gsm,300gsm etc<\/td>\n<\/tr>\n<tr>\n<td><strong>Drukowanie<\/strong><\/td>\n<td>Druk termotransferowy, druk sztancowany, druk cyfrowy itp.<\/td>\n<\/tr>\n<tr>\n<td><strong>Wyko\u0144czenie powierzchni<\/strong><\/td>\n<td>B\u0142yszcz\u0105cy \/ matowy, z\u0142oty \/ srebrny t\u0142oczony foli\u0105, punktowy UV, wyt\u0142aczany itp.<\/td>\n<\/tr>\n<tr>\n<td><strong>MOQ<\/strong><\/td>\n<td>W przypadku zapas\u00f3w, 1 sztuka; W przypadku niestandardowych MOQ jest wy\u017csze, prosimy o kontakt.<\/td>\n<\/tr>\n<tr>\n<td><strong>Jako\u015b\u0107<\/strong><\/td>\n<td>\u015acis\u0142y system zarz\u0105dzania jako\u015bci\u0105<\/td>\n<\/tr>\n<tr>\n<td><strong>Istotne elementy<\/strong><\/td>\n<td>Drukowanie komercyjne, drukowanie opakowa\u0144, drukowanie prezent\u00f3w papierowych itp.<\/td>\n<\/tr>\n<tr>\n<td><strong>Termin p\u0142atno\u015bci<\/strong><\/td>\n<td>L \/ C, T \/ T, Trade Assurance itp.<\/td>\n<\/tr>\n<tr>\n<td><strong>Spos\u00f3b wysy\u0142ki<\/strong><\/td>\n<td>Transport morski, lotniczy, l\u0105dowy, ekspresowy itp.<\/td>\n<\/tr>\n<\/table>\n<p><img decoding=\"async\" class=\"detail-desc-decorate-image\" src=\"https:\/\/reanpackaging.com\/wp-content\/uploads\/2024\/04\/4-description-Gift-Bags-Wholesale-Cartoon-Holiday-Decoration-Supplies-Custom-Christmas-Decorations-Wine-Bottle-Cover-Drawstring-Bag.jpg\" slate-data-type=\"image\" style=\"max-width: 100%; height: auto; display: block; margin: 0 auto;\"><br \/>\n<img decoding=\"async\" class=\"detail-desc-decorate-image\" src=\"https:\/\/reanpackaging.com\/wp-content\/uploads\/2024\/04\/5-description-Gift-Bags-Wholesale-Cartoon-Holiday-Decoration-Supplies-Custom-Christmas-Decorations-Wine-Bottle-Cover-Drawstring-Bag.jpg\" slate-data-type=\"image\" style=\"max-width: 100%; height: auto; display: block; margin: 0 auto;\"><br \/>\n<img decoding=\"async\" class=\"detail-desc-decorate-image\" src=\"https:\/\/reanpackaging.com\/wp-content\/uploads\/2024\/04\/7-description-Gift-Bags-Wholesale-Cartoon-Holiday-Decoration-Supplies-Custom-Christmas-Decorations-Wine-Bottle-Cover-Drawstring-Bag.jpg\" slate-data-type=\"image\" style=\"max-width: 100%; height: auto; display: block; margin: 0 auto;\"><br \/>\n<img decoding=\"async\" class=\"detail-desc-decorate-image\" src=\"https:\/\/reanpackaging.com\/wp-content\/uploads\/2024\/04\/9-description-Gift-Bags-Wholesale-Cartoon-Holiday-Decoration-Supplies-Custom-Christmas-Decorations-Wine-Bottle-Cover-Drawstring-Bag.jpg\" slate-data-type=\"image\" style=\"max-width: 100%; height: auto; display: block; margin: 0 auto;\"><\/p>","protected":false},"excerpt":{"rendered":"<p>Other Attributes Place of Origin Fujian Model Number SY Brand Name 4-9-1008 Usage Scenarios Christmas Target End User Product name Christmas Decorations Occasion Wedding , birthday , business, Other Party etc. Material Weight 105gsm,128gsm,157gsm,200gsm,250gsm,300gsm etc Printing Thermal transfer printing, Die cutting printing,Digital printing Etc. Surface Finishing Glossy\/Matt,Gold\/sliver Foil Stamping,Spot UV, Embossed etc. MOQ For stock, [&hellip;]<\/p>\n","protected":false},"featured_media":17044,"template":"","meta":{"_seopress_robots_primary_cat":"none","_seopress_titles_title":"","_seopress_titles_desc":"","_seopress_robots_index":"","site-sidebar-layout":"default","site-content-layout":"","ast-site-content-layout":"default","site-content-style":"default","site-sidebar-style":"default","ast-global-header-display":"","ast-banner-title-visibility":"","ast-main-header-display":"","ast-hfb-above-header-display":"","ast-hfb-below-header-display":"","ast-hfb-mobile-header-display":"","site-post-title":"","ast-breadcrumbs-content":"","ast-featured-img":"","footer-sml-layout":"","ast-disable-related-posts":"","theme-transparent-header-meta":"default","adv-header-id-meta":"","stick-header-meta":"default","header-above-stick-meta":"","header-main-stick-meta":"","header-below-stick-meta":"","astra-migrate-meta-layouts":"set","ast-page-background-enabled":"default","ast-page-background-meta":{"desktop":{"background-color":"","background-image":"","background-repeat":"repeat","background-position":"center center","background-size":"auto","background-attachment":"scroll","background-type":"","background-media":"","overlay-type":"","overlay-color":"","overlay-opacity":"","overlay-gradient":""},"tablet":{"background-color":"","background-image":"","background-repeat":"repeat","background-position":"center center","background-size":"auto","background-attachment":"scroll","background-type":"","background-media":"","overlay-type":"","overlay-color":"","overlay-opacity":"","overlay-gradient":""},"mobile":{"background-color":"","background-image":"","background-repeat":"repeat","background-position":"center center","background-size":"auto","background-attachment":"scroll","background-type":"","background-media":"","overlay-type":"","overlay-color":"","overlay-opacity":"","overlay-gradient":""}},"ast-content-background-meta":{"desktop":{"background-color":"var(--ast-global-color-5)","background-image":"","background-repeat":"repeat","background-position":"center center","background-size":"auto","background-attachment":"scroll","background-type":"","background-media":"","overlay-type":"","overlay-color":"","overlay-opacity":"","overlay-gradient":""},"tablet":{"background-color":"var(--ast-global-color-5)","background-image":"","background-repeat":"repeat","background-position":"center center","background-size":"auto","background-attachment":"scroll","background-type":"","background-media":"","overlay-type":"","overlay-color":"","overlay-opacity":"","overlay-gradient":""},"mobile":{"background-color":"var(--ast-global-color-5)","background-image":"","background-repeat":"repeat","background-position":"center center","background-size":"auto","background-attachment":"scroll","background-type":"","background-media":"","overlay-type":"","overlay-color":"","overlay-opacity":"","overlay-gradient":""}}},"product_brand":[],"product_cat":[59],"product_tag":[],"class_list":{"0":"post-17189","1":"product","2":"type-product","3":"status-publish","4":"has-post-thumbnail","6":"product_cat-paper-wine-bag","7":"desktop-align-left","8":"tablet-align-left","9":"mobile-align-left","10":"ast-product-gallery-layout-horizontal","11":"ast-product-tabs-layout-horizontal","13":"first","14":"instock","15":"product-type-simple"},"_links":{"self":[{"href":"https:\/\/reanpackaging.com\/pl\/wp-json\/wp\/v2\/product\/17189","targetHints":{"allow":["GET"]}}],"collection":[{"href":"https:\/\/reanpackaging.com\/pl\/wp-json\/wp\/v2\/product"}],"about":[{"href":"https:\/\/reanpackaging.com\/pl\/wp-json\/wp\/v2\/types\/product"}],"wp:featuredmedia":[{"embeddable":true,"href":"https:\/\/reanpackaging.com\/pl\/wp-json\/wp\/v2\/media\/17044"}],"wp:attachment":[{"href":"https:\/\/reanpackaging.com\/pl\/wp-json\/wp\/v2\/media?parent=17189"}],"wp:term":[{"taxonomy":"product_brand","embeddable":true,"href":"https:\/\/reanpackaging.com\/pl\/wp-json\/wp\/v2\/product_brand?post=17189"},{"taxonomy":"product_cat","embeddable":true,"href":"https:\/\/reanpackaging.com\/pl\/wp-json\/wp\/v2\/product_cat?post=17189"},{"taxonomy":"product_tag","embeddable":true,"href":"https:\/\/reanpackaging.com\/pl\/wp-json\/wp\/v2\/product_tag?post=17189"}],"curies":[{"name":"wp","href":"https:\/\/api.w.org\/{rel}","templated":true}]}}