{"id":17203,"date":"2024-04-28T15:56:49","date_gmt":"2024-04-28T15:56:49","guid":{"rendered":"https:\/\/reanpackaging.com\/product\/cardboard-wine-gift-bag-diy-plain-kraft-paper-tote-bags-flower-gift-packaging-bag-with-clear-window\/"},"modified":"2024-10-01T16:32:56","modified_gmt":"2024-10-01T16:32:56","slug":"cardboard-wine-gift-bag-diy-plain-kraft-paper-tote-bags-flower-gift-packaging-bag-with-clear-window","status":"publish","type":"product","link":"https:\/\/reanpackaging.com\/pl\/produkt\/cardboard-wine-gift-bag-diy-plain-kraft-paper-tote-bags-flower-gift-packaging-bag-with-clear-window\/","title":{"rendered":"Kartonowa torba na wino Diy Plain Kraft Papierowe torby na prezenty Kwiatowa torba na prezenty z przezroczystym okienkiem"},"content":{"rendered":"<h4>Atrybuty specyficzne dla bran\u017cy<\/h4>\n<table border=\"1\">\n<tr>\n<td><strong>Zastosowanie przemys\u0142owe<\/strong><\/td>\n<td>opakowania na prezenty<\/td>\n<\/tr>\n<tr>\n<td><strong>Rodzaj papieru<\/strong><\/td>\n<td>Papier powlekany<\/td>\n<\/tr>\n<tr>\n<td><strong>Cecha<\/strong><\/td>\n<td>Materia\u0142y z recyklingu<\/td>\n<\/tr>\n<\/table>\n<h4>Inne atrybuty<\/h4>\n<table border=\"1\">\n<tr>\n<td><strong>Miejsce pochodzenia<\/strong><\/td>\n<td>Zhejiang, Chiny<\/td>\n<\/tr>\n<tr>\n<td><strong>Nazwa marki<\/strong><\/td>\n<td>SHECAN<\/td>\n<\/tr>\n<tr>\n<td><strong>Obs\u0142uga powierzchni<\/strong><\/td>\n<td>Druk fleksograficzny<\/td>\n<\/tr>\n<tr>\n<td><strong>Uszczelnienie i uchwyt<\/strong><\/td>\n<td>Uchwyt Flexiloop<\/td>\n<\/tr>\n<tr>\n<td><strong>Zam\u00f3wienie niestandardowe<\/strong><\/td>\n<td>Akceptuj<\/td>\n<\/tr>\n<tr>\n<td><strong>Nazwa przedmiotu<\/strong><\/td>\n<td>przeno\u015bna wodoodporna skrzynka na kwiaty z papieru rzemie\u015blniczego<\/td>\n<\/tr>\n<tr>\n<td><strong>U\u017cycie<\/strong><\/td>\n<td>opakowania na kwiaty i ro\u015bliny<\/td>\n<\/tr>\n<tr>\n<td><strong>Rozmiar<\/strong><\/td>\n<td>36*13*8.5cm<\/td>\n<\/tr>\n<tr>\n<td><strong>Okazja<\/strong><\/td>\n<td>opakowania na kwiaty na prezent<\/td>\n<\/tr>\n<tr>\n<td><strong>Typ wydarzenia i imprezy<\/strong><\/td>\n<td>Dekoracje imprezowe<\/td>\n<\/tr>\n<tr>\n<td><strong>Typ<\/strong><\/td>\n<td>zastosowania dekoracyjne<\/td>\n<\/tr>\n<tr>\n<td><strong>Materia\u0142<\/strong><\/td>\n<td>Wodoodporny papier pakowy<\/td>\n<\/tr>\n<tr>\n<td><strong>Pr\u00f3bka<\/strong><\/td>\n<td>pr\u00f3bka jest bezp\u0142atna, odbi\u00f3r frachtu<\/td>\n<\/tr>\n<tr>\n<td><strong>Czas dostawy pr\u00f3bki<\/strong><\/td>\n<td>10-20 dni<\/td>\n<\/tr>\n<tr>\n<td><strong>Zam\u00f3wienie<\/strong><\/td>\n<td>towary magazynowe<\/td>\n<\/tr>\n<\/table>\n<p><img decoding=\"async\" class=\"detail-desc-decorate-image\" src=\"https:\/\/reanpackaging.com\/wp-content\/uploads\/2024\/04\/4-description-Cardboard-Wine-Gift-Bag-Diy-Plain-Kraft-Paper-Tote-Bags-Flower-Gift-Packaging-Bag-With-Clear-Window.jpg\" slate-data-type=\"image\" style=\"max-width: 100%; height: auto; display: block; margin: 0 auto;\"><br \/>\n<img decoding=\"async\" class=\"detail-desc-decorate-image\" src=\"https:\/\/reanpackaging.com\/wp-content\/uploads\/2024\/04\/5-description-Cardboard-Wine-Gift-Bag-Diy-Plain-Kraft-Paper-Tote-Bags-Flower-Gift-Packaging-Bag-With-Clear-Window.jpg\" slate-data-type=\"image\" style=\"max-width: 100%; height: auto; display: block; margin: 0 auto;\"><br \/>\n<img decoding=\"async\" class=\"detail-desc-decorate-image\" src=\"https:\/\/reanpackaging.com\/wp-content\/uploads\/2024\/04\/6-description-Cardboard-Wine-Gift-Bag-Diy-Plain-Kraft-Paper-Tote-Bags-Flower-Gift-Packaging-Bag-With-Clear-Window.jpg\" slate-data-type=\"image\" style=\"max-width: 100%; height: auto; display: block; margin: 0 auto;\"><br \/>\n<img decoding=\"async\" class=\"detail-desc-decorate-image\" src=\"https:\/\/reanpackaging.com\/wp-content\/uploads\/2024\/04\/7-description-Cardboard-Wine-Gift-Bag-Diy-Plain-Kraft-Paper-Tote-Bags-Flower-Gift-Packaging-Bag-With-Clear-Window.jpg\" slate-data-type=\"image\" style=\"max-width: 100%; height: auto; display: block; margin: 0 auto;\"><br \/>\n<img decoding=\"async\" class=\"detail-desc-decorate-image\" src=\"https:\/\/reanpackaging.com\/wp-content\/uploads\/2024\/04\/8-description-Cardboard-Wine-Gift-Bag-Diy-Plain-Kraft-Paper-Tote-Bags-Flower-Gift-Packaging-Bag-With-Clear-Window.jpg\" slate-data-type=\"image\" style=\"max-width: 100%; height: auto; display: block; margin: 0 auto;\"><br \/>\n<img decoding=\"async\" class=\"detail-desc-decorate-image\" src=\"https:\/\/reanpackaging.com\/wp-content\/uploads\/2024\/04\/9-description-Cardboard-Wine-Gift-Bag-Diy-Plain-Kraft-Paper-Tote-Bags-Flower-Gift-Packaging-Bag-With-Clear-Window.jpg\" slate-data-type=\"image\" style=\"max-width: 100%; height: auto; display: block; margin: 0 auto;\"><br \/>\n<img decoding=\"async\" class=\"detail-desc-decorate-image\" src=\"https:\/\/reanpackaging.com\/wp-content\/uploads\/2024\/04\/10-description-Cardboard-Wine-Gift-Bag-Diy-Plain-Kraft-Paper-Tote-Bags-Flower-Gift-Packaging-Bag-With-Clear-Window.jpg\" slate-data-type=\"image\" style=\"max-width: 100%; height: auto; display: block; margin: 0 auto;\"><\/p>","protected":false},"excerpt":{"rendered":"<p>Industry-Specific Attributes Industrial Use gift packaging Paper Type Coated Paper Feature Recycled Materials Other Attributes Place of Origin Zhejiang, China Brand Name SHECAN Surface Handling Flexo Printing Sealing &#038; Handle Flexiloop Handle Custom Order Accept Item name portable craft paper waterproof flower box Usage flower and plants packaging Size 36*13*8.5cm Occasion gift flowers packaging Event [&hellip;]<\/p>\n","protected":false},"featured_media":16938,"template":"","meta":{"_seopress_robots_primary_cat":"none","_seopress_titles_title":"","_seopress_titles_desc":"","_seopress_robots_index":"","site-sidebar-layout":"default","site-content-layout":"","ast-site-content-layout":"default","site-content-style":"default","site-sidebar-style":"default","ast-global-header-display":"","ast-banner-title-visibility":"","ast-main-header-display":"","ast-hfb-above-header-display":"","ast-hfb-below-header-display":"","ast-hfb-mobile-header-display":"","site-post-title":"","ast-breadcrumbs-content":"","ast-featured-img":"","footer-sml-layout":"","ast-disable-related-posts":"","theme-transparent-header-meta":"default","adv-header-id-meta":"","stick-header-meta":"default","header-above-stick-meta":"","header-main-stick-meta":"","header-below-stick-meta":"","astra-migrate-meta-layouts":"set","ast-page-background-enabled":"default","ast-page-background-meta":{"desktop":{"background-color":"","background-image":"","background-repeat":"repeat","background-position":"center center","background-size":"auto","background-attachment":"scroll","background-type":"","background-media":"","overlay-type":"","overlay-color":"","overlay-opacity":"","overlay-gradient":""},"tablet":{"background-color":"","background-image":"","background-repeat":"repeat","background-position":"center center","background-size":"auto","background-attachment":"scroll","background-type":"","background-media":"","overlay-type":"","overlay-color":"","overlay-opacity":"","overlay-gradient":""},"mobile":{"background-color":"","background-image":"","background-repeat":"repeat","background-position":"center center","background-size":"auto","background-attachment":"scroll","background-type":"","background-media":"","overlay-type":"","overlay-color":"","overlay-opacity":"","overlay-gradient":""}},"ast-content-background-meta":{"desktop":{"background-color":"var(--ast-global-color-5)","background-image":"","background-repeat":"repeat","background-position":"center center","background-size":"auto","background-attachment":"scroll","background-type":"","background-media":"","overlay-type":"","overlay-color":"","overlay-opacity":"","overlay-gradient":""},"tablet":{"background-color":"var(--ast-global-color-5)","background-image":"","background-repeat":"repeat","background-position":"center center","background-size":"auto","background-attachment":"scroll","background-type":"","background-media":"","overlay-type":"","overlay-color":"","overlay-opacity":"","overlay-gradient":""},"mobile":{"background-color":"var(--ast-global-color-5)","background-image":"","background-repeat":"repeat","background-position":"center center","background-size":"auto","background-attachment":"scroll","background-type":"","background-media":"","overlay-type":"","overlay-color":"","overlay-opacity":"","overlay-gradient":""}}},"product_brand":[],"product_cat":[59],"product_tag":[],"class_list":{"0":"post-17203","1":"product","2":"type-product","3":"status-publish","4":"has-post-thumbnail","6":"product_cat-paper-wine-bag","7":"desktop-align-left","8":"tablet-align-left","9":"mobile-align-left","10":"ast-product-gallery-layout-horizontal","11":"ast-product-tabs-layout-horizontal","13":"first","14":"instock","15":"purchasable","16":"product-type-simple"},"_links":{"self":[{"href":"https:\/\/reanpackaging.com\/pl\/wp-json\/wp\/v2\/product\/17203","targetHints":{"allow":["GET"]}}],"collection":[{"href":"https:\/\/reanpackaging.com\/pl\/wp-json\/wp\/v2\/product"}],"about":[{"href":"https:\/\/reanpackaging.com\/pl\/wp-json\/wp\/v2\/types\/product"}],"wp:featuredmedia":[{"embeddable":true,"href":"https:\/\/reanpackaging.com\/pl\/wp-json\/wp\/v2\/media\/16938"}],"wp:attachment":[{"href":"https:\/\/reanpackaging.com\/pl\/wp-json\/wp\/v2\/media?parent=17203"}],"wp:term":[{"taxonomy":"product_brand","embeddable":true,"href":"https:\/\/reanpackaging.com\/pl\/wp-json\/wp\/v2\/product_brand?post=17203"},{"taxonomy":"product_cat","embeddable":true,"href":"https:\/\/reanpackaging.com\/pl\/wp-json\/wp\/v2\/product_cat?post=17203"},{"taxonomy":"product_tag","embeddable":true,"href":"https:\/\/reanpackaging.com\/pl\/wp-json\/wp\/v2\/product_tag?post=17203"}],"curies":[{"name":"wp","href":"https:\/\/api.w.org\/{rel}","templated":true}]}}